{"id":43975,"date":"2018-03-23T18:40:19","date_gmt":"2018-03-23T17:40:19","guid":{"rendered":"http:\/\/imp-pumps.com\/pump-categories\/"},"modified":"2026-03-20T12:59:14","modified_gmt":"2026-03-20T11:59:14","slug":"%d1%81%d1%84%d0%b5%d1%80%d0%b8-%d0%b7%d0%b0%d1%81%d1%82%d0%be%d1%81%d1%83%d0%b2%d0%b0%d0%bd%d0%bd%d1%8f","status":"publish","type":"page","link":"https:\/\/imp-pumps.com\/uk\/%d1%81%d1%84%d0%b5%d1%80%d0%b8-%d0%b7%d0%b0%d1%81%d1%82%d0%be%d1%81%d1%83%d0%b2%d0%b0%d0%bd%d0%bd%d1%8f\/","title":{"rendered":"\u0421\u0444\u0435\u0440\u0438 \u0437\u0430\u0441\u0442\u043e\u0441\u0443\u0432\u0430\u043d\u043d\u044f"},"content":{"rendered":"<p>\u041e\u0441\u043d\u043e\u0432\u043d\u043e\u044e \u043f\u0440\u043e\u0434\u0443\u043a\u0446\u0456\u0454\u044e \u043a\u043e\u043c\u043f\u0430\u043d\u0456\u0457 IMP PUMPS \u0454 \u0446\u0438\u0440\u043a\u0443\u043b\u044f\u0446\u0456\u0439\u043d\u0456 \u043d\u0430\u0441\u043e\u0441\u0438 \u0434\u043b\u044f \u0441\u0438\u0441\u0442\u0435\u043c \u041e\u0412\u0456\u041a. \u041c\u0438 \u0432\u0438\u0440\u043e\u0431\u043b\u044f\u0454\u043c\u043e \u043d\u0430\u0441\u043e\u0441\u0438 \u0444\u043b\u0430\u043d\u0446\u0435\u0432\u0456 \u0456 \u0440\u0456\u0437\u044c\u0431\u043e\u0432\u0456, \u043e\u0434\u0438\u043d\u0430\u0440\u043d\u0456 \u0442\u0430 \u0437\u0434\u0432\u043e\u0454\u043d\u0456, \u0437 \u0433\u0456\u0434\u0440\u0430\u0432\u043b\u0456\u0447\u043d\u043e\u044e \u0447\u0430\u0441\u0442\u0438\u043d\u043e\u044e \u0437 \u0431\u0440\u043e\u043d\u0437\u0438 \u0430\u0431\u043e \u0447\u0430\u0432\u0443\u043d\u0443. \u0413\u0456\u0434\u0440\u0430\u0432\u043b\u0456\u0447\u043d\u0430 \u0447\u0430\u0441\u0442\u0438\u043d\u0430 \u043c\u0430\u0454 \u043a\u0430\u0442\u0430\u0444\u043e\u0440\u0435\u0437\u043d\u0435 \u043f\u043e\u043a\u0440\u0438\u0442\u0442\u044f. \u0429\u043e\u0431 \u043f\u043e\u043b\u0435\u0433\u0448\u0438\u0442\u0438 \u0432\u0438\u0431\u0456\u0440, \u0432\u0441\u0456 \u043d\u0430\u0441\u043e\u0441\u0438 \u043f\u043e\u0434\u0456\u043b\u0435\u043d\u0456 \u0437\u0430 \u043d\u0430\u0441\u0442\u0443\u043f\u043d\u0438\u043c\u0438 \u043a\u0430\u0442\u0435\u0433\u043e\u0440\u0456\u044f\u043c\u0438: NMT, GHN, \u0411\u0410\u0413\u0410\u0422\u041e\u0421\u0422\u0423\u041f\u0415\u041d\u0415\u0412\u0406, \u0406\u041d-\u041b\u0410\u0419\u041d \u0442\u0430 SAN.<\/p>\n","protected":false},"excerpt":{"rendered":"<p>\u041e\u0441\u043d\u043e\u0432\u043d\u043e\u044e \u043f\u0440\u043e\u0434\u0443\u043a\u0446\u0456\u0454\u044e \u043a\u043e\u043c\u043f\u0430\u043d\u0456\u0457 IMP PUMPS \u0454 \u0446\u0438\u0440\u043a\u0443\u043b\u044f\u0446\u0456\u0439\u043d\u0456 \u043d\u0430\u0441\u043e\u0441\u0438 \u0434\u043b\u044f \u0441\u0438\u0441\u0442\u0435\u043c \u041e\u0412\u0456\u041a. \u041c\u0438 \u0432\u0438\u0440\u043e\u0431\u043b\u044f\u0454\u043c\u043e&#8230;<\/p>\n","protected":false},"author":1,"featured_media":0,"parent":0,"menu_order":0,"comment_status":"closed","ping_status":"closed","template":"page-templates\/template-kategorije-crpalk.php","meta":[],"acf":[],"yoast_head":"<!-- This site is optimized with the Yoast SEO plugin v17.8 - https:\/\/yoast.com\/wordpress\/plugins\/seo\/ -->\n<title>\u0421\u0444\u0435\u0440\u0438 \u0437\u0430\u0441\u0442\u043e\u0441\u0443\u0432\u0430\u043d\u043d\u044f - IMP Pumps<\/title>\n<meta name=\"robots\" content=\"index, follow, max-snippet:-1, max-image-preview:large, max-video-preview:-1\" \/>\n<link rel=\"canonical\" href=\"https:\/\/imp-pumps.com\/uk\/\u0441\u0444\u0435\u0440\u0438-\u0437\u0430\u0441\u0442\u043e\u0441\u0443\u0432\u0430\u043d\u043d\u044f\/\" \/>\n<meta property=\"og:locale\" content=\"uk_UA\" \/>\n<meta property=\"og:type\" content=\"article\" \/>\n<meta property=\"og:title\" content=\"\u0421\u0444\u0435\u0440\u0438 \u0437\u0430\u0441\u0442\u043e\u0441\u0443\u0432\u0430\u043d\u043d\u044f - IMP Pumps\" \/>\n<meta property=\"og:description\" content=\"\u041e\u0441\u043d\u043e\u0432\u043d\u043e\u044e \u043f\u0440\u043e\u0434\u0443\u043a\u0446\u0456\u0454\u044e \u043a\u043e\u043c\u043f\u0430\u043d\u0456\u0457 IMP PUMPS \u0454 \u0446\u0438\u0440\u043a\u0443\u043b\u044f\u0446\u0456\u0439\u043d\u0456 \u043d\u0430\u0441\u043e\u0441\u0438 \u0434\u043b\u044f \u0441\u0438\u0441\u0442\u0435\u043c \u041e\u0412\u0456\u041a. \u041c\u0438 \u0432\u0438\u0440\u043e\u0431\u043b\u044f\u0454\u043c\u043e...\" \/>\n<meta property=\"og:url\" content=\"https:\/\/imp-pumps.com\/uk\/\u0441\u0444\u0435\u0440\u0438-\u0437\u0430\u0441\u0442\u043e\u0441\u0443\u0432\u0430\u043d\u043d\u044f\/\" \/>\n<meta property=\"og:site_name\" content=\"IMP Pumps\" \/>\n<meta property=\"article:modified_time\" content=\"2026-03-20T11:59:14+00:00\" \/>\n<meta name=\"twitter:card\" content=\"summary_large_image\" \/>\n<script type=\"application\/ld+json\" class=\"yoast-schema-graph\">{\"@context\":\"https:\/\/schema.org\",\"@graph\":[{\"@type\":\"WebSite\",\"@id\":\"http:\/\/imp-pumps.com\/#website\",\"url\":\"http:\/\/imp-pumps.com\/\",\"name\":\"IMP Pumps\",\"description\":\"\\u0160e eno spleti\\u0161\\u010de WordPress\",\"potentialAction\":[{\"@type\":\"SearchAction\",\"target\":{\"@type\":\"EntryPoint\",\"urlTemplate\":\"http:\/\/imp-pumps.com\/?s={search_term_string}\"},\"query-input\":\"required name=search_term_string\"}],\"inLanguage\":\"uk-UA\"},{\"@type\":\"WebPage\",\"@id\":\"https:\/\/imp-pumps.com\/uk\/%d1%81%d1%84%d0%b5%d1%80%d0%b8-%d0%b7%d0%b0%d1%81%d1%82%d0%be%d1%81%d1%83%d0%b2%d0%b0%d0%bd%d0%bd%d1%8f\/#webpage\",\"url\":\"https:\/\/imp-pumps.com\/uk\/%d1%81%d1%84%d0%b5%d1%80%d0%b8-%d0%b7%d0%b0%d1%81%d1%82%d0%be%d1%81%d1%83%d0%b2%d0%b0%d0%bd%d0%bd%d1%8f\/\",\"name\":\"\\u0421\\u0444\\u0435\\u0440\\u0438 \\u0437\\u0430\\u0441\\u0442\\u043e\\u0441\\u0443\\u0432\\u0430\\u043d\\u043d\\u044f - IMP Pumps\",\"isPartOf\":{\"@id\":\"http:\/\/imp-pumps.com\/#website\"},\"datePublished\":\"2018-03-23T17:40:19+00:00\",\"dateModified\":\"2026-03-20T11:59:14+00:00\",\"breadcrumb\":{\"@id\":\"https:\/\/imp-pumps.com\/uk\/%d1%81%d1%84%d0%b5%d1%80%d0%b8-%d0%b7%d0%b0%d1%81%d1%82%d0%be%d1%81%d1%83%d0%b2%d0%b0%d0%bd%d0%bd%d1%8f\/#breadcrumb\"},\"inLanguage\":\"uk-UA\",\"potentialAction\":[{\"@type\":\"ReadAction\",\"target\":[\"https:\/\/imp-pumps.com\/uk\/%d1%81%d1%84%d0%b5%d1%80%d0%b8-%d0%b7%d0%b0%d1%81%d1%82%d0%be%d1%81%d1%83%d0%b2%d0%b0%d0%bd%d0%bd%d1%8f\/\"]}]},{\"@type\":\"BreadcrumbList\",\"@id\":\"https:\/\/imp-pumps.com\/uk\/%d1%81%d1%84%d0%b5%d1%80%d0%b8-%d0%b7%d0%b0%d1%81%d1%82%d0%be%d1%81%d1%83%d0%b2%d0%b0%d0%bd%d0%bd%d1%8f\/#breadcrumb\",\"itemListElement\":[{\"@type\":\"ListItem\",\"position\":1,\"name\":\"Home\",\"item\":\"https:\/\/imp-pumps.com\/uk\/\"},{\"@type\":\"ListItem\",\"position\":2,\"name\":\"\\u0421\\u0444\\u0435\\u0440\\u0438 \\u0437\\u0430\\u0441\\u0442\\u043e\\u0441\\u0443\\u0432\\u0430\\u043d\\u043d\\u044f\"}]}]}<\/script>\n<!-- \/ Yoast SEO plugin. -->","yoast_head_json":{"title":"\u0421\u0444\u0435\u0440\u0438 \u0437\u0430\u0441\u0442\u043e\u0441\u0443\u0432\u0430\u043d\u043d\u044f - IMP Pumps","robots":{"index":"index","follow":"follow","max-snippet":"max-snippet:-1","max-image-preview":"max-image-preview:large","max-video-preview":"max-video-preview:-1"},"canonical":"https:\/\/imp-pumps.com\/uk\/\u0441\u0444\u0435\u0440\u0438-\u0437\u0430\u0441\u0442\u043e\u0441\u0443\u0432\u0430\u043d\u043d\u044f\/","og_locale":"uk_UA","og_type":"article","og_title":"\u0421\u0444\u0435\u0440\u0438 \u0437\u0430\u0441\u0442\u043e\u0441\u0443\u0432\u0430\u043d\u043d\u044f - IMP Pumps","og_description":"\u041e\u0441\u043d\u043e\u0432\u043d\u043e\u044e \u043f\u0440\u043e\u0434\u0443\u043a\u0446\u0456\u0454\u044e \u043a\u043e\u043c\u043f\u0430\u043d\u0456\u0457 IMP PUMPS \u0454 \u0446\u0438\u0440\u043a\u0443\u043b\u044f\u0446\u0456\u0439\u043d\u0456 \u043d\u0430\u0441\u043e\u0441\u0438 \u0434\u043b\u044f \u0441\u0438\u0441\u0442\u0435\u043c \u041e\u0412\u0456\u041a. \u041c\u0438 \u0432\u0438\u0440\u043e\u0431\u043b\u044f\u0454\u043c\u043e...","og_url":"https:\/\/imp-pumps.com\/uk\/\u0441\u0444\u0435\u0440\u0438-\u0437\u0430\u0441\u0442\u043e\u0441\u0443\u0432\u0430\u043d\u043d\u044f\/","og_site_name":"IMP Pumps","article_modified_time":"2026-03-20T11:59:14+00:00","twitter_card":"summary_large_image","schema":{"@context":"https:\/\/schema.org","@graph":[{"@type":"WebSite","@id":"http:\/\/imp-pumps.com\/#website","url":"http:\/\/imp-pumps.com\/","name":"IMP Pumps","description":"\u0160e eno spleti\u0161\u010de WordPress","potentialAction":[{"@type":"SearchAction","target":{"@type":"EntryPoint","urlTemplate":"http:\/\/imp-pumps.com\/?s={search_term_string}"},"query-input":"required name=search_term_string"}],"inLanguage":"uk-UA"},{"@type":"WebPage","@id":"https:\/\/imp-pumps.com\/uk\/%d1%81%d1%84%d0%b5%d1%80%d0%b8-%d0%b7%d0%b0%d1%81%d1%82%d0%be%d1%81%d1%83%d0%b2%d0%b0%d0%bd%d0%bd%d1%8f\/#webpage","url":"https:\/\/imp-pumps.com\/uk\/%d1%81%d1%84%d0%b5%d1%80%d0%b8-%d0%b7%d0%b0%d1%81%d1%82%d0%be%d1%81%d1%83%d0%b2%d0%b0%d0%bd%d0%bd%d1%8f\/","name":"\u0421\u0444\u0435\u0440\u0438 \u0437\u0430\u0441\u0442\u043e\u0441\u0443\u0432\u0430\u043d\u043d\u044f - IMP Pumps","isPartOf":{"@id":"http:\/\/imp-pumps.com\/#website"},"datePublished":"2018-03-23T17:40:19+00:00","dateModified":"2026-03-20T11:59:14+00:00","breadcrumb":{"@id":"https:\/\/imp-pumps.com\/uk\/%d1%81%d1%84%d0%b5%d1%80%d0%b8-%d0%b7%d0%b0%d1%81%d1%82%d0%be%d1%81%d1%83%d0%b2%d0%b0%d0%bd%d0%bd%d1%8f\/#breadcrumb"},"inLanguage":"uk-UA","potentialAction":[{"@type":"ReadAction","target":["https:\/\/imp-pumps.com\/uk\/%d1%81%d1%84%d0%b5%d1%80%d0%b8-%d0%b7%d0%b0%d1%81%d1%82%d0%be%d1%81%d1%83%d0%b2%d0%b0%d0%bd%d0%bd%d1%8f\/"]}]},{"@type":"BreadcrumbList","@id":"https:\/\/imp-pumps.com\/uk\/%d1%81%d1%84%d0%b5%d1%80%d0%b8-%d0%b7%d0%b0%d1%81%d1%82%d0%be%d1%81%d1%83%d0%b2%d0%b0%d0%bd%d0%bd%d1%8f\/#breadcrumb","itemListElement":[{"@type":"ListItem","position":1,"name":"Home","item":"https:\/\/imp-pumps.com\/uk\/"},{"@type":"ListItem","position":2,"name":"\u0421\u0444\u0435\u0440\u0438 \u0437\u0430\u0441\u0442\u043e\u0441\u0443\u0432\u0430\u043d\u043d\u044f"}]}]}},"_links":{"self":[{"href":"https:\/\/imp-pumps.com\/uk\/wp-json\/wp\/v2\/pages\/43975"}],"collection":[{"href":"https:\/\/imp-pumps.com\/uk\/wp-json\/wp\/v2\/pages"}],"about":[{"href":"https:\/\/imp-pumps.com\/uk\/wp-json\/wp\/v2\/types\/page"}],"author":[{"embeddable":true,"href":"https:\/\/imp-pumps.com\/uk\/wp-json\/wp\/v2\/users\/1"}],"replies":[{"embeddable":true,"href":"https:\/\/imp-pumps.com\/uk\/wp-json\/wp\/v2\/comments?post=43975"}],"version-history":[{"count":1,"href":"https:\/\/imp-pumps.com\/uk\/wp-json\/wp\/v2\/pages\/43975\/revisions"}],"predecessor-version":[{"id":156170,"href":"https:\/\/imp-pumps.com\/uk\/wp-json\/wp\/v2\/pages\/43975\/revisions\/156170"}],"wp:attachment":[{"href":"https:\/\/imp-pumps.com\/uk\/wp-json\/wp\/v2\/media?parent=43975"}],"curies":[{"name":"wp","href":"https:\/\/api.w.org\/{rel}","templated":true}]}}