{"id":43722,"date":"2018-04-18T08:07:09","date_gmt":"2018-04-18T07:07:09","guid":{"rendered":"http:\/\/imp-pumps.com\/about-us\/"},"modified":"2020-02-10T09:18:40","modified_gmt":"2020-02-10T08:18:40","slug":"%d0%bf%d1%80%d0%be-%d0%bd%d0%b0%d1%81","status":"publish","type":"page","link":"https:\/\/imp-pumps.com\/uk\/%d0%bf%d1%80%d0%be-%d0%bd%d0%b0%d1%81\/","title":{"rendered":"\u041f\u0440\u043e \u041d\u0410\u0421"},"content":{"rendered":"<p><strong>IMP Pumps d.o.o. &#8211; \u0446\u0435 \u0421\u043b\u043e\u0432\u0435\u043d\u0441\u044c\u043a\u0438\u0439 \u0432\u0438\u0440\u043e\u0431\u043d\u0438\u043a \u043d\u0430\u0441\u043e\u0441\u0456\u0432 \u0442\u0430 \u043d\u0430\u0441\u043e\u0441\u043d\u0438\u0445 \u0441\u0438\u0441\u0442\u0435\u043c, \u0440\u043e\u0437\u0442\u0430\u0448\u043e\u0432\u0430\u043d\u0438\u0439 \u0443 \u043c\u0456\u0441\u0442\u0456 \u041a\u043e\u043c\u0435\u043d\u0434\u0430 \u0432 \u0421\u043b\u043e\u0432\u0435\u043d\u0456\u0457. \u041a\u043e\u043c\u043f\u0430\u043d\u0456\u044f \u043f\u0440\u043e\u0435\u043a\u0442\u0443\u0454, \u0440\u043e\u0437\u0440\u043e\u0431\u043b\u044f\u0454 \u0442\u0430 \u0432\u0438\u0433\u043e\u0442\u043e\u0432\u043b\u044f\u0454 \u043d\u0430\u0441\u043e\u0441\u0438 \u0442\u0430 \u043d\u0430\u0441\u043e\u0441\u043d\u0456 \u0441\u0438\u0441\u0442\u0435\u043c\u0438, \u0430 \u0442\u0430\u043a\u043e\u0436 \u0432\u0438\u043a\u043e\u043d\u0443\u0454 \u0457\u0445 \u043f\u0440\u043e\u0434\u0430\u0436 \u0456 \u043e\u0431\u0441\u043b\u0443\u0433\u043e\u0432\u0443\u0432\u0430\u043d\u043d\u044f. <\/strong><\/p>\n<p>\u0417\u0430\u0432\u0434\u044f\u043a\u0438 \u0441\u0432\u043e\u0457\u0439 \u043f\u0440\u043e\u0434\u0443\u043a\u0446\u0456\u0457, \u0434\u043e\u0441\u0432\u0456\u0434\u0443 \u0456 \u0441\u0442\u0440\u0430\u0442\u0435\u0433\u0456\u0447\u043d\u0438\u043c \u043f\u0430\u0440\u0442\u043d\u0435\u0440\u0430\u043c, \u043a\u043e\u043c\u043f\u0430\u043d\u0456\u044f \u043f\u043e\u0437\u0438\u0446\u0456\u043e\u043d\u0443\u0454 \u0441\u0435\u0431\u0435, \u044f\u043a \u043f\u043e\u0441\u0442\u0430\u0447\u0430\u043b\u044c\u043d\u0438\u043a \u0456\u043d\u0442\u0435\u0433\u0440\u043e\u0432\u0430\u043d\u0438\u0445 \u0440\u0456\u0448\u0435\u043d\u044c. \u0421\u043f\u0435\u0446\u0456\u0430\u043b\u0456\u0437\u043e\u0432\u0430\u043d\u0456 \u0437\u043d\u0430\u043d\u043d\u044f \u0442\u0430 \u0434\u043e\u0441\u0432\u0456\u0434 \u0434\u043e\u0437\u0432\u043e\u043b\u044f\u044e\u0442\u044c \u043a\u043e\u043c\u043f\u0430\u043d\u0456\u0457 \u0443\u0441\u043f\u0456\u0448\u043d\u043e \u0432\u0438\u0440\u0456\u0448\u0443\u0432\u0430\u0442\u0438 \u043f\u0438\u0442\u0430\u043d\u043d\u044f, \u043f\u043e\u0432\u2019\u044f\u0437\u0430\u043d\u0456 \u0437 \u0442\u0440\u0430\u043d\u0441\u043f\u043e\u0440\u0442\u0443\u0432\u0430\u043d\u043d\u044f\u043c \u0440\u0456\u0434\u0438\u043d. \u0426\u0435 \u0437\u0430\u0431\u0435\u0437\u043f\u0435\u0447\u0443\u0454 \u0434\u043e\u0441\u044f\u0433\u043d\u0435\u043d\u043d\u044f \u043c\u0430\u043a\u0441\u0438\u043c\u0430\u043b\u044c\u043d\u043e\u0433\u043e \u043a\u043e\u043c\u0444\u043e\u0440\u0442\u0443 \u0432 \u0434\u043e\u043c\u0430\u0448\u043d\u0456\u0445 \u0443\u043c\u043e\u0432\u0430\u0445 \u0442\u0430 \u043e\u043f\u0442\u0438\u043c\u0430\u043b\u044c\u043d\u0456 \u0443\u043c\u043e\u0432\u0438 \u0435\u043a\u0441\u043f\u043b\u0443\u0430\u0442\u0430\u0446\u0456\u0457 \u0432 \u043f\u0440\u043e\u043c\u0438\u0441\u043b\u043e\u0432\u043e\u0441\u0442\u0456.<\/p>\n","protected":false},"excerpt":{"rendered":"<p>IMP Pumps d.o.o. &#8211; \u0446\u0435 \u0421\u043b\u043e\u0432\u0435\u043d\u0441\u044c\u043a\u0438\u0439 \u0432\u0438\u0440\u043e\u0431\u043d\u0438\u043a \u043d\u0430\u0441\u043e\u0441\u0456\u0432 \u0442\u0430 \u043d\u0430\u0441\u043e\u0441\u043d\u0438\u0445 \u0441\u0438\u0441\u0442\u0435\u043c, \u0440\u043e\u0437\u0442\u0430\u0448\u043e\u0432\u0430\u043d\u0438\u0439 \u0443&#8230;<\/p>\n","protected":false},"author":1,"featured_media":41553,"parent":0,"menu_order":0,"comment_status":"closed","ping_status":"closed","template":"page-templates\/template-o-podjetju.php","meta":[],"acf":[],"yoast_head":"<!-- This site is optimized with the Yoast SEO plugin v17.8 - https:\/\/yoast.com\/wordpress\/plugins\/seo\/ -->\n<title>\u041f\u0440\u043e \u041d\u0410\u0421 - IMP Pumps<\/title>\n<meta name=\"robots\" content=\"index, follow, max-snippet:-1, max-image-preview:large, max-video-preview:-1\" \/>\n<link rel=\"canonical\" href=\"https:\/\/imp-pumps.com\/uk\/\u043f\u0440\u043e-\u043d\u0430\u0441\/\" \/>\n<meta property=\"og:locale\" content=\"uk_UA\" \/>\n<meta property=\"og:type\" content=\"article\" \/>\n<meta property=\"og:title\" content=\"\u041f\u0440\u043e \u041d\u0410\u0421 - IMP Pumps\" \/>\n<meta property=\"og:description\" content=\"IMP Pumps d.o.o. &#8211; \u0446\u0435 \u0421\u043b\u043e\u0432\u0435\u043d\u0441\u044c\u043a\u0438\u0439 \u0432\u0438\u0440\u043e\u0431\u043d\u0438\u043a \u043d\u0430\u0441\u043e\u0441\u0456\u0432 \u0442\u0430 \u043d\u0430\u0441\u043e\u0441\u043d\u0438\u0445 \u0441\u0438\u0441\u0442\u0435\u043c, \u0440\u043e\u0437\u0442\u0430\u0448\u043e\u0432\u0430\u043d\u0438\u0439 \u0443...\" \/>\n<meta property=\"og:url\" content=\"https:\/\/imp-pumps.com\/uk\/\u043f\u0440\u043e-\u043d\u0430\u0441\/\" \/>\n<meta property=\"og:site_name\" content=\"IMP Pumps\" \/>\n<meta property=\"article:modified_time\" content=\"2020-02-10T08:18:40+00:00\" \/>\n<meta property=\"og:image\" content=\"https:\/\/imp-pumps.com\/wp-content\/uploads\/2018\/04\/opodjetju-icon.png\" \/>\n\t<meta property=\"og:image:width\" content=\"176\" \/>\n\t<meta property=\"og:image:height\" content=\"176\" \/>\n<meta name=\"twitter:card\" content=\"summary_large_image\" \/>\n<script type=\"application\/ld+json\" class=\"yoast-schema-graph\">{\"@context\":\"https:\/\/schema.org\",\"@graph\":[{\"@type\":\"WebSite\",\"@id\":\"http:\/\/imp-pumps.com\/#website\",\"url\":\"http:\/\/imp-pumps.com\/\",\"name\":\"IMP Pumps\",\"description\":\"\\u0160e eno spleti\\u0161\\u010de WordPress\",\"potentialAction\":[{\"@type\":\"SearchAction\",\"target\":{\"@type\":\"EntryPoint\",\"urlTemplate\":\"http:\/\/imp-pumps.com\/?s={search_term_string}\"},\"query-input\":\"required name=search_term_string\"}],\"inLanguage\":\"uk-UA\"},{\"@type\":\"ImageObject\",\"@id\":\"https:\/\/imp-pumps.com\/uk\/%d0%bf%d1%80%d0%be-%d0%bd%d0%b0%d1%81\/#primaryimage\",\"inLanguage\":\"uk-UA\",\"url\":\"https:\/\/imp-pumps.com\/wp-content\/uploads\/2018\/04\/opodjetju-icon.png\",\"contentUrl\":\"https:\/\/imp-pumps.com\/wp-content\/uploads\/2018\/04\/opodjetju-icon.png\",\"width\":176,\"height\":176},{\"@type\":\"WebPage\",\"@id\":\"https:\/\/imp-pumps.com\/uk\/%d0%bf%d1%80%d0%be-%d0%bd%d0%b0%d1%81\/#webpage\",\"url\":\"https:\/\/imp-pumps.com\/uk\/%d0%bf%d1%80%d0%be-%d0%bd%d0%b0%d1%81\/\",\"name\":\"\\u041f\\u0440\\u043e \\u041d\\u0410\\u0421 - IMP Pumps\",\"isPartOf\":{\"@id\":\"http:\/\/imp-pumps.com\/#website\"},\"primaryImageOfPage\":{\"@id\":\"https:\/\/imp-pumps.com\/uk\/%d0%bf%d1%80%d0%be-%d0%bd%d0%b0%d1%81\/#primaryimage\"},\"datePublished\":\"2018-04-18T07:07:09+00:00\",\"dateModified\":\"2020-02-10T08:18:40+00:00\",\"breadcrumb\":{\"@id\":\"https:\/\/imp-pumps.com\/uk\/%d0%bf%d1%80%d0%be-%d0%bd%d0%b0%d1%81\/#breadcrumb\"},\"inLanguage\":\"uk-UA\",\"potentialAction\":[{\"@type\":\"ReadAction\",\"target\":[\"https:\/\/imp-pumps.com\/uk\/%d0%bf%d1%80%d0%be-%d0%bd%d0%b0%d1%81\/\"]}]},{\"@type\":\"BreadcrumbList\",\"@id\":\"https:\/\/imp-pumps.com\/uk\/%d0%bf%d1%80%d0%be-%d0%bd%d0%b0%d1%81\/#breadcrumb\",\"itemListElement\":[{\"@type\":\"ListItem\",\"position\":1,\"name\":\"Home\",\"item\":\"https:\/\/imp-pumps.com\/uk\/\"},{\"@type\":\"ListItem\",\"position\":2,\"name\":\"\\u041f\\u0440\\u043e \\u041d\\u0410\\u0421\"}]}]}<\/script>\n<!-- \/ Yoast SEO plugin. -->","yoast_head_json":{"title":"\u041f\u0440\u043e \u041d\u0410\u0421 - IMP Pumps","robots":{"index":"index","follow":"follow","max-snippet":"max-snippet:-1","max-image-preview":"max-image-preview:large","max-video-preview":"max-video-preview:-1"},"canonical":"https:\/\/imp-pumps.com\/uk\/\u043f\u0440\u043e-\u043d\u0430\u0441\/","og_locale":"uk_UA","og_type":"article","og_title":"\u041f\u0440\u043e \u041d\u0410\u0421 - IMP Pumps","og_description":"IMP Pumps d.o.o. &#8211; \u0446\u0435 \u0421\u043b\u043e\u0432\u0435\u043d\u0441\u044c\u043a\u0438\u0439 \u0432\u0438\u0440\u043e\u0431\u043d\u0438\u043a \u043d\u0430\u0441\u043e\u0441\u0456\u0432 \u0442\u0430 \u043d\u0430\u0441\u043e\u0441\u043d\u0438\u0445 \u0441\u0438\u0441\u0442\u0435\u043c, \u0440\u043e\u0437\u0442\u0430\u0448\u043e\u0432\u0430\u043d\u0438\u0439 \u0443...","og_url":"https:\/\/imp-pumps.com\/uk\/\u043f\u0440\u043e-\u043d\u0430\u0441\/","og_site_name":"IMP Pumps","article_modified_time":"2020-02-10T08:18:40+00:00","og_image":[{"width":176,"height":176,"url":"https:\/\/imp-pumps.com\/wp-content\/uploads\/2018\/04\/opodjetju-icon.png","type":"image\/png"}],"twitter_card":"summary_large_image","schema":{"@context":"https:\/\/schema.org","@graph":[{"@type":"WebSite","@id":"http:\/\/imp-pumps.com\/#website","url":"http:\/\/imp-pumps.com\/","name":"IMP Pumps","description":"\u0160e eno spleti\u0161\u010de WordPress","potentialAction":[{"@type":"SearchAction","target":{"@type":"EntryPoint","urlTemplate":"http:\/\/imp-pumps.com\/?s={search_term_string}"},"query-input":"required name=search_term_string"}],"inLanguage":"uk-UA"},{"@type":"ImageObject","@id":"https:\/\/imp-pumps.com\/uk\/%d0%bf%d1%80%d0%be-%d0%bd%d0%b0%d1%81\/#primaryimage","inLanguage":"uk-UA","url":"https:\/\/imp-pumps.com\/wp-content\/uploads\/2018\/04\/opodjetju-icon.png","contentUrl":"https:\/\/imp-pumps.com\/wp-content\/uploads\/2018\/04\/opodjetju-icon.png","width":176,"height":176},{"@type":"WebPage","@id":"https:\/\/imp-pumps.com\/uk\/%d0%bf%d1%80%d0%be-%d0%bd%d0%b0%d1%81\/#webpage","url":"https:\/\/imp-pumps.com\/uk\/%d0%bf%d1%80%d0%be-%d0%bd%d0%b0%d1%81\/","name":"\u041f\u0440\u043e \u041d\u0410\u0421 - IMP Pumps","isPartOf":{"@id":"http:\/\/imp-pumps.com\/#website"},"primaryImageOfPage":{"@id":"https:\/\/imp-pumps.com\/uk\/%d0%bf%d1%80%d0%be-%d0%bd%d0%b0%d1%81\/#primaryimage"},"datePublished":"2018-04-18T07:07:09+00:00","dateModified":"2020-02-10T08:18:40+00:00","breadcrumb":{"@id":"https:\/\/imp-pumps.com\/uk\/%d0%bf%d1%80%d0%be-%d0%bd%d0%b0%d1%81\/#breadcrumb"},"inLanguage":"uk-UA","potentialAction":[{"@type":"ReadAction","target":["https:\/\/imp-pumps.com\/uk\/%d0%bf%d1%80%d0%be-%d0%bd%d0%b0%d1%81\/"]}]},{"@type":"BreadcrumbList","@id":"https:\/\/imp-pumps.com\/uk\/%d0%bf%d1%80%d0%be-%d0%bd%d0%b0%d1%81\/#breadcrumb","itemListElement":[{"@type":"ListItem","position":1,"name":"Home","item":"https:\/\/imp-pumps.com\/uk\/"},{"@type":"ListItem","position":2,"name":"\u041f\u0440\u043e \u041d\u0410\u0421"}]}]}},"_links":{"self":[{"href":"https:\/\/imp-pumps.com\/uk\/wp-json\/wp\/v2\/pages\/43722"}],"collection":[{"href":"https:\/\/imp-pumps.com\/uk\/wp-json\/wp\/v2\/pages"}],"about":[{"href":"https:\/\/imp-pumps.com\/uk\/wp-json\/wp\/v2\/types\/page"}],"author":[{"embeddable":true,"href":"https:\/\/imp-pumps.com\/uk\/wp-json\/wp\/v2\/users\/1"}],"replies":[{"embeddable":true,"href":"https:\/\/imp-pumps.com\/uk\/wp-json\/wp\/v2\/comments?post=43722"}],"version-history":[{"count":1,"href":"https:\/\/imp-pumps.com\/uk\/wp-json\/wp\/v2\/pages\/43722\/revisions"}],"predecessor-version":[{"id":65661,"href":"https:\/\/imp-pumps.com\/uk\/wp-json\/wp\/v2\/pages\/43722\/revisions\/65661"}],"wp:featuredmedia":[{"embeddable":true,"href":"https:\/\/imp-pumps.com\/uk\/wp-json\/wp\/v2\/media\/41553"}],"wp:attachment":[{"href":"https:\/\/imp-pumps.com\/uk\/wp-json\/wp\/v2\/media?parent=43722"}],"curies":[{"name":"wp","href":"https:\/\/api.w.org\/{rel}","templated":true}]}}