{"id":140032,"date":"2018-03-23T18:40:19","date_gmt":"2018-03-23T17:40:19","guid":{"rendered":"https:\/\/imp-pumps.com\/pump-categories\/"},"modified":"2026-03-20T11:49:41","modified_gmt":"2026-03-20T10:49:41","slug":"pump-categories","status":"publish","type":"page","link":"https:\/\/imp-pumps.com\/tr\/pump-categories\/","title":{"rendered":"Pompa kategori\u0307leri\u0307"},"content":{"rendered":"<p>IMP PUMPS&#8217;\u0131n temel \u00fcretim program\u0131 HVAC uygulamalar\u0131 i\u00e7in sirk\u00fclasyon pompalar\u0131d\u0131r. Pompalar flan\u015fl\u0131 veya di\u015fli ve bronz veya d\u00f6kme demir hidrolik g\u00f6vdeli tek veya \u00e7ift tasar\u0131ml\u0131d\u0131r. T\u00fcm d\u00f6kme demir hidrolikler kataforez ile kapl\u0131d\u0131r. Se\u00e7iminizi kolayla\u015ft\u0131rmak i\u00e7in pompalar 5 ana kategoriye ayr\u0131lm\u0131\u015ft\u0131r: NMT, GHN, MULTISTAGE, INLINE ve SAN.<\/p>\n","protected":false},"excerpt":{"rendered":"<p>IMP PUMPS&#8217;\u0131n temel \u00fcretim program\u0131 HVAC uygulamalar\u0131 i\u00e7in sirk\u00fclasyon pompalar\u0131d\u0131r. Pompalar flan\u015fl\u0131 veya&#8230;<\/p>\n","protected":false},"author":1,"featured_media":0,"parent":0,"menu_order":0,"comment_status":"closed","ping_status":"closed","template":"page-templates\/template-kategorije-crpalk.php","meta":[],"acf":[],"yoast_head":"<!-- This site is optimized with the Yoast SEO plugin v17.8 - https:\/\/yoast.com\/wordpress\/plugins\/seo\/ -->\n<title>Pompa kategori\u0307leri\u0307 - IMP Pumps<\/title>\n<meta name=\"robots\" content=\"index, follow, max-snippet:-1, max-image-preview:large, max-video-preview:-1\" \/>\n<link rel=\"canonical\" href=\"https:\/\/imp-pumps.com\/tr\/pump-categories\/\" \/>\n<meta property=\"og:locale\" content=\"tr_TR\" \/>\n<meta property=\"og:type\" content=\"article\" \/>\n<meta property=\"og:title\" content=\"Pompa kategori\u0307leri\u0307 - IMP Pumps\" \/>\n<meta property=\"og:description\" content=\"IMP PUMPS&#8217;\u0131n temel \u00fcretim program\u0131 HVAC uygulamalar\u0131 i\u00e7in sirk\u00fclasyon pompalar\u0131d\u0131r. Pompalar flan\u015fl\u0131 veya...\" \/>\n<meta property=\"og:url\" content=\"https:\/\/imp-pumps.com\/tr\/pump-categories\/\" \/>\n<meta property=\"og:site_name\" content=\"IMP Pumps\" \/>\n<meta property=\"article:modified_time\" content=\"2026-03-20T10:49:41+00:00\" \/>\n<meta name=\"twitter:card\" content=\"summary_large_image\" \/>\n<meta name=\"twitter:label1\" content=\"Tahmini okuma s\u00fcresi\" \/>\n\t<meta name=\"twitter:data1\" content=\"1 dakika\" \/>\n<script type=\"application\/ld+json\" class=\"yoast-schema-graph\">{\"@context\":\"https:\/\/schema.org\",\"@graph\":[{\"@type\":\"WebSite\",\"@id\":\"http:\/\/imp-pumps.com\/#website\",\"url\":\"http:\/\/imp-pumps.com\/\",\"name\":\"IMP Pumps\",\"description\":\"\\u0160e eno spleti\\u0161\\u010de WordPress\",\"potentialAction\":[{\"@type\":\"SearchAction\",\"target\":{\"@type\":\"EntryPoint\",\"urlTemplate\":\"http:\/\/imp-pumps.com\/?s={search_term_string}\"},\"query-input\":\"required name=search_term_string\"}],\"inLanguage\":\"tr\"},{\"@type\":\"WebPage\",\"@id\":\"https:\/\/imp-pumps.com\/tr\/pump-categories\/#webpage\",\"url\":\"https:\/\/imp-pumps.com\/tr\/pump-categories\/\",\"name\":\"Pompa kategori\\u0307leri\\u0307 - IMP Pumps\",\"isPartOf\":{\"@id\":\"http:\/\/imp-pumps.com\/#website\"},\"datePublished\":\"2018-03-23T17:40:19+00:00\",\"dateModified\":\"2026-03-20T10:49:41+00:00\",\"breadcrumb\":{\"@id\":\"https:\/\/imp-pumps.com\/tr\/pump-categories\/#breadcrumb\"},\"inLanguage\":\"tr\",\"potentialAction\":[{\"@type\":\"ReadAction\",\"target\":[\"https:\/\/imp-pumps.com\/tr\/pump-categories\/\"]}]},{\"@type\":\"BreadcrumbList\",\"@id\":\"https:\/\/imp-pumps.com\/tr\/pump-categories\/#breadcrumb\",\"itemListElement\":[{\"@type\":\"ListItem\",\"position\":1,\"name\":\"Home\",\"item\":\"https:\/\/imp-pumps.com\/tr\/\"},{\"@type\":\"ListItem\",\"position\":2,\"name\":\"Pompa kategori\\u0307leri\\u0307\"}]}]}<\/script>\n<!-- \/ Yoast SEO plugin. -->","yoast_head_json":{"title":"Pompa kategori\u0307leri\u0307 - IMP Pumps","robots":{"index":"index","follow":"follow","max-snippet":"max-snippet:-1","max-image-preview":"max-image-preview:large","max-video-preview":"max-video-preview:-1"},"canonical":"https:\/\/imp-pumps.com\/tr\/pump-categories\/","og_locale":"tr_TR","og_type":"article","og_title":"Pompa kategori\u0307leri\u0307 - IMP Pumps","og_description":"IMP PUMPS&#8217;\u0131n temel \u00fcretim program\u0131 HVAC uygulamalar\u0131 i\u00e7in sirk\u00fclasyon pompalar\u0131d\u0131r. Pompalar flan\u015fl\u0131 veya...","og_url":"https:\/\/imp-pumps.com\/tr\/pump-categories\/","og_site_name":"IMP Pumps","article_modified_time":"2026-03-20T10:49:41+00:00","twitter_card":"summary_large_image","twitter_misc":{"Tahmini okuma s\u00fcresi":"1 dakika"},"schema":{"@context":"https:\/\/schema.org","@graph":[{"@type":"WebSite","@id":"http:\/\/imp-pumps.com\/#website","url":"http:\/\/imp-pumps.com\/","name":"IMP Pumps","description":"\u0160e eno spleti\u0161\u010de WordPress","potentialAction":[{"@type":"SearchAction","target":{"@type":"EntryPoint","urlTemplate":"http:\/\/imp-pumps.com\/?s={search_term_string}"},"query-input":"required name=search_term_string"}],"inLanguage":"tr"},{"@type":"WebPage","@id":"https:\/\/imp-pumps.com\/tr\/pump-categories\/#webpage","url":"https:\/\/imp-pumps.com\/tr\/pump-categories\/","name":"Pompa kategori\u0307leri\u0307 - IMP Pumps","isPartOf":{"@id":"http:\/\/imp-pumps.com\/#website"},"datePublished":"2018-03-23T17:40:19+00:00","dateModified":"2026-03-20T10:49:41+00:00","breadcrumb":{"@id":"https:\/\/imp-pumps.com\/tr\/pump-categories\/#breadcrumb"},"inLanguage":"tr","potentialAction":[{"@type":"ReadAction","target":["https:\/\/imp-pumps.com\/tr\/pump-categories\/"]}]},{"@type":"BreadcrumbList","@id":"https:\/\/imp-pumps.com\/tr\/pump-categories\/#breadcrumb","itemListElement":[{"@type":"ListItem","position":1,"name":"Home","item":"https:\/\/imp-pumps.com\/tr\/"},{"@type":"ListItem","position":2,"name":"Pompa kategori\u0307leri\u0307"}]}]}},"_links":{"self":[{"href":"https:\/\/imp-pumps.com\/tr\/wp-json\/wp\/v2\/pages\/140032"}],"collection":[{"href":"https:\/\/imp-pumps.com\/tr\/wp-json\/wp\/v2\/pages"}],"about":[{"href":"https:\/\/imp-pumps.com\/tr\/wp-json\/wp\/v2\/types\/page"}],"author":[{"embeddable":true,"href":"https:\/\/imp-pumps.com\/tr\/wp-json\/wp\/v2\/users\/1"}],"replies":[{"embeddable":true,"href":"https:\/\/imp-pumps.com\/tr\/wp-json\/wp\/v2\/comments?post=140032"}],"version-history":[{"count":3,"href":"https:\/\/imp-pumps.com\/tr\/wp-json\/wp\/v2\/pages\/140032\/revisions"}],"predecessor-version":[{"id":156141,"href":"https:\/\/imp-pumps.com\/tr\/wp-json\/wp\/v2\/pages\/140032\/revisions\/156141"}],"wp:attachment":[{"href":"https:\/\/imp-pumps.com\/tr\/wp-json\/wp\/v2\/media?parent=140032"}],"curies":[{"name":"wp","href":"https:\/\/api.w.org\/{rel}","templated":true}]}}