{"id":140031,"date":"2018-03-23T18:41:21","date_gmt":"2018-03-23T17:41:21","guid":{"rendered":"https:\/\/imp-pumps.com\/contact\/"},"modified":"2024-12-20T11:14:23","modified_gmt":"2024-12-20T10:14:23","slug":"contact","status":"publish","type":"page","link":"https:\/\/imp-pumps.com\/tr\/contact\/","title":{"rendered":"\u0130LET\u0130\u015e\u0130M"},"content":{"rendered":"<div class=\"contact-info-wrapper\">\n<div class=\"company-details\">IMP PUMPS d.o.o.<br \/>\nPod hrasti 28<br \/>\n1218 Komenda<br \/>\nSlovenija<\/div>\n<div class=\"company-phone\">tel: +386 (0)1 28 06 400<br \/>\nfax: +386 (0)1 28 06 460<\/div>\n<div class=\"company-email\">e-mail: <img style=\"border: none;\" src=\"\/wp-content\/uploads\/2019\/10\/download-1.png\" \/><\/div>\n<div><\/div>\n<\/div>\n<div class=\"contact-info-wrapper\">\n<div class=\"company-details2\">\n<p>IMP PUMPS d.o.o., PE Metlika<br \/>\nCesta XV. brigade 31,<br \/>\n8330 Metlika<br \/>\nSlovenija<\/p>\n<\/div>\n<div class=\"company-phone\">\n<p>tel: +386 (0)7 369 17 50<\/p>\n<\/div>\n<\/div>\n","protected":false},"excerpt":{"rendered":"<p>IMP PUMPS d.o.o. Pod hrasti 28 1218 Komenda Slovenija tel: +386 (0)1 28&#8230;<\/p>\n","protected":false},"author":1,"featured_media":0,"parent":0,"menu_order":0,"comment_status":"closed","ping_status":"closed","template":"page-templates\/template-kontakt.php","meta":[],"acf":[],"yoast_head":"<!-- This site is optimized with the Yoast SEO plugin v17.8 - https:\/\/yoast.com\/wordpress\/plugins\/seo\/ -->\n<title>\u0130LET\u0130\u015e\u0130M - IMP Pumps<\/title>\n<meta name=\"robots\" content=\"index, follow, max-snippet:-1, max-image-preview:large, max-video-preview:-1\" \/>\n<link rel=\"canonical\" href=\"https:\/\/imp-pumps.com\/tr\/contact\/\" \/>\n<meta property=\"og:locale\" content=\"tr_TR\" \/>\n<meta property=\"og:type\" content=\"article\" \/>\n<meta property=\"og:title\" content=\"\u0130LET\u0130\u015e\u0130M - IMP Pumps\" \/>\n<meta property=\"og:description\" content=\"IMP PUMPS d.o.o. Pod hrasti 28 1218 Komenda Slovenija tel: +386 (0)1 28...\" \/>\n<meta property=\"og:url\" content=\"https:\/\/imp-pumps.com\/tr\/contact\/\" \/>\n<meta property=\"og:site_name\" content=\"IMP Pumps\" \/>\n<meta property=\"article:modified_time\" content=\"2024-12-20T10:14:23+00:00\" \/>\n<meta property=\"og:image\" content=\"https:\/\/imp-pumps.com\/wp-content\/uploads\/2019\/10\/download-1.png\" \/>\n<meta name=\"twitter:card\" content=\"summary_large_image\" \/>\n<script type=\"application\/ld+json\" class=\"yoast-schema-graph\">{\"@context\":\"https:\/\/schema.org\",\"@graph\":[{\"@type\":\"WebSite\",\"@id\":\"http:\/\/imp-pumps.com\/#website\",\"url\":\"http:\/\/imp-pumps.com\/\",\"name\":\"IMP Pumps\",\"description\":\"\\u0160e eno spleti\\u0161\\u010de WordPress\",\"potentialAction\":[{\"@type\":\"SearchAction\",\"target\":{\"@type\":\"EntryPoint\",\"urlTemplate\":\"http:\/\/imp-pumps.com\/?s={search_term_string}\"},\"query-input\":\"required name=search_term_string\"}],\"inLanguage\":\"tr\"},{\"@type\":\"ImageObject\",\"@id\":\"https:\/\/imp-pumps.com\/tr\/contact\/#primaryimage\",\"inLanguage\":\"tr\",\"url\":\"\/wp-content\/uploads\/2019\/10\/download-1.png\",\"contentUrl\":\"\/wp-content\/uploads\/2019\/10\/download-1.png\"},{\"@type\":\"WebPage\",\"@id\":\"https:\/\/imp-pumps.com\/tr\/contact\/#webpage\",\"url\":\"https:\/\/imp-pumps.com\/tr\/contact\/\",\"name\":\"\\u0130LET\\u0130\\u015e\\u0130M - IMP Pumps\",\"isPartOf\":{\"@id\":\"http:\/\/imp-pumps.com\/#website\"},\"primaryImageOfPage\":{\"@id\":\"https:\/\/imp-pumps.com\/tr\/contact\/#primaryimage\"},\"datePublished\":\"2018-03-23T17:41:21+00:00\",\"dateModified\":\"2024-12-20T10:14:23+00:00\",\"breadcrumb\":{\"@id\":\"https:\/\/imp-pumps.com\/tr\/contact\/#breadcrumb\"},\"inLanguage\":\"tr\",\"potentialAction\":[{\"@type\":\"ReadAction\",\"target\":[\"https:\/\/imp-pumps.com\/tr\/contact\/\"]}]},{\"@type\":\"BreadcrumbList\",\"@id\":\"https:\/\/imp-pumps.com\/tr\/contact\/#breadcrumb\",\"itemListElement\":[{\"@type\":\"ListItem\",\"position\":1,\"name\":\"Home\",\"item\":\"https:\/\/imp-pumps.com\/tr\/\"},{\"@type\":\"ListItem\",\"position\":2,\"name\":\"\\u0130LET\\u0130\\u015e\\u0130M\"}]}]}<\/script>\n<!-- \/ Yoast SEO plugin. -->","yoast_head_json":{"title":"\u0130LET\u0130\u015e\u0130M - IMP Pumps","robots":{"index":"index","follow":"follow","max-snippet":"max-snippet:-1","max-image-preview":"max-image-preview:large","max-video-preview":"max-video-preview:-1"},"canonical":"https:\/\/imp-pumps.com\/tr\/contact\/","og_locale":"tr_TR","og_type":"article","og_title":"\u0130LET\u0130\u015e\u0130M - IMP Pumps","og_description":"IMP PUMPS d.o.o. Pod hrasti 28 1218 Komenda Slovenija tel: +386 (0)1 28...","og_url":"https:\/\/imp-pumps.com\/tr\/contact\/","og_site_name":"IMP Pumps","article_modified_time":"2024-12-20T10:14:23+00:00","og_image":[{"url":"https:\/\/imp-pumps.com\/wp-content\/uploads\/2019\/10\/download-1.png"}],"twitter_card":"summary_large_image","schema":{"@context":"https:\/\/schema.org","@graph":[{"@type":"WebSite","@id":"http:\/\/imp-pumps.com\/#website","url":"http:\/\/imp-pumps.com\/","name":"IMP Pumps","description":"\u0160e eno spleti\u0161\u010de WordPress","potentialAction":[{"@type":"SearchAction","target":{"@type":"EntryPoint","urlTemplate":"http:\/\/imp-pumps.com\/?s={search_term_string}"},"query-input":"required name=search_term_string"}],"inLanguage":"tr"},{"@type":"ImageObject","@id":"https:\/\/imp-pumps.com\/tr\/contact\/#primaryimage","inLanguage":"tr","url":"\/wp-content\/uploads\/2019\/10\/download-1.png","contentUrl":"\/wp-content\/uploads\/2019\/10\/download-1.png"},{"@type":"WebPage","@id":"https:\/\/imp-pumps.com\/tr\/contact\/#webpage","url":"https:\/\/imp-pumps.com\/tr\/contact\/","name":"\u0130LET\u0130\u015e\u0130M - IMP Pumps","isPartOf":{"@id":"http:\/\/imp-pumps.com\/#website"},"primaryImageOfPage":{"@id":"https:\/\/imp-pumps.com\/tr\/contact\/#primaryimage"},"datePublished":"2018-03-23T17:41:21+00:00","dateModified":"2024-12-20T10:14:23+00:00","breadcrumb":{"@id":"https:\/\/imp-pumps.com\/tr\/contact\/#breadcrumb"},"inLanguage":"tr","potentialAction":[{"@type":"ReadAction","target":["https:\/\/imp-pumps.com\/tr\/contact\/"]}]},{"@type":"BreadcrumbList","@id":"https:\/\/imp-pumps.com\/tr\/contact\/#breadcrumb","itemListElement":[{"@type":"ListItem","position":1,"name":"Home","item":"https:\/\/imp-pumps.com\/tr\/"},{"@type":"ListItem","position":2,"name":"\u0130LET\u0130\u015e\u0130M"}]}]}},"_links":{"self":[{"href":"https:\/\/imp-pumps.com\/tr\/wp-json\/wp\/v2\/pages\/140031"}],"collection":[{"href":"https:\/\/imp-pumps.com\/tr\/wp-json\/wp\/v2\/pages"}],"about":[{"href":"https:\/\/imp-pumps.com\/tr\/wp-json\/wp\/v2\/types\/page"}],"author":[{"embeddable":true,"href":"https:\/\/imp-pumps.com\/tr\/wp-json\/wp\/v2\/users\/1"}],"replies":[{"embeddable":true,"href":"https:\/\/imp-pumps.com\/tr\/wp-json\/wp\/v2\/comments?post=140031"}],"version-history":[{"count":1,"href":"https:\/\/imp-pumps.com\/tr\/wp-json\/wp\/v2\/pages\/140031\/revisions"}],"predecessor-version":[{"id":140986,"href":"https:\/\/imp-pumps.com\/tr\/wp-json\/wp\/v2\/pages\/140031\/revisions\/140986"}],"wp:attachment":[{"href":"https:\/\/imp-pumps.com\/tr\/wp-json\/wp\/v2\/media?parent=140031"}],"curies":[{"name":"wp","href":"https:\/\/api.w.org\/{rel}","templated":true}]}}