{"id":140028,"date":"2018-03-25T13:29:06","date_gmt":"2018-03-25T12:29:06","guid":{"rendered":"https:\/\/imp-pumps.com\/quality\/"},"modified":"2024-12-19T14:25:54","modified_gmt":"2024-12-19T13:25:54","slug":"quality","status":"publish","type":"page","link":"https:\/\/imp-pumps.com\/tr\/quality\/","title":{"rendered":"Kali\u0307te"},"content":{"rendered":"<p><strong>Kalite politikas\u0131 \u015firketin vizyon ve misyonuna dayanmaktad\u0131r. Pazar ba\u015far\u0131s\u0131 i\u00e7in \u00f6n ko\u015ful y\u00fcksek kalite seviyesidir. Bu, pazar ara\u015ft\u0131rmas\u0131ndan teslimata kadar t\u00fcm olu\u015fum a\u015famalar\u0131nda \u00fcr\u00fcne dahil edilir. Stratejimizi ancak bu \u015fekilde yerine getirebiliriz; en d\u00fc\u015f\u00fck maliyetle en y\u00fcksek kalite seviyesine ula\u015fmak. Kalite sistemimiz ISO 9001: 2015 gerekliliklerine uygun olarak olu\u015fturulmu\u015ftur.<\/strong><\/p>\n<p>\u015eirketimizin \u00e7al\u0131\u015fmalar\u0131, t\u00fcm \u00e7al\u0131\u015fanlar\u0131n kendi ve ortak \u00e7al\u0131\u015fmalar\u0131n\u0131n sorumlulu\u011fu ile hatas\u0131z \u00e7al\u0131\u015fma \u00e7abalar\u0131na dayanmaktad\u0131r. \u00dcretim \u00e7al\u0131\u015fmalar\u0131 prensibe dayanmaktad\u0131r:<\/p>\n<p>Hatal\u0131 \u00fcr\u00fcn kabul etmeyin &#8211; Hata yapmay\u0131n &#8211; Hatal\u0131 \u00fcr\u00fcn g\u00f6ndermeyin<\/p>\n<p>Pazar taleplerine s\u00fcrekli uyum, yenilik\u00e7ilik ve rekabet\u00e7ilik, t\u00fcm \u00e7al\u0131\u015fanlar\u0131n s\u00fcrekli iyile\u015ftirme s\u00fcrecine dahil edilmesiyle sa\u011flan\u0131r. \u00dcr\u00fcnleri, s\u00fcre\u00e7lerin verimlili\u011fini ve y\u00f6netim sisteminin kalitesini s\u00fcrekli olarak iyile\u015ftiriyoruz. Kalite politikas\u0131, \u015firket y\u00f6netimi ile i\u015fbirli\u011fi i\u00e7inde \u015firket m\u00fcd\u00fcr\u00fc taraf\u0131ndan geli\u015ftirilir. Her \u00e7al\u0131\u015fan, i\u015f ortaklar\u0131n\u0131n, m\u00fc\u015fterilerin ve kullan\u0131c\u0131lar\u0131n t\u00fcm beklentilerini kar\u015f\u0131lamak i\u00e7in kalite politikas\u0131na, Standartlara ve di\u011fer Prosed\u00fcr Kurallar\u0131na uygun olarak y\u00fcr\u00fctmesi gereken i\u015finden sorumludur.<\/p>\n<p>T\u00fcm s\u00fcre\u00e7ler fanatik bir \u015fekilde verimlili\u011fe ve 5S&#8217;ye odaklanm\u0131\u015ft\u0131r.<\/p>\n","protected":false},"excerpt":{"rendered":"<p>Kalite politikas\u0131 \u015firketin vizyon ve misyonuna dayanmaktad\u0131r. Pazar ba\u015far\u0131s\u0131 i\u00e7in \u00f6n ko\u015ful y\u00fcksek&#8230;<\/p>\n","protected":false},"author":1,"featured_media":140030,"parent":0,"menu_order":0,"comment_status":"closed","ping_status":"closed","template":"page-templates\/template-kakovost.php","meta":[],"acf":[],"yoast_head":"<!-- This site is optimized with the Yoast SEO plugin v17.8 - https:\/\/yoast.com\/wordpress\/plugins\/seo\/ -->\n<title>Kali\u0307te - IMP Pumps<\/title>\n<meta name=\"robots\" content=\"index, follow, max-snippet:-1, max-image-preview:large, max-video-preview:-1\" \/>\n<link rel=\"canonical\" href=\"https:\/\/imp-pumps.com\/tr\/quality\/\" \/>\n<meta property=\"og:locale\" content=\"tr_TR\" \/>\n<meta property=\"og:type\" content=\"article\" \/>\n<meta property=\"og:title\" content=\"Kali\u0307te - IMP Pumps\" \/>\n<meta property=\"og:description\" content=\"Kalite politikas\u0131 \u015firketin vizyon ve misyonuna dayanmaktad\u0131r. Pazar ba\u015far\u0131s\u0131 i\u00e7in \u00f6n ko\u015ful y\u00fcksek...\" \/>\n<meta property=\"og:url\" content=\"https:\/\/imp-pumps.com\/tr\/quality\/\" \/>\n<meta property=\"og:site_name\" content=\"IMP Pumps\" \/>\n<meta property=\"article:modified_time\" content=\"2024-12-19T13:25:54+00:00\" \/>\n<meta property=\"og:image\" content=\"https:\/\/imp-pumps.com\/wp-content\/uploads\/2018\/04\/kakovost-icon.png\" \/>\n\t<meta property=\"og:image:width\" content=\"176\" \/>\n\t<meta property=\"og:image:height\" content=\"176\" \/>\n<meta name=\"twitter:card\" content=\"summary_large_image\" \/>\n<meta name=\"twitter:label1\" content=\"Tahmini okuma s\u00fcresi\" \/>\n\t<meta name=\"twitter:data1\" content=\"1 dakika\" \/>\n<script type=\"application\/ld+json\" class=\"yoast-schema-graph\">{\"@context\":\"https:\/\/schema.org\",\"@graph\":[{\"@type\":\"WebSite\",\"@id\":\"http:\/\/imp-pumps.com\/#website\",\"url\":\"http:\/\/imp-pumps.com\/\",\"name\":\"IMP Pumps\",\"description\":\"\\u0160e eno spleti\\u0161\\u010de WordPress\",\"potentialAction\":[{\"@type\":\"SearchAction\",\"target\":{\"@type\":\"EntryPoint\",\"urlTemplate\":\"http:\/\/imp-pumps.com\/?s={search_term_string}\"},\"query-input\":\"required name=search_term_string\"}],\"inLanguage\":\"tr\"},{\"@type\":\"ImageObject\",\"@id\":\"https:\/\/imp-pumps.com\/tr\/quality\/#primaryimage\",\"inLanguage\":\"tr\",\"url\":\"https:\/\/imp-pumps.com\/wp-content\/uploads\/2018\/04\/kakovost-icon.png\",\"contentUrl\":\"https:\/\/imp-pumps.com\/wp-content\/uploads\/2018\/04\/kakovost-icon.png\",\"width\":176,\"height\":176},{\"@type\":\"WebPage\",\"@id\":\"https:\/\/imp-pumps.com\/tr\/quality\/#webpage\",\"url\":\"https:\/\/imp-pumps.com\/tr\/quality\/\",\"name\":\"Kali\\u0307te - IMP Pumps\",\"isPartOf\":{\"@id\":\"http:\/\/imp-pumps.com\/#website\"},\"primaryImageOfPage\":{\"@id\":\"https:\/\/imp-pumps.com\/tr\/quality\/#primaryimage\"},\"datePublished\":\"2018-03-25T12:29:06+00:00\",\"dateModified\":\"2024-12-19T13:25:54+00:00\",\"breadcrumb\":{\"@id\":\"https:\/\/imp-pumps.com\/tr\/quality\/#breadcrumb\"},\"inLanguage\":\"tr\",\"potentialAction\":[{\"@type\":\"ReadAction\",\"target\":[\"https:\/\/imp-pumps.com\/tr\/quality\/\"]}]},{\"@type\":\"BreadcrumbList\",\"@id\":\"https:\/\/imp-pumps.com\/tr\/quality\/#breadcrumb\",\"itemListElement\":[{\"@type\":\"ListItem\",\"position\":1,\"name\":\"Home\",\"item\":\"https:\/\/imp-pumps.com\/tr\/\"},{\"@type\":\"ListItem\",\"position\":2,\"name\":\"Kali\\u0307te\"}]}]}<\/script>\n<!-- \/ Yoast SEO plugin. -->","yoast_head_json":{"title":"Kali\u0307te - IMP Pumps","robots":{"index":"index","follow":"follow","max-snippet":"max-snippet:-1","max-image-preview":"max-image-preview:large","max-video-preview":"max-video-preview:-1"},"canonical":"https:\/\/imp-pumps.com\/tr\/quality\/","og_locale":"tr_TR","og_type":"article","og_title":"Kali\u0307te - IMP Pumps","og_description":"Kalite politikas\u0131 \u015firketin vizyon ve misyonuna dayanmaktad\u0131r. Pazar ba\u015far\u0131s\u0131 i\u00e7in \u00f6n ko\u015ful y\u00fcksek...","og_url":"https:\/\/imp-pumps.com\/tr\/quality\/","og_site_name":"IMP Pumps","article_modified_time":"2024-12-19T13:25:54+00:00","og_image":[{"width":176,"height":176,"url":"https:\/\/imp-pumps.com\/wp-content\/uploads\/2018\/04\/kakovost-icon.png","type":"image\/png"}],"twitter_card":"summary_large_image","twitter_misc":{"Tahmini okuma s\u00fcresi":"1 dakika"},"schema":{"@context":"https:\/\/schema.org","@graph":[{"@type":"WebSite","@id":"http:\/\/imp-pumps.com\/#website","url":"http:\/\/imp-pumps.com\/","name":"IMP Pumps","description":"\u0160e eno spleti\u0161\u010de WordPress","potentialAction":[{"@type":"SearchAction","target":{"@type":"EntryPoint","urlTemplate":"http:\/\/imp-pumps.com\/?s={search_term_string}"},"query-input":"required name=search_term_string"}],"inLanguage":"tr"},{"@type":"ImageObject","@id":"https:\/\/imp-pumps.com\/tr\/quality\/#primaryimage","inLanguage":"tr","url":"https:\/\/imp-pumps.com\/wp-content\/uploads\/2018\/04\/kakovost-icon.png","contentUrl":"https:\/\/imp-pumps.com\/wp-content\/uploads\/2018\/04\/kakovost-icon.png","width":176,"height":176},{"@type":"WebPage","@id":"https:\/\/imp-pumps.com\/tr\/quality\/#webpage","url":"https:\/\/imp-pumps.com\/tr\/quality\/","name":"Kali\u0307te - IMP Pumps","isPartOf":{"@id":"http:\/\/imp-pumps.com\/#website"},"primaryImageOfPage":{"@id":"https:\/\/imp-pumps.com\/tr\/quality\/#primaryimage"},"datePublished":"2018-03-25T12:29:06+00:00","dateModified":"2024-12-19T13:25:54+00:00","breadcrumb":{"@id":"https:\/\/imp-pumps.com\/tr\/quality\/#breadcrumb"},"inLanguage":"tr","potentialAction":[{"@type":"ReadAction","target":["https:\/\/imp-pumps.com\/tr\/quality\/"]}]},{"@type":"BreadcrumbList","@id":"https:\/\/imp-pumps.com\/tr\/quality\/#breadcrumb","itemListElement":[{"@type":"ListItem","position":1,"name":"Home","item":"https:\/\/imp-pumps.com\/tr\/"},{"@type":"ListItem","position":2,"name":"Kali\u0307te"}]}]}},"_links":{"self":[{"href":"https:\/\/imp-pumps.com\/tr\/wp-json\/wp\/v2\/pages\/140028"}],"collection":[{"href":"https:\/\/imp-pumps.com\/tr\/wp-json\/wp\/v2\/pages"}],"about":[{"href":"https:\/\/imp-pumps.com\/tr\/wp-json\/wp\/v2\/types\/page"}],"author":[{"embeddable":true,"href":"https:\/\/imp-pumps.com\/tr\/wp-json\/wp\/v2\/users\/1"}],"replies":[{"embeddable":true,"href":"https:\/\/imp-pumps.com\/tr\/wp-json\/wp\/v2\/comments?post=140028"}],"version-history":[{"count":2,"href":"https:\/\/imp-pumps.com\/tr\/wp-json\/wp\/v2\/pages\/140028\/revisions"}],"predecessor-version":[{"id":140184,"href":"https:\/\/imp-pumps.com\/tr\/wp-json\/wp\/v2\/pages\/140028\/revisions\/140184"}],"wp:featuredmedia":[{"embeddable":true,"href":"https:\/\/imp-pumps.com\/tr\/wp-json\/wp\/v2\/media\/140030"}],"wp:attachment":[{"href":"https:\/\/imp-pumps.com\/tr\/wp-json\/wp\/v2\/media?parent=140028"}],"curies":[{"name":"wp","href":"https:\/\/api.w.org\/{rel}","templated":true}]}}