{"id":140026,"date":"2019-02-25T14:25:06","date_gmt":"2019-02-25T13:25:06","guid":{"rendered":"https:\/\/imp-pumps.com\/prize-draw-ish\/"},"modified":"2019-02-25T14:25:06","modified_gmt":"2019-02-25T13:25:06","slug":"prize-draw-ish","status":"publish","type":"page","link":"https:\/\/imp-pumps.com\/tr\/prize-draw-ish\/","title":{"rendered":"IMP PUMPS PRIZE DRAW \u2013 WIN WELLNESS GETAWAY FOR 2 PERSONS"},"content":{"rendered":"<p>What do you have to do to enter the draw?<\/p>\n<p>Subscribe to our monthly newsletter to get your ticket in our prize draw.<\/p>\n<p>The prize draw will be held on Thursday 21st of March 2019.<\/p>\n<p>The winners will be announced on our LinkedIn profile and on our webpage.<\/p>\n<p><img class=\"alignnone size-full wp-image-45769\" src=\"http:\/\/imp-pumps.com\/wp-content\/uploads\/2019\/02\/nagrada-vivat.tif\" alt=\"\" \/><img loading=\"lazy\" class=\"wp-image-45778 aligncenter\" src=\"http:\/\/imp-pumps.com\/wp-content\/uploads\/2019\/02\/nagrada-vivat-1.png\" alt=\"\" width=\"1300\" height=\"539\" srcset=\"https:\/\/imp-pumps.com\/wp-content\/uploads\/2019\/02\/nagrada-vivat-1.png 2484w, https:\/\/imp-pumps.com\/wp-content\/uploads\/2019\/02\/nagrada-vivat-1-300x124.png 300w, https:\/\/imp-pumps.com\/wp-content\/uploads\/2019\/02\/nagrada-vivat-1-768x318.png 768w, https:\/\/imp-pumps.com\/wp-content\/uploads\/2019\/02\/nagrada-vivat-1-1024x424.png 1024w, https:\/\/imp-pumps.com\/wp-content\/uploads\/2019\/02\/nagrada-vivat-1-600x249.png 600w, https:\/\/imp-pumps.com\/wp-content\/uploads\/2019\/02\/nagrada-vivat-1-510x211.png 510w, https:\/\/imp-pumps.com\/wp-content\/uploads\/2019\/02\/nagrada-vivat-1-765x317.png 765w\" sizes=\"(max-width: 1300px) 100vw, 1300px\" \/><\/p>\n<p><strong>Prize:<\/strong><\/p>\n<ul>\n<li>2 nights stay for 2 persons<\/li>\n<li>Half board included<\/li>\n<li>Unlimited access to swimming pools<\/li>\n<li>Unlimited access to sauna world<\/li>\n<li>Bath robes<\/li>\n<li>Daly hydrogymnastics<\/li>\n<li>Night swimming on Fridays and Saturdays (22.00)<\/li>\n<\/ul>\n<p><strong>For more information about IMP PUMPS:<\/strong><\/p>\n<ul>\n<li><a href=\"https:\/\/www.linkedin.com\/company\/imp-pumps\/\">Follow us on LinkedIn<\/a><\/li>\n<li><a href=\"https:\/\/www.youtube.com\/channel\/UCWCK9k4wgFlJydXdjXYheRA\">Subscribe to our YouTube channel<\/a><\/li>\n<\/ul>\n<p><strong>Signup here:<\/strong><\/p>\n<p><a href=\"http:\/\/imp-pumps.com\/wp-content\/uploads\/2019\/02\/general-terms-GDPR-emailing.pdf\" target=\"_blank\" rel=\"noopener noreferrer\">Genera terms GDPR <\/a><\/p>\n","protected":false},"excerpt":{"rendered":"<p>What do you have to do to enter the draw? Subscribe to our&#8230;<\/p>\n","protected":false},"author":1,"featured_media":0,"parent":0,"menu_order":0,"comment_status":"closed","ping_status":"closed","template":"page-templates\/template-landing.php","meta":[],"acf":[],"yoast_head":"<!-- This site is optimized with the Yoast SEO plugin v17.8 - https:\/\/yoast.com\/wordpress\/plugins\/seo\/ -->\n<title>IMP PUMPS PRIZE DRAW \u2013 WIN WELLNESS GETAWAY FOR 2 PERSONS - IMP Pumps<\/title>\n<meta name=\"robots\" content=\"index, follow, max-snippet:-1, max-image-preview:large, max-video-preview:-1\" \/>\n<link rel=\"canonical\" href=\"https:\/\/imp-pumps.com\/tr\/prize-draw-ish\/\" \/>\n<meta property=\"og:locale\" content=\"tr_TR\" \/>\n<meta property=\"og:type\" content=\"article\" \/>\n<meta property=\"og:title\" content=\"IMP PUMPS PRIZE DRAW \u2013 WIN WELLNESS GETAWAY FOR 2 PERSONS - IMP Pumps\" \/>\n<meta property=\"og:description\" content=\"What do you have to do to enter the draw? Subscribe to our...\" \/>\n<meta property=\"og:url\" content=\"https:\/\/imp-pumps.com\/tr\/prize-draw-ish\/\" \/>\n<meta property=\"og:site_name\" content=\"IMP Pumps\" \/>\n<meta property=\"og:image\" content=\"http:\/\/imp-pumps.com\/wp-content\/uploads\/2019\/02\/nagrada-vivat.tif\" \/>\n<meta name=\"twitter:card\" content=\"summary_large_image\" \/>\n<script type=\"application\/ld+json\" class=\"yoast-schema-graph\">{\"@context\":\"https:\/\/schema.org\",\"@graph\":[{\"@type\":\"WebSite\",\"@id\":\"http:\/\/imp-pumps.com\/#website\",\"url\":\"http:\/\/imp-pumps.com\/\",\"name\":\"IMP Pumps\",\"description\":\"\\u0160e eno spleti\\u0161\\u010de WordPress\",\"potentialAction\":[{\"@type\":\"SearchAction\",\"target\":{\"@type\":\"EntryPoint\",\"urlTemplate\":\"http:\/\/imp-pumps.com\/?s={search_term_string}\"},\"query-input\":\"required name=search_term_string\"}],\"inLanguage\":\"tr\"},{\"@type\":\"ImageObject\",\"@id\":\"https:\/\/imp-pumps.com\/tr\/prize-draw-ish\/#primaryimage\",\"inLanguage\":\"tr\",\"url\":\"http:\/\/imp-pumps.com\/wp-content\/uploads\/2019\/02\/nagrada-vivat.tif\",\"contentUrl\":\"http:\/\/imp-pumps.com\/wp-content\/uploads\/2019\/02\/nagrada-vivat.tif\"},{\"@type\":\"WebPage\",\"@id\":\"https:\/\/imp-pumps.com\/tr\/prize-draw-ish\/#webpage\",\"url\":\"https:\/\/imp-pumps.com\/tr\/prize-draw-ish\/\",\"name\":\"IMP PUMPS PRIZE DRAW \\u2013 WIN WELLNESS GETAWAY FOR 2 PERSONS - IMP Pumps\",\"isPartOf\":{\"@id\":\"http:\/\/imp-pumps.com\/#website\"},\"primaryImageOfPage\":{\"@id\":\"https:\/\/imp-pumps.com\/tr\/prize-draw-ish\/#primaryimage\"},\"datePublished\":\"2019-02-25T13:25:06+00:00\",\"dateModified\":\"2019-02-25T13:25:06+00:00\",\"breadcrumb\":{\"@id\":\"https:\/\/imp-pumps.com\/tr\/prize-draw-ish\/#breadcrumb\"},\"inLanguage\":\"tr\",\"potentialAction\":[{\"@type\":\"ReadAction\",\"target\":[\"https:\/\/imp-pumps.com\/tr\/prize-draw-ish\/\"]}]},{\"@type\":\"BreadcrumbList\",\"@id\":\"https:\/\/imp-pumps.com\/tr\/prize-draw-ish\/#breadcrumb\",\"itemListElement\":[{\"@type\":\"ListItem\",\"position\":1,\"name\":\"Home\",\"item\":\"https:\/\/imp-pumps.com\/tr\/\"},{\"@type\":\"ListItem\",\"position\":2,\"name\":\"IMP PUMPS PRIZE DRAW \\u2013 WIN WELLNESS GETAWAY FOR 2 PERSONS\"}]}]}<\/script>\n<!-- \/ Yoast SEO plugin. -->","yoast_head_json":{"title":"IMP PUMPS PRIZE DRAW \u2013 WIN WELLNESS GETAWAY FOR 2 PERSONS - IMP Pumps","robots":{"index":"index","follow":"follow","max-snippet":"max-snippet:-1","max-image-preview":"max-image-preview:large","max-video-preview":"max-video-preview:-1"},"canonical":"https:\/\/imp-pumps.com\/tr\/prize-draw-ish\/","og_locale":"tr_TR","og_type":"article","og_title":"IMP PUMPS PRIZE DRAW \u2013 WIN WELLNESS GETAWAY FOR 2 PERSONS - IMP Pumps","og_description":"What do you have to do to enter the draw? Subscribe to our...","og_url":"https:\/\/imp-pumps.com\/tr\/prize-draw-ish\/","og_site_name":"IMP Pumps","og_image":[{"url":"http:\/\/imp-pumps.com\/wp-content\/uploads\/2019\/02\/nagrada-vivat.tif"}],"twitter_card":"summary_large_image","schema":{"@context":"https:\/\/schema.org","@graph":[{"@type":"WebSite","@id":"http:\/\/imp-pumps.com\/#website","url":"http:\/\/imp-pumps.com\/","name":"IMP Pumps","description":"\u0160e eno spleti\u0161\u010de WordPress","potentialAction":[{"@type":"SearchAction","target":{"@type":"EntryPoint","urlTemplate":"http:\/\/imp-pumps.com\/?s={search_term_string}"},"query-input":"required name=search_term_string"}],"inLanguage":"tr"},{"@type":"ImageObject","@id":"https:\/\/imp-pumps.com\/tr\/prize-draw-ish\/#primaryimage","inLanguage":"tr","url":"http:\/\/imp-pumps.com\/wp-content\/uploads\/2019\/02\/nagrada-vivat.tif","contentUrl":"http:\/\/imp-pumps.com\/wp-content\/uploads\/2019\/02\/nagrada-vivat.tif"},{"@type":"WebPage","@id":"https:\/\/imp-pumps.com\/tr\/prize-draw-ish\/#webpage","url":"https:\/\/imp-pumps.com\/tr\/prize-draw-ish\/","name":"IMP PUMPS PRIZE DRAW \u2013 WIN WELLNESS GETAWAY FOR 2 PERSONS - IMP Pumps","isPartOf":{"@id":"http:\/\/imp-pumps.com\/#website"},"primaryImageOfPage":{"@id":"https:\/\/imp-pumps.com\/tr\/prize-draw-ish\/#primaryimage"},"datePublished":"2019-02-25T13:25:06+00:00","dateModified":"2019-02-25T13:25:06+00:00","breadcrumb":{"@id":"https:\/\/imp-pumps.com\/tr\/prize-draw-ish\/#breadcrumb"},"inLanguage":"tr","potentialAction":[{"@type":"ReadAction","target":["https:\/\/imp-pumps.com\/tr\/prize-draw-ish\/"]}]},{"@type":"BreadcrumbList","@id":"https:\/\/imp-pumps.com\/tr\/prize-draw-ish\/#breadcrumb","itemListElement":[{"@type":"ListItem","position":1,"name":"Home","item":"https:\/\/imp-pumps.com\/tr\/"},{"@type":"ListItem","position":2,"name":"IMP PUMPS PRIZE DRAW \u2013 WIN WELLNESS GETAWAY FOR 2 PERSONS"}]}]}},"_links":{"self":[{"href":"https:\/\/imp-pumps.com\/tr\/wp-json\/wp\/v2\/pages\/140026"}],"collection":[{"href":"https:\/\/imp-pumps.com\/tr\/wp-json\/wp\/v2\/pages"}],"about":[{"href":"https:\/\/imp-pumps.com\/tr\/wp-json\/wp\/v2\/types\/page"}],"author":[{"embeddable":true,"href":"https:\/\/imp-pumps.com\/tr\/wp-json\/wp\/v2\/users\/1"}],"replies":[{"embeddable":true,"href":"https:\/\/imp-pumps.com\/tr\/wp-json\/wp\/v2\/comments?post=140026"}],"version-history":[{"count":0,"href":"https:\/\/imp-pumps.com\/tr\/wp-json\/wp\/v2\/pages\/140026\/revisions"}],"wp:attachment":[{"href":"https:\/\/imp-pumps.com\/tr\/wp-json\/wp\/v2\/media?parent=140026"}],"curies":[{"name":"wp","href":"https:\/\/api.w.org\/{rel}","templated":true}]}}