{"id":139697,"date":"2024-12-19T11:23:08","date_gmt":"2024-12-19T10:23:08","guid":{"rendered":"https:\/\/imp-pumps.com\/?page_id=139697"},"modified":"2024-12-19T15:41:02","modified_gmt":"2024-12-19T14:41:02","slug":"about-us","status":"publish","type":"page","link":"https:\/\/imp-pumps.com\/tr\/about-us\/","title":{"rendered":"Hakkimizda"},"content":{"rendered":"<p><strong>IMP Pumps d.o.o. Slovenya&#8217;n\u0131n Komenda \u015fehrinde bulunan Slovenyal\u0131 pompa ve pompalama sistemleri \u00fcreticisidir. \u015eirket, pompa ve pompalama sistemleri tasarlamakta, geli\u015ftirmekte, \u00fcretmekte, da\u011f\u0131tmakta ve bak\u0131m\u0131n\u0131 yapmaktad\u0131r.<\/strong><\/p>\n<p>\u015eirket, kendi ve stratejik ortaklar\u0131n\u0131n \u00fcr\u00fcn ve hizmetleri ile entegre \u00e7\u00f6z\u00fcmler sa\u011flay\u0131c\u0131s\u0131 olarak konumlanmaktad\u0131r. Uzmanla\u015fm\u0131\u015f becerileri ile \u015firket, s\u0131v\u0131 ortamlar\u0131n ta\u015f\u0131nmas\u0131 ile ilgili sorunlar\u0131 \u00e7\u00f6zmektedir. Bu, ev ortam\u0131n\u0131n konforunu ve end\u00fcstride optimum \u00e7al\u0131\u015fma ko\u015fullar\u0131n\u0131 sa\u011flar.<\/p>\n","protected":false},"excerpt":{"rendered":"<p>IMP Pumps d.o.o. Slovenya&#8217;n\u0131n Komenda \u015fehrinde bulunan Slovenyal\u0131 pompa ve pompalama sistemleri \u00fcreticisidir&#8230;.<\/p>\n","protected":false},"author":1,"featured_media":139700,"parent":0,"menu_order":0,"comment_status":"closed","ping_status":"closed","template":"page-templates\/template-o-podjetju.php","meta":[],"acf":[],"yoast_head":"<!-- This site is optimized with the Yoast SEO plugin v17.8 - https:\/\/yoast.com\/wordpress\/plugins\/seo\/ -->\n<title>Hakkimizda - IMP Pumps<\/title>\n<meta name=\"robots\" content=\"index, follow, max-snippet:-1, max-image-preview:large, max-video-preview:-1\" \/>\n<link rel=\"canonical\" href=\"https:\/\/imp-pumps.com\/tr\/about-us\/\" \/>\n<meta property=\"og:locale\" content=\"tr_TR\" \/>\n<meta property=\"og:type\" content=\"article\" \/>\n<meta property=\"og:title\" content=\"Hakkimizda - IMP Pumps\" \/>\n<meta property=\"og:description\" content=\"IMP Pumps d.o.o. Slovenya&#8217;n\u0131n Komenda \u015fehrinde bulunan Slovenyal\u0131 pompa ve pompalama sistemleri \u00fcreticisidir....\" \/>\n<meta property=\"og:url\" content=\"https:\/\/imp-pumps.com\/tr\/about-us\/\" \/>\n<meta property=\"og:site_name\" content=\"IMP Pumps\" \/>\n<meta property=\"article:modified_time\" content=\"2024-12-19T14:41:02+00:00\" \/>\n<meta property=\"og:image\" content=\"https:\/\/imp-pumps.com\/wp-content\/uploads\/2018\/04\/opodjetju-icon.png\" \/>\n\t<meta property=\"og:image:width\" content=\"176\" \/>\n\t<meta property=\"og:image:height\" content=\"176\" \/>\n<meta name=\"twitter:card\" content=\"summary_large_image\" \/>\n<script type=\"application\/ld+json\" class=\"yoast-schema-graph\">{\"@context\":\"https:\/\/schema.org\",\"@graph\":[{\"@type\":\"WebSite\",\"@id\":\"http:\/\/imp-pumps.com\/#website\",\"url\":\"http:\/\/imp-pumps.com\/\",\"name\":\"IMP Pumps\",\"description\":\"\\u0160e eno spleti\\u0161\\u010de WordPress\",\"potentialAction\":[{\"@type\":\"SearchAction\",\"target\":{\"@type\":\"EntryPoint\",\"urlTemplate\":\"http:\/\/imp-pumps.com\/?s={search_term_string}\"},\"query-input\":\"required name=search_term_string\"}],\"inLanguage\":\"tr\"},{\"@type\":\"ImageObject\",\"@id\":\"https:\/\/imp-pumps.com\/tr\/about-us\/#primaryimage\",\"inLanguage\":\"tr\",\"url\":\"https:\/\/imp-pumps.com\/wp-content\/uploads\/2018\/04\/opodjetju-icon.png\",\"contentUrl\":\"https:\/\/imp-pumps.com\/wp-content\/uploads\/2018\/04\/opodjetju-icon.png\",\"width\":176,\"height\":176},{\"@type\":\"WebPage\",\"@id\":\"https:\/\/imp-pumps.com\/tr\/about-us\/#webpage\",\"url\":\"https:\/\/imp-pumps.com\/tr\/about-us\/\",\"name\":\"Hakkimizda - IMP Pumps\",\"isPartOf\":{\"@id\":\"http:\/\/imp-pumps.com\/#website\"},\"primaryImageOfPage\":{\"@id\":\"https:\/\/imp-pumps.com\/tr\/about-us\/#primaryimage\"},\"datePublished\":\"2024-12-19T10:23:08+00:00\",\"dateModified\":\"2024-12-19T14:41:02+00:00\",\"breadcrumb\":{\"@id\":\"https:\/\/imp-pumps.com\/tr\/about-us\/#breadcrumb\"},\"inLanguage\":\"tr\",\"potentialAction\":[{\"@type\":\"ReadAction\",\"target\":[\"https:\/\/imp-pumps.com\/tr\/about-us\/\"]}]},{\"@type\":\"BreadcrumbList\",\"@id\":\"https:\/\/imp-pumps.com\/tr\/about-us\/#breadcrumb\",\"itemListElement\":[{\"@type\":\"ListItem\",\"position\":1,\"name\":\"Home\",\"item\":\"https:\/\/imp-pumps.com\/tr\/\"},{\"@type\":\"ListItem\",\"position\":2,\"name\":\"Hakkimizda\"}]}]}<\/script>\n<!-- \/ Yoast SEO plugin. -->","yoast_head_json":{"title":"Hakkimizda - IMP Pumps","robots":{"index":"index","follow":"follow","max-snippet":"max-snippet:-1","max-image-preview":"max-image-preview:large","max-video-preview":"max-video-preview:-1"},"canonical":"https:\/\/imp-pumps.com\/tr\/about-us\/","og_locale":"tr_TR","og_type":"article","og_title":"Hakkimizda - IMP Pumps","og_description":"IMP Pumps d.o.o. Slovenya&#8217;n\u0131n Komenda \u015fehrinde bulunan Slovenyal\u0131 pompa ve pompalama sistemleri \u00fcreticisidir....","og_url":"https:\/\/imp-pumps.com\/tr\/about-us\/","og_site_name":"IMP Pumps","article_modified_time":"2024-12-19T14:41:02+00:00","og_image":[{"width":176,"height":176,"url":"https:\/\/imp-pumps.com\/wp-content\/uploads\/2018\/04\/opodjetju-icon.png","type":"image\/png"}],"twitter_card":"summary_large_image","schema":{"@context":"https:\/\/schema.org","@graph":[{"@type":"WebSite","@id":"http:\/\/imp-pumps.com\/#website","url":"http:\/\/imp-pumps.com\/","name":"IMP Pumps","description":"\u0160e eno spleti\u0161\u010de WordPress","potentialAction":[{"@type":"SearchAction","target":{"@type":"EntryPoint","urlTemplate":"http:\/\/imp-pumps.com\/?s={search_term_string}"},"query-input":"required name=search_term_string"}],"inLanguage":"tr"},{"@type":"ImageObject","@id":"https:\/\/imp-pumps.com\/tr\/about-us\/#primaryimage","inLanguage":"tr","url":"https:\/\/imp-pumps.com\/wp-content\/uploads\/2018\/04\/opodjetju-icon.png","contentUrl":"https:\/\/imp-pumps.com\/wp-content\/uploads\/2018\/04\/opodjetju-icon.png","width":176,"height":176},{"@type":"WebPage","@id":"https:\/\/imp-pumps.com\/tr\/about-us\/#webpage","url":"https:\/\/imp-pumps.com\/tr\/about-us\/","name":"Hakkimizda - IMP Pumps","isPartOf":{"@id":"http:\/\/imp-pumps.com\/#website"},"primaryImageOfPage":{"@id":"https:\/\/imp-pumps.com\/tr\/about-us\/#primaryimage"},"datePublished":"2024-12-19T10:23:08+00:00","dateModified":"2024-12-19T14:41:02+00:00","breadcrumb":{"@id":"https:\/\/imp-pumps.com\/tr\/about-us\/#breadcrumb"},"inLanguage":"tr","potentialAction":[{"@type":"ReadAction","target":["https:\/\/imp-pumps.com\/tr\/about-us\/"]}]},{"@type":"BreadcrumbList","@id":"https:\/\/imp-pumps.com\/tr\/about-us\/#breadcrumb","itemListElement":[{"@type":"ListItem","position":1,"name":"Home","item":"https:\/\/imp-pumps.com\/tr\/"},{"@type":"ListItem","position":2,"name":"Hakkimizda"}]}]}},"_links":{"self":[{"href":"https:\/\/imp-pumps.com\/tr\/wp-json\/wp\/v2\/pages\/139697"}],"collection":[{"href":"https:\/\/imp-pumps.com\/tr\/wp-json\/wp\/v2\/pages"}],"about":[{"href":"https:\/\/imp-pumps.com\/tr\/wp-json\/wp\/v2\/types\/page"}],"author":[{"embeddable":true,"href":"https:\/\/imp-pumps.com\/tr\/wp-json\/wp\/v2\/users\/1"}],"replies":[{"embeddable":true,"href":"https:\/\/imp-pumps.com\/tr\/wp-json\/wp\/v2\/comments?post=139697"}],"version-history":[{"count":5,"href":"https:\/\/imp-pumps.com\/tr\/wp-json\/wp\/v2\/pages\/139697\/revisions"}],"predecessor-version":[{"id":140198,"href":"https:\/\/imp-pumps.com\/tr\/wp-json\/wp\/v2\/pages\/139697\/revisions\/140198"}],"wp:featuredmedia":[{"embeddable":true,"href":"https:\/\/imp-pumps.com\/tr\/wp-json\/wp\/v2\/media\/139700"}],"wp:attachment":[{"href":"https:\/\/imp-pumps.com\/tr\/wp-json\/wp\/v2\/media?parent=139697"}],"curies":[{"name":"wp","href":"https:\/\/api.w.org\/{rel}","templated":true}]}}