{"id":39608,"date":"2018-04-18T08:07:09","date_gmt":"2018-04-18T07:07:09","guid":{"rendered":"http:\/\/imp-pumps.com\/about-us\/"},"modified":"2020-02-10T09:16:44","modified_gmt":"2020-02-10T08:16:44","slug":"o-nama","status":"publish","type":"page","link":"https:\/\/imp-pumps.com\/sr\/o-nama\/","title":{"rendered":"O nama"},"content":{"rendered":"<p><strong>IMP Pumps d.o.o. je slovena\u010dka kompanija koja se bavi proizvodnjom pumpi, sa sedi\u0161tem u Komendi, u Sloveniji.<\/strong><\/p>\n<p>Sa proizvodima i uslugama sopstvenih i strate\u0161kih partnera, kompanija se pozicionira kao dobavlja\u010d integrisanih re\u0161enja. Sa specijalizovanim ve\u0161tinama kompanija re\u0161ava probleme vezane za prevoz te\u010dnog medija. Ovo obezbe\u0111uje udobnost kuc\u0301nog okru\u017eenja i optimalne uslove rada u industriji.<\/p>\n","protected":false},"excerpt":{"rendered":"<p>IMP Pumps d.o.o. je slovena\u010dka kompanija koja se bavi proizvodnjom pumpi, sa sedi\u0161tem&#8230;<\/p>\n","protected":false},"author":1,"featured_media":41551,"parent":0,"menu_order":0,"comment_status":"closed","ping_status":"closed","template":"page-templates\/template-o-podjetju.php","meta":[],"acf":[],"yoast_head":"<!-- This site is optimized with the Yoast SEO plugin v17.8 - https:\/\/yoast.com\/wordpress\/plugins\/seo\/ -->\n<title>O nama - IMP Pumps<\/title>\n<meta name=\"robots\" content=\"index, follow, max-snippet:-1, max-image-preview:large, max-video-preview:-1\" \/>\n<link rel=\"canonical\" href=\"https:\/\/imp-pumps.com\/sr\/o-nama\/\" \/>\n<meta property=\"og:locale\" content=\"sr_RS\" \/>\n<meta property=\"og:type\" content=\"article\" \/>\n<meta property=\"og:title\" content=\"O nama - IMP Pumps\" \/>\n<meta property=\"og:description\" content=\"IMP Pumps d.o.o. je slovena\u010dka kompanija koja se bavi proizvodnjom pumpi, sa sedi\u0161tem...\" \/>\n<meta property=\"og:url\" content=\"https:\/\/imp-pumps.com\/sr\/o-nama\/\" \/>\n<meta property=\"og:site_name\" content=\"IMP Pumps\" \/>\n<meta property=\"article:modified_time\" content=\"2020-02-10T08:16:44+00:00\" \/>\n<meta property=\"og:image\" content=\"https:\/\/imp-pumps.com\/wp-content\/uploads\/2018\/04\/opodjetju-icon.png\" \/>\n\t<meta property=\"og:image:width\" content=\"176\" \/>\n\t<meta property=\"og:image:height\" content=\"176\" \/>\n<meta name=\"twitter:card\" content=\"summary_large_image\" \/>\n<script type=\"application\/ld+json\" class=\"yoast-schema-graph\">{\"@context\":\"https:\/\/schema.org\",\"@graph\":[{\"@type\":\"WebSite\",\"@id\":\"http:\/\/imp-pumps.com\/#website\",\"url\":\"http:\/\/imp-pumps.com\/\",\"name\":\"IMP Pumps\",\"description\":\"\\u0160e eno spleti\\u0161\\u010de WordPress\",\"potentialAction\":[{\"@type\":\"SearchAction\",\"target\":{\"@type\":\"EntryPoint\",\"urlTemplate\":\"http:\/\/imp-pumps.com\/?s={search_term_string}\"},\"query-input\":\"required name=search_term_string\"}],\"inLanguage\":\"sr-RS\"},{\"@type\":\"ImageObject\",\"@id\":\"https:\/\/imp-pumps.com\/sr\/o-nama\/#primaryimage\",\"inLanguage\":\"sr-RS\",\"url\":\"https:\/\/imp-pumps.com\/wp-content\/uploads\/2018\/04\/opodjetju-icon.png\",\"contentUrl\":\"https:\/\/imp-pumps.com\/wp-content\/uploads\/2018\/04\/opodjetju-icon.png\",\"width\":176,\"height\":176},{\"@type\":\"WebPage\",\"@id\":\"https:\/\/imp-pumps.com\/sr\/o-nama\/#webpage\",\"url\":\"https:\/\/imp-pumps.com\/sr\/o-nama\/\",\"name\":\"O nama - IMP Pumps\",\"isPartOf\":{\"@id\":\"http:\/\/imp-pumps.com\/#website\"},\"primaryImageOfPage\":{\"@id\":\"https:\/\/imp-pumps.com\/sr\/o-nama\/#primaryimage\"},\"datePublished\":\"2018-04-18T07:07:09+00:00\",\"dateModified\":\"2020-02-10T08:16:44+00:00\",\"breadcrumb\":{\"@id\":\"https:\/\/imp-pumps.com\/sr\/o-nama\/#breadcrumb\"},\"inLanguage\":\"sr-RS\",\"potentialAction\":[{\"@type\":\"ReadAction\",\"target\":[\"https:\/\/imp-pumps.com\/sr\/o-nama\/\"]}]},{\"@type\":\"BreadcrumbList\",\"@id\":\"https:\/\/imp-pumps.com\/sr\/o-nama\/#breadcrumb\",\"itemListElement\":[{\"@type\":\"ListItem\",\"position\":1,\"name\":\"Home\",\"item\":\"https:\/\/imp-pumps.com\/sr\/\"},{\"@type\":\"ListItem\",\"position\":2,\"name\":\"O nama\"}]}]}<\/script>\n<!-- \/ Yoast SEO plugin. -->","yoast_head_json":{"title":"O nama - IMP Pumps","robots":{"index":"index","follow":"follow","max-snippet":"max-snippet:-1","max-image-preview":"max-image-preview:large","max-video-preview":"max-video-preview:-1"},"canonical":"https:\/\/imp-pumps.com\/sr\/o-nama\/","og_locale":"sr_RS","og_type":"article","og_title":"O nama - IMP Pumps","og_description":"IMP Pumps d.o.o. je slovena\u010dka kompanija koja se bavi proizvodnjom pumpi, sa sedi\u0161tem...","og_url":"https:\/\/imp-pumps.com\/sr\/o-nama\/","og_site_name":"IMP Pumps","article_modified_time":"2020-02-10T08:16:44+00:00","og_image":[{"width":176,"height":176,"url":"https:\/\/imp-pumps.com\/wp-content\/uploads\/2018\/04\/opodjetju-icon.png","type":"image\/png"}],"twitter_card":"summary_large_image","schema":{"@context":"https:\/\/schema.org","@graph":[{"@type":"WebSite","@id":"http:\/\/imp-pumps.com\/#website","url":"http:\/\/imp-pumps.com\/","name":"IMP Pumps","description":"\u0160e eno spleti\u0161\u010de WordPress","potentialAction":[{"@type":"SearchAction","target":{"@type":"EntryPoint","urlTemplate":"http:\/\/imp-pumps.com\/?s={search_term_string}"},"query-input":"required name=search_term_string"}],"inLanguage":"sr-RS"},{"@type":"ImageObject","@id":"https:\/\/imp-pumps.com\/sr\/o-nama\/#primaryimage","inLanguage":"sr-RS","url":"https:\/\/imp-pumps.com\/wp-content\/uploads\/2018\/04\/opodjetju-icon.png","contentUrl":"https:\/\/imp-pumps.com\/wp-content\/uploads\/2018\/04\/opodjetju-icon.png","width":176,"height":176},{"@type":"WebPage","@id":"https:\/\/imp-pumps.com\/sr\/o-nama\/#webpage","url":"https:\/\/imp-pumps.com\/sr\/o-nama\/","name":"O nama - IMP Pumps","isPartOf":{"@id":"http:\/\/imp-pumps.com\/#website"},"primaryImageOfPage":{"@id":"https:\/\/imp-pumps.com\/sr\/o-nama\/#primaryimage"},"datePublished":"2018-04-18T07:07:09+00:00","dateModified":"2020-02-10T08:16:44+00:00","breadcrumb":{"@id":"https:\/\/imp-pumps.com\/sr\/o-nama\/#breadcrumb"},"inLanguage":"sr-RS","potentialAction":[{"@type":"ReadAction","target":["https:\/\/imp-pumps.com\/sr\/o-nama\/"]}]},{"@type":"BreadcrumbList","@id":"https:\/\/imp-pumps.com\/sr\/o-nama\/#breadcrumb","itemListElement":[{"@type":"ListItem","position":1,"name":"Home","item":"https:\/\/imp-pumps.com\/sr\/"},{"@type":"ListItem","position":2,"name":"O nama"}]}]}},"_links":{"self":[{"href":"https:\/\/imp-pumps.com\/sr\/wp-json\/wp\/v2\/pages\/39608"}],"collection":[{"href":"https:\/\/imp-pumps.com\/sr\/wp-json\/wp\/v2\/pages"}],"about":[{"href":"https:\/\/imp-pumps.com\/sr\/wp-json\/wp\/v2\/types\/page"}],"author":[{"embeddable":true,"href":"https:\/\/imp-pumps.com\/sr\/wp-json\/wp\/v2\/users\/1"}],"replies":[{"embeddable":true,"href":"https:\/\/imp-pumps.com\/sr\/wp-json\/wp\/v2\/comments?post=39608"}],"version-history":[{"count":1,"href":"https:\/\/imp-pumps.com\/sr\/wp-json\/wp\/v2\/pages\/39608\/revisions"}],"predecessor-version":[{"id":65657,"href":"https:\/\/imp-pumps.com\/sr\/wp-json\/wp\/v2\/pages\/39608\/revisions\/65657"}],"wp:featuredmedia":[{"embeddable":true,"href":"https:\/\/imp-pumps.com\/sr\/wp-json\/wp\/v2\/media\/41551"}],"wp:attachment":[{"href":"https:\/\/imp-pumps.com\/sr\/wp-json\/wp\/v2\/media?parent=39608"}],"curies":[{"name":"wp","href":"https:\/\/api.w.org\/{rel}","templated":true}]}}