{"id":39595,"date":"2018-03-25T13:29:06","date_gmt":"2018-03-25T12:29:06","guid":{"rendered":"http:\/\/imp-pumps.com\/quality\/"},"modified":"2019-01-14T10:47:20","modified_gmt":"2019-01-14T09:47:20","slug":"quality","status":"publish","type":"page","link":"https:\/\/imp-pumps.com\/sr\/quality\/","title":{"rendered":"Quality"},"content":{"rendered":"<p style=\"font-weight: 400;\"><strong>Na\u0161a politika zasnovana je na viziji i poslu kompanije. Preduslov za uspeh na tr\u017ei\u0161tu je visok nivo kvaliteta. Ovo se inkorporira u proizvod u svim fazama formiranja; od istra\u017eivanja tr\u017ei\u0161ta do dostave. Samo na ovaj na\u010din mo\u017eemo ispuniti na\u0161u strategiju; postic\u0301i najvi\u0161i nivo kvaliteta po najni\u017eoj ceni. Na\u0161 sistem kvaliteta je izgra\u0111en u skladu sa zahtevima ISO 9001: 2015.<\/strong><\/p>\n<p style=\"font-weight: 400;\">Rad na\u0161e kompanije zasniva se na naporima svih zaposlenih da rade bez gre\u0161ke, sa odgovorno\u0161c\u0301u za sopstveni i zajedni\u010dki rad. Proizvodni rad zasnovan je na principu:<\/p>\n<p style=\"font-weight: 400;\">Nemojte prihvatati proizvode sa gre\u0161kom &#8211; Nemojte praviti gre\u0161ke &#8211; Ne \u0161aljite proizvode sa gre\u0161kom<\/p>\n<p style=\"font-weight: 400;\">Kontinuirano prilago\u0111avanje zahtevima tr\u017ei\u0161ta, inovacijama i konkurentnosti obezbe\u0111eno je uklju\u010divanjem svih zaposlenih u proces stalnih pobolj\u0161anja. Konstantno unapre\u0111ujemo proizvode, efikasnost procesa i kvalitet sistema upravljanja. Politiku kvaliteta razvija direktor kompanije u saradnji sa rukovodstvom kompanije. Svaki radnik je odgovoran za svoj rad, koji mora izvr\u0161iti u skladu sa politikom kvaliteta, standardima i drugim poslovnikom, kako bi zadovoljio sva o\u010dekivanja poslovnih partnera, kupaca i korisnika.<\/p>\n<p style=\"font-weight: 400;\">Svi procesi su fanati\u010dno fokusirani na efikasnost i 5S.<\/p>\n","protected":false},"excerpt":{"rendered":"<p>Na\u0161a politika zasnovana je na viziji i poslu kompanije. Preduslov za uspeh na&#8230;<\/p>\n","protected":false},"author":1,"featured_media":41558,"parent":0,"menu_order":0,"comment_status":"closed","ping_status":"closed","template":"page-templates\/template-kakovost.php","meta":[],"acf":[],"yoast_head":"<!-- This site is optimized with the Yoast SEO plugin v17.8 - https:\/\/yoast.com\/wordpress\/plugins\/seo\/ -->\n<title>Quality - IMP Pumps<\/title>\n<meta name=\"robots\" content=\"index, follow, max-snippet:-1, max-image-preview:large, max-video-preview:-1\" \/>\n<link rel=\"canonical\" href=\"https:\/\/imp-pumps.com\/sr\/quality\/\" \/>\n<meta property=\"og:locale\" content=\"sr_RS\" \/>\n<meta property=\"og:type\" content=\"article\" \/>\n<meta property=\"og:title\" content=\"Quality - IMP Pumps\" \/>\n<meta property=\"og:description\" content=\"Na\u0161a politika zasnovana je na viziji i poslu kompanije. Preduslov za uspeh na...\" \/>\n<meta property=\"og:url\" content=\"https:\/\/imp-pumps.com\/sr\/quality\/\" \/>\n<meta property=\"og:site_name\" content=\"IMP Pumps\" \/>\n<meta property=\"article:modified_time\" content=\"2019-01-14T09:47:20+00:00\" \/>\n<meta property=\"og:image\" content=\"https:\/\/imp-pumps.com\/wp-content\/uploads\/2018\/04\/kakovost-icon.png\" \/>\n\t<meta property=\"og:image:width\" content=\"176\" \/>\n\t<meta property=\"og:image:height\" content=\"176\" \/>\n<meta name=\"twitter:card\" content=\"summary_large_image\" \/>\n<meta name=\"twitter:label1\" content=\"\u041f\u0440\u043e\u0446\u0435\u045a\u0435\u043d\u043e \u0432\u0440\u0435\u043c\u0435 \u0447\u0438\u0442\u0430\u045a\u0430\" \/>\n\t<meta name=\"twitter:data1\" content=\"1 \u043c\u0438\u043d\u0443\u0442\" \/>\n<script type=\"application\/ld+json\" class=\"yoast-schema-graph\">{\"@context\":\"https:\/\/schema.org\",\"@graph\":[{\"@type\":\"WebSite\",\"@id\":\"http:\/\/imp-pumps.com\/#website\",\"url\":\"http:\/\/imp-pumps.com\/\",\"name\":\"IMP Pumps\",\"description\":\"\\u0160e eno spleti\\u0161\\u010de WordPress\",\"potentialAction\":[{\"@type\":\"SearchAction\",\"target\":{\"@type\":\"EntryPoint\",\"urlTemplate\":\"http:\/\/imp-pumps.com\/?s={search_term_string}\"},\"query-input\":\"required name=search_term_string\"}],\"inLanguage\":\"sr-RS\"},{\"@type\":\"ImageObject\",\"@id\":\"https:\/\/imp-pumps.com\/sr\/quality\/#primaryimage\",\"inLanguage\":\"sr-RS\",\"url\":\"https:\/\/imp-pumps.com\/wp-content\/uploads\/2018\/04\/kakovost-icon.png\",\"contentUrl\":\"https:\/\/imp-pumps.com\/wp-content\/uploads\/2018\/04\/kakovost-icon.png\",\"width\":176,\"height\":176},{\"@type\":\"WebPage\",\"@id\":\"https:\/\/imp-pumps.com\/sr\/quality\/#webpage\",\"url\":\"https:\/\/imp-pumps.com\/sr\/quality\/\",\"name\":\"Quality - IMP Pumps\",\"isPartOf\":{\"@id\":\"http:\/\/imp-pumps.com\/#website\"},\"primaryImageOfPage\":{\"@id\":\"https:\/\/imp-pumps.com\/sr\/quality\/#primaryimage\"},\"datePublished\":\"2018-03-25T12:29:06+00:00\",\"dateModified\":\"2019-01-14T09:47:20+00:00\",\"breadcrumb\":{\"@id\":\"https:\/\/imp-pumps.com\/sr\/quality\/#breadcrumb\"},\"inLanguage\":\"sr-RS\",\"potentialAction\":[{\"@type\":\"ReadAction\",\"target\":[\"https:\/\/imp-pumps.com\/sr\/quality\/\"]}]},{\"@type\":\"BreadcrumbList\",\"@id\":\"https:\/\/imp-pumps.com\/sr\/quality\/#breadcrumb\",\"itemListElement\":[{\"@type\":\"ListItem\",\"position\":1,\"name\":\"Home\",\"item\":\"https:\/\/imp-pumps.com\/sr\/\"},{\"@type\":\"ListItem\",\"position\":2,\"name\":\"Quality\"}]}]}<\/script>\n<!-- \/ Yoast SEO plugin. -->","yoast_head_json":{"title":"Quality - IMP Pumps","robots":{"index":"index","follow":"follow","max-snippet":"max-snippet:-1","max-image-preview":"max-image-preview:large","max-video-preview":"max-video-preview:-1"},"canonical":"https:\/\/imp-pumps.com\/sr\/quality\/","og_locale":"sr_RS","og_type":"article","og_title":"Quality - IMP Pumps","og_description":"Na\u0161a politika zasnovana je na viziji i poslu kompanije. Preduslov za uspeh na...","og_url":"https:\/\/imp-pumps.com\/sr\/quality\/","og_site_name":"IMP Pumps","article_modified_time":"2019-01-14T09:47:20+00:00","og_image":[{"width":176,"height":176,"url":"https:\/\/imp-pumps.com\/wp-content\/uploads\/2018\/04\/kakovost-icon.png","type":"image\/png"}],"twitter_card":"summary_large_image","twitter_misc":{"\u041f\u0440\u043e\u0446\u0435\u045a\u0435\u043d\u043e \u0432\u0440\u0435\u043c\u0435 \u0447\u0438\u0442\u0430\u045a\u0430":"1 \u043c\u0438\u043d\u0443\u0442"},"schema":{"@context":"https:\/\/schema.org","@graph":[{"@type":"WebSite","@id":"http:\/\/imp-pumps.com\/#website","url":"http:\/\/imp-pumps.com\/","name":"IMP Pumps","description":"\u0160e eno spleti\u0161\u010de WordPress","potentialAction":[{"@type":"SearchAction","target":{"@type":"EntryPoint","urlTemplate":"http:\/\/imp-pumps.com\/?s={search_term_string}"},"query-input":"required name=search_term_string"}],"inLanguage":"sr-RS"},{"@type":"ImageObject","@id":"https:\/\/imp-pumps.com\/sr\/quality\/#primaryimage","inLanguage":"sr-RS","url":"https:\/\/imp-pumps.com\/wp-content\/uploads\/2018\/04\/kakovost-icon.png","contentUrl":"https:\/\/imp-pumps.com\/wp-content\/uploads\/2018\/04\/kakovost-icon.png","width":176,"height":176},{"@type":"WebPage","@id":"https:\/\/imp-pumps.com\/sr\/quality\/#webpage","url":"https:\/\/imp-pumps.com\/sr\/quality\/","name":"Quality - IMP Pumps","isPartOf":{"@id":"http:\/\/imp-pumps.com\/#website"},"primaryImageOfPage":{"@id":"https:\/\/imp-pumps.com\/sr\/quality\/#primaryimage"},"datePublished":"2018-03-25T12:29:06+00:00","dateModified":"2019-01-14T09:47:20+00:00","breadcrumb":{"@id":"https:\/\/imp-pumps.com\/sr\/quality\/#breadcrumb"},"inLanguage":"sr-RS","potentialAction":[{"@type":"ReadAction","target":["https:\/\/imp-pumps.com\/sr\/quality\/"]}]},{"@type":"BreadcrumbList","@id":"https:\/\/imp-pumps.com\/sr\/quality\/#breadcrumb","itemListElement":[{"@type":"ListItem","position":1,"name":"Home","item":"https:\/\/imp-pumps.com\/sr\/"},{"@type":"ListItem","position":2,"name":"Quality"}]}]}},"_links":{"self":[{"href":"https:\/\/imp-pumps.com\/sr\/wp-json\/wp\/v2\/pages\/39595"}],"collection":[{"href":"https:\/\/imp-pumps.com\/sr\/wp-json\/wp\/v2\/pages"}],"about":[{"href":"https:\/\/imp-pumps.com\/sr\/wp-json\/wp\/v2\/types\/page"}],"author":[{"embeddable":true,"href":"https:\/\/imp-pumps.com\/sr\/wp-json\/wp\/v2\/users\/1"}],"replies":[{"embeddable":true,"href":"https:\/\/imp-pumps.com\/sr\/wp-json\/wp\/v2\/comments?post=39595"}],"version-history":[{"count":0,"href":"https:\/\/imp-pumps.com\/sr\/wp-json\/wp\/v2\/pages\/39595\/revisions"}],"wp:featuredmedia":[{"embeddable":true,"href":"https:\/\/imp-pumps.com\/sr\/wp-json\/wp\/v2\/media\/41558"}],"wp:attachment":[{"href":"https:\/\/imp-pumps.com\/sr\/wp-json\/wp\/v2\/media?parent=39595"}],"curies":[{"name":"wp","href":"https:\/\/api.w.org\/{rel}","templated":true}]}}