{"id":39582,"date":"2018-03-23T18:40:19","date_gmt":"2018-03-23T17:40:19","guid":{"rendered":"http:\/\/imp-pumps.com\/pump-categories\/"},"modified":"2026-03-20T11:43:58","modified_gmt":"2026-03-20T10:43:58","slug":"vrste-pumpi","status":"publish","type":"page","link":"https:\/\/imp-pumps.com\/sr\/vrste-pumpi\/","title":{"rendered":"Vrste pumpi"},"content":{"rendered":"<p>Glavni proizvodni program IMP PUMPS su cirkulacione pumpe za KGH sisteme. Pumpe su navojne, u singl ili dupleks izvedbi sa bronzanim ku\u0107i\u0161tem ili od livenog gvo\u017e\u0111a. Sva ku\u0107i\u0161ta od livenog gvo\u017e\u0111a su premazana kataforezom. Za lak\u0161i odabir, pumpe su sortirane u 5 kategorija : NMT, GHN, MULTISTAGE, INLINE and SAN.<\/p>\n","protected":false},"excerpt":{"rendered":"<p>Glavni proizvodni program IMP PUMPS su cirkulacione pumpe za KGH sisteme. Pumpe su&#8230;<\/p>\n","protected":false},"author":1,"featured_media":0,"parent":0,"menu_order":0,"comment_status":"closed","ping_status":"closed","template":"page-templates\/template-kategorije-crpalk.php","meta":[],"acf":[],"yoast_head":"<!-- This site is optimized with the Yoast SEO plugin v17.8 - https:\/\/yoast.com\/wordpress\/plugins\/seo\/ -->\n<title>Vrste pumpi - IMP Pumps<\/title>\n<meta name=\"robots\" content=\"index, follow, max-snippet:-1, max-image-preview:large, max-video-preview:-1\" \/>\n<link rel=\"canonical\" href=\"https:\/\/imp-pumps.com\/sr\/vrste-pumpi\/\" \/>\n<meta property=\"og:locale\" content=\"sr_RS\" \/>\n<meta property=\"og:type\" content=\"article\" \/>\n<meta property=\"og:title\" content=\"Vrste pumpi - IMP Pumps\" \/>\n<meta property=\"og:description\" content=\"Glavni proizvodni program IMP PUMPS su cirkulacione pumpe za KGH sisteme. Pumpe su...\" \/>\n<meta property=\"og:url\" content=\"https:\/\/imp-pumps.com\/sr\/vrste-pumpi\/\" \/>\n<meta property=\"og:site_name\" content=\"IMP Pumps\" \/>\n<meta property=\"article:modified_time\" content=\"2026-03-20T10:43:58+00:00\" \/>\n<meta name=\"twitter:card\" content=\"summary_large_image\" \/>\n<script type=\"application\/ld+json\" class=\"yoast-schema-graph\">{\"@context\":\"https:\/\/schema.org\",\"@graph\":[{\"@type\":\"WebSite\",\"@id\":\"http:\/\/imp-pumps.com\/#website\",\"url\":\"http:\/\/imp-pumps.com\/\",\"name\":\"IMP Pumps\",\"description\":\"\\u0160e eno spleti\\u0161\\u010de WordPress\",\"potentialAction\":[{\"@type\":\"SearchAction\",\"target\":{\"@type\":\"EntryPoint\",\"urlTemplate\":\"http:\/\/imp-pumps.com\/?s={search_term_string}\"},\"query-input\":\"required name=search_term_string\"}],\"inLanguage\":\"sr-RS\"},{\"@type\":\"WebPage\",\"@id\":\"https:\/\/imp-pumps.com\/sr\/vrste-pumpi\/#webpage\",\"url\":\"https:\/\/imp-pumps.com\/sr\/vrste-pumpi\/\",\"name\":\"Vrste pumpi - IMP Pumps\",\"isPartOf\":{\"@id\":\"http:\/\/imp-pumps.com\/#website\"},\"datePublished\":\"2018-03-23T17:40:19+00:00\",\"dateModified\":\"2026-03-20T10:43:58+00:00\",\"breadcrumb\":{\"@id\":\"https:\/\/imp-pumps.com\/sr\/vrste-pumpi\/#breadcrumb\"},\"inLanguage\":\"sr-RS\",\"potentialAction\":[{\"@type\":\"ReadAction\",\"target\":[\"https:\/\/imp-pumps.com\/sr\/vrste-pumpi\/\"]}]},{\"@type\":\"BreadcrumbList\",\"@id\":\"https:\/\/imp-pumps.com\/sr\/vrste-pumpi\/#breadcrumb\",\"itemListElement\":[{\"@type\":\"ListItem\",\"position\":1,\"name\":\"Home\",\"item\":\"https:\/\/imp-pumps.com\/sr\/\"},{\"@type\":\"ListItem\",\"position\":2,\"name\":\"Vrste pumpi\"}]}]}<\/script>\n<!-- \/ Yoast SEO plugin. -->","yoast_head_json":{"title":"Vrste pumpi - IMP Pumps","robots":{"index":"index","follow":"follow","max-snippet":"max-snippet:-1","max-image-preview":"max-image-preview:large","max-video-preview":"max-video-preview:-1"},"canonical":"https:\/\/imp-pumps.com\/sr\/vrste-pumpi\/","og_locale":"sr_RS","og_type":"article","og_title":"Vrste pumpi - IMP Pumps","og_description":"Glavni proizvodni program IMP PUMPS su cirkulacione pumpe za KGH sisteme. Pumpe su...","og_url":"https:\/\/imp-pumps.com\/sr\/vrste-pumpi\/","og_site_name":"IMP Pumps","article_modified_time":"2026-03-20T10:43:58+00:00","twitter_card":"summary_large_image","schema":{"@context":"https:\/\/schema.org","@graph":[{"@type":"WebSite","@id":"http:\/\/imp-pumps.com\/#website","url":"http:\/\/imp-pumps.com\/","name":"IMP Pumps","description":"\u0160e eno spleti\u0161\u010de WordPress","potentialAction":[{"@type":"SearchAction","target":{"@type":"EntryPoint","urlTemplate":"http:\/\/imp-pumps.com\/?s={search_term_string}"},"query-input":"required name=search_term_string"}],"inLanguage":"sr-RS"},{"@type":"WebPage","@id":"https:\/\/imp-pumps.com\/sr\/vrste-pumpi\/#webpage","url":"https:\/\/imp-pumps.com\/sr\/vrste-pumpi\/","name":"Vrste pumpi - IMP Pumps","isPartOf":{"@id":"http:\/\/imp-pumps.com\/#website"},"datePublished":"2018-03-23T17:40:19+00:00","dateModified":"2026-03-20T10:43:58+00:00","breadcrumb":{"@id":"https:\/\/imp-pumps.com\/sr\/vrste-pumpi\/#breadcrumb"},"inLanguage":"sr-RS","potentialAction":[{"@type":"ReadAction","target":["https:\/\/imp-pumps.com\/sr\/vrste-pumpi\/"]}]},{"@type":"BreadcrumbList","@id":"https:\/\/imp-pumps.com\/sr\/vrste-pumpi\/#breadcrumb","itemListElement":[{"@type":"ListItem","position":1,"name":"Home","item":"https:\/\/imp-pumps.com\/sr\/"},{"@type":"ListItem","position":2,"name":"Vrste pumpi"}]}]}},"_links":{"self":[{"href":"https:\/\/imp-pumps.com\/sr\/wp-json\/wp\/v2\/pages\/39582"}],"collection":[{"href":"https:\/\/imp-pumps.com\/sr\/wp-json\/wp\/v2\/pages"}],"about":[{"href":"https:\/\/imp-pumps.com\/sr\/wp-json\/wp\/v2\/types\/page"}],"author":[{"embeddable":true,"href":"https:\/\/imp-pumps.com\/sr\/wp-json\/wp\/v2\/users\/1"}],"replies":[{"embeddable":true,"href":"https:\/\/imp-pumps.com\/sr\/wp-json\/wp\/v2\/comments?post=39582"}],"version-history":[{"count":2,"href":"https:\/\/imp-pumps.com\/sr\/wp-json\/wp\/v2\/pages\/39582\/revisions"}],"predecessor-version":[{"id":156137,"href":"https:\/\/imp-pumps.com\/sr\/wp-json\/wp\/v2\/pages\/39582\/revisions\/156137"}],"wp:attachment":[{"href":"https:\/\/imp-pumps.com\/sr\/wp-json\/wp\/v2\/media?parent=39582"}],"curies":[{"name":"wp","href":"https:\/\/api.w.org\/{rel}","templated":true}]}}