{"id":39609,"date":"2018-04-18T08:07:09","date_gmt":"2018-04-18T07:07:09","guid":{"rendered":"http:\/\/imp-pumps.com\/about-us\/"},"modified":"2020-09-28T10:21:50","modified_gmt":"2020-09-28T08:21:50","slug":"o-nas","status":"publish","type":"page","link":"https:\/\/imp-pumps.com\/sl\/o-nas\/","title":{"rendered":"O nas"},"content":{"rendered":"<p><strong>IMP PUMPS je slovenski proizvajalec \u010drpalk in \u010drpalnih sistemov lociran v IOC Komenda. Podjetje na\u010drtuje, razvija, proizvaja, distribuira in vzdr\u017euje \u010drpalke ter \u010drpalne sisteme. <\/strong><\/p>\n<p>Z izdelki in servisnimi storitvami se dru\u017eba v sodelovanju s strate\u0161kimi partnerji pozicionira kot ponudnik celovitih re\u0161itev. Tako profesionalno re\u0161uje probleme, ki se nana\u0161ajo na transport teko\u010dih medijev. To zagotavlja udobje doma\u010dega okolja in optimalne delovne razmere v industriji.<\/p>\n","protected":false},"excerpt":{"rendered":"<p>IMP PUMPS je slovenski proizvajalec \u010drpalk in \u010drpalnih sistemov lociran v IOC Komenda&#8230;.<\/p>\n","protected":false},"author":1,"featured_media":41552,"parent":0,"menu_order":0,"comment_status":"closed","ping_status":"closed","template":"page-templates\/template-o-podjetju.php","meta":[],"acf":[],"yoast_head":"<!-- This site is optimized with the Yoast SEO plugin v17.8 - https:\/\/yoast.com\/wordpress\/plugins\/seo\/ -->\n<title>O nas - IMP Pumps<\/title>\n<meta name=\"robots\" content=\"index, follow, max-snippet:-1, max-image-preview:large, max-video-preview:-1\" \/>\n<link rel=\"canonical\" href=\"https:\/\/imp-pumps.com\/sl\/o-nas\/\" \/>\n<meta property=\"og:locale\" content=\"sl_SI\" \/>\n<meta property=\"og:type\" content=\"article\" \/>\n<meta property=\"og:title\" content=\"O nas - IMP Pumps\" \/>\n<meta property=\"og:description\" content=\"IMP PUMPS je slovenski proizvajalec \u010drpalk in \u010drpalnih sistemov lociran v IOC Komenda....\" \/>\n<meta property=\"og:url\" content=\"https:\/\/imp-pumps.com\/sl\/o-nas\/\" \/>\n<meta property=\"og:site_name\" content=\"IMP Pumps\" \/>\n<meta property=\"article:modified_time\" content=\"2020-09-28T08:21:50+00:00\" \/>\n<meta property=\"og:image\" content=\"https:\/\/imp-pumps.com\/wp-content\/uploads\/2018\/04\/opodjetju-icon.png\" \/>\n\t<meta property=\"og:image:width\" content=\"176\" \/>\n\t<meta property=\"og:image:height\" content=\"176\" \/>\n<meta name=\"twitter:card\" content=\"summary_large_image\" \/>\n<script type=\"application\/ld+json\" class=\"yoast-schema-graph\">{\"@context\":\"https:\/\/schema.org\",\"@graph\":[{\"@type\":\"WebSite\",\"@id\":\"http:\/\/imp-pumps.com\/#website\",\"url\":\"http:\/\/imp-pumps.com\/\",\"name\":\"IMP Pumps\",\"description\":\"\\u0160e eno spleti\\u0161\\u010de WordPress\",\"potentialAction\":[{\"@type\":\"SearchAction\",\"target\":{\"@type\":\"EntryPoint\",\"urlTemplate\":\"http:\/\/imp-pumps.com\/?s={search_term_string}\"},\"query-input\":\"required name=search_term_string\"}],\"inLanguage\":\"sl-SI\"},{\"@type\":\"ImageObject\",\"@id\":\"https:\/\/imp-pumps.com\/sl\/o-nas\/#primaryimage\",\"inLanguage\":\"sl-SI\",\"url\":\"https:\/\/imp-pumps.com\/wp-content\/uploads\/2018\/04\/opodjetju-icon.png\",\"contentUrl\":\"https:\/\/imp-pumps.com\/wp-content\/uploads\/2018\/04\/opodjetju-icon.png\",\"width\":176,\"height\":176},{\"@type\":\"WebPage\",\"@id\":\"https:\/\/imp-pumps.com\/sl\/o-nas\/#webpage\",\"url\":\"https:\/\/imp-pumps.com\/sl\/o-nas\/\",\"name\":\"O nas - IMP Pumps\",\"isPartOf\":{\"@id\":\"http:\/\/imp-pumps.com\/#website\"},\"primaryImageOfPage\":{\"@id\":\"https:\/\/imp-pumps.com\/sl\/o-nas\/#primaryimage\"},\"datePublished\":\"2018-04-18T07:07:09+00:00\",\"dateModified\":\"2020-09-28T08:21:50+00:00\",\"breadcrumb\":{\"@id\":\"https:\/\/imp-pumps.com\/sl\/o-nas\/#breadcrumb\"},\"inLanguage\":\"sl-SI\",\"potentialAction\":[{\"@type\":\"ReadAction\",\"target\":[\"https:\/\/imp-pumps.com\/sl\/o-nas\/\"]}]},{\"@type\":\"BreadcrumbList\",\"@id\":\"https:\/\/imp-pumps.com\/sl\/o-nas\/#breadcrumb\",\"itemListElement\":[{\"@type\":\"ListItem\",\"position\":1,\"name\":\"Home\",\"item\":\"https:\/\/imp-pumps.com\/sl\/\"},{\"@type\":\"ListItem\",\"position\":2,\"name\":\"O nas\"}]}]}<\/script>\n<!-- \/ Yoast SEO plugin. -->","yoast_head_json":{"title":"O nas - IMP Pumps","robots":{"index":"index","follow":"follow","max-snippet":"max-snippet:-1","max-image-preview":"max-image-preview:large","max-video-preview":"max-video-preview:-1"},"canonical":"https:\/\/imp-pumps.com\/sl\/o-nas\/","og_locale":"sl_SI","og_type":"article","og_title":"O nas - IMP Pumps","og_description":"IMP PUMPS je slovenski proizvajalec \u010drpalk in \u010drpalnih sistemov lociran v IOC Komenda....","og_url":"https:\/\/imp-pumps.com\/sl\/o-nas\/","og_site_name":"IMP Pumps","article_modified_time":"2020-09-28T08:21:50+00:00","og_image":[{"width":176,"height":176,"url":"https:\/\/imp-pumps.com\/wp-content\/uploads\/2018\/04\/opodjetju-icon.png","type":"image\/png"}],"twitter_card":"summary_large_image","schema":{"@context":"https:\/\/schema.org","@graph":[{"@type":"WebSite","@id":"http:\/\/imp-pumps.com\/#website","url":"http:\/\/imp-pumps.com\/","name":"IMP Pumps","description":"\u0160e eno spleti\u0161\u010de WordPress","potentialAction":[{"@type":"SearchAction","target":{"@type":"EntryPoint","urlTemplate":"http:\/\/imp-pumps.com\/?s={search_term_string}"},"query-input":"required name=search_term_string"}],"inLanguage":"sl-SI"},{"@type":"ImageObject","@id":"https:\/\/imp-pumps.com\/sl\/o-nas\/#primaryimage","inLanguage":"sl-SI","url":"https:\/\/imp-pumps.com\/wp-content\/uploads\/2018\/04\/opodjetju-icon.png","contentUrl":"https:\/\/imp-pumps.com\/wp-content\/uploads\/2018\/04\/opodjetju-icon.png","width":176,"height":176},{"@type":"WebPage","@id":"https:\/\/imp-pumps.com\/sl\/o-nas\/#webpage","url":"https:\/\/imp-pumps.com\/sl\/o-nas\/","name":"O nas - IMP Pumps","isPartOf":{"@id":"http:\/\/imp-pumps.com\/#website"},"primaryImageOfPage":{"@id":"https:\/\/imp-pumps.com\/sl\/o-nas\/#primaryimage"},"datePublished":"2018-04-18T07:07:09+00:00","dateModified":"2020-09-28T08:21:50+00:00","breadcrumb":{"@id":"https:\/\/imp-pumps.com\/sl\/o-nas\/#breadcrumb"},"inLanguage":"sl-SI","potentialAction":[{"@type":"ReadAction","target":["https:\/\/imp-pumps.com\/sl\/o-nas\/"]}]},{"@type":"BreadcrumbList","@id":"https:\/\/imp-pumps.com\/sl\/o-nas\/#breadcrumb","itemListElement":[{"@type":"ListItem","position":1,"name":"Home","item":"https:\/\/imp-pumps.com\/sl\/"},{"@type":"ListItem","position":2,"name":"O nas"}]}]}},"_links":{"self":[{"href":"https:\/\/imp-pumps.com\/sl\/wp-json\/wp\/v2\/pages\/39609"}],"collection":[{"href":"https:\/\/imp-pumps.com\/sl\/wp-json\/wp\/v2\/pages"}],"about":[{"href":"https:\/\/imp-pumps.com\/sl\/wp-json\/wp\/v2\/types\/page"}],"author":[{"embeddable":true,"href":"https:\/\/imp-pumps.com\/sl\/wp-json\/wp\/v2\/users\/1"}],"replies":[{"embeddable":true,"href":"https:\/\/imp-pumps.com\/sl\/wp-json\/wp\/v2\/comments?post=39609"}],"version-history":[{"count":2,"href":"https:\/\/imp-pumps.com\/sl\/wp-json\/wp\/v2\/pages\/39609\/revisions"}],"predecessor-version":[{"id":69759,"href":"https:\/\/imp-pumps.com\/sl\/wp-json\/wp\/v2\/pages\/39609\/revisions\/69759"}],"wp:featuredmedia":[{"embeddable":true,"href":"https:\/\/imp-pumps.com\/sl\/wp-json\/wp\/v2\/media\/41552"}],"wp:attachment":[{"href":"https:\/\/imp-pumps.com\/sl\/wp-json\/wp\/v2\/media?parent=39609"}],"curies":[{"name":"wp","href":"https:\/\/api.w.org\/{rel}","templated":true}]}}