{"id":39596,"date":"2018-03-25T13:29:06","date_gmt":"2018-03-25T12:29:06","guid":{"rendered":"http:\/\/imp-pumps.com\/quality\/"},"modified":"2019-05-08T13:17:03","modified_gmt":"2019-05-08T11:17:03","slug":"kakovost","status":"publish","type":"page","link":"https:\/\/imp-pumps.com\/sl\/kakovost\/","title":{"rendered":"Kakovost"},"content":{"rendered":"<p style=\"font-weight: 400;\"><strong>Politika kakovosti temelji na viziji in poslanstvu podjetja. Predpogoj za tr\u017eno uspe\u0161nost je visok nivo kakovosti. Ta se vgrajuje v proizvod v vseh fazah nastajanja; od raziskave trga do njegove izdobave. Le tako lahko izpolnjujemo na\u0161o strategijo; dose\u010di najvi\u0161ji nivo kakovosti ob najni\u017ejih stro\u0161kih. Na\u0161 sistem kakovosti gradimo v skladu z zahtevami standarda ISO 9001:2015.<\/strong><\/p>\n<p style=\"font-weight: 400;\">Delo na\u0161ega podjetja temelji na prizadevanju vseh zaposlenih za delo brez napak, z odgovornostjo za svoje in skupno delo. Proizvodno delo temelji na na\u010delu:<\/p>\n<p style=\"font-weight: 400;\">Ne prevzemaj izdelkov z napako &#8211; Ne delaj napak &#8211; Ne oddajaj izdelkov z napako<\/p>\n<p style=\"font-weight: 400;\">Nenehno prilagajanje zahtevam trga, inovativnost in konkuren\u010dnost, zagotavljamo z vklju\u010devanjem vseh zaposlenih v proces stalnih izbolj\u0161av. Nenehno izbolj\u0161ujemo proizvode, u\u010dinkovitost procesov in sistema vodenja kakovosti. Ocenjujemo tveganja in iz tega i\u0161\u010demo prilo\u017enosti. Politiko kakovosti oblikuje direktor podjetja v sodelovanju z vodstvom podjetja. Preverjanje izvajanja politike kakovosti izvaja direktor s svojim kolegijem. Vsak zaposleni je odgovoren za svoje delo, ki ga mora opravljati v skladu s Poslovnikom kakovosti, standardi in drugimi predpisi s ciljem, izpolniti vsa pri\u010dakovanja poslovnih partnerjev, kupcev in uporabnikov.<\/p>\n<p style=\"font-weight: 400;\">Vsi procesi so fanati\u010dno usmerjeni v u\u010dinkovitost in 5S.<\/p>\n","protected":false},"excerpt":{"rendered":"<p>Politika kakovosti temelji na viziji in poslanstvu podjetja. Predpogoj za tr\u017eno uspe\u0161nost je&#8230;<\/p>\n","protected":false},"author":1,"featured_media":41559,"parent":0,"menu_order":0,"comment_status":"closed","ping_status":"closed","template":"page-templates\/template-kakovost.php","meta":[],"acf":[],"yoast_head":"<!-- This site is optimized with the Yoast SEO plugin v17.8 - https:\/\/yoast.com\/wordpress\/plugins\/seo\/ -->\n<title>Kakovost - IMP Pumps<\/title>\n<meta name=\"robots\" content=\"index, follow, max-snippet:-1, max-image-preview:large, max-video-preview:-1\" \/>\n<link rel=\"canonical\" href=\"https:\/\/imp-pumps.com\/sl\/kakovost\/\" \/>\n<meta property=\"og:locale\" content=\"sl_SI\" \/>\n<meta property=\"og:type\" content=\"article\" \/>\n<meta property=\"og:title\" content=\"Kakovost - IMP Pumps\" \/>\n<meta property=\"og:description\" content=\"Politika kakovosti temelji na viziji in poslanstvu podjetja. Predpogoj za tr\u017eno uspe\u0161nost je...\" \/>\n<meta property=\"og:url\" content=\"https:\/\/imp-pumps.com\/sl\/kakovost\/\" \/>\n<meta property=\"og:site_name\" content=\"IMP Pumps\" \/>\n<meta property=\"article:modified_time\" content=\"2019-05-08T11:17:03+00:00\" \/>\n<meta property=\"og:image\" content=\"https:\/\/imp-pumps.com\/wp-content\/uploads\/2018\/04\/kakovost-icon.png\" \/>\n\t<meta property=\"og:image:width\" content=\"176\" \/>\n\t<meta property=\"og:image:height\" content=\"176\" \/>\n<meta name=\"twitter:card\" content=\"summary_large_image\" \/>\n<meta name=\"twitter:label1\" content=\"Est. reading time\" \/>\n\t<meta name=\"twitter:data1\" content=\"1 minuta\" \/>\n<script type=\"application\/ld+json\" class=\"yoast-schema-graph\">{\"@context\":\"https:\/\/schema.org\",\"@graph\":[{\"@type\":\"WebSite\",\"@id\":\"http:\/\/imp-pumps.com\/#website\",\"url\":\"http:\/\/imp-pumps.com\/\",\"name\":\"IMP Pumps\",\"description\":\"\\u0160e eno spleti\\u0161\\u010de WordPress\",\"potentialAction\":[{\"@type\":\"SearchAction\",\"target\":{\"@type\":\"EntryPoint\",\"urlTemplate\":\"http:\/\/imp-pumps.com\/?s={search_term_string}\"},\"query-input\":\"required name=search_term_string\"}],\"inLanguage\":\"sl-SI\"},{\"@type\":\"ImageObject\",\"@id\":\"https:\/\/imp-pumps.com\/sl\/kakovost\/#primaryimage\",\"inLanguage\":\"sl-SI\",\"url\":\"https:\/\/imp-pumps.com\/wp-content\/uploads\/2018\/04\/kakovost-icon.png\",\"contentUrl\":\"https:\/\/imp-pumps.com\/wp-content\/uploads\/2018\/04\/kakovost-icon.png\",\"width\":176,\"height\":176},{\"@type\":\"WebPage\",\"@id\":\"https:\/\/imp-pumps.com\/sl\/kakovost\/#webpage\",\"url\":\"https:\/\/imp-pumps.com\/sl\/kakovost\/\",\"name\":\"Kakovost - IMP Pumps\",\"isPartOf\":{\"@id\":\"http:\/\/imp-pumps.com\/#website\"},\"primaryImageOfPage\":{\"@id\":\"https:\/\/imp-pumps.com\/sl\/kakovost\/#primaryimage\"},\"datePublished\":\"2018-03-25T12:29:06+00:00\",\"dateModified\":\"2019-05-08T11:17:03+00:00\",\"breadcrumb\":{\"@id\":\"https:\/\/imp-pumps.com\/sl\/kakovost\/#breadcrumb\"},\"inLanguage\":\"sl-SI\",\"potentialAction\":[{\"@type\":\"ReadAction\",\"target\":[\"https:\/\/imp-pumps.com\/sl\/kakovost\/\"]}]},{\"@type\":\"BreadcrumbList\",\"@id\":\"https:\/\/imp-pumps.com\/sl\/kakovost\/#breadcrumb\",\"itemListElement\":[{\"@type\":\"ListItem\",\"position\":1,\"name\":\"Home\",\"item\":\"https:\/\/imp-pumps.com\/sl\/\"},{\"@type\":\"ListItem\",\"position\":2,\"name\":\"Kakovost\"}]}]}<\/script>\n<!-- \/ Yoast SEO plugin. -->","yoast_head_json":{"title":"Kakovost - IMP Pumps","robots":{"index":"index","follow":"follow","max-snippet":"max-snippet:-1","max-image-preview":"max-image-preview:large","max-video-preview":"max-video-preview:-1"},"canonical":"https:\/\/imp-pumps.com\/sl\/kakovost\/","og_locale":"sl_SI","og_type":"article","og_title":"Kakovost - IMP Pumps","og_description":"Politika kakovosti temelji na viziji in poslanstvu podjetja. Predpogoj za tr\u017eno uspe\u0161nost je...","og_url":"https:\/\/imp-pumps.com\/sl\/kakovost\/","og_site_name":"IMP Pumps","article_modified_time":"2019-05-08T11:17:03+00:00","og_image":[{"width":176,"height":176,"url":"https:\/\/imp-pumps.com\/wp-content\/uploads\/2018\/04\/kakovost-icon.png","type":"image\/png"}],"twitter_card":"summary_large_image","twitter_misc":{"Est. reading time":"1 minuta"},"schema":{"@context":"https:\/\/schema.org","@graph":[{"@type":"WebSite","@id":"http:\/\/imp-pumps.com\/#website","url":"http:\/\/imp-pumps.com\/","name":"IMP Pumps","description":"\u0160e eno spleti\u0161\u010de WordPress","potentialAction":[{"@type":"SearchAction","target":{"@type":"EntryPoint","urlTemplate":"http:\/\/imp-pumps.com\/?s={search_term_string}"},"query-input":"required name=search_term_string"}],"inLanguage":"sl-SI"},{"@type":"ImageObject","@id":"https:\/\/imp-pumps.com\/sl\/kakovost\/#primaryimage","inLanguage":"sl-SI","url":"https:\/\/imp-pumps.com\/wp-content\/uploads\/2018\/04\/kakovost-icon.png","contentUrl":"https:\/\/imp-pumps.com\/wp-content\/uploads\/2018\/04\/kakovost-icon.png","width":176,"height":176},{"@type":"WebPage","@id":"https:\/\/imp-pumps.com\/sl\/kakovost\/#webpage","url":"https:\/\/imp-pumps.com\/sl\/kakovost\/","name":"Kakovost - IMP Pumps","isPartOf":{"@id":"http:\/\/imp-pumps.com\/#website"},"primaryImageOfPage":{"@id":"https:\/\/imp-pumps.com\/sl\/kakovost\/#primaryimage"},"datePublished":"2018-03-25T12:29:06+00:00","dateModified":"2019-05-08T11:17:03+00:00","breadcrumb":{"@id":"https:\/\/imp-pumps.com\/sl\/kakovost\/#breadcrumb"},"inLanguage":"sl-SI","potentialAction":[{"@type":"ReadAction","target":["https:\/\/imp-pumps.com\/sl\/kakovost\/"]}]},{"@type":"BreadcrumbList","@id":"https:\/\/imp-pumps.com\/sl\/kakovost\/#breadcrumb","itemListElement":[{"@type":"ListItem","position":1,"name":"Home","item":"https:\/\/imp-pumps.com\/sl\/"},{"@type":"ListItem","position":2,"name":"Kakovost"}]}]}},"_links":{"self":[{"href":"https:\/\/imp-pumps.com\/sl\/wp-json\/wp\/v2\/pages\/39596"}],"collection":[{"href":"https:\/\/imp-pumps.com\/sl\/wp-json\/wp\/v2\/pages"}],"about":[{"href":"https:\/\/imp-pumps.com\/sl\/wp-json\/wp\/v2\/types\/page"}],"author":[{"embeddable":true,"href":"https:\/\/imp-pumps.com\/sl\/wp-json\/wp\/v2\/users\/1"}],"replies":[{"embeddable":true,"href":"https:\/\/imp-pumps.com\/sl\/wp-json\/wp\/v2\/comments?post=39596"}],"version-history":[{"count":0,"href":"https:\/\/imp-pumps.com\/sl\/wp-json\/wp\/v2\/pages\/39596\/revisions"}],"wp:featuredmedia":[{"embeddable":true,"href":"https:\/\/imp-pumps.com\/sl\/wp-json\/wp\/v2\/media\/41559"}],"wp:attachment":[{"href":"https:\/\/imp-pumps.com\/sl\/wp-json\/wp\/v2\/media?parent=39596"}],"curies":[{"name":"wp","href":"https:\/\/api.w.org\/{rel}","templated":true}]}}