{"id":39573,"date":"2018-03-23T18:40:19","date_gmt":"2018-03-23T17:40:19","guid":{"rendered":"http:\/\/imp-pumps.com\/pump-categories\/"},"modified":"2026-03-20T11:45:24","modified_gmt":"2026-03-20T10:45:24","slug":"tipi-crpalk","status":"publish","type":"page","link":"https:\/\/imp-pumps.com\/sl\/tipi-crpalk\/","title":{"rendered":"Tipi \u010drpalk"},"content":{"rendered":"<p>Proizvodni program IMP PUMPS obsega \u010drpalke za HVAC aplikacije. \u010crpalke so prirobni\u010dne, navojne, enojne ali dvojne, z ohi\u0161jem iz brona ali sive litine. Vsa ohi\u0161ja iz sive litine so izvedena s kataforezno povr\u0161insko za\u0161\u010dito. Proizvodni program \u010drpalk obsega 5 glavnih izvedenk : NMT, GHN, MULTISTAGE, INLINE in SAN.<\/p>\n","protected":false},"excerpt":{"rendered":"<p>Proizvodni program IMP PUMPS obsega \u010drpalke za HVAC aplikacije. \u010crpalke so prirobni\u010dne, navojne,&#8230;<\/p>\n","protected":false},"author":1,"featured_media":0,"parent":0,"menu_order":0,"comment_status":"closed","ping_status":"closed","template":"page-templates\/template-kategorije-crpalk.php","meta":[],"acf":[],"yoast_head":"<!-- This site is optimized with the Yoast SEO plugin v17.8 - https:\/\/yoast.com\/wordpress\/plugins\/seo\/ -->\n<title>Tipi \u010drpalk - IMP Pumps<\/title>\n<meta name=\"robots\" content=\"index, follow, max-snippet:-1, max-image-preview:large, max-video-preview:-1\" \/>\n<link rel=\"canonical\" href=\"https:\/\/imp-pumps.com\/sl\/tipi-crpalk\/\" \/>\n<meta property=\"og:locale\" content=\"sl_SI\" \/>\n<meta property=\"og:type\" content=\"article\" \/>\n<meta property=\"og:title\" content=\"Tipi \u010drpalk - IMP Pumps\" \/>\n<meta property=\"og:description\" content=\"Proizvodni program IMP PUMPS obsega \u010drpalke za HVAC aplikacije. \u010crpalke so prirobni\u010dne, navojne,...\" \/>\n<meta property=\"og:url\" content=\"https:\/\/imp-pumps.com\/sl\/tipi-crpalk\/\" \/>\n<meta property=\"og:site_name\" content=\"IMP Pumps\" \/>\n<meta property=\"article:modified_time\" content=\"2026-03-20T10:45:24+00:00\" \/>\n<meta name=\"twitter:card\" content=\"summary_large_image\" \/>\n<script type=\"application\/ld+json\" class=\"yoast-schema-graph\">{\"@context\":\"https:\/\/schema.org\",\"@graph\":[{\"@type\":\"WebSite\",\"@id\":\"http:\/\/imp-pumps.com\/#website\",\"url\":\"http:\/\/imp-pumps.com\/\",\"name\":\"IMP Pumps\",\"description\":\"\\u0160e eno spleti\\u0161\\u010de WordPress\",\"potentialAction\":[{\"@type\":\"SearchAction\",\"target\":{\"@type\":\"EntryPoint\",\"urlTemplate\":\"http:\/\/imp-pumps.com\/?s={search_term_string}\"},\"query-input\":\"required name=search_term_string\"}],\"inLanguage\":\"sl-SI\"},{\"@type\":\"WebPage\",\"@id\":\"https:\/\/imp-pumps.com\/sl\/tipi-crpalk\/#webpage\",\"url\":\"https:\/\/imp-pumps.com\/sl\/tipi-crpalk\/\",\"name\":\"Tipi \\u010drpalk - IMP Pumps\",\"isPartOf\":{\"@id\":\"http:\/\/imp-pumps.com\/#website\"},\"datePublished\":\"2018-03-23T17:40:19+00:00\",\"dateModified\":\"2026-03-20T10:45:24+00:00\",\"breadcrumb\":{\"@id\":\"https:\/\/imp-pumps.com\/sl\/tipi-crpalk\/#breadcrumb\"},\"inLanguage\":\"sl-SI\",\"potentialAction\":[{\"@type\":\"ReadAction\",\"target\":[\"https:\/\/imp-pumps.com\/sl\/tipi-crpalk\/\"]}]},{\"@type\":\"BreadcrumbList\",\"@id\":\"https:\/\/imp-pumps.com\/sl\/tipi-crpalk\/#breadcrumb\",\"itemListElement\":[{\"@type\":\"ListItem\",\"position\":1,\"name\":\"Home\",\"item\":\"https:\/\/imp-pumps.com\/sl\/\"},{\"@type\":\"ListItem\",\"position\":2,\"name\":\"Tipi \\u010drpalk\"}]}]}<\/script>\n<!-- \/ Yoast SEO plugin. -->","yoast_head_json":{"title":"Tipi \u010drpalk - IMP Pumps","robots":{"index":"index","follow":"follow","max-snippet":"max-snippet:-1","max-image-preview":"max-image-preview:large","max-video-preview":"max-video-preview:-1"},"canonical":"https:\/\/imp-pumps.com\/sl\/tipi-crpalk\/","og_locale":"sl_SI","og_type":"article","og_title":"Tipi \u010drpalk - IMP Pumps","og_description":"Proizvodni program IMP PUMPS obsega \u010drpalke za HVAC aplikacije. \u010crpalke so prirobni\u010dne, navojne,...","og_url":"https:\/\/imp-pumps.com\/sl\/tipi-crpalk\/","og_site_name":"IMP Pumps","article_modified_time":"2026-03-20T10:45:24+00:00","twitter_card":"summary_large_image","schema":{"@context":"https:\/\/schema.org","@graph":[{"@type":"WebSite","@id":"http:\/\/imp-pumps.com\/#website","url":"http:\/\/imp-pumps.com\/","name":"IMP Pumps","description":"\u0160e eno spleti\u0161\u010de WordPress","potentialAction":[{"@type":"SearchAction","target":{"@type":"EntryPoint","urlTemplate":"http:\/\/imp-pumps.com\/?s={search_term_string}"},"query-input":"required name=search_term_string"}],"inLanguage":"sl-SI"},{"@type":"WebPage","@id":"https:\/\/imp-pumps.com\/sl\/tipi-crpalk\/#webpage","url":"https:\/\/imp-pumps.com\/sl\/tipi-crpalk\/","name":"Tipi \u010drpalk - IMP Pumps","isPartOf":{"@id":"http:\/\/imp-pumps.com\/#website"},"datePublished":"2018-03-23T17:40:19+00:00","dateModified":"2026-03-20T10:45:24+00:00","breadcrumb":{"@id":"https:\/\/imp-pumps.com\/sl\/tipi-crpalk\/#breadcrumb"},"inLanguage":"sl-SI","potentialAction":[{"@type":"ReadAction","target":["https:\/\/imp-pumps.com\/sl\/tipi-crpalk\/"]}]},{"@type":"BreadcrumbList","@id":"https:\/\/imp-pumps.com\/sl\/tipi-crpalk\/#breadcrumb","itemListElement":[{"@type":"ListItem","position":1,"name":"Home","item":"https:\/\/imp-pumps.com\/sl\/"},{"@type":"ListItem","position":2,"name":"Tipi \u010drpalk"}]}]}},"_links":{"self":[{"href":"https:\/\/imp-pumps.com\/sl\/wp-json\/wp\/v2\/pages\/39573"}],"collection":[{"href":"https:\/\/imp-pumps.com\/sl\/wp-json\/wp\/v2\/pages"}],"about":[{"href":"https:\/\/imp-pumps.com\/sl\/wp-json\/wp\/v2\/types\/page"}],"author":[{"embeddable":true,"href":"https:\/\/imp-pumps.com\/sl\/wp-json\/wp\/v2\/users\/1"}],"replies":[{"embeddable":true,"href":"https:\/\/imp-pumps.com\/sl\/wp-json\/wp\/v2\/comments?post=39573"}],"version-history":[{"count":3,"href":"https:\/\/imp-pumps.com\/sl\/wp-json\/wp\/v2\/pages\/39573\/revisions"}],"predecessor-version":[{"id":156139,"href":"https:\/\/imp-pumps.com\/sl\/wp-json\/wp\/v2\/pages\/39573\/revisions\/156139"}],"wp:attachment":[{"href":"https:\/\/imp-pumps.com\/sl\/wp-json\/wp\/v2\/media?parent=39573"}],"curies":[{"name":"wp","href":"https:\/\/api.w.org\/{rel}","templated":true}]}}