{"id":13,"date":"2018-03-23T18:41:21","date_gmt":"2018-03-23T17:41:21","guid":{"rendered":"http:\/\/imp-pumps.com\/?page_id=13"},"modified":"2025-08-18T14:38:23","modified_gmt":"2025-08-18T12:38:23","slug":"kontakt","status":"publish","type":"page","link":"https:\/\/imp-pumps.com\/sl\/kontakt\/","title":{"rendered":"Kontakt"},"content":{"rendered":"<div class=\"contact-info-wrapper\">\n<div class=\"company-details\">\nIMP PUMPS d.o.o.<br \/>\nPod hrasti 28<br \/>\n1218 Komenda<br \/>\nSlovenija\n<\/div>\n<div class=\"company-phone\">\ntel: +386 (0)1 28 06 400<br \/>\nfax: +386 (0)1 28 06 460\n<\/div>\n<div class=\"company-email\">\ne-mail:<img style=\"border:none;\" src=\"\/wp-content\/uploads\/2019\/10\/download-1.png\"><\/p>\n<p>Ra\u010dunovodstvo:<br \/>\ntel: +386 (0)1 28 06 420<br \/>\ne-mail za po\u0161iljanje ra\u010dunov:<br \/>\n<a href=\"mailto:e-racuni@imp-pumps.si\">e-racuni@imp-pumps.si<\/a>\n<\/div>\n<\/div>\n<div class=\"contact-info-wrapper\">\n<div class=\"company-details2\">\n<p>IMP PUMPS d.o.o., PE Metlika<br \/>\nCesta XV. brigade 31,<br \/>\n8330 Metlika<br \/>\nSlovenija<\/p>\n<\/div>\n<div class=\"company-phone\">tel: +386 (0)7 369 17 50\n<\/div>\n<\/div>\n<div class=\"company-details2\">\nPOOBLA\u0160\u010cENI SERVISERJI:<\/p>\n<p>DM, d.o.o.<br \/>\nCESTA V LIPOVCE 33<br \/>\n1358 LOG PRI BREZOVICI<br \/>\nGSM: +386 (0)51 644 599<br \/>\nDirektor\/ kontakt: LUKA MALAVA\u0160I\u010c<br \/>\nemail: luka.dmdoo@gmail.com<br \/>\nweb: www.dm-doo.si<\/p>\n<p>SERVIS KOVA\u010c JANEZ s.p.<br \/>\nCesta XIV. divizije 36<br \/>\n3220 \u0160tore, Slovenija<br \/>\ntel.:+386 (0)3 7148 230<br \/>\nfax:+386 (0)3 5770 006<br \/>\nGSM: +386 (0)41 505 104<br \/>\nkontaktna oseba\/contact person: Janez Kova\u010d<br \/>\nemail: serviskovac@gmail.com<\/p>\n<p>PIAST d.o.o.<br \/>\nUlica Draga Kobala 22<br \/>\n2000 Maribor, Slovenija<br \/>\ntel.: + 386 (0)2 4711 022<br \/>\nfax: + 386 (0)2 4711 078<br \/>\nGSM: + 386 (0)41 662 981, + 386 (0)41 591 785<br \/>\nkontaktna oseba\/contact person: Du\u0161an Klako\u010der<br \/>\nemail: info@piast.si<br \/>\nweb: www.piast.si<\/p>\n<p>ELEKTROMEHANIKA ZVONAR d.o.o.<br \/>\nIndustrijska 4F<br \/>\n6310 Izola, Slovenija<br \/>\ntel.: +386 (0)5 64 18 051<br \/>\nfax: +386 (0)5 6418 051<br \/>\nGSM: +386 (0)40 665 100<br \/>\nkontaktna oseba\/contact person:ga. Ivana Zvonar<br \/>\nGSM: +386 (0)40 302 638<br \/>\nkontaktna oseba\/contact person:<br \/>\nga. Metka Kocjan\u010di\u010d<br \/>\nemail: info@zvonar.si<br \/>\nweb: www.elektromehanika-zvonar.si<\/p>\n<p>RE\u017dONJA d.o.o.<br \/>\nVelika Polana 184<br \/>\n9225 Velika Polana, Slovenija<br \/>\ntel.:+386 (02) 573 73 83<br \/>\nfax: + 386 2 573 73 84<br \/>\nGSM: + 386 41 648 572<br \/>\ncontact person\/kontaktna oseba: Stanko Re\u017eonja<br \/>\nemail: info@rezonja.si<br \/>\nweb: http:\/\/rezonja.si\/<\/p>\n<p>ELEKTROMEHANIKA GREGORC D.O.O.<br \/>\nTeneti\u0161e 14 A<br \/>\n6204 Golnik , Slovenija<br \/>\ntel.:+386 (0)4 25 66 333<br \/>\nfax: +386 (0)4 25 66 330<br \/>\nGSM: + 386 (0)51 230 656<br \/>\nkontaktna oseba\/contact person:<br \/>\ng. Gregorc Igor<br \/>\nemail: info@elektromehanika-gregorc.eu<br \/>\nweb: www.elektromehanika-gregorc.eu<\/p>\n<p>ELEKTROMEHANIKA KOFOL, Aljo\u0161a Kofol s.p.<br \/>\nDolenja Trebu\u0161a 67<br \/>\n5283 Slap Ob Idrijci, Slovenija<br \/>\nTel\/Fax: +386 (0)5 3805036<br \/>\nGSM: +386 (0)41 387448, +386 (0)41 616010<br \/>\nkontaktna oseba\/contact person: Aljo\u0161a Kofol, Slavko Kofol<br \/>\nemail: info@elektromehanika-kofol.si<br \/>\nweb: www.elektromehanika-kofol.si<\/p>\n<p>ELEKTROMEHANIKA NOVAK , DAVID NOVAK S.P.<br \/>\nRe\u0161ka cesta 13A<br \/>\n1330 Ko\u010devje, Slovenija<br \/>\ntel.: +386 (0)1 8951 816<br \/>\nfax: + 386 (0)1 8951 816<br \/>\nGSM: + 386 (0)41 426 092<br \/>\nkontaktna oseba\/contact person: David Novak<br \/>\nemail: elektromehanika.novak@gmail.com<\/p>\n<p>ELEKTRO PRISELAC, Jo\u017ee Priselac s.p.<br \/>\nDrska 64<br \/>\n8000 Novo mesto<br \/>\ntel.:+386 (0)7 3380 320<br \/>\nfax.+386 (0)59 07 32 66<br \/>\nGSM:+386 (0)31 651 760<br \/>\nkontaktna oseba\/contact person: Jo\u017ee Priselac<br \/>\nemail: josko.priselac@gmail.com<br \/>\nweb: www.elektro-priselac.com<\/p>\n<p>ELMI \u010crnomelj, d.o.o.<br \/>\nHeroja Mihel\u010di\u010da 6a, P.E. Majer 18b<br \/>\n8340 \u010crnomelj, Slovenija<br \/>\ntel.: +386 (0)7 3056 430, +386 (0)7 3056 431<br \/>\nfax: +386 (0)7 3052 391<br \/>\nGSM: +386 (0)40 844 366, +386 (0)40 640 606<br \/>\nkontaktna oseba\/contact person: Valentin Mirti\u010d, Igor Mirti\u010d<br \/>\ne-mail: servis@elmi.si<br \/>\nweb: www.elmi.si<\/p>\n<p>SERVIS \u010cRPALK SAMO TOMC s.p.<br \/>\nDelavnica: Dragomelj 136, 1230 DOM\u017dALE<br \/>\ntel.\/fax:+386 (0)1 3666 670<br \/>\nGSM: +386 (0)41 637 486<\/p>\n<p>SE-KU d.o.o.<br \/>\nLava 7<br \/>\n3000 Celje,Slovenija<br \/>\ntel.:+386 (0)3 5453 210<br \/>\nfax:+386 (0)3 4902 460<br \/>\nGSM: +386 (0)41 681 780<br \/>\nkontaktna oseba\/contact person: Gorazd Seli\u010d<br \/>\nemail: se-ku@siol.net<br \/>\nweb: www.se-ku.si<\/p>\n<\/div>\n<\/div>\n<\/div>\n","protected":false},"excerpt":{"rendered":"<p>IMP PUMPS d.o.o. Pod hrasti 28 1218 Komenda Slovenija tel: +386 (0)1 28&#8230;<\/p>\n","protected":false},"author":1,"featured_media":0,"parent":0,"menu_order":0,"comment_status":"closed","ping_status":"closed","template":"page-templates\/template-kontakt.php","meta":[],"acf":[],"yoast_head":"<!-- This site is optimized with the Yoast SEO plugin v17.8 - https:\/\/yoast.com\/wordpress\/plugins\/seo\/ -->\n<title>Kontakt - IMP Pumps<\/title>\n<meta name=\"robots\" content=\"index, follow, max-snippet:-1, max-image-preview:large, max-video-preview:-1\" \/>\n<link rel=\"canonical\" href=\"https:\/\/imp-pumps.com\/sl\/kontakt\/\" \/>\n<meta property=\"og:locale\" content=\"sl_SI\" \/>\n<meta property=\"og:type\" content=\"article\" \/>\n<meta property=\"og:title\" content=\"Kontakt - IMP Pumps\" \/>\n<meta property=\"og:description\" content=\"IMP PUMPS d.o.o. Pod hrasti 28 1218 Komenda Slovenija tel: +386 (0)1 28...\" \/>\n<meta property=\"og:url\" content=\"https:\/\/imp-pumps.com\/sl\/kontakt\/\" \/>\n<meta property=\"og:site_name\" content=\"IMP Pumps\" \/>\n<meta property=\"article:modified_time\" content=\"2025-08-18T12:38:23+00:00\" \/>\n<meta property=\"og:image\" content=\"https:\/\/imp-pumps.com\/wp-content\/uploads\/2019\/10\/download-1.png\" \/>\n<meta name=\"twitter:card\" content=\"summary_large_image\" \/>\n<meta name=\"twitter:label1\" content=\"Est. reading time\" \/>\n\t<meta name=\"twitter:data1\" content=\"2 minuti\" \/>\n<script type=\"application\/ld+json\" class=\"yoast-schema-graph\">{\"@context\":\"https:\/\/schema.org\",\"@graph\":[{\"@type\":\"WebSite\",\"@id\":\"http:\/\/imp-pumps.com\/#website\",\"url\":\"http:\/\/imp-pumps.com\/\",\"name\":\"IMP Pumps\",\"description\":\"\\u0160e eno spleti\\u0161\\u010de WordPress\",\"potentialAction\":[{\"@type\":\"SearchAction\",\"target\":{\"@type\":\"EntryPoint\",\"urlTemplate\":\"http:\/\/imp-pumps.com\/?s={search_term_string}\"},\"query-input\":\"required name=search_term_string\"}],\"inLanguage\":\"sl-SI\"},{\"@type\":\"ImageObject\",\"@id\":\"https:\/\/imp-pumps.com\/sl\/kontakt\/#primaryimage\",\"inLanguage\":\"sl-SI\",\"url\":\"\/wp-content\/uploads\/2019\/10\/download-1.png\",\"contentUrl\":\"\/wp-content\/uploads\/2019\/10\/download-1.png\"},{\"@type\":\"WebPage\",\"@id\":\"https:\/\/imp-pumps.com\/sl\/kontakt\/#webpage\",\"url\":\"https:\/\/imp-pumps.com\/sl\/kontakt\/\",\"name\":\"Kontakt - IMP Pumps\",\"isPartOf\":{\"@id\":\"http:\/\/imp-pumps.com\/#website\"},\"primaryImageOfPage\":{\"@id\":\"https:\/\/imp-pumps.com\/sl\/kontakt\/#primaryimage\"},\"datePublished\":\"2018-03-23T17:41:21+00:00\",\"dateModified\":\"2025-08-18T12:38:23+00:00\",\"breadcrumb\":{\"@id\":\"https:\/\/imp-pumps.com\/sl\/kontakt\/#breadcrumb\"},\"inLanguage\":\"sl-SI\",\"potentialAction\":[{\"@type\":\"ReadAction\",\"target\":[\"https:\/\/imp-pumps.com\/sl\/kontakt\/\"]}]},{\"@type\":\"BreadcrumbList\",\"@id\":\"https:\/\/imp-pumps.com\/sl\/kontakt\/#breadcrumb\",\"itemListElement\":[{\"@type\":\"ListItem\",\"position\":1,\"name\":\"Home\",\"item\":\"https:\/\/imp-pumps.com\/sl\/\"},{\"@type\":\"ListItem\",\"position\":2,\"name\":\"Kontakt\"}]}]}<\/script>\n<!-- \/ Yoast SEO plugin. -->","yoast_head_json":{"title":"Kontakt - IMP Pumps","robots":{"index":"index","follow":"follow","max-snippet":"max-snippet:-1","max-image-preview":"max-image-preview:large","max-video-preview":"max-video-preview:-1"},"canonical":"https:\/\/imp-pumps.com\/sl\/kontakt\/","og_locale":"sl_SI","og_type":"article","og_title":"Kontakt - IMP Pumps","og_description":"IMP PUMPS d.o.o. Pod hrasti 28 1218 Komenda Slovenija tel: +386 (0)1 28...","og_url":"https:\/\/imp-pumps.com\/sl\/kontakt\/","og_site_name":"IMP Pumps","article_modified_time":"2025-08-18T12:38:23+00:00","og_image":[{"url":"https:\/\/imp-pumps.com\/wp-content\/uploads\/2019\/10\/download-1.png"}],"twitter_card":"summary_large_image","twitter_misc":{"Est. reading time":"2 minuti"},"schema":{"@context":"https:\/\/schema.org","@graph":[{"@type":"WebSite","@id":"http:\/\/imp-pumps.com\/#website","url":"http:\/\/imp-pumps.com\/","name":"IMP Pumps","description":"\u0160e eno spleti\u0161\u010de WordPress","potentialAction":[{"@type":"SearchAction","target":{"@type":"EntryPoint","urlTemplate":"http:\/\/imp-pumps.com\/?s={search_term_string}"},"query-input":"required name=search_term_string"}],"inLanguage":"sl-SI"},{"@type":"ImageObject","@id":"https:\/\/imp-pumps.com\/sl\/kontakt\/#primaryimage","inLanguage":"sl-SI","url":"\/wp-content\/uploads\/2019\/10\/download-1.png","contentUrl":"\/wp-content\/uploads\/2019\/10\/download-1.png"},{"@type":"WebPage","@id":"https:\/\/imp-pumps.com\/sl\/kontakt\/#webpage","url":"https:\/\/imp-pumps.com\/sl\/kontakt\/","name":"Kontakt - IMP Pumps","isPartOf":{"@id":"http:\/\/imp-pumps.com\/#website"},"primaryImageOfPage":{"@id":"https:\/\/imp-pumps.com\/sl\/kontakt\/#primaryimage"},"datePublished":"2018-03-23T17:41:21+00:00","dateModified":"2025-08-18T12:38:23+00:00","breadcrumb":{"@id":"https:\/\/imp-pumps.com\/sl\/kontakt\/#breadcrumb"},"inLanguage":"sl-SI","potentialAction":[{"@type":"ReadAction","target":["https:\/\/imp-pumps.com\/sl\/kontakt\/"]}]},{"@type":"BreadcrumbList","@id":"https:\/\/imp-pumps.com\/sl\/kontakt\/#breadcrumb","itemListElement":[{"@type":"ListItem","position":1,"name":"Home","item":"https:\/\/imp-pumps.com\/sl\/"},{"@type":"ListItem","position":2,"name":"Kontakt"}]}]}},"_links":{"self":[{"href":"https:\/\/imp-pumps.com\/sl\/wp-json\/wp\/v2\/pages\/13"}],"collection":[{"href":"https:\/\/imp-pumps.com\/sl\/wp-json\/wp\/v2\/pages"}],"about":[{"href":"https:\/\/imp-pumps.com\/sl\/wp-json\/wp\/v2\/types\/page"}],"author":[{"embeddable":true,"href":"https:\/\/imp-pumps.com\/sl\/wp-json\/wp\/v2\/users\/1"}],"replies":[{"embeddable":true,"href":"https:\/\/imp-pumps.com\/sl\/wp-json\/wp\/v2\/comments?post=13"}],"version-history":[{"count":16,"href":"https:\/\/imp-pumps.com\/sl\/wp-json\/wp\/v2\/pages\/13\/revisions"}],"predecessor-version":[{"id":143159,"href":"https:\/\/imp-pumps.com\/sl\/wp-json\/wp\/v2\/pages\/13\/revisions\/143159"}],"wp:attachment":[{"href":"https:\/\/imp-pumps.com\/sl\/wp-json\/wp\/v2\/media?parent=13"}],"curies":[{"name":"wp","href":"https:\/\/api.w.org\/{rel}","templated":true}]}}