{"id":47503,"date":"2018-03-25T13:29:06","date_gmt":"2018-03-25T12:29:06","guid":{"rendered":"http:\/\/imp-pumps.com\/quality\/"},"modified":"2019-04-03T16:17:55","modified_gmt":"2019-04-03T14:17:55","slug":"kvalita","status":"publish","type":"page","link":"https:\/\/imp-pumps.com\/sk\/kvalita\/","title":{"rendered":"KVALITA"},"content":{"rendered":"<p style=\"font-weight: 400;\"><strong>Politika kvality vych\u00e1dza z v\u00edzie a poslania spolo\u010dnosti. Predpokladom pre \u00faspech na trhu je vysok\u00e1 \u00farove\u0148 kvality. Toto je za\u010dlenen\u00e9 do produktu vo v\u0161etk\u00fdch f\u00e1zach form\u00e1cie; od prieskumu trhu a\u017e po jeho dodanie. Iba t\u00fdmto sp\u00f4sobom m\u00f4\u017eeme naplni\u0165 na\u0161u strat\u00e9giu; dosiahnu\u0165 najvy\u0161\u0161iu \u00farove\u0148 kvality pri najni\u017e\u0161\u00edch n\u00e1kladoch. N\u00e1\u0161 syst\u00e9m kvality je postaven\u00fd v s\u00falade s po\u017eiadavkami normy ISO 9001: 2015.<\/strong><\/p>\n<p style=\"font-weight: 400;\">Pr\u00e1ca na\u0161ej spolo\u010dnosti je zalo\u017een\u00e1 na \u00fasil\u00ed v\u0161etk\u00fdch zamestnancov pracova\u0165 bez chyby, zodpovednej za ich vlastn\u00fa a spolo\u010dn\u00fa pr\u00e1cu. V\u00fdrobn\u00e9 pr\u00e1ce s\u00fa zalo\u017een\u00e9 na princ\u00edpe:<\/p>\n<p style=\"font-weight: 400;\">Neprij\u00edmajte produkty s chybou &#8211; Nevytv\u00e1rajte chyby &#8211; Nepos\u00favajte \u010falej produkty s chybou<\/p>\n<p style=\"font-weight: 400;\">Neust\u00e1le prisp\u00f4sobovanie sa po\u017eiadavk\u00e1m trhu, inov\u00e1cii a konkurencieschopnosti je zabezpe\u010den\u00e9 zapojen\u00edm v\u0161etk\u00fdch zamestnancov do procesu neust\u00e1leho zlep\u0161ovania. Neust\u00e1le zlep\u0161ujeme produkty, efekt\u00edvnos\u0165 procesov a kvalitu syst\u00e9mu riadenia. Politiku kvality vypracov\u00e1va riadite\u013e spolo\u010dnosti v spolupr\u00e1ci s veden\u00edm spolo\u010dnosti. Ka\u017ed\u00fd zamestnanec zodpoved\u00e1 za svoju pr\u00e1cu, ktor\u00fa mus\u00ed vykona\u0165 v s\u00falade s politikou kvality, \u0161tandardmi a in\u00fdm rokovac\u00edm poriadkom, aby splnil v\u0161etky o\u010dak\u00e1vania obchodn\u00fdch partnerov, z\u00e1kazn\u00edkov a pou\u017e\u00edvate\u013eov.<\/p>\n<p style=\"font-weight: 400;\">V\u0161etky procesy s\u00fa d\u00f4sledne zameran\u00e9 na efekt\u00edvnos\u0165 a 5S.<\/p>\n","protected":false},"excerpt":{"rendered":"<p>Politika kvality vych\u00e1dza z v\u00edzie a poslania spolo\u010dnosti. Predpokladom pre \u00faspech na trhu&#8230;<\/p>\n","protected":false},"author":1,"featured_media":46705,"parent":0,"menu_order":0,"comment_status":"closed","ping_status":"closed","template":"page-templates\/template-kakovost.php","meta":[],"acf":[],"yoast_head":"<!-- This site is optimized with the Yoast SEO plugin v17.8 - https:\/\/yoast.com\/wordpress\/plugins\/seo\/ -->\n<title>KVALITA - IMP Pumps<\/title>\n<meta name=\"robots\" content=\"index, follow, max-snippet:-1, max-image-preview:large, max-video-preview:-1\" \/>\n<link rel=\"canonical\" href=\"https:\/\/imp-pumps.com\/sk\/kvalita\/\" \/>\n<meta property=\"og:locale\" content=\"sk_SK\" \/>\n<meta property=\"og:type\" content=\"article\" \/>\n<meta property=\"og:title\" content=\"KVALITA - IMP Pumps\" \/>\n<meta property=\"og:description\" content=\"Politika kvality vych\u00e1dza z v\u00edzie a poslania spolo\u010dnosti. Predpokladom pre \u00faspech na trhu...\" \/>\n<meta property=\"og:url\" content=\"https:\/\/imp-pumps.com\/sk\/kvalita\/\" \/>\n<meta property=\"og:site_name\" content=\"IMP Pumps\" \/>\n<meta property=\"article:modified_time\" content=\"2019-04-03T14:17:55+00:00\" \/>\n<meta property=\"og:image\" content=\"https:\/\/imp-pumps.com\/wp-content\/uploads\/2018\/04\/kakovost-icon.png\" \/>\n\t<meta property=\"og:image:width\" content=\"176\" \/>\n\t<meta property=\"og:image:height\" content=\"176\" \/>\n<meta name=\"twitter:card\" content=\"summary_large_image\" \/>\n<meta name=\"twitter:label1\" content=\"Predpokladan\u00fd \u010das \u010d\u00edtania\" \/>\n\t<meta name=\"twitter:data1\" content=\"1 min\u00fata\" \/>\n<script type=\"application\/ld+json\" class=\"yoast-schema-graph\">{\"@context\":\"https:\/\/schema.org\",\"@graph\":[{\"@type\":\"WebSite\",\"@id\":\"http:\/\/imp-pumps.com\/#website\",\"url\":\"http:\/\/imp-pumps.com\/\",\"name\":\"IMP Pumps\",\"description\":\"\\u0160e eno spleti\\u0161\\u010de WordPress\",\"potentialAction\":[{\"@type\":\"SearchAction\",\"target\":{\"@type\":\"EntryPoint\",\"urlTemplate\":\"http:\/\/imp-pumps.com\/?s={search_term_string}\"},\"query-input\":\"required name=search_term_string\"}],\"inLanguage\":\"sk-SK\"},{\"@type\":\"ImageObject\",\"@id\":\"https:\/\/imp-pumps.com\/sk\/kvalita\/#primaryimage\",\"inLanguage\":\"sk-SK\",\"url\":\"https:\/\/imp-pumps.com\/wp-content\/uploads\/2018\/04\/kakovost-icon.png\",\"contentUrl\":\"https:\/\/imp-pumps.com\/wp-content\/uploads\/2018\/04\/kakovost-icon.png\",\"width\":176,\"height\":176},{\"@type\":\"WebPage\",\"@id\":\"https:\/\/imp-pumps.com\/sk\/kvalita\/#webpage\",\"url\":\"https:\/\/imp-pumps.com\/sk\/kvalita\/\",\"name\":\"KVALITA - IMP Pumps\",\"isPartOf\":{\"@id\":\"http:\/\/imp-pumps.com\/#website\"},\"primaryImageOfPage\":{\"@id\":\"https:\/\/imp-pumps.com\/sk\/kvalita\/#primaryimage\"},\"datePublished\":\"2018-03-25T12:29:06+00:00\",\"dateModified\":\"2019-04-03T14:17:55+00:00\",\"breadcrumb\":{\"@id\":\"https:\/\/imp-pumps.com\/sk\/kvalita\/#breadcrumb\"},\"inLanguage\":\"sk-SK\",\"potentialAction\":[{\"@type\":\"ReadAction\",\"target\":[\"https:\/\/imp-pumps.com\/sk\/kvalita\/\"]}]},{\"@type\":\"BreadcrumbList\",\"@id\":\"https:\/\/imp-pumps.com\/sk\/kvalita\/#breadcrumb\",\"itemListElement\":[{\"@type\":\"ListItem\",\"position\":1,\"name\":\"Home\",\"item\":\"https:\/\/imp-pumps.com\/sk\/\"},{\"@type\":\"ListItem\",\"position\":2,\"name\":\"KVALITA\"}]}]}<\/script>\n<!-- \/ Yoast SEO plugin. -->","yoast_head_json":{"title":"KVALITA - IMP Pumps","robots":{"index":"index","follow":"follow","max-snippet":"max-snippet:-1","max-image-preview":"max-image-preview:large","max-video-preview":"max-video-preview:-1"},"canonical":"https:\/\/imp-pumps.com\/sk\/kvalita\/","og_locale":"sk_SK","og_type":"article","og_title":"KVALITA - IMP Pumps","og_description":"Politika kvality vych\u00e1dza z v\u00edzie a poslania spolo\u010dnosti. Predpokladom pre \u00faspech na trhu...","og_url":"https:\/\/imp-pumps.com\/sk\/kvalita\/","og_site_name":"IMP Pumps","article_modified_time":"2019-04-03T14:17:55+00:00","og_image":[{"width":176,"height":176,"url":"https:\/\/imp-pumps.com\/wp-content\/uploads\/2018\/04\/kakovost-icon.png","type":"image\/png"}],"twitter_card":"summary_large_image","twitter_misc":{"Predpokladan\u00fd \u010das \u010d\u00edtania":"1 min\u00fata"},"schema":{"@context":"https:\/\/schema.org","@graph":[{"@type":"WebSite","@id":"http:\/\/imp-pumps.com\/#website","url":"http:\/\/imp-pumps.com\/","name":"IMP Pumps","description":"\u0160e eno spleti\u0161\u010de WordPress","potentialAction":[{"@type":"SearchAction","target":{"@type":"EntryPoint","urlTemplate":"http:\/\/imp-pumps.com\/?s={search_term_string}"},"query-input":"required name=search_term_string"}],"inLanguage":"sk-SK"},{"@type":"ImageObject","@id":"https:\/\/imp-pumps.com\/sk\/kvalita\/#primaryimage","inLanguage":"sk-SK","url":"https:\/\/imp-pumps.com\/wp-content\/uploads\/2018\/04\/kakovost-icon.png","contentUrl":"https:\/\/imp-pumps.com\/wp-content\/uploads\/2018\/04\/kakovost-icon.png","width":176,"height":176},{"@type":"WebPage","@id":"https:\/\/imp-pumps.com\/sk\/kvalita\/#webpage","url":"https:\/\/imp-pumps.com\/sk\/kvalita\/","name":"KVALITA - IMP Pumps","isPartOf":{"@id":"http:\/\/imp-pumps.com\/#website"},"primaryImageOfPage":{"@id":"https:\/\/imp-pumps.com\/sk\/kvalita\/#primaryimage"},"datePublished":"2018-03-25T12:29:06+00:00","dateModified":"2019-04-03T14:17:55+00:00","breadcrumb":{"@id":"https:\/\/imp-pumps.com\/sk\/kvalita\/#breadcrumb"},"inLanguage":"sk-SK","potentialAction":[{"@type":"ReadAction","target":["https:\/\/imp-pumps.com\/sk\/kvalita\/"]}]},{"@type":"BreadcrumbList","@id":"https:\/\/imp-pumps.com\/sk\/kvalita\/#breadcrumb","itemListElement":[{"@type":"ListItem","position":1,"name":"Home","item":"https:\/\/imp-pumps.com\/sk\/"},{"@type":"ListItem","position":2,"name":"KVALITA"}]}]}},"_links":{"self":[{"href":"https:\/\/imp-pumps.com\/sk\/wp-json\/wp\/v2\/pages\/47503"}],"collection":[{"href":"https:\/\/imp-pumps.com\/sk\/wp-json\/wp\/v2\/pages"}],"about":[{"href":"https:\/\/imp-pumps.com\/sk\/wp-json\/wp\/v2\/types\/page"}],"author":[{"embeddable":true,"href":"https:\/\/imp-pumps.com\/sk\/wp-json\/wp\/v2\/users\/1"}],"replies":[{"embeddable":true,"href":"https:\/\/imp-pumps.com\/sk\/wp-json\/wp\/v2\/comments?post=47503"}],"version-history":[{"count":0,"href":"https:\/\/imp-pumps.com\/sk\/wp-json\/wp\/v2\/pages\/47503\/revisions"}],"wp:featuredmedia":[{"embeddable":true,"href":"https:\/\/imp-pumps.com\/sk\/wp-json\/wp\/v2\/media\/46705"}],"wp:attachment":[{"href":"https:\/\/imp-pumps.com\/sk\/wp-json\/wp\/v2\/media?parent=47503"}],"curies":[{"name":"wp","href":"https:\/\/api.w.org\/{rel}","templated":true}]}}