{"id":47501,"date":"2018-03-23T18:40:19","date_gmt":"2018-03-23T17:40:19","guid":{"rendered":"http:\/\/imp-pumps.com\/pump-categories\/"},"modified":"2026-03-20T11:44:34","modified_gmt":"2026-03-20T10:44:34","slug":"kategorie-cerpadiel","status":"publish","type":"page","link":"https:\/\/imp-pumps.com\/sk\/kategorie-cerpadiel\/","title":{"rendered":"Kateg\u00f3rie \u010derpadiel"},"content":{"rendered":"<p>Z\u00e1kladn\u00fdm v\u00fdrobn\u00fdm programom IMP PUMPS s\u00fa cirkula\u010dn\u00e9 \u010derpadl\u00e1 pre HVAC aplik\u00e1cie. \u010cerpadl\u00e1 s\u00fa pr\u00edrubov\u00e9 alebo z\u00e1vitov\u00e9 a maj\u00fa jednoduch\u00fd alebo dvojit\u00fd dizajn s bronzov\u00fdm alebo liatinov\u00fdm p\u00fazdrom. V\u0161etky liatinov\u00e9 hydrauliky s\u00fa o\u0161etren\u00e9 katafor\u00e9zou. Pre jednoduch\u0161iu vo\u013ebu s\u00fa \u010derpadl\u00e1 rozdelen\u00e9 do 5 hlavn\u00fdch kateg\u00f3ri\u00ed: NMT, GHN, MULTISTAGE, INLINE a SAN.<\/p>\n","protected":false},"excerpt":{"rendered":"<p>Z\u00e1kladn\u00fdm v\u00fdrobn\u00fdm programom IMP PUMPS s\u00fa cirkula\u010dn\u00e9 \u010derpadl\u00e1 pre HVAC aplik\u00e1cie. \u010cerpadl\u00e1 s\u00fa&#8230;<\/p>\n","protected":false},"author":1,"featured_media":0,"parent":0,"menu_order":0,"comment_status":"closed","ping_status":"closed","template":"page-templates\/template-kategorije-crpalk.php","meta":[],"acf":[],"yoast_head":"<!-- This site is optimized with the Yoast SEO plugin v17.8 - https:\/\/yoast.com\/wordpress\/plugins\/seo\/ -->\n<title>Kateg\u00f3rie \u010derpadiel - IMP Pumps<\/title>\n<meta name=\"robots\" content=\"index, follow, max-snippet:-1, max-image-preview:large, max-video-preview:-1\" \/>\n<link rel=\"canonical\" href=\"https:\/\/imp-pumps.com\/sk\/kategorie-cerpadiel\/\" \/>\n<meta property=\"og:locale\" content=\"sk_SK\" \/>\n<meta property=\"og:type\" content=\"article\" \/>\n<meta property=\"og:title\" content=\"Kateg\u00f3rie \u010derpadiel - IMP Pumps\" \/>\n<meta property=\"og:description\" content=\"Z\u00e1kladn\u00fdm v\u00fdrobn\u00fdm programom IMP PUMPS s\u00fa cirkula\u010dn\u00e9 \u010derpadl\u00e1 pre HVAC aplik\u00e1cie. \u010cerpadl\u00e1 s\u00fa...\" \/>\n<meta property=\"og:url\" content=\"https:\/\/imp-pumps.com\/sk\/kategorie-cerpadiel\/\" \/>\n<meta property=\"og:site_name\" content=\"IMP Pumps\" \/>\n<meta property=\"article:modified_time\" content=\"2026-03-20T10:44:34+00:00\" \/>\n<meta name=\"twitter:card\" content=\"summary_large_image\" \/>\n<script type=\"application\/ld+json\" class=\"yoast-schema-graph\">{\"@context\":\"https:\/\/schema.org\",\"@graph\":[{\"@type\":\"WebSite\",\"@id\":\"http:\/\/imp-pumps.com\/#website\",\"url\":\"http:\/\/imp-pumps.com\/\",\"name\":\"IMP Pumps\",\"description\":\"\\u0160e eno spleti\\u0161\\u010de WordPress\",\"potentialAction\":[{\"@type\":\"SearchAction\",\"target\":{\"@type\":\"EntryPoint\",\"urlTemplate\":\"http:\/\/imp-pumps.com\/?s={search_term_string}\"},\"query-input\":\"required name=search_term_string\"}],\"inLanguage\":\"sk-SK\"},{\"@type\":\"WebPage\",\"@id\":\"https:\/\/imp-pumps.com\/sk\/kategorie-cerpadiel\/#webpage\",\"url\":\"https:\/\/imp-pumps.com\/sk\/kategorie-cerpadiel\/\",\"name\":\"Kateg\\u00f3rie \\u010derpadiel - IMP Pumps\",\"isPartOf\":{\"@id\":\"http:\/\/imp-pumps.com\/#website\"},\"datePublished\":\"2018-03-23T17:40:19+00:00\",\"dateModified\":\"2026-03-20T10:44:34+00:00\",\"breadcrumb\":{\"@id\":\"https:\/\/imp-pumps.com\/sk\/kategorie-cerpadiel\/#breadcrumb\"},\"inLanguage\":\"sk-SK\",\"potentialAction\":[{\"@type\":\"ReadAction\",\"target\":[\"https:\/\/imp-pumps.com\/sk\/kategorie-cerpadiel\/\"]}]},{\"@type\":\"BreadcrumbList\",\"@id\":\"https:\/\/imp-pumps.com\/sk\/kategorie-cerpadiel\/#breadcrumb\",\"itemListElement\":[{\"@type\":\"ListItem\",\"position\":1,\"name\":\"Home\",\"item\":\"https:\/\/imp-pumps.com\/sk\/\"},{\"@type\":\"ListItem\",\"position\":2,\"name\":\"Kateg\\u00f3rie \\u010derpadiel\"}]}]}<\/script>\n<!-- \/ Yoast SEO plugin. -->","yoast_head_json":{"title":"Kateg\u00f3rie \u010derpadiel - IMP Pumps","robots":{"index":"index","follow":"follow","max-snippet":"max-snippet:-1","max-image-preview":"max-image-preview:large","max-video-preview":"max-video-preview:-1"},"canonical":"https:\/\/imp-pumps.com\/sk\/kategorie-cerpadiel\/","og_locale":"sk_SK","og_type":"article","og_title":"Kateg\u00f3rie \u010derpadiel - IMP Pumps","og_description":"Z\u00e1kladn\u00fdm v\u00fdrobn\u00fdm programom IMP PUMPS s\u00fa cirkula\u010dn\u00e9 \u010derpadl\u00e1 pre HVAC aplik\u00e1cie. \u010cerpadl\u00e1 s\u00fa...","og_url":"https:\/\/imp-pumps.com\/sk\/kategorie-cerpadiel\/","og_site_name":"IMP Pumps","article_modified_time":"2026-03-20T10:44:34+00:00","twitter_card":"summary_large_image","schema":{"@context":"https:\/\/schema.org","@graph":[{"@type":"WebSite","@id":"http:\/\/imp-pumps.com\/#website","url":"http:\/\/imp-pumps.com\/","name":"IMP Pumps","description":"\u0160e eno spleti\u0161\u010de WordPress","potentialAction":[{"@type":"SearchAction","target":{"@type":"EntryPoint","urlTemplate":"http:\/\/imp-pumps.com\/?s={search_term_string}"},"query-input":"required name=search_term_string"}],"inLanguage":"sk-SK"},{"@type":"WebPage","@id":"https:\/\/imp-pumps.com\/sk\/kategorie-cerpadiel\/#webpage","url":"https:\/\/imp-pumps.com\/sk\/kategorie-cerpadiel\/","name":"Kateg\u00f3rie \u010derpadiel - IMP Pumps","isPartOf":{"@id":"http:\/\/imp-pumps.com\/#website"},"datePublished":"2018-03-23T17:40:19+00:00","dateModified":"2026-03-20T10:44:34+00:00","breadcrumb":{"@id":"https:\/\/imp-pumps.com\/sk\/kategorie-cerpadiel\/#breadcrumb"},"inLanguage":"sk-SK","potentialAction":[{"@type":"ReadAction","target":["https:\/\/imp-pumps.com\/sk\/kategorie-cerpadiel\/"]}]},{"@type":"BreadcrumbList","@id":"https:\/\/imp-pumps.com\/sk\/kategorie-cerpadiel\/#breadcrumb","itemListElement":[{"@type":"ListItem","position":1,"name":"Home","item":"https:\/\/imp-pumps.com\/sk\/"},{"@type":"ListItem","position":2,"name":"Kateg\u00f3rie \u010derpadiel"}]}]}},"_links":{"self":[{"href":"https:\/\/imp-pumps.com\/sk\/wp-json\/wp\/v2\/pages\/47501"}],"collection":[{"href":"https:\/\/imp-pumps.com\/sk\/wp-json\/wp\/v2\/pages"}],"about":[{"href":"https:\/\/imp-pumps.com\/sk\/wp-json\/wp\/v2\/types\/page"}],"author":[{"embeddable":true,"href":"https:\/\/imp-pumps.com\/sk\/wp-json\/wp\/v2\/users\/1"}],"replies":[{"embeddable":true,"href":"https:\/\/imp-pumps.com\/sk\/wp-json\/wp\/v2\/comments?post=47501"}],"version-history":[{"count":2,"href":"https:\/\/imp-pumps.com\/sk\/wp-json\/wp\/v2\/pages\/47501\/revisions"}],"predecessor-version":[{"id":156138,"href":"https:\/\/imp-pumps.com\/sk\/wp-json\/wp\/v2\/pages\/47501\/revisions\/156138"}],"wp:attachment":[{"href":"https:\/\/imp-pumps.com\/sk\/wp-json\/wp\/v2\/media?parent=47501"}],"curies":[{"name":"wp","href":"https:\/\/api.w.org\/{rel}","templated":true}]}}