{"id":47491,"date":"2018-04-18T08:07:09","date_gmt":"2018-04-18T07:07:09","guid":{"rendered":"http:\/\/imp-pumps.com\/about-us\/"},"modified":"2020-02-10T09:17:06","modified_gmt":"2020-02-10T08:17:06","slug":"o-nas","status":"publish","type":"page","link":"https:\/\/imp-pumps.com\/sk\/o-nas\/","title":{"rendered":"O n\u00e1s"},"content":{"rendered":"<p><strong>IMP Pumps d.o.o. je slovinsk\u00fd v\u00fdrobca \u010derpadiel a \u010derpac\u00edch syst\u00e9mov so s\u00eddlom v Komende v Slovinsku. Spolo\u010dnos\u0165 navrhuje, vyv\u00edja, vyr\u00e1ba, distribuuje a vykon\u00e1va \u00fadr\u017ebu pre \u010derpadl\u00e1 a \u010derpacie syst\u00e9my. <\/strong><\/p>\n<p>S vlastn\u00fdmi produktmi a slu\u017ebami pomocou strategick\u00fdch partnerov je spolo\u010dnos\u0165 veden\u00e1 ako poskytovate\u013e integrovan\u00fdch rie\u0161en\u00ed. So \u0161pecializovan\u00fdmi zru\u010dnos\u0165ami spolo\u010dnos\u0165 rie\u0161i probl\u00e9my spojen\u00e9 s prepravou tekut\u00fdch m\u00e9di\u00ed. To zais\u0165uje pohodlie dom\u00e1ceho prostredia a optim\u00e1lne pracovn\u00e9 podmienky v priemysle.<\/p>\n","protected":false},"excerpt":{"rendered":"<p>IMP Pumps d.o.o. je slovinsk\u00fd v\u00fdrobca \u010derpadiel a \u010derpac\u00edch syst\u00e9mov so s\u00eddlom v&#8230;<\/p>\n","protected":false},"author":1,"featured_media":46704,"parent":0,"menu_order":0,"comment_status":"closed","ping_status":"closed","template":"page-templates\/template-o-podjetju.php","meta":[],"acf":[],"yoast_head":"<!-- This site is optimized with the Yoast SEO plugin v17.8 - https:\/\/yoast.com\/wordpress\/plugins\/seo\/ -->\n<title>O n\u00e1s - IMP Pumps<\/title>\n<meta name=\"robots\" content=\"index, follow, max-snippet:-1, max-image-preview:large, max-video-preview:-1\" \/>\n<link rel=\"canonical\" href=\"https:\/\/imp-pumps.com\/sk\/o-nas\/\" \/>\n<meta property=\"og:locale\" content=\"sk_SK\" \/>\n<meta property=\"og:type\" content=\"article\" \/>\n<meta property=\"og:title\" content=\"O n\u00e1s - IMP Pumps\" \/>\n<meta property=\"og:description\" content=\"IMP Pumps d.o.o. je slovinsk\u00fd v\u00fdrobca \u010derpadiel a \u010derpac\u00edch syst\u00e9mov so s\u00eddlom v...\" \/>\n<meta property=\"og:url\" content=\"https:\/\/imp-pumps.com\/sk\/o-nas\/\" \/>\n<meta property=\"og:site_name\" content=\"IMP Pumps\" \/>\n<meta property=\"article:modified_time\" content=\"2020-02-10T08:17:06+00:00\" \/>\n<meta property=\"og:image\" content=\"https:\/\/imp-pumps.com\/wp-content\/uploads\/2018\/04\/opodjetju-icon.png\" \/>\n\t<meta property=\"og:image:width\" content=\"176\" \/>\n\t<meta property=\"og:image:height\" content=\"176\" \/>\n<meta name=\"twitter:card\" content=\"summary_large_image\" \/>\n<script type=\"application\/ld+json\" class=\"yoast-schema-graph\">{\"@context\":\"https:\/\/schema.org\",\"@graph\":[{\"@type\":\"WebSite\",\"@id\":\"http:\/\/imp-pumps.com\/#website\",\"url\":\"http:\/\/imp-pumps.com\/\",\"name\":\"IMP Pumps\",\"description\":\"\\u0160e eno spleti\\u0161\\u010de WordPress\",\"potentialAction\":[{\"@type\":\"SearchAction\",\"target\":{\"@type\":\"EntryPoint\",\"urlTemplate\":\"http:\/\/imp-pumps.com\/?s={search_term_string}\"},\"query-input\":\"required name=search_term_string\"}],\"inLanguage\":\"sk-SK\"},{\"@type\":\"ImageObject\",\"@id\":\"https:\/\/imp-pumps.com\/sk\/o-nas\/#primaryimage\",\"inLanguage\":\"sk-SK\",\"url\":\"https:\/\/imp-pumps.com\/wp-content\/uploads\/2018\/04\/opodjetju-icon.png\",\"contentUrl\":\"https:\/\/imp-pumps.com\/wp-content\/uploads\/2018\/04\/opodjetju-icon.png\",\"width\":176,\"height\":176},{\"@type\":\"WebPage\",\"@id\":\"https:\/\/imp-pumps.com\/sk\/o-nas\/#webpage\",\"url\":\"https:\/\/imp-pumps.com\/sk\/o-nas\/\",\"name\":\"O n\\u00e1s - IMP Pumps\",\"isPartOf\":{\"@id\":\"http:\/\/imp-pumps.com\/#website\"},\"primaryImageOfPage\":{\"@id\":\"https:\/\/imp-pumps.com\/sk\/o-nas\/#primaryimage\"},\"datePublished\":\"2018-04-18T07:07:09+00:00\",\"dateModified\":\"2020-02-10T08:17:06+00:00\",\"breadcrumb\":{\"@id\":\"https:\/\/imp-pumps.com\/sk\/o-nas\/#breadcrumb\"},\"inLanguage\":\"sk-SK\",\"potentialAction\":[{\"@type\":\"ReadAction\",\"target\":[\"https:\/\/imp-pumps.com\/sk\/o-nas\/\"]}]},{\"@type\":\"BreadcrumbList\",\"@id\":\"https:\/\/imp-pumps.com\/sk\/o-nas\/#breadcrumb\",\"itemListElement\":[{\"@type\":\"ListItem\",\"position\":1,\"name\":\"Home\",\"item\":\"https:\/\/imp-pumps.com\/sk\/\"},{\"@type\":\"ListItem\",\"position\":2,\"name\":\"O n\\u00e1s\"}]}]}<\/script>\n<!-- \/ Yoast SEO plugin. -->","yoast_head_json":{"title":"O n\u00e1s - IMP Pumps","robots":{"index":"index","follow":"follow","max-snippet":"max-snippet:-1","max-image-preview":"max-image-preview:large","max-video-preview":"max-video-preview:-1"},"canonical":"https:\/\/imp-pumps.com\/sk\/o-nas\/","og_locale":"sk_SK","og_type":"article","og_title":"O n\u00e1s - IMP Pumps","og_description":"IMP Pumps d.o.o. je slovinsk\u00fd v\u00fdrobca \u010derpadiel a \u010derpac\u00edch syst\u00e9mov so s\u00eddlom v...","og_url":"https:\/\/imp-pumps.com\/sk\/o-nas\/","og_site_name":"IMP Pumps","article_modified_time":"2020-02-10T08:17:06+00:00","og_image":[{"width":176,"height":176,"url":"https:\/\/imp-pumps.com\/wp-content\/uploads\/2018\/04\/opodjetju-icon.png","type":"image\/png"}],"twitter_card":"summary_large_image","schema":{"@context":"https:\/\/schema.org","@graph":[{"@type":"WebSite","@id":"http:\/\/imp-pumps.com\/#website","url":"http:\/\/imp-pumps.com\/","name":"IMP Pumps","description":"\u0160e eno spleti\u0161\u010de WordPress","potentialAction":[{"@type":"SearchAction","target":{"@type":"EntryPoint","urlTemplate":"http:\/\/imp-pumps.com\/?s={search_term_string}"},"query-input":"required name=search_term_string"}],"inLanguage":"sk-SK"},{"@type":"ImageObject","@id":"https:\/\/imp-pumps.com\/sk\/o-nas\/#primaryimage","inLanguage":"sk-SK","url":"https:\/\/imp-pumps.com\/wp-content\/uploads\/2018\/04\/opodjetju-icon.png","contentUrl":"https:\/\/imp-pumps.com\/wp-content\/uploads\/2018\/04\/opodjetju-icon.png","width":176,"height":176},{"@type":"WebPage","@id":"https:\/\/imp-pumps.com\/sk\/o-nas\/#webpage","url":"https:\/\/imp-pumps.com\/sk\/o-nas\/","name":"O n\u00e1s - IMP Pumps","isPartOf":{"@id":"http:\/\/imp-pumps.com\/#website"},"primaryImageOfPage":{"@id":"https:\/\/imp-pumps.com\/sk\/o-nas\/#primaryimage"},"datePublished":"2018-04-18T07:07:09+00:00","dateModified":"2020-02-10T08:17:06+00:00","breadcrumb":{"@id":"https:\/\/imp-pumps.com\/sk\/o-nas\/#breadcrumb"},"inLanguage":"sk-SK","potentialAction":[{"@type":"ReadAction","target":["https:\/\/imp-pumps.com\/sk\/o-nas\/"]}]},{"@type":"BreadcrumbList","@id":"https:\/\/imp-pumps.com\/sk\/o-nas\/#breadcrumb","itemListElement":[{"@type":"ListItem","position":1,"name":"Home","item":"https:\/\/imp-pumps.com\/sk\/"},{"@type":"ListItem","position":2,"name":"O n\u00e1s"}]}]}},"_links":{"self":[{"href":"https:\/\/imp-pumps.com\/sk\/wp-json\/wp\/v2\/pages\/47491"}],"collection":[{"href":"https:\/\/imp-pumps.com\/sk\/wp-json\/wp\/v2\/pages"}],"about":[{"href":"https:\/\/imp-pumps.com\/sk\/wp-json\/wp\/v2\/types\/page"}],"author":[{"embeddable":true,"href":"https:\/\/imp-pumps.com\/sk\/wp-json\/wp\/v2\/users\/1"}],"replies":[{"embeddable":true,"href":"https:\/\/imp-pumps.com\/sk\/wp-json\/wp\/v2\/comments?post=47491"}],"version-history":[{"count":1,"href":"https:\/\/imp-pumps.com\/sk\/wp-json\/wp\/v2\/pages\/47491\/revisions"}],"predecessor-version":[{"id":65658,"href":"https:\/\/imp-pumps.com\/sk\/wp-json\/wp\/v2\/pages\/47491\/revisions\/65658"}],"wp:featuredmedia":[{"embeddable":true,"href":"https:\/\/imp-pumps.com\/sk\/wp-json\/wp\/v2\/media\/46704"}],"wp:attachment":[{"href":"https:\/\/imp-pumps.com\/sk\/wp-json\/wp\/v2\/media?parent=47491"}],"curies":[{"name":"wp","href":"https:\/\/api.w.org\/{rel}","templated":true}]}}