{"id":39607,"date":"2018-04-18T08:07:09","date_gmt":"2018-04-18T07:07:09","guid":{"rendered":"http:\/\/imp-pumps.com\/about-us\/"},"modified":"2020-02-10T09:15:45","modified_gmt":"2020-02-10T08:15:45","slug":"%d0%be-%d0%bd%d0%b0%d1%81","status":"publish","type":"page","link":"https:\/\/imp-pumps.com\/ru\/%d0%be-%d0%bd%d0%b0%d1%81\/","title":{"rendered":"\u041e \u041d\u0410\u0421"},"content":{"rendered":"<p><strong>\u041a\u043e\u043c\u043f\u0430\u043d\u0438\u044f IMP PUMPS \u044f\u0432\u043b\u044f\u0435\u0442\u0441\u044f \u043f\u0440\u043e\u0438\u0437\u0432\u043e\u0434\u0438\u0442\u0435\u043b\u0435\u043c \u043d\u0430\u0441\u043e\u0441\u043d\u044b\u0445 \u0441\u0438\u0441\u0442\u0435\u043c, \u0440\u0430\u0441\u043f\u043e\u043b\u043e\u0436\u0435\u043d\u043d\u044b\u043c \u0432 \u0433. \u041a\u043e\u043c\u0435\u043d\u0434\u0430 (\u0421\u043b\u043e\u0432\u0435\u043d\u0438\u044f). \u041c\u044b \u043e\u0441\u0443\u0449\u0435\u0441\u0442\u0432\u043b\u044f\u0435\u043c \u043f\u0440\u043e\u0435\u043a\u0442\u0438\u0440\u043e\u0432\u0430\u043d\u0438\u0435, \u043f\u0440\u043e\u0438\u0437\u0432\u043e\u0434\u0441\u0442\u0432\u043e, \u0441\u0431\u044b\u0442 \u0438 \u0442\u0435\u0445\u043d\u0438\u0447\u0435\u0441\u043a\u043e\u0435 \u043e\u0431\u0441\u043b\u0443\u0436\u0438\u0432\u0430\u043d\u0438\u0435 \u043d\u0430\u0441\u043e\u0441\u043e\u0432 \u0438 \u043d\u0430\u0441\u043e\u0441\u043d\u044b\u0445 \u0441\u0438\u0441\u0442\u0435\u043c<\/strong>.<\/p>\n<p>\u041a\u043e\u043c\u043f\u0430\u043d\u0438\u044f \u043f\u0440\u0435\u0434\u043b\u0430\u0433\u0430\u0435\u0442 \u0448\u0438\u0440\u043e\u043a\u0438\u0439 \u0441\u043f\u0435\u043a\u0442\u0440 \u043f\u0440\u043e\u0434\u0443\u043a\u0446\u0438\u0438 \u0438 \u0443\u0441\u043b\u0443\u0433, \u043a\u0430\u043a \u0441\u0432\u043e\u0438\u0445, \u0442\u0430\u043a \u0438 \u0441\u0442\u0440\u0430\u0442\u0435\u0433\u0438\u0447\u0435\u0441\u043a\u0438\u0445 \u043f\u0430\u0440\u0442\u043d\u0435\u0440\u043e\u0432, \u0430 \u0442\u0430\u043a \u0436\u0435 \u044f\u0432\u043b\u044f\u0435\u0442\u0441\u044f \u043f\u043e\u0441\u0442\u0430\u0432\u0449\u0438\u043a\u043e\u043c \u043a\u043e\u043c\u043f\u043b\u0435\u043a\u0441\u043d\u044b\u0445 \u0440\u0435\u0448\u0435\u043d\u0438\u0439. \u0411\u043b\u0430\u0433\u043e\u0434\u0430\u0440\u044f \u043d\u0430\u043a\u043e\u043f\u043b\u0435\u043d\u043d\u044b\u043c \u044d\u043a\u0441\u043f\u0435\u0440\u0442\u043d\u044b\u043c \u0437\u043d\u0430\u043d\u0438\u044f\u043c \u043c\u044b \u0440\u0435\u0448\u0430\u0435\u043c \u0441\u0430\u043c\u044b\u0435 \u0440\u0430\u0437\u043d\u043e\u043e\u0431\u0440\u0430\u0437\u043d\u044b\u0435 \u0442\u0435\u0445\u043d\u0438\u0447\u0435\u0441\u043a\u0438\u0435 \u0437\u0430\u0434\u0430\u0447\u0438 \u043f\u043e \u043f\u0435\u0440\u0435\u043a\u0430\u0447\u0438\u0432\u0430\u043d\u0438\u044e \u0436\u0438\u0434\u043a\u0438\u0445 \u0441\u0440\u0435\u0434. \u0422\u0435\u043c \u0441\u0430\u043c\u044b\u043c, \u043c\u044b \u0437\u0430\u0431\u043e\u0442\u0438\u043c\u0441\u044f \u043e \u043a\u043e\u043c\u0444\u043e\u0440\u0442\u0435 \u0432 \u0432\u0430\u0448\u0435\u043c \u0434\u043e\u043c\u0435 \u0438 \u0441\u043e\u0437\u0434\u0430\u0435\u043c \u043e\u043f\u0442\u0438\u043c\u0430\u043b\u044c\u043d\u044b\u0435 \u0440\u0430\u0431\u043e\u0447\u0438\u0435 \u0443\u0441\u043b\u043e\u0432\u0438\u044f \u043d\u0430 \u043f\u0440\u043e\u0438\u0437\u0432\u043e\u0434\u0441\u0442\u0432\u0435.<\/p>\n","protected":false},"excerpt":{"rendered":"<p>\u041a\u043e\u043c\u043f\u0430\u043d\u0438\u044f IMP PUMPS \u044f\u0432\u043b\u044f\u0435\u0442\u0441\u044f \u043f\u0440\u043e\u0438\u0437\u0432\u043e\u0434\u0438\u0442\u0435\u043b\u0435\u043c \u043d\u0430\u0441\u043e\u0441\u043d\u044b\u0445 \u0441\u0438\u0441\u0442\u0435\u043c, \u0440\u0430\u0441\u043f\u043e\u043b\u043e\u0436\u0435\u043d\u043d\u044b\u043c \u0432 \u0433. \u041a\u043e\u043c\u0435\u043d\u0434\u0430 (\u0421\u043b\u043e\u0432\u0435\u043d\u0438\u044f). \u041c\u044b&#8230;<\/p>\n","protected":false},"author":1,"featured_media":41550,"parent":0,"menu_order":0,"comment_status":"closed","ping_status":"closed","template":"page-templates\/template-o-podjetju.php","meta":[],"acf":[],"yoast_head":"<!-- This site is optimized with the Yoast SEO plugin v17.8 - https:\/\/yoast.com\/wordpress\/plugins\/seo\/ -->\n<title>\u041e \u041d\u0410\u0421 - IMP Pumps<\/title>\n<meta name=\"robots\" content=\"index, follow, max-snippet:-1, max-image-preview:large, max-video-preview:-1\" \/>\n<link rel=\"canonical\" href=\"https:\/\/imp-pumps.com\/ru\/\u043e-\u043d\u0430\u0441\/\" \/>\n<meta property=\"og:locale\" content=\"ru_RU\" \/>\n<meta property=\"og:type\" content=\"article\" \/>\n<meta property=\"og:title\" content=\"\u041e \u041d\u0410\u0421 - IMP Pumps\" \/>\n<meta property=\"og:description\" content=\"\u041a\u043e\u043c\u043f\u0430\u043d\u0438\u044f IMP PUMPS \u044f\u0432\u043b\u044f\u0435\u0442\u0441\u044f \u043f\u0440\u043e\u0438\u0437\u0432\u043e\u0434\u0438\u0442\u0435\u043b\u0435\u043c \u043d\u0430\u0441\u043e\u0441\u043d\u044b\u0445 \u0441\u0438\u0441\u0442\u0435\u043c, \u0440\u0430\u0441\u043f\u043e\u043b\u043e\u0436\u0435\u043d\u043d\u044b\u043c \u0432 \u0433. \u041a\u043e\u043c\u0435\u043d\u0434\u0430 (\u0421\u043b\u043e\u0432\u0435\u043d\u0438\u044f). \u041c\u044b...\" \/>\n<meta property=\"og:url\" content=\"https:\/\/imp-pumps.com\/ru\/\u043e-\u043d\u0430\u0441\/\" \/>\n<meta property=\"og:site_name\" content=\"IMP Pumps\" \/>\n<meta property=\"article:modified_time\" content=\"2020-02-10T08:15:45+00:00\" \/>\n<meta property=\"og:image\" content=\"https:\/\/imp-pumps.com\/wp-content\/uploads\/2018\/04\/opodjetju-icon.png\" \/>\n\t<meta property=\"og:image:width\" content=\"176\" \/>\n\t<meta property=\"og:image:height\" content=\"176\" \/>\n<meta name=\"twitter:card\" content=\"summary_large_image\" \/>\n<script type=\"application\/ld+json\" class=\"yoast-schema-graph\">{\"@context\":\"https:\/\/schema.org\",\"@graph\":[{\"@type\":\"WebSite\",\"@id\":\"http:\/\/imp-pumps.com\/#website\",\"url\":\"http:\/\/imp-pumps.com\/\",\"name\":\"IMP Pumps\",\"description\":\"\\u0160e eno spleti\\u0161\\u010de WordPress\",\"potentialAction\":[{\"@type\":\"SearchAction\",\"target\":{\"@type\":\"EntryPoint\",\"urlTemplate\":\"http:\/\/imp-pumps.com\/?s={search_term_string}\"},\"query-input\":\"required name=search_term_string\"}],\"inLanguage\":\"ru-RU\"},{\"@type\":\"ImageObject\",\"@id\":\"https:\/\/imp-pumps.com\/ru\/%d0%be-%d0%bd%d0%b0%d1%81\/#primaryimage\",\"inLanguage\":\"ru-RU\",\"url\":\"https:\/\/imp-pumps.com\/wp-content\/uploads\/2018\/04\/opodjetju-icon.png\",\"contentUrl\":\"https:\/\/imp-pumps.com\/wp-content\/uploads\/2018\/04\/opodjetju-icon.png\",\"width\":176,\"height\":176},{\"@type\":\"WebPage\",\"@id\":\"https:\/\/imp-pumps.com\/ru\/%d0%be-%d0%bd%d0%b0%d1%81\/#webpage\",\"url\":\"https:\/\/imp-pumps.com\/ru\/%d0%be-%d0%bd%d0%b0%d1%81\/\",\"name\":\"\\u041e \\u041d\\u0410\\u0421 - IMP Pumps\",\"isPartOf\":{\"@id\":\"http:\/\/imp-pumps.com\/#website\"},\"primaryImageOfPage\":{\"@id\":\"https:\/\/imp-pumps.com\/ru\/%d0%be-%d0%bd%d0%b0%d1%81\/#primaryimage\"},\"datePublished\":\"2018-04-18T07:07:09+00:00\",\"dateModified\":\"2020-02-10T08:15:45+00:00\",\"breadcrumb\":{\"@id\":\"https:\/\/imp-pumps.com\/ru\/%d0%be-%d0%bd%d0%b0%d1%81\/#breadcrumb\"},\"inLanguage\":\"ru-RU\",\"potentialAction\":[{\"@type\":\"ReadAction\",\"target\":[\"https:\/\/imp-pumps.com\/ru\/%d0%be-%d0%bd%d0%b0%d1%81\/\"]}]},{\"@type\":\"BreadcrumbList\",\"@id\":\"https:\/\/imp-pumps.com\/ru\/%d0%be-%d0%bd%d0%b0%d1%81\/#breadcrumb\",\"itemListElement\":[{\"@type\":\"ListItem\",\"position\":1,\"name\":\"Home\",\"item\":\"https:\/\/imp-pumps.com\/ru\/\"},{\"@type\":\"ListItem\",\"position\":2,\"name\":\"\\u041e \\u041d\\u0410\\u0421\"}]}]}<\/script>\n<!-- \/ Yoast SEO plugin. -->","yoast_head_json":{"title":"\u041e \u041d\u0410\u0421 - IMP Pumps","robots":{"index":"index","follow":"follow","max-snippet":"max-snippet:-1","max-image-preview":"max-image-preview:large","max-video-preview":"max-video-preview:-1"},"canonical":"https:\/\/imp-pumps.com\/ru\/\u043e-\u043d\u0430\u0441\/","og_locale":"ru_RU","og_type":"article","og_title":"\u041e \u041d\u0410\u0421 - IMP Pumps","og_description":"\u041a\u043e\u043c\u043f\u0430\u043d\u0438\u044f IMP PUMPS \u044f\u0432\u043b\u044f\u0435\u0442\u0441\u044f \u043f\u0440\u043e\u0438\u0437\u0432\u043e\u0434\u0438\u0442\u0435\u043b\u0435\u043c \u043d\u0430\u0441\u043e\u0441\u043d\u044b\u0445 \u0441\u0438\u0441\u0442\u0435\u043c, \u0440\u0430\u0441\u043f\u043e\u043b\u043e\u0436\u0435\u043d\u043d\u044b\u043c \u0432 \u0433. \u041a\u043e\u043c\u0435\u043d\u0434\u0430 (\u0421\u043b\u043e\u0432\u0435\u043d\u0438\u044f). \u041c\u044b...","og_url":"https:\/\/imp-pumps.com\/ru\/\u043e-\u043d\u0430\u0441\/","og_site_name":"IMP Pumps","article_modified_time":"2020-02-10T08:15:45+00:00","og_image":[{"width":176,"height":176,"url":"https:\/\/imp-pumps.com\/wp-content\/uploads\/2018\/04\/opodjetju-icon.png","type":"image\/png"}],"twitter_card":"summary_large_image","schema":{"@context":"https:\/\/schema.org","@graph":[{"@type":"WebSite","@id":"http:\/\/imp-pumps.com\/#website","url":"http:\/\/imp-pumps.com\/","name":"IMP Pumps","description":"\u0160e eno spleti\u0161\u010de WordPress","potentialAction":[{"@type":"SearchAction","target":{"@type":"EntryPoint","urlTemplate":"http:\/\/imp-pumps.com\/?s={search_term_string}"},"query-input":"required name=search_term_string"}],"inLanguage":"ru-RU"},{"@type":"ImageObject","@id":"https:\/\/imp-pumps.com\/ru\/%d0%be-%d0%bd%d0%b0%d1%81\/#primaryimage","inLanguage":"ru-RU","url":"https:\/\/imp-pumps.com\/wp-content\/uploads\/2018\/04\/opodjetju-icon.png","contentUrl":"https:\/\/imp-pumps.com\/wp-content\/uploads\/2018\/04\/opodjetju-icon.png","width":176,"height":176},{"@type":"WebPage","@id":"https:\/\/imp-pumps.com\/ru\/%d0%be-%d0%bd%d0%b0%d1%81\/#webpage","url":"https:\/\/imp-pumps.com\/ru\/%d0%be-%d0%bd%d0%b0%d1%81\/","name":"\u041e \u041d\u0410\u0421 - IMP Pumps","isPartOf":{"@id":"http:\/\/imp-pumps.com\/#website"},"primaryImageOfPage":{"@id":"https:\/\/imp-pumps.com\/ru\/%d0%be-%d0%bd%d0%b0%d1%81\/#primaryimage"},"datePublished":"2018-04-18T07:07:09+00:00","dateModified":"2020-02-10T08:15:45+00:00","breadcrumb":{"@id":"https:\/\/imp-pumps.com\/ru\/%d0%be-%d0%bd%d0%b0%d1%81\/#breadcrumb"},"inLanguage":"ru-RU","potentialAction":[{"@type":"ReadAction","target":["https:\/\/imp-pumps.com\/ru\/%d0%be-%d0%bd%d0%b0%d1%81\/"]}]},{"@type":"BreadcrumbList","@id":"https:\/\/imp-pumps.com\/ru\/%d0%be-%d0%bd%d0%b0%d1%81\/#breadcrumb","itemListElement":[{"@type":"ListItem","position":1,"name":"Home","item":"https:\/\/imp-pumps.com\/ru\/"},{"@type":"ListItem","position":2,"name":"\u041e \u041d\u0410\u0421"}]}]}},"_links":{"self":[{"href":"https:\/\/imp-pumps.com\/ru\/wp-json\/wp\/v2\/pages\/39607"}],"collection":[{"href":"https:\/\/imp-pumps.com\/ru\/wp-json\/wp\/v2\/pages"}],"about":[{"href":"https:\/\/imp-pumps.com\/ru\/wp-json\/wp\/v2\/types\/page"}],"author":[{"embeddable":true,"href":"https:\/\/imp-pumps.com\/ru\/wp-json\/wp\/v2\/users\/1"}],"replies":[{"embeddable":true,"href":"https:\/\/imp-pumps.com\/ru\/wp-json\/wp\/v2\/comments?post=39607"}],"version-history":[{"count":1,"href":"https:\/\/imp-pumps.com\/ru\/wp-json\/wp\/v2\/pages\/39607\/revisions"}],"predecessor-version":[{"id":65656,"href":"https:\/\/imp-pumps.com\/ru\/wp-json\/wp\/v2\/pages\/39607\/revisions\/65656"}],"wp:featuredmedia":[{"embeddable":true,"href":"https:\/\/imp-pumps.com\/ru\/wp-json\/wp\/v2\/media\/41550"}],"wp:attachment":[{"href":"https:\/\/imp-pumps.com\/ru\/wp-json\/wp\/v2\/media?parent=39607"}],"curies":[{"name":"wp","href":"https:\/\/api.w.org\/{rel}","templated":true}]}}