{"id":39581,"date":"2018-03-23T18:40:19","date_gmt":"2018-03-23T17:40:19","guid":{"rendered":"http:\/\/imp-pumps.com\/pump-categories\/"},"modified":"2026-03-20T11:43:09","modified_gmt":"2026-03-20T10:43:09","slug":"%d0%ba%d0%b0%d1%82%d0%b5%d0%b3%d0%be%d1%80%d0%b8%d0%b8-%d0%bd%d0%b0%d1%81%d0%be%d1%81%d0%be%d0%b2","status":"publish","type":"page","link":"https:\/\/imp-pumps.com\/ru\/%d0%ba%d0%b0%d1%82%d0%b5%d0%b3%d0%be%d1%80%d0%b8%d0%b8-%d0%bd%d0%b0%d1%81%d0%be%d1%81%d0%be%d0%b2\/","title":{"rendered":"\u041a\u0410\u0422\u0415\u0413\u041e\u0420\u0418\u0418 \u041d\u0410\u0421\u041e\u0421\u041e\u0412"},"content":{"rendered":"<p>\u041e\u0441\u043d\u043e\u0432\u043d\u0430\u044f \u043f\u043e\u0437\u0438\u0446\u0438\u044f \u0432 \u0430\u0441\u0441\u043e\u0440\u0442\u0438\u043c\u0435\u043d\u0442\u0435 \u043a\u043e\u043c\u043f\u0430\u043d\u0438\u0438 IMP PUMPS \u2013 \u0446\u0438\u0440\u043a\u0443\u043b\u044f\u0446\u0438\u043e\u043d\u043d\u044b\u0435 \u043d\u0430\u0441\u043e\u0441\u044b \u0434\u043b\u044f \u0441\u0438\u0441\u0442\u0435\u043c \u043e\u0442\u043e\u043f\u043b\u0435\u043d\u0438\u044f, \u0446\u0438\u0440\u043a\u0443\u043b\u044f\u0446\u0438\u0438 \u0413\u0412\u0421, \u0432\u0435\u043d\u0442\u0438\u043b\u044f\u0446\u0438\u0438, \u043e\u0445\u043b\u0430\u0436\u0434\u0435\u043d\u0438\u044f \u0438 \u043a\u043e\u043d\u0434\u0438\u0446\u0438\u043e\u043d\u0438\u0440\u043e\u0432\u0430\u043d\u0438\u044f \u0432\u043e\u0437\u0434\u0443\u0445\u0430 (\u041e\u0412\u041a). \u0412 \u043b\u0438\u043d\u0435\u0439\u043a\u0435 \u043f\u0440\u0435\u0434\u0441\u0442\u0430\u0432\u043b\u0435\u043d\u044b \u043e\u0434\u0438\u043d\u0430\u0440\u043d\u044b\u0435 \u0438 \u0441\u0434\u0432\u043e\u0435\u043d\u043d\u044b\u0435 \u043d\u0430\u0441\u043e\u0441\u044b \u0441 \u0444\u043b\u0430\u043d\u0446\u0435\u0432\u044b\u043c \u0438\u043b\u0438 \u0440\u0435\u0437\u044c\u0431\u043e\u0432\u044b\u043c \u0441\u043e\u0435\u0434\u0438\u043d\u0435\u043d\u0438\u0435\u043c, \u0441 \u0431\u0440\u043e\u043d\u0437\u043e\u0432\u044b\u043c \u0438\u043b\u0438 \u0447\u0443\u0433\u0443\u043d\u043d\u044b\u043c \u043a\u043e\u0440\u043f\u0443\u0441\u043e\u043c. \u0414\u043b\u044f \u0438\u0437\u0433\u043e\u0442\u043e\u0432\u043b\u0435\u043d\u0438\u044f \u043a\u043e\u0440\u043f\u0443\u0441\u043e\u0432 \u0432\u0441\u0435\u0433\u0434\u0430 \u0438\u0441\u043f\u043e\u043b\u044c\u0437\u0443\u0435\u0442\u0441\u044f \u0447\u0443\u0433\u0443\u043d \u0441 \u043a\u0430\u0442\u0430\u0444\u043e\u0440\u0435\u0437\u043d\u044b\u043c \u043f\u043e\u043a\u0440\u044b\u0442\u0438\u0435\u043c. \u0414\u043b\u044f \u0443\u0434\u043e\u0431\u0441\u0442\u0432\u0430 \u0432\u044b\u0431\u043e\u0440\u0430 \u043d\u0430\u0441\u043e\u0441\u044b \u0440\u0430\u0437\u0434\u0435\u043b\u0435\u043d\u044b \u043d\u0430 5 \u043e\u0441\u043d\u043e\u0432\u043d\u044b\u0445 \u043a\u0430\u0442\u0435\u0433\u043e\u0440\u0438\u0439: NMT, GHN, MULTISTAGE, INLINE \u0438 SAN.<\/p>\n","protected":false},"excerpt":{"rendered":"<p>\u041e\u0441\u043d\u043e\u0432\u043d\u0430\u044f \u043f\u043e\u0437\u0438\u0446\u0438\u044f \u0432 \u0430\u0441\u0441\u043e\u0440\u0442\u0438\u043c\u0435\u043d\u0442\u0435 \u043a\u043e\u043c\u043f\u0430\u043d\u0438\u0438 IMP PUMPS \u2013 \u0446\u0438\u0440\u043a\u0443\u043b\u044f\u0446\u0438\u043e\u043d\u043d\u044b\u0435 \u043d\u0430\u0441\u043e\u0441\u044b \u0434\u043b\u044f \u0441\u0438\u0441\u0442\u0435\u043c \u043e\u0442\u043e\u043f\u043b\u0435\u043d\u0438\u044f,&#8230;<\/p>\n","protected":false},"author":1,"featured_media":0,"parent":0,"menu_order":0,"comment_status":"closed","ping_status":"closed","template":"page-templates\/template-kategorije-crpalk.php","meta":[],"acf":[],"yoast_head":"<!-- This site is optimized with the Yoast SEO plugin v17.8 - https:\/\/yoast.com\/wordpress\/plugins\/seo\/ -->\n<title>\u041a\u0410\u0422\u0415\u0413\u041e\u0420\u0418\u0418 \u041d\u0410\u0421\u041e\u0421\u041e\u0412 - IMP Pumps<\/title>\n<meta name=\"robots\" content=\"index, follow, max-snippet:-1, max-image-preview:large, max-video-preview:-1\" \/>\n<link rel=\"canonical\" href=\"https:\/\/imp-pumps.com\/ru\/\u043a\u0430\u0442\u0435\u0433\u043e\u0440\u0438\u0438-\u043d\u0430\u0441\u043e\u0441\u043e\u0432\/\" \/>\n<meta property=\"og:locale\" content=\"ru_RU\" \/>\n<meta property=\"og:type\" content=\"article\" \/>\n<meta property=\"og:title\" content=\"\u041a\u0410\u0422\u0415\u0413\u041e\u0420\u0418\u0418 \u041d\u0410\u0421\u041e\u0421\u041e\u0412 - IMP Pumps\" \/>\n<meta property=\"og:description\" content=\"\u041e\u0441\u043d\u043e\u0432\u043d\u0430\u044f \u043f\u043e\u0437\u0438\u0446\u0438\u044f \u0432 \u0430\u0441\u0441\u043e\u0440\u0442\u0438\u043c\u0435\u043d\u0442\u0435 \u043a\u043e\u043c\u043f\u0430\u043d\u0438\u0438 IMP PUMPS \u2013 \u0446\u0438\u0440\u043a\u0443\u043b\u044f\u0446\u0438\u043e\u043d\u043d\u044b\u0435 \u043d\u0430\u0441\u043e\u0441\u044b \u0434\u043b\u044f \u0441\u0438\u0441\u0442\u0435\u043c \u043e\u0442\u043e\u043f\u043b\u0435\u043d\u0438\u044f,...\" \/>\n<meta property=\"og:url\" content=\"https:\/\/imp-pumps.com\/ru\/\u043a\u0430\u0442\u0435\u0433\u043e\u0440\u0438\u0438-\u043d\u0430\u0441\u043e\u0441\u043e\u0432\/\" \/>\n<meta property=\"og:site_name\" content=\"IMP Pumps\" \/>\n<meta property=\"article:modified_time\" content=\"2026-03-20T10:43:09+00:00\" \/>\n<meta name=\"twitter:card\" content=\"summary_large_image\" \/>\n<script type=\"application\/ld+json\" class=\"yoast-schema-graph\">{\"@context\":\"https:\/\/schema.org\",\"@graph\":[{\"@type\":\"WebSite\",\"@id\":\"http:\/\/imp-pumps.com\/#website\",\"url\":\"http:\/\/imp-pumps.com\/\",\"name\":\"IMP Pumps\",\"description\":\"\\u0160e eno spleti\\u0161\\u010de WordPress\",\"potentialAction\":[{\"@type\":\"SearchAction\",\"target\":{\"@type\":\"EntryPoint\",\"urlTemplate\":\"http:\/\/imp-pumps.com\/?s={search_term_string}\"},\"query-input\":\"required name=search_term_string\"}],\"inLanguage\":\"ru-RU\"},{\"@type\":\"WebPage\",\"@id\":\"https:\/\/imp-pumps.com\/ru\/%d0%ba%d0%b0%d1%82%d0%b5%d0%b3%d0%be%d1%80%d0%b8%d0%b8-%d0%bd%d0%b0%d1%81%d0%be%d1%81%d0%be%d0%b2\/#webpage\",\"url\":\"https:\/\/imp-pumps.com\/ru\/%d0%ba%d0%b0%d1%82%d0%b5%d0%b3%d0%be%d1%80%d0%b8%d0%b8-%d0%bd%d0%b0%d1%81%d0%be%d1%81%d0%be%d0%b2\/\",\"name\":\"\\u041a\\u0410\\u0422\\u0415\\u0413\\u041e\\u0420\\u0418\\u0418 \\u041d\\u0410\\u0421\\u041e\\u0421\\u041e\\u0412 - IMP Pumps\",\"isPartOf\":{\"@id\":\"http:\/\/imp-pumps.com\/#website\"},\"datePublished\":\"2018-03-23T17:40:19+00:00\",\"dateModified\":\"2026-03-20T10:43:09+00:00\",\"breadcrumb\":{\"@id\":\"https:\/\/imp-pumps.com\/ru\/%d0%ba%d0%b0%d1%82%d0%b5%d0%b3%d0%be%d1%80%d0%b8%d0%b8-%d0%bd%d0%b0%d1%81%d0%be%d1%81%d0%be%d0%b2\/#breadcrumb\"},\"inLanguage\":\"ru-RU\",\"potentialAction\":[{\"@type\":\"ReadAction\",\"target\":[\"https:\/\/imp-pumps.com\/ru\/%d0%ba%d0%b0%d1%82%d0%b5%d0%b3%d0%be%d1%80%d0%b8%d0%b8-%d0%bd%d0%b0%d1%81%d0%be%d1%81%d0%be%d0%b2\/\"]}]},{\"@type\":\"BreadcrumbList\",\"@id\":\"https:\/\/imp-pumps.com\/ru\/%d0%ba%d0%b0%d1%82%d0%b5%d0%b3%d0%be%d1%80%d0%b8%d0%b8-%d0%bd%d0%b0%d1%81%d0%be%d1%81%d0%be%d0%b2\/#breadcrumb\",\"itemListElement\":[{\"@type\":\"ListItem\",\"position\":1,\"name\":\"Home\",\"item\":\"https:\/\/imp-pumps.com\/ru\/\"},{\"@type\":\"ListItem\",\"position\":2,\"name\":\"\\u041a\\u0410\\u0422\\u0415\\u0413\\u041e\\u0420\\u0418\\u0418 \\u041d\\u0410\\u0421\\u041e\\u0421\\u041e\\u0412\"}]}]}<\/script>\n<!-- \/ Yoast SEO plugin. -->","yoast_head_json":{"title":"\u041a\u0410\u0422\u0415\u0413\u041e\u0420\u0418\u0418 \u041d\u0410\u0421\u041e\u0421\u041e\u0412 - IMP Pumps","robots":{"index":"index","follow":"follow","max-snippet":"max-snippet:-1","max-image-preview":"max-image-preview:large","max-video-preview":"max-video-preview:-1"},"canonical":"https:\/\/imp-pumps.com\/ru\/\u043a\u0430\u0442\u0435\u0433\u043e\u0440\u0438\u0438-\u043d\u0430\u0441\u043e\u0441\u043e\u0432\/","og_locale":"ru_RU","og_type":"article","og_title":"\u041a\u0410\u0422\u0415\u0413\u041e\u0420\u0418\u0418 \u041d\u0410\u0421\u041e\u0421\u041e\u0412 - IMP Pumps","og_description":"\u041e\u0441\u043d\u043e\u0432\u043d\u0430\u044f \u043f\u043e\u0437\u0438\u0446\u0438\u044f \u0432 \u0430\u0441\u0441\u043e\u0440\u0442\u0438\u043c\u0435\u043d\u0442\u0435 \u043a\u043e\u043c\u043f\u0430\u043d\u0438\u0438 IMP PUMPS \u2013 \u0446\u0438\u0440\u043a\u0443\u043b\u044f\u0446\u0438\u043e\u043d\u043d\u044b\u0435 \u043d\u0430\u0441\u043e\u0441\u044b \u0434\u043b\u044f \u0441\u0438\u0441\u0442\u0435\u043c \u043e\u0442\u043e\u043f\u043b\u0435\u043d\u0438\u044f,...","og_url":"https:\/\/imp-pumps.com\/ru\/\u043a\u0430\u0442\u0435\u0433\u043e\u0440\u0438\u0438-\u043d\u0430\u0441\u043e\u0441\u043e\u0432\/","og_site_name":"IMP Pumps","article_modified_time":"2026-03-20T10:43:09+00:00","twitter_card":"summary_large_image","schema":{"@context":"https:\/\/schema.org","@graph":[{"@type":"WebSite","@id":"http:\/\/imp-pumps.com\/#website","url":"http:\/\/imp-pumps.com\/","name":"IMP Pumps","description":"\u0160e eno spleti\u0161\u010de WordPress","potentialAction":[{"@type":"SearchAction","target":{"@type":"EntryPoint","urlTemplate":"http:\/\/imp-pumps.com\/?s={search_term_string}"},"query-input":"required name=search_term_string"}],"inLanguage":"ru-RU"},{"@type":"WebPage","@id":"https:\/\/imp-pumps.com\/ru\/%d0%ba%d0%b0%d1%82%d0%b5%d0%b3%d0%be%d1%80%d0%b8%d0%b8-%d0%bd%d0%b0%d1%81%d0%be%d1%81%d0%be%d0%b2\/#webpage","url":"https:\/\/imp-pumps.com\/ru\/%d0%ba%d0%b0%d1%82%d0%b5%d0%b3%d0%be%d1%80%d0%b8%d0%b8-%d0%bd%d0%b0%d1%81%d0%be%d1%81%d0%be%d0%b2\/","name":"\u041a\u0410\u0422\u0415\u0413\u041e\u0420\u0418\u0418 \u041d\u0410\u0421\u041e\u0421\u041e\u0412 - IMP Pumps","isPartOf":{"@id":"http:\/\/imp-pumps.com\/#website"},"datePublished":"2018-03-23T17:40:19+00:00","dateModified":"2026-03-20T10:43:09+00:00","breadcrumb":{"@id":"https:\/\/imp-pumps.com\/ru\/%d0%ba%d0%b0%d1%82%d0%b5%d0%b3%d0%be%d1%80%d0%b8%d0%b8-%d0%bd%d0%b0%d1%81%d0%be%d1%81%d0%be%d0%b2\/#breadcrumb"},"inLanguage":"ru-RU","potentialAction":[{"@type":"ReadAction","target":["https:\/\/imp-pumps.com\/ru\/%d0%ba%d0%b0%d1%82%d0%b5%d0%b3%d0%be%d1%80%d0%b8%d0%b8-%d0%bd%d0%b0%d1%81%d0%be%d1%81%d0%be%d0%b2\/"]}]},{"@type":"BreadcrumbList","@id":"https:\/\/imp-pumps.com\/ru\/%d0%ba%d0%b0%d1%82%d0%b5%d0%b3%d0%be%d1%80%d0%b8%d0%b8-%d0%bd%d0%b0%d1%81%d0%be%d1%81%d0%be%d0%b2\/#breadcrumb","itemListElement":[{"@type":"ListItem","position":1,"name":"Home","item":"https:\/\/imp-pumps.com\/ru\/"},{"@type":"ListItem","position":2,"name":"\u041a\u0410\u0422\u0415\u0413\u041e\u0420\u0418\u0418 \u041d\u0410\u0421\u041e\u0421\u041e\u0412"}]}]}},"_links":{"self":[{"href":"https:\/\/imp-pumps.com\/ru\/wp-json\/wp\/v2\/pages\/39581"}],"collection":[{"href":"https:\/\/imp-pumps.com\/ru\/wp-json\/wp\/v2\/pages"}],"about":[{"href":"https:\/\/imp-pumps.com\/ru\/wp-json\/wp\/v2\/types\/page"}],"author":[{"embeddable":true,"href":"https:\/\/imp-pumps.com\/ru\/wp-json\/wp\/v2\/users\/1"}],"replies":[{"embeddable":true,"href":"https:\/\/imp-pumps.com\/ru\/wp-json\/wp\/v2\/comments?post=39581"}],"version-history":[{"count":2,"href":"https:\/\/imp-pumps.com\/ru\/wp-json\/wp\/v2\/pages\/39581\/revisions"}],"predecessor-version":[{"id":156136,"href":"https:\/\/imp-pumps.com\/ru\/wp-json\/wp\/v2\/pages\/39581\/revisions\/156136"}],"wp:attachment":[{"href":"https:\/\/imp-pumps.com\/ru\/wp-json\/wp\/v2\/media?parent=39581"}],"curies":[{"name":"wp","href":"https:\/\/api.w.org\/{rel}","templated":true}]}}