{"id":39606,"date":"2018-04-18T08:07:09","date_gmt":"2018-04-18T07:07:09","guid":{"rendered":"http:\/\/imp-pumps.com\/about-us\/"},"modified":"2020-02-10T09:15:20","modified_gmt":"2020-02-10T08:15:20","slug":"riguardo-a-noi","status":"publish","type":"page","link":"https:\/\/imp-pumps.com\/it\/riguardo-a-noi\/","title":{"rendered":"Riguardo a noi"},"content":{"rendered":"<p>IMP PUMPS e\u2019 un produttore sloveno con sede a Komenda in Slovenia. La societa\u2019 progetta, sviluppa, produce, distribuisce e mantiene pompe e sistemi di pompaggio.<\/p>\n<p>Con propri prodotti e servizi oltre che il supporto di partner storici e strategici la societa\u2019 fornisce sistemi integrati risolvendo i problemi relativi al trasporto di liquidi. Questo assicura il comfort degli ambienti residenziali ed elevate condizioni di lavoro nell\u2019industria.<\/p>\n","protected":false},"excerpt":{"rendered":"<p>IMP PUMPS e\u2019 un produttore sloveno con sede a Komenda in Slovenia. La&#8230;<\/p>\n","protected":false},"author":1,"featured_media":41549,"parent":0,"menu_order":0,"comment_status":"closed","ping_status":"closed","template":"page-templates\/template-o-podjetju.php","meta":[],"acf":[],"yoast_head":"<!-- This site is optimized with the Yoast SEO plugin v17.8 - https:\/\/yoast.com\/wordpress\/plugins\/seo\/ -->\n<title>Riguardo a noi - IMP Pumps<\/title>\n<meta name=\"robots\" content=\"index, follow, max-snippet:-1, max-image-preview:large, max-video-preview:-1\" \/>\n<link rel=\"canonical\" href=\"http:\/\/imp-pumps.com\/it\/riguardo-a-noi\/\" \/>\n<meta property=\"og:locale\" content=\"it_IT\" \/>\n<meta property=\"og:type\" content=\"article\" \/>\n<meta property=\"og:title\" content=\"Riguardo a noi - IMP Pumps\" \/>\n<meta property=\"og:description\" content=\"IMP PUMPS e\u2019 un produttore sloveno con sede a Komenda in Slovenia. La...\" \/>\n<meta property=\"og:url\" content=\"http:\/\/imp-pumps.com\/it\/riguardo-a-noi\/\" \/>\n<meta property=\"og:site_name\" content=\"IMP Pumps\" \/>\n<meta property=\"article:modified_time\" content=\"2020-02-10T08:15:20+00:00\" \/>\n<meta property=\"og:image\" content=\"http:\/\/imp-pumps.com\/wp-content\/uploads\/2018\/04\/opodjetju-icon.png\" \/>\n\t<meta property=\"og:image:width\" content=\"176\" \/>\n\t<meta property=\"og:image:height\" content=\"176\" \/>\n<meta name=\"twitter:card\" content=\"summary_large_image\" \/>\n<script type=\"application\/ld+json\" class=\"yoast-schema-graph\">{\"@context\":\"https:\/\/schema.org\",\"@graph\":[{\"@type\":\"WebSite\",\"@id\":\"http:\/\/imp-pumps.com\/#website\",\"url\":\"http:\/\/imp-pumps.com\/\",\"name\":\"IMP Pumps\",\"description\":\"\\u0160e eno spleti\\u0161\\u010de WordPress\",\"potentialAction\":[{\"@type\":\"SearchAction\",\"target\":{\"@type\":\"EntryPoint\",\"urlTemplate\":\"http:\/\/imp-pumps.com\/?s={search_term_string}\"},\"query-input\":\"required name=search_term_string\"}],\"inLanguage\":\"it-IT\"},{\"@type\":\"ImageObject\",\"@id\":\"http:\/\/imp-pumps.com\/it\/riguardo-a-noi\/#primaryimage\",\"inLanguage\":\"it-IT\",\"url\":\"https:\/\/imp-pumps.com\/wp-content\/uploads\/2018\/04\/opodjetju-icon.png\",\"contentUrl\":\"https:\/\/imp-pumps.com\/wp-content\/uploads\/2018\/04\/opodjetju-icon.png\",\"width\":176,\"height\":176},{\"@type\":\"WebPage\",\"@id\":\"http:\/\/imp-pumps.com\/it\/riguardo-a-noi\/#webpage\",\"url\":\"http:\/\/imp-pumps.com\/it\/riguardo-a-noi\/\",\"name\":\"Riguardo a noi - IMP Pumps\",\"isPartOf\":{\"@id\":\"http:\/\/imp-pumps.com\/#website\"},\"primaryImageOfPage\":{\"@id\":\"http:\/\/imp-pumps.com\/it\/riguardo-a-noi\/#primaryimage\"},\"datePublished\":\"2018-04-18T07:07:09+00:00\",\"dateModified\":\"2020-02-10T08:15:20+00:00\",\"breadcrumb\":{\"@id\":\"http:\/\/imp-pumps.com\/it\/riguardo-a-noi\/#breadcrumb\"},\"inLanguage\":\"it-IT\",\"potentialAction\":[{\"@type\":\"ReadAction\",\"target\":[\"http:\/\/imp-pumps.com\/it\/riguardo-a-noi\/\"]}]},{\"@type\":\"BreadcrumbList\",\"@id\":\"http:\/\/imp-pumps.com\/it\/riguardo-a-noi\/#breadcrumb\",\"itemListElement\":[{\"@type\":\"ListItem\",\"position\":1,\"name\":\"Home\",\"item\":\"https:\/\/imp-pumps.com\/it\/\"},{\"@type\":\"ListItem\",\"position\":2,\"name\":\"Riguardo a noi\"}]}]}<\/script>\n<!-- \/ Yoast SEO plugin. -->","yoast_head_json":{"title":"Riguardo a noi - IMP Pumps","robots":{"index":"index","follow":"follow","max-snippet":"max-snippet:-1","max-image-preview":"max-image-preview:large","max-video-preview":"max-video-preview:-1"},"canonical":"http:\/\/imp-pumps.com\/it\/riguardo-a-noi\/","og_locale":"it_IT","og_type":"article","og_title":"Riguardo a noi - IMP Pumps","og_description":"IMP PUMPS e\u2019 un produttore sloveno con sede a Komenda in Slovenia. La...","og_url":"http:\/\/imp-pumps.com\/it\/riguardo-a-noi\/","og_site_name":"IMP Pumps","article_modified_time":"2020-02-10T08:15:20+00:00","og_image":[{"width":176,"height":176,"url":"http:\/\/imp-pumps.com\/wp-content\/uploads\/2018\/04\/opodjetju-icon.png","type":"image\/png"}],"twitter_card":"summary_large_image","schema":{"@context":"https:\/\/schema.org","@graph":[{"@type":"WebSite","@id":"http:\/\/imp-pumps.com\/#website","url":"http:\/\/imp-pumps.com\/","name":"IMP Pumps","description":"\u0160e eno spleti\u0161\u010de WordPress","potentialAction":[{"@type":"SearchAction","target":{"@type":"EntryPoint","urlTemplate":"http:\/\/imp-pumps.com\/?s={search_term_string}"},"query-input":"required name=search_term_string"}],"inLanguage":"it-IT"},{"@type":"ImageObject","@id":"http:\/\/imp-pumps.com\/it\/riguardo-a-noi\/#primaryimage","inLanguage":"it-IT","url":"https:\/\/imp-pumps.com\/wp-content\/uploads\/2018\/04\/opodjetju-icon.png","contentUrl":"https:\/\/imp-pumps.com\/wp-content\/uploads\/2018\/04\/opodjetju-icon.png","width":176,"height":176},{"@type":"WebPage","@id":"http:\/\/imp-pumps.com\/it\/riguardo-a-noi\/#webpage","url":"http:\/\/imp-pumps.com\/it\/riguardo-a-noi\/","name":"Riguardo a noi - IMP Pumps","isPartOf":{"@id":"http:\/\/imp-pumps.com\/#website"},"primaryImageOfPage":{"@id":"http:\/\/imp-pumps.com\/it\/riguardo-a-noi\/#primaryimage"},"datePublished":"2018-04-18T07:07:09+00:00","dateModified":"2020-02-10T08:15:20+00:00","breadcrumb":{"@id":"http:\/\/imp-pumps.com\/it\/riguardo-a-noi\/#breadcrumb"},"inLanguage":"it-IT","potentialAction":[{"@type":"ReadAction","target":["http:\/\/imp-pumps.com\/it\/riguardo-a-noi\/"]}]},{"@type":"BreadcrumbList","@id":"http:\/\/imp-pumps.com\/it\/riguardo-a-noi\/#breadcrumb","itemListElement":[{"@type":"ListItem","position":1,"name":"Home","item":"https:\/\/imp-pumps.com\/it\/"},{"@type":"ListItem","position":2,"name":"Riguardo a noi"}]}]}},"_links":{"self":[{"href":"https:\/\/imp-pumps.com\/it\/wp-json\/wp\/v2\/pages\/39606"}],"collection":[{"href":"https:\/\/imp-pumps.com\/it\/wp-json\/wp\/v2\/pages"}],"about":[{"href":"https:\/\/imp-pumps.com\/it\/wp-json\/wp\/v2\/types\/page"}],"author":[{"embeddable":true,"href":"https:\/\/imp-pumps.com\/it\/wp-json\/wp\/v2\/users\/1"}],"replies":[{"embeddable":true,"href":"https:\/\/imp-pumps.com\/it\/wp-json\/wp\/v2\/comments?post=39606"}],"version-history":[{"count":1,"href":"https:\/\/imp-pumps.com\/it\/wp-json\/wp\/v2\/pages\/39606\/revisions"}],"predecessor-version":[{"id":65655,"href":"https:\/\/imp-pumps.com\/it\/wp-json\/wp\/v2\/pages\/39606\/revisions\/65655"}],"wp:featuredmedia":[{"embeddable":true,"href":"https:\/\/imp-pumps.com\/it\/wp-json\/wp\/v2\/media\/41549"}],"wp:attachment":[{"href":"https:\/\/imp-pumps.com\/it\/wp-json\/wp\/v2\/media?parent=39606"}],"curies":[{"name":"wp","href":"https:\/\/api.w.org\/{rel}","templated":true}]}}