{"id":39593,"date":"2018-03-25T13:29:06","date_gmt":"2018-03-25T12:29:06","guid":{"rendered":"http:\/\/imp-pumps.com\/quality\/"},"modified":"2019-02-27T10:57:12","modified_gmt":"2019-02-27T09:57:12","slug":"qualita","status":"publish","type":"page","link":"https:\/\/imp-pumps.com\/it\/qualita\/","title":{"rendered":"Qualit\u00e0"},"content":{"rendered":"<p>La politica di qualita&#8217; si basa sulla visione e missione della societa&#8217;. Un prerequisito per il successo nel mercato e&#8217; sicuramente un alto livello di qualita&#8217;. Questa e&#8217; integrata nei prodotti in ogni fase della loro produzione; dalla ricerca di mercato alla consgna del prodotto. Solo in questo modo possiamo realizzare la nostra strategia; raggiungere i livelli massimi di qualita&#8217; a costi contenuti. Il nostro sistema di qualita&#8217; e&#8217; costruito conformemente alle indicazioni ISO 9001: 2015.<\/p>\n<p>Il lavoro della societa&#8217; e&#8217; basato sull&#8217;impegno di ogni singolo dipendente a non commettere errori, con responsabilita&#8217; verso se stessi e verso il lavoro di gruppo. Il lavoro in produzione si basa sui principi:<\/p>\n<p>Non accettare prodotti con errori\/difetti &#8211; Non fare errori &#8211; Non consegnare prodotti con errori\/difetti<\/p>\n<p>Il continuo adattamento alle richieste del mercato, l&#8217;innnovazione e la competitivita&#8217; sono garantiti dal coinvolgimento di tutti i dipendenti nel processo di un continuo miglioramento. Stiamo continuamente migliorando i prodotti, l&#8217;efficienza dei processi e la qualita&#8217; dei sistemi di management. Ogni dipendente e&#8217; responsabile del proprio lavoro, che deve portare avanti conformemente alle politiche di qualita&#8217;, agli standard ed alle regole procedurali, per poter soddisfare tutte le aspettative dei business partners, clienti e utilizzatori finali.<\/p>\n<p>Tutti i processi sono fanaticamente focalizzati sull&#8217;efficienza ed il 5S.<\/p>\n","protected":false},"excerpt":{"rendered":"<p>La politica di qualita&#8217; si basa sulla visione e missione della societa&#8217;. Un&#8230;<\/p>\n","protected":false},"author":1,"featured_media":41556,"parent":0,"menu_order":0,"comment_status":"closed","ping_status":"closed","template":"page-templates\/template-kakovost.php","meta":[],"acf":[],"yoast_head":"<!-- This site is optimized with the Yoast SEO plugin v17.8 - https:\/\/yoast.com\/wordpress\/plugins\/seo\/ -->\n<title>Qualit\u00e0 - IMP Pumps<\/title>\n<meta name=\"robots\" content=\"index, follow, max-snippet:-1, max-image-preview:large, max-video-preview:-1\" \/>\n<link rel=\"canonical\" href=\"https:\/\/imp-pumps.com\/it\/qualita\/\" \/>\n<meta property=\"og:locale\" content=\"it_IT\" \/>\n<meta property=\"og:type\" content=\"article\" \/>\n<meta property=\"og:title\" content=\"Qualit\u00e0 - IMP Pumps\" \/>\n<meta property=\"og:description\" content=\"La politica di qualita&#8217; si basa sulla visione e missione della societa&#8217;. Un...\" \/>\n<meta property=\"og:url\" content=\"https:\/\/imp-pumps.com\/it\/qualita\/\" \/>\n<meta property=\"og:site_name\" content=\"IMP Pumps\" \/>\n<meta property=\"article:modified_time\" content=\"2019-02-27T09:57:12+00:00\" \/>\n<meta property=\"og:image\" content=\"https:\/\/imp-pumps.com\/wp-content\/uploads\/2018\/04\/kakovost-icon.png\" \/>\n\t<meta property=\"og:image:width\" content=\"176\" \/>\n\t<meta property=\"og:image:height\" content=\"176\" \/>\n<meta name=\"twitter:card\" content=\"summary_large_image\" \/>\n<meta name=\"twitter:label1\" content=\"Tempo di lettura stimato\" \/>\n\t<meta name=\"twitter:data1\" content=\"1 minuto\" \/>\n<script type=\"application\/ld+json\" class=\"yoast-schema-graph\">{\"@context\":\"https:\/\/schema.org\",\"@graph\":[{\"@type\":\"WebSite\",\"@id\":\"http:\/\/imp-pumps.com\/#website\",\"url\":\"http:\/\/imp-pumps.com\/\",\"name\":\"IMP Pumps\",\"description\":\"\\u0160e eno spleti\\u0161\\u010de WordPress\",\"potentialAction\":[{\"@type\":\"SearchAction\",\"target\":{\"@type\":\"EntryPoint\",\"urlTemplate\":\"http:\/\/imp-pumps.com\/?s={search_term_string}\"},\"query-input\":\"required name=search_term_string\"}],\"inLanguage\":\"it-IT\"},{\"@type\":\"ImageObject\",\"@id\":\"https:\/\/imp-pumps.com\/it\/qualita\/#primaryimage\",\"inLanguage\":\"it-IT\",\"url\":\"https:\/\/imp-pumps.com\/wp-content\/uploads\/2018\/04\/kakovost-icon.png\",\"contentUrl\":\"https:\/\/imp-pumps.com\/wp-content\/uploads\/2018\/04\/kakovost-icon.png\",\"width\":176,\"height\":176},{\"@type\":\"WebPage\",\"@id\":\"https:\/\/imp-pumps.com\/it\/qualita\/#webpage\",\"url\":\"https:\/\/imp-pumps.com\/it\/qualita\/\",\"name\":\"Qualit\\u00e0 - IMP Pumps\",\"isPartOf\":{\"@id\":\"http:\/\/imp-pumps.com\/#website\"},\"primaryImageOfPage\":{\"@id\":\"https:\/\/imp-pumps.com\/it\/qualita\/#primaryimage\"},\"datePublished\":\"2018-03-25T12:29:06+00:00\",\"dateModified\":\"2019-02-27T09:57:12+00:00\",\"breadcrumb\":{\"@id\":\"https:\/\/imp-pumps.com\/it\/qualita\/#breadcrumb\"},\"inLanguage\":\"it-IT\",\"potentialAction\":[{\"@type\":\"ReadAction\",\"target\":[\"https:\/\/imp-pumps.com\/it\/qualita\/\"]}]},{\"@type\":\"BreadcrumbList\",\"@id\":\"https:\/\/imp-pumps.com\/it\/qualita\/#breadcrumb\",\"itemListElement\":[{\"@type\":\"ListItem\",\"position\":1,\"name\":\"Home\",\"item\":\"https:\/\/imp-pumps.com\/it\/\"},{\"@type\":\"ListItem\",\"position\":2,\"name\":\"Qualit\\u00e0\"}]}]}<\/script>\n<!-- \/ Yoast SEO plugin. -->","yoast_head_json":{"title":"Qualit\u00e0 - IMP Pumps","robots":{"index":"index","follow":"follow","max-snippet":"max-snippet:-1","max-image-preview":"max-image-preview:large","max-video-preview":"max-video-preview:-1"},"canonical":"https:\/\/imp-pumps.com\/it\/qualita\/","og_locale":"it_IT","og_type":"article","og_title":"Qualit\u00e0 - IMP Pumps","og_description":"La politica di qualita&#8217; si basa sulla visione e missione della societa&#8217;. Un...","og_url":"https:\/\/imp-pumps.com\/it\/qualita\/","og_site_name":"IMP Pumps","article_modified_time":"2019-02-27T09:57:12+00:00","og_image":[{"width":176,"height":176,"url":"https:\/\/imp-pumps.com\/wp-content\/uploads\/2018\/04\/kakovost-icon.png","type":"image\/png"}],"twitter_card":"summary_large_image","twitter_misc":{"Tempo di lettura stimato":"1 minuto"},"schema":{"@context":"https:\/\/schema.org","@graph":[{"@type":"WebSite","@id":"http:\/\/imp-pumps.com\/#website","url":"http:\/\/imp-pumps.com\/","name":"IMP Pumps","description":"\u0160e eno spleti\u0161\u010de WordPress","potentialAction":[{"@type":"SearchAction","target":{"@type":"EntryPoint","urlTemplate":"http:\/\/imp-pumps.com\/?s={search_term_string}"},"query-input":"required name=search_term_string"}],"inLanguage":"it-IT"},{"@type":"ImageObject","@id":"https:\/\/imp-pumps.com\/it\/qualita\/#primaryimage","inLanguage":"it-IT","url":"https:\/\/imp-pumps.com\/wp-content\/uploads\/2018\/04\/kakovost-icon.png","contentUrl":"https:\/\/imp-pumps.com\/wp-content\/uploads\/2018\/04\/kakovost-icon.png","width":176,"height":176},{"@type":"WebPage","@id":"https:\/\/imp-pumps.com\/it\/qualita\/#webpage","url":"https:\/\/imp-pumps.com\/it\/qualita\/","name":"Qualit\u00e0 - IMP Pumps","isPartOf":{"@id":"http:\/\/imp-pumps.com\/#website"},"primaryImageOfPage":{"@id":"https:\/\/imp-pumps.com\/it\/qualita\/#primaryimage"},"datePublished":"2018-03-25T12:29:06+00:00","dateModified":"2019-02-27T09:57:12+00:00","breadcrumb":{"@id":"https:\/\/imp-pumps.com\/it\/qualita\/#breadcrumb"},"inLanguage":"it-IT","potentialAction":[{"@type":"ReadAction","target":["https:\/\/imp-pumps.com\/it\/qualita\/"]}]},{"@type":"BreadcrumbList","@id":"https:\/\/imp-pumps.com\/it\/qualita\/#breadcrumb","itemListElement":[{"@type":"ListItem","position":1,"name":"Home","item":"https:\/\/imp-pumps.com\/it\/"},{"@type":"ListItem","position":2,"name":"Qualit\u00e0"}]}]}},"_links":{"self":[{"href":"https:\/\/imp-pumps.com\/it\/wp-json\/wp\/v2\/pages\/39593"}],"collection":[{"href":"https:\/\/imp-pumps.com\/it\/wp-json\/wp\/v2\/pages"}],"about":[{"href":"https:\/\/imp-pumps.com\/it\/wp-json\/wp\/v2\/types\/page"}],"author":[{"embeddable":true,"href":"https:\/\/imp-pumps.com\/it\/wp-json\/wp\/v2\/users\/1"}],"replies":[{"embeddable":true,"href":"https:\/\/imp-pumps.com\/it\/wp-json\/wp\/v2\/comments?post=39593"}],"version-history":[{"count":0,"href":"https:\/\/imp-pumps.com\/it\/wp-json\/wp\/v2\/pages\/39593\/revisions"}],"wp:featuredmedia":[{"embeddable":true,"href":"https:\/\/imp-pumps.com\/it\/wp-json\/wp\/v2\/media\/41556"}],"wp:attachment":[{"href":"https:\/\/imp-pumps.com\/it\/wp-json\/wp\/v2\/media?parent=39593"}],"curies":[{"name":"wp","href":"https:\/\/api.w.org\/{rel}","templated":true}]}}