{"id":49236,"date":"2018-03-25T13:29:06","date_gmt":"2018-03-25T12:29:06","guid":{"rendered":"http:\/\/imp-pumps.com\/quality\/"},"modified":"2019-12-12T10:51:46","modified_gmt":"2019-12-12T09:51:46","slug":"minoseg","status":"publish","type":"page","link":"https:\/\/imp-pumps.com\/hu\/minoseg\/","title":{"rendered":"Min\u0151s\u00e9g"},"content":{"rendered":"<p style=\"font-weight: 400;\"><span data-sheets-value=\"{&quot;1&quot;:2,&quot;2&quot;:&quot;A min\u0151s\u00e9gpolitika a v\u00e1llalat j\u00f6v\u0151k\u00e9p\u00e9n \u00e9s k\u00fcldet\u00e9s\u00e9n alapul. A piaci siker el\u0151felt\u00e9tele a magas szint\u0171 min\u0151s\u00e9g. Ezt be\u00e9p\u00edtik a term\u00e9kbe a kialakul\u00e1s minden szakasz\u00e1ban; a piackutat\u00e1st\u00f3l annak \u00e1tad\u00e1s\u00e1ig. Csak \u00edgy tudjuk teljes\u00edteni strat\u00e9gi\u00e1nkat; el\u00e9rje a legmagasabb min\u0151s\u00e9gi szintet a legalacsonyabb k\u00f6lts\u00e9ggel. Min\u0151s\u00e9gbiztos\u00edt\u00e1si rendszer\u00fcnket az ISO 9001: 2015 k\u00f6vetelm\u00e9nyeinek megfelel\u0151en \u00e9p\u00edtett\u00fck fel.\\n\\nC\u00e9g\u00fcnk munk\u00e1ja az \u00f6sszes alkalmazott er\u0151fesz\u00edt\u00e9sein alapszik, hogy hib\u00e1tlanul dolgozzanak, \u00e9s felel\u0151ss\u00e9get v\u00e1llaljanak a saj\u00e1t \u00e9s a k\u00f6z\u00f6s munk\u00e1\u00e9rt. A gy\u00e1rt\u00e1si munka a k\u00f6vetkez\u0151 elven alapul:\\n\\nNe fogadjon el hib\u00e1s term\u00e9keket - ne k\u00f6vessen el hib\u00e1t - ne k\u00fcldj\u00f6n hib\u00e1s term\u00e9keket\\n\\nA piaci ig\u00e9nyekhez val\u00f3 folyamatos alkalmazkod\u00e1st, az innov\u00e1ci\u00f3t \u00e9s a versenyk\u00e9pess\u00e9get minden munkav\u00e1llal\u00f3 bevon\u00e1s\u00e1val biztos\u00edtj\u00e1k a folyamatos fejleszt\u00e9s folyamat\u00e1ba. Folyamatosan fejlesztj\u00fck a term\u00e9keket, a folyamatok hat\u00e9konys\u00e1g\u00e1t \u00e9s az ir\u00e1ny\u00edt\u00e1si rendszer min\u0151s\u00e9g\u00e9t. A min\u0151s\u00e9gpolitik\u00e1t a c\u00e9g igazgat\u00f3ja dolgozza ki a v\u00e1llalat vezet\u00e9s\u00e9vel egy\u00fcttm\u0171k\u00f6dve. Minden alkalmazott felel\u0151s munk\u00e1j\u00e1\u00e9rt, amelyet a min\u0151s\u00e9gpolitik\u00e1val, a szabv\u00e1nyokkal \u00e9s az egy\u00e9b elj\u00e1r\u00e1si szab\u00e1lyokkal \u00f6sszhangban kell elv\u00e9geznie, hogy megfeleljen az \u00fczleti partnerek, \u00fcgyfelek \u00e9s felhaszn\u00e1l\u00f3k elv\u00e1r\u00e1sainak.\\n\\nMinden folyamat fanatikusan \u00f6sszpontosul a hat\u00e9konys\u00e1gra \u00e9s az 5S-re.&quot;}\" data-sheets-userformat=\"{&quot;2&quot;:14847,&quot;3&quot;:{&quot;1&quot;:0,&quot;3&quot;:1},&quot;4&quot;:[null,2,16777215],&quot;5&quot;:{&quot;1&quot;:[{&quot;1&quot;:2,&quot;2&quot;:0,&quot;5&quot;:[null,2,0]},{&quot;1&quot;:0,&quot;2&quot;:0,&quot;3&quot;:3},{&quot;1&quot;:1,&quot;2&quot;:0,&quot;4&quot;:1}]},&quot;6&quot;:{&quot;1&quot;:[{&quot;1&quot;:2,&quot;2&quot;:0,&quot;5&quot;:[null,2,0]},{&quot;1&quot;:0,&quot;2&quot;:0,&quot;3&quot;:3},{&quot;1&quot;:1,&quot;2&quot;:0,&quot;4&quot;:1}]},&quot;7&quot;:{&quot;1&quot;:[{&quot;1&quot;:2,&quot;2&quot;:0,&quot;5&quot;:[null,2,0]},{&quot;1&quot;:0,&quot;2&quot;:0,&quot;3&quot;:3},{&quot;1&quot;:1,&quot;2&quot;:0,&quot;4&quot;:1}]},&quot;8&quot;:{&quot;1&quot;:[{&quot;1&quot;:2,&quot;2&quot;:0,&quot;5&quot;:[null,2,0]},{&quot;1&quot;:0,&quot;2&quot;:0,&quot;3&quot;:3},{&quot;1&quot;:1,&quot;2&quot;:0,&quot;4&quot;:1}]},&quot;9&quot;:0,&quot;10&quot;:0,&quot;11&quot;:4,&quot;14&quot;:[null,2,2236962],&quot;15&quot;:&quot;Arial&quot;,&quot;16&quot;:9}\"><strong>A min\u0151s\u00e9gpolitika a v\u00e1llalat j\u00f6v\u0151k\u00e9p\u00e9n \u00e9s k\u00fcldet\u00e9s\u00e9n alapul. A piaci siker el\u0151felt\u00e9tele a magas szint\u0171 min\u0151s\u00e9g. Ezt be\u00e9p\u00edtik a term\u00e9kbe a kialakul\u00e1s minden szakasz\u00e1ban; a piackutat\u00e1st\u00f3l annak \u00e1tad\u00e1s\u00e1ig. Csak \u00edgy tudjuk teljes\u00edteni strat\u00e9gi\u00e1nkat; el\u00e9rje a legmagasabb min\u0151s\u00e9gi szintet a legalacsonyabb k\u00f6lts\u00e9ggel. Min\u0151s\u00e9gbiztos\u00edt\u00e1si rendszer\u00fcnket az ISO 9001: 2015 k\u00f6vetelm\u00e9nyeinek megfelel\u0151en \u00e9p\u00edtett\u00fck fel.<\/strong><\/p>\n<p>C\u00e9g\u00fcnk munk\u00e1ja az \u00f6sszes alkalmazott er\u0151fesz\u00edt\u00e9sein alapszik, hogy hib\u00e1tlanul dolgozzanak, \u00e9s felel\u0151ss\u00e9get v\u00e1llaljanak a saj\u00e1t \u00e9s a k\u00f6z\u00f6s munk\u00e1\u00e9rt. A gy\u00e1rt\u00e1si munka a k\u00f6vetkez\u0151 elven alapul:<\/p>\n<p>Ne fogadjon el hib\u00e1s term\u00e9keket &#8211; ne k\u00f6vessen el hib\u00e1t &#8211; ne k\u00fcldj\u00f6n hib\u00e1s term\u00e9keket<\/p>\n<p>A piaci ig\u00e9nyekhez val\u00f3 folyamatos alkalmazkod\u00e1st, az innov\u00e1ci\u00f3t \u00e9s a versenyk\u00e9pess\u00e9get minden munkav\u00e1llal\u00f3 bevon\u00e1s\u00e1val biztos\u00edtj\u00e1k a folyamatos fejleszt\u00e9s folyamat\u00e1ba. Folyamatosan fejlesztj\u00fck a term\u00e9keket, a folyamatok hat\u00e9konys\u00e1g\u00e1t \u00e9s az ir\u00e1ny\u00edt\u00e1si rendszer min\u0151s\u00e9g\u00e9t. A min\u0151s\u00e9gpolitik\u00e1t a c\u00e9g igazgat\u00f3ja dolgozza ki a v\u00e1llalat vezet\u00e9s\u00e9vel egy\u00fcttm\u0171k\u00f6dve. Minden alkalmazott felel\u0151s munk\u00e1j\u00e1\u00e9rt, amelyet a min\u0151s\u00e9gpolitik\u00e1val, a szabv\u00e1nyokkal \u00e9s az egy\u00e9b elj\u00e1r\u00e1si szab\u00e1lyokkal \u00f6sszhangban kell elv\u00e9geznie, hogy megfeleljen az \u00fczleti partnerek, \u00fcgyfelek \u00e9s felhaszn\u00e1l\u00f3k elv\u00e1r\u00e1sainak.<\/p>\n<p>Minden folyamat fanatikusan \u00f6sszpontosul a hat\u00e9konys\u00e1gra \u00e9s az 5S-re.<\/span><\/p>\n","protected":false},"excerpt":{"rendered":"<p>A min\u0151s\u00e9gpolitika a v\u00e1llalat j\u00f6v\u0151k\u00e9p\u00e9n \u00e9s k\u00fcldet\u00e9s\u00e9n alapul. A piaci siker el\u0151felt\u00e9tele a&#8230;<\/p>\n","protected":false},"author":1,"featured_media":49238,"parent":0,"menu_order":0,"comment_status":"closed","ping_status":"closed","template":"page-templates\/template-kakovost.php","meta":[],"acf":[],"yoast_head":"<!-- This site is optimized with the Yoast SEO plugin v17.8 - https:\/\/yoast.com\/wordpress\/plugins\/seo\/ -->\n<title>Min\u0151s\u00e9g - IMP Pumps<\/title>\n<meta name=\"robots\" content=\"index, follow, max-snippet:-1, max-image-preview:large, max-video-preview:-1\" \/>\n<link rel=\"canonical\" href=\"https:\/\/imp-pumps.com\/hu\/minoseg\/\" \/>\n<meta property=\"og:locale\" content=\"hu_HU\" \/>\n<meta property=\"og:type\" content=\"article\" \/>\n<meta property=\"og:title\" content=\"Min\u0151s\u00e9g - IMP Pumps\" \/>\n<meta property=\"og:description\" content=\"A min\u0151s\u00e9gpolitika a v\u00e1llalat j\u00f6v\u0151k\u00e9p\u00e9n \u00e9s k\u00fcldet\u00e9s\u00e9n alapul. A piaci siker el\u0151felt\u00e9tele a...\" \/>\n<meta property=\"og:url\" content=\"https:\/\/imp-pumps.com\/hu\/minoseg\/\" \/>\n<meta property=\"og:site_name\" content=\"IMP Pumps\" \/>\n<meta property=\"article:modified_time\" content=\"2019-12-12T09:51:46+00:00\" \/>\n<meta property=\"og:image\" content=\"https:\/\/imp-pumps.com\/wp-content\/uploads\/2018\/04\/kakovost-icon.png\" \/>\n\t<meta property=\"og:image:width\" content=\"176\" \/>\n\t<meta property=\"og:image:height\" content=\"176\" \/>\n<meta name=\"twitter:card\" content=\"summary_large_image\" \/>\n<meta name=\"twitter:label1\" content=\"Becs\u00fclt olvas\u00e1si id\u0151\" \/>\n\t<meta name=\"twitter:data1\" content=\"1 perc\" \/>\n<script type=\"application\/ld+json\" class=\"yoast-schema-graph\">{\"@context\":\"https:\/\/schema.org\",\"@graph\":[{\"@type\":\"WebSite\",\"@id\":\"http:\/\/imp-pumps.com\/#website\",\"url\":\"http:\/\/imp-pumps.com\/\",\"name\":\"IMP Pumps\",\"description\":\"\\u0160e eno spleti\\u0161\\u010de WordPress\",\"potentialAction\":[{\"@type\":\"SearchAction\",\"target\":{\"@type\":\"EntryPoint\",\"urlTemplate\":\"http:\/\/imp-pumps.com\/?s={search_term_string}\"},\"query-input\":\"required name=search_term_string\"}],\"inLanguage\":\"hu\"},{\"@type\":\"ImageObject\",\"@id\":\"https:\/\/imp-pumps.com\/hu\/minoseg\/#primaryimage\",\"inLanguage\":\"hu\",\"url\":\"https:\/\/imp-pumps.com\/wp-content\/uploads\/2018\/04\/kakovost-icon.png\",\"contentUrl\":\"https:\/\/imp-pumps.com\/wp-content\/uploads\/2018\/04\/kakovost-icon.png\",\"width\":176,\"height\":176},{\"@type\":\"WebPage\",\"@id\":\"https:\/\/imp-pumps.com\/hu\/minoseg\/#webpage\",\"url\":\"https:\/\/imp-pumps.com\/hu\/minoseg\/\",\"name\":\"Min\\u0151s\\u00e9g - IMP Pumps\",\"isPartOf\":{\"@id\":\"http:\/\/imp-pumps.com\/#website\"},\"primaryImageOfPage\":{\"@id\":\"https:\/\/imp-pumps.com\/hu\/minoseg\/#primaryimage\"},\"datePublished\":\"2018-03-25T12:29:06+00:00\",\"dateModified\":\"2019-12-12T09:51:46+00:00\",\"breadcrumb\":{\"@id\":\"https:\/\/imp-pumps.com\/hu\/minoseg\/#breadcrumb\"},\"inLanguage\":\"hu\",\"potentialAction\":[{\"@type\":\"ReadAction\",\"target\":[\"https:\/\/imp-pumps.com\/hu\/minoseg\/\"]}]},{\"@type\":\"BreadcrumbList\",\"@id\":\"https:\/\/imp-pumps.com\/hu\/minoseg\/#breadcrumb\",\"itemListElement\":[{\"@type\":\"ListItem\",\"position\":1,\"name\":\"Home\",\"item\":\"https:\/\/imp-pumps.com\/hu\/\"},{\"@type\":\"ListItem\",\"position\":2,\"name\":\"Min\\u0151s\\u00e9g\"}]}]}<\/script>\n<!-- \/ Yoast SEO plugin. -->","yoast_head_json":{"title":"Min\u0151s\u00e9g - IMP Pumps","robots":{"index":"index","follow":"follow","max-snippet":"max-snippet:-1","max-image-preview":"max-image-preview:large","max-video-preview":"max-video-preview:-1"},"canonical":"https:\/\/imp-pumps.com\/hu\/minoseg\/","og_locale":"hu_HU","og_type":"article","og_title":"Min\u0151s\u00e9g - IMP Pumps","og_description":"A min\u0151s\u00e9gpolitika a v\u00e1llalat j\u00f6v\u0151k\u00e9p\u00e9n \u00e9s k\u00fcldet\u00e9s\u00e9n alapul. A piaci siker el\u0151felt\u00e9tele a...","og_url":"https:\/\/imp-pumps.com\/hu\/minoseg\/","og_site_name":"IMP Pumps","article_modified_time":"2019-12-12T09:51:46+00:00","og_image":[{"width":176,"height":176,"url":"https:\/\/imp-pumps.com\/wp-content\/uploads\/2018\/04\/kakovost-icon.png","type":"image\/png"}],"twitter_card":"summary_large_image","twitter_misc":{"Becs\u00fclt olvas\u00e1si id\u0151":"1 perc"},"schema":{"@context":"https:\/\/schema.org","@graph":[{"@type":"WebSite","@id":"http:\/\/imp-pumps.com\/#website","url":"http:\/\/imp-pumps.com\/","name":"IMP Pumps","description":"\u0160e eno spleti\u0161\u010de WordPress","potentialAction":[{"@type":"SearchAction","target":{"@type":"EntryPoint","urlTemplate":"http:\/\/imp-pumps.com\/?s={search_term_string}"},"query-input":"required name=search_term_string"}],"inLanguage":"hu"},{"@type":"ImageObject","@id":"https:\/\/imp-pumps.com\/hu\/minoseg\/#primaryimage","inLanguage":"hu","url":"https:\/\/imp-pumps.com\/wp-content\/uploads\/2018\/04\/kakovost-icon.png","contentUrl":"https:\/\/imp-pumps.com\/wp-content\/uploads\/2018\/04\/kakovost-icon.png","width":176,"height":176},{"@type":"WebPage","@id":"https:\/\/imp-pumps.com\/hu\/minoseg\/#webpage","url":"https:\/\/imp-pumps.com\/hu\/minoseg\/","name":"Min\u0151s\u00e9g - IMP Pumps","isPartOf":{"@id":"http:\/\/imp-pumps.com\/#website"},"primaryImageOfPage":{"@id":"https:\/\/imp-pumps.com\/hu\/minoseg\/#primaryimage"},"datePublished":"2018-03-25T12:29:06+00:00","dateModified":"2019-12-12T09:51:46+00:00","breadcrumb":{"@id":"https:\/\/imp-pumps.com\/hu\/minoseg\/#breadcrumb"},"inLanguage":"hu","potentialAction":[{"@type":"ReadAction","target":["https:\/\/imp-pumps.com\/hu\/minoseg\/"]}]},{"@type":"BreadcrumbList","@id":"https:\/\/imp-pumps.com\/hu\/minoseg\/#breadcrumb","itemListElement":[{"@type":"ListItem","position":1,"name":"Home","item":"https:\/\/imp-pumps.com\/hu\/"},{"@type":"ListItem","position":2,"name":"Min\u0151s\u00e9g"}]}]}},"_links":{"self":[{"href":"https:\/\/imp-pumps.com\/hu\/wp-json\/wp\/v2\/pages\/49236"}],"collection":[{"href":"https:\/\/imp-pumps.com\/hu\/wp-json\/wp\/v2\/pages"}],"about":[{"href":"https:\/\/imp-pumps.com\/hu\/wp-json\/wp\/v2\/types\/page"}],"author":[{"embeddable":true,"href":"https:\/\/imp-pumps.com\/hu\/wp-json\/wp\/v2\/users\/1"}],"replies":[{"embeddable":true,"href":"https:\/\/imp-pumps.com\/hu\/wp-json\/wp\/v2\/comments?post=49236"}],"version-history":[{"count":2,"href":"https:\/\/imp-pumps.com\/hu\/wp-json\/wp\/v2\/pages\/49236\/revisions"}],"predecessor-version":[{"id":64600,"href":"https:\/\/imp-pumps.com\/hu\/wp-json\/wp\/v2\/pages\/49236\/revisions\/64600"}],"wp:featuredmedia":[{"embeddable":true,"href":"https:\/\/imp-pumps.com\/hu\/wp-json\/wp\/v2\/media\/49238"}],"wp:attachment":[{"href":"https:\/\/imp-pumps.com\/hu\/wp-json\/wp\/v2\/media?parent=49236"}],"curies":[{"name":"wp","href":"https:\/\/api.w.org\/{rel}","templated":true}]}}