{"id":49234,"date":"2018-03-23T18:40:19","date_gmt":"2018-03-23T17:40:19","guid":{"rendered":"http:\/\/imp-pumps.com\/pump-categories\/"},"modified":"2026-03-20T11:41:03","modified_gmt":"2026-03-20T10:41:03","slug":"szivattyu-kategoriak","status":"publish","type":"page","link":"https:\/\/imp-pumps.com\/hu\/szivattyu-kategoriak\/","title":{"rendered":"Szivatty\u00fa Kateg\u00f3ri\u00e1k"},"content":{"rendered":"<p>A HVAC alkalmaz\u00e1s az IMP PUMPS alapvet\u0151 gy\u00e1rt\u00e1si programja a keringet\u0151 szivatty\u00fakhoz. A szivatty\u00fak lehetnek karim\u00e1s vagy mentes, sima vagy dupla kivitel\u0171, ami bronz vagy \u00f6nt\u00f6ttvas hidraulikus burkolattal. Az \u00f6sszes \u00f6nt\u00f6ttvas burkolat katafor\u00e9zissel van bevonva. Hogy megk\u00f6nny\u00edts\u00fck a szivatty\u00fa v\u00e1laszt\u00e1s\u00e1t 5 f\u0151 csoportba soroltuk be \u0151ket: NMT, GHN, MULTISTAGE, INLINE \u00e9s SAN.<\/p>\n","protected":false},"excerpt":{"rendered":"<p>A HVAC alkalmaz\u00e1s az IMP PUMPS alapvet\u0151 gy\u00e1rt\u00e1si programja a keringet\u0151 szivatty\u00fakhoz. A&#8230;<\/p>\n","protected":false},"author":1,"featured_media":0,"parent":0,"menu_order":0,"comment_status":"closed","ping_status":"closed","template":"page-templates\/template-kategorije-crpalk.php","meta":[],"acf":[],"yoast_head":"<!-- This site is optimized with the Yoast SEO plugin v17.8 - https:\/\/yoast.com\/wordpress\/plugins\/seo\/ -->\n<title>Szivatty\u00fa Kateg\u00f3ri\u00e1k - IMP Pumps<\/title>\n<meta name=\"robots\" content=\"index, follow, max-snippet:-1, max-image-preview:large, max-video-preview:-1\" \/>\n<link rel=\"canonical\" href=\"https:\/\/imp-pumps.com\/hu\/szivattyu-kategoriak\/\" \/>\n<meta property=\"og:locale\" content=\"hu_HU\" \/>\n<meta property=\"og:type\" content=\"article\" \/>\n<meta property=\"og:title\" content=\"Szivatty\u00fa Kateg\u00f3ri\u00e1k - IMP Pumps\" \/>\n<meta property=\"og:description\" content=\"A HVAC alkalmaz\u00e1s az IMP PUMPS alapvet\u0151 gy\u00e1rt\u00e1si programja a keringet\u0151 szivatty\u00fakhoz. A...\" \/>\n<meta property=\"og:url\" content=\"https:\/\/imp-pumps.com\/hu\/szivattyu-kategoriak\/\" \/>\n<meta property=\"og:site_name\" content=\"IMP Pumps\" \/>\n<meta property=\"article:modified_time\" content=\"2026-03-20T10:41:03+00:00\" \/>\n<meta name=\"twitter:card\" content=\"summary_large_image\" \/>\n<script type=\"application\/ld+json\" class=\"yoast-schema-graph\">{\"@context\":\"https:\/\/schema.org\",\"@graph\":[{\"@type\":\"WebSite\",\"@id\":\"http:\/\/imp-pumps.com\/#website\",\"url\":\"http:\/\/imp-pumps.com\/\",\"name\":\"IMP Pumps\",\"description\":\"\\u0160e eno spleti\\u0161\\u010de WordPress\",\"potentialAction\":[{\"@type\":\"SearchAction\",\"target\":{\"@type\":\"EntryPoint\",\"urlTemplate\":\"http:\/\/imp-pumps.com\/?s={search_term_string}\"},\"query-input\":\"required name=search_term_string\"}],\"inLanguage\":\"hu\"},{\"@type\":\"WebPage\",\"@id\":\"https:\/\/imp-pumps.com\/hu\/szivattyu-kategoriak\/#webpage\",\"url\":\"https:\/\/imp-pumps.com\/hu\/szivattyu-kategoriak\/\",\"name\":\"Szivatty\\u00fa Kateg\\u00f3ri\\u00e1k - IMP Pumps\",\"isPartOf\":{\"@id\":\"http:\/\/imp-pumps.com\/#website\"},\"datePublished\":\"2018-03-23T17:40:19+00:00\",\"dateModified\":\"2026-03-20T10:41:03+00:00\",\"breadcrumb\":{\"@id\":\"https:\/\/imp-pumps.com\/hu\/szivattyu-kategoriak\/#breadcrumb\"},\"inLanguage\":\"hu\",\"potentialAction\":[{\"@type\":\"ReadAction\",\"target\":[\"https:\/\/imp-pumps.com\/hu\/szivattyu-kategoriak\/\"]}]},{\"@type\":\"BreadcrumbList\",\"@id\":\"https:\/\/imp-pumps.com\/hu\/szivattyu-kategoriak\/#breadcrumb\",\"itemListElement\":[{\"@type\":\"ListItem\",\"position\":1,\"name\":\"Home\",\"item\":\"https:\/\/imp-pumps.com\/hu\/\"},{\"@type\":\"ListItem\",\"position\":2,\"name\":\"Szivatty\\u00fa Kateg\\u00f3ri\\u00e1k\"}]}]}<\/script>\n<!-- \/ Yoast SEO plugin. -->","yoast_head_json":{"title":"Szivatty\u00fa Kateg\u00f3ri\u00e1k - IMP Pumps","robots":{"index":"index","follow":"follow","max-snippet":"max-snippet:-1","max-image-preview":"max-image-preview:large","max-video-preview":"max-video-preview:-1"},"canonical":"https:\/\/imp-pumps.com\/hu\/szivattyu-kategoriak\/","og_locale":"hu_HU","og_type":"article","og_title":"Szivatty\u00fa Kateg\u00f3ri\u00e1k - IMP Pumps","og_description":"A HVAC alkalmaz\u00e1s az IMP PUMPS alapvet\u0151 gy\u00e1rt\u00e1si programja a keringet\u0151 szivatty\u00fakhoz. A...","og_url":"https:\/\/imp-pumps.com\/hu\/szivattyu-kategoriak\/","og_site_name":"IMP Pumps","article_modified_time":"2026-03-20T10:41:03+00:00","twitter_card":"summary_large_image","schema":{"@context":"https:\/\/schema.org","@graph":[{"@type":"WebSite","@id":"http:\/\/imp-pumps.com\/#website","url":"http:\/\/imp-pumps.com\/","name":"IMP Pumps","description":"\u0160e eno spleti\u0161\u010de WordPress","potentialAction":[{"@type":"SearchAction","target":{"@type":"EntryPoint","urlTemplate":"http:\/\/imp-pumps.com\/?s={search_term_string}"},"query-input":"required name=search_term_string"}],"inLanguage":"hu"},{"@type":"WebPage","@id":"https:\/\/imp-pumps.com\/hu\/szivattyu-kategoriak\/#webpage","url":"https:\/\/imp-pumps.com\/hu\/szivattyu-kategoriak\/","name":"Szivatty\u00fa Kateg\u00f3ri\u00e1k - IMP Pumps","isPartOf":{"@id":"http:\/\/imp-pumps.com\/#website"},"datePublished":"2018-03-23T17:40:19+00:00","dateModified":"2026-03-20T10:41:03+00:00","breadcrumb":{"@id":"https:\/\/imp-pumps.com\/hu\/szivattyu-kategoriak\/#breadcrumb"},"inLanguage":"hu","potentialAction":[{"@type":"ReadAction","target":["https:\/\/imp-pumps.com\/hu\/szivattyu-kategoriak\/"]}]},{"@type":"BreadcrumbList","@id":"https:\/\/imp-pumps.com\/hu\/szivattyu-kategoriak\/#breadcrumb","itemListElement":[{"@type":"ListItem","position":1,"name":"Home","item":"https:\/\/imp-pumps.com\/hu\/"},{"@type":"ListItem","position":2,"name":"Szivatty\u00fa Kateg\u00f3ri\u00e1k"}]}]}},"_links":{"self":[{"href":"https:\/\/imp-pumps.com\/hu\/wp-json\/wp\/v2\/pages\/49234"}],"collection":[{"href":"https:\/\/imp-pumps.com\/hu\/wp-json\/wp\/v2\/pages"}],"about":[{"href":"https:\/\/imp-pumps.com\/hu\/wp-json\/wp\/v2\/types\/page"}],"author":[{"embeddable":true,"href":"https:\/\/imp-pumps.com\/hu\/wp-json\/wp\/v2\/users\/1"}],"replies":[{"embeddable":true,"href":"https:\/\/imp-pumps.com\/hu\/wp-json\/wp\/v2\/comments?post=49234"}],"version-history":[{"count":7,"href":"https:\/\/imp-pumps.com\/hu\/wp-json\/wp\/v2\/pages\/49234\/revisions"}],"predecessor-version":[{"id":156134,"href":"https:\/\/imp-pumps.com\/hu\/wp-json\/wp\/v2\/pages\/49234\/revisions\/156134"}],"wp:attachment":[{"href":"https:\/\/imp-pumps.com\/hu\/wp-json\/wp\/v2\/media?parent=49234"}],"curies":[{"name":"wp","href":"https:\/\/api.w.org\/{rel}","templated":true}]}}