{"id":49228,"date":"2018-04-18T08:07:09","date_gmt":"2018-04-18T07:07:09","guid":{"rendered":"http:\/\/imp-pumps.com\/about-us\/"},"modified":"2020-02-10T09:14:40","modified_gmt":"2020-02-10T08:14:40","slug":"rolunk","status":"publish","type":"page","link":"https:\/\/imp-pumps.com\/hu\/rolunk\/","title":{"rendered":"R\u00f3lunk"},"content":{"rendered":"<p>IMP Pumps d.o.o. egy Szlov\u00e9n sz\u00e9khely\u0171 \u00e9s tulajdon\u00fa szivatty\u00fa \u00e9s szivatty\u00farendszereket gy\u00e1rt\u00f3 v\u00e1llalat Komenda v\u00e1ros\u00e1ban A v\u00e1llalat szivatty\u00fakat \u00e9s szivatty\u00farendszereket tervez, fejleszt, gy\u00e1rt, forgalmaz \u00e9s karbantart. Saj\u00e1t \u00e9s strat\u00e9giai partnerekt\u0151l sz\u00e1rmaz\u00f3 term\u00e9kekkel \u00e9s szolg\u00e1ltat\u00e1sokkal a v\u00e1llalat integr\u00e1lt megold\u00e1sok sz\u00e1ll\u00edt\u00f3jak\u00e9nt helyezkedik el.<\/p>\n<p>A v\u00e1llalat speci\u00e1lis k\u00e9szs\u00e9gekkel oldja meg a foly\u00e9kony k\u00f6zegek sz\u00e1ll\u00edt\u00e1s\u00e1val kapcsolatos probl\u00e9m\u00e1kat. Ez biztos\u00edtja az otthoni k\u00f6rnyezet k\u00e9nyelm\u00e9t \u00e9s az optim\u00e1lis munkak\u00f6r\u00fclm\u00e9nyeket az iparban.<\/p>\n","protected":false},"excerpt":{"rendered":"<p>IMP Pumps d.o.o. egy Szlov\u00e9n sz\u00e9khely\u0171 \u00e9s tulajdon\u00fa szivatty\u00fa \u00e9s szivatty\u00farendszereket gy\u00e1rt\u00f3 v\u00e1llalat&#8230;<\/p>\n","protected":false},"author":1,"featured_media":49230,"parent":0,"menu_order":0,"comment_status":"closed","ping_status":"closed","template":"page-templates\/template-o-podjetju.php","meta":[],"acf":[],"yoast_head":"<!-- This site is optimized with the Yoast SEO plugin v17.8 - https:\/\/yoast.com\/wordpress\/plugins\/seo\/ -->\n<title>R\u00f3lunk - IMP Pumps<\/title>\n<meta name=\"robots\" content=\"index, follow, max-snippet:-1, max-image-preview:large, max-video-preview:-1\" \/>\n<link rel=\"canonical\" href=\"https:\/\/imp-pumps.com\/hu\/rolunk\/\" \/>\n<meta property=\"og:locale\" content=\"hu_HU\" \/>\n<meta property=\"og:type\" content=\"article\" \/>\n<meta property=\"og:title\" content=\"R\u00f3lunk - IMP Pumps\" \/>\n<meta property=\"og:description\" content=\"IMP Pumps d.o.o. egy Szlov\u00e9n sz\u00e9khely\u0171 \u00e9s tulajdon\u00fa szivatty\u00fa \u00e9s szivatty\u00farendszereket gy\u00e1rt\u00f3 v\u00e1llalat...\" \/>\n<meta property=\"og:url\" content=\"https:\/\/imp-pumps.com\/hu\/rolunk\/\" \/>\n<meta property=\"og:site_name\" content=\"IMP Pumps\" \/>\n<meta property=\"article:modified_time\" content=\"2020-02-10T08:14:40+00:00\" \/>\n<meta property=\"og:image\" content=\"https:\/\/imp-pumps.com\/wp-content\/uploads\/2018\/04\/opodjetju-icon.png\" \/>\n\t<meta property=\"og:image:width\" content=\"176\" \/>\n\t<meta property=\"og:image:height\" content=\"176\" \/>\n<meta name=\"twitter:card\" content=\"summary_large_image\" \/>\n<meta name=\"twitter:label1\" content=\"Becs\u00fclt olvas\u00e1si id\u0151\" \/>\n\t<meta name=\"twitter:data1\" content=\"1 perc\" \/>\n<script type=\"application\/ld+json\" class=\"yoast-schema-graph\">{\"@context\":\"https:\/\/schema.org\",\"@graph\":[{\"@type\":\"WebSite\",\"@id\":\"http:\/\/imp-pumps.com\/#website\",\"url\":\"http:\/\/imp-pumps.com\/\",\"name\":\"IMP Pumps\",\"description\":\"\\u0160e eno spleti\\u0161\\u010de WordPress\",\"potentialAction\":[{\"@type\":\"SearchAction\",\"target\":{\"@type\":\"EntryPoint\",\"urlTemplate\":\"http:\/\/imp-pumps.com\/?s={search_term_string}\"},\"query-input\":\"required name=search_term_string\"}],\"inLanguage\":\"hu\"},{\"@type\":\"ImageObject\",\"@id\":\"https:\/\/imp-pumps.com\/hu\/rolunk\/#primaryimage\",\"inLanguage\":\"hu\",\"url\":\"https:\/\/imp-pumps.com\/wp-content\/uploads\/2018\/04\/opodjetju-icon.png\",\"contentUrl\":\"https:\/\/imp-pumps.com\/wp-content\/uploads\/2018\/04\/opodjetju-icon.png\",\"width\":176,\"height\":176},{\"@type\":\"WebPage\",\"@id\":\"https:\/\/imp-pumps.com\/hu\/rolunk\/#webpage\",\"url\":\"https:\/\/imp-pumps.com\/hu\/rolunk\/\",\"name\":\"R\\u00f3lunk - IMP Pumps\",\"isPartOf\":{\"@id\":\"http:\/\/imp-pumps.com\/#website\"},\"primaryImageOfPage\":{\"@id\":\"https:\/\/imp-pumps.com\/hu\/rolunk\/#primaryimage\"},\"datePublished\":\"2018-04-18T07:07:09+00:00\",\"dateModified\":\"2020-02-10T08:14:40+00:00\",\"breadcrumb\":{\"@id\":\"https:\/\/imp-pumps.com\/hu\/rolunk\/#breadcrumb\"},\"inLanguage\":\"hu\",\"potentialAction\":[{\"@type\":\"ReadAction\",\"target\":[\"https:\/\/imp-pumps.com\/hu\/rolunk\/\"]}]},{\"@type\":\"BreadcrumbList\",\"@id\":\"https:\/\/imp-pumps.com\/hu\/rolunk\/#breadcrumb\",\"itemListElement\":[{\"@type\":\"ListItem\",\"position\":1,\"name\":\"Home\",\"item\":\"https:\/\/imp-pumps.com\/hu\/\"},{\"@type\":\"ListItem\",\"position\":2,\"name\":\"R\\u00f3lunk\"}]}]}<\/script>\n<!-- \/ Yoast SEO plugin. -->","yoast_head_json":{"title":"R\u00f3lunk - IMP Pumps","robots":{"index":"index","follow":"follow","max-snippet":"max-snippet:-1","max-image-preview":"max-image-preview:large","max-video-preview":"max-video-preview:-1"},"canonical":"https:\/\/imp-pumps.com\/hu\/rolunk\/","og_locale":"hu_HU","og_type":"article","og_title":"R\u00f3lunk - IMP Pumps","og_description":"IMP Pumps d.o.o. egy Szlov\u00e9n sz\u00e9khely\u0171 \u00e9s tulajdon\u00fa szivatty\u00fa \u00e9s szivatty\u00farendszereket gy\u00e1rt\u00f3 v\u00e1llalat...","og_url":"https:\/\/imp-pumps.com\/hu\/rolunk\/","og_site_name":"IMP Pumps","article_modified_time":"2020-02-10T08:14:40+00:00","og_image":[{"width":176,"height":176,"url":"https:\/\/imp-pumps.com\/wp-content\/uploads\/2018\/04\/opodjetju-icon.png","type":"image\/png"}],"twitter_card":"summary_large_image","twitter_misc":{"Becs\u00fclt olvas\u00e1si id\u0151":"1 perc"},"schema":{"@context":"https:\/\/schema.org","@graph":[{"@type":"WebSite","@id":"http:\/\/imp-pumps.com\/#website","url":"http:\/\/imp-pumps.com\/","name":"IMP Pumps","description":"\u0160e eno spleti\u0161\u010de WordPress","potentialAction":[{"@type":"SearchAction","target":{"@type":"EntryPoint","urlTemplate":"http:\/\/imp-pumps.com\/?s={search_term_string}"},"query-input":"required name=search_term_string"}],"inLanguage":"hu"},{"@type":"ImageObject","@id":"https:\/\/imp-pumps.com\/hu\/rolunk\/#primaryimage","inLanguage":"hu","url":"https:\/\/imp-pumps.com\/wp-content\/uploads\/2018\/04\/opodjetju-icon.png","contentUrl":"https:\/\/imp-pumps.com\/wp-content\/uploads\/2018\/04\/opodjetju-icon.png","width":176,"height":176},{"@type":"WebPage","@id":"https:\/\/imp-pumps.com\/hu\/rolunk\/#webpage","url":"https:\/\/imp-pumps.com\/hu\/rolunk\/","name":"R\u00f3lunk - IMP Pumps","isPartOf":{"@id":"http:\/\/imp-pumps.com\/#website"},"primaryImageOfPage":{"@id":"https:\/\/imp-pumps.com\/hu\/rolunk\/#primaryimage"},"datePublished":"2018-04-18T07:07:09+00:00","dateModified":"2020-02-10T08:14:40+00:00","breadcrumb":{"@id":"https:\/\/imp-pumps.com\/hu\/rolunk\/#breadcrumb"},"inLanguage":"hu","potentialAction":[{"@type":"ReadAction","target":["https:\/\/imp-pumps.com\/hu\/rolunk\/"]}]},{"@type":"BreadcrumbList","@id":"https:\/\/imp-pumps.com\/hu\/rolunk\/#breadcrumb","itemListElement":[{"@type":"ListItem","position":1,"name":"Home","item":"https:\/\/imp-pumps.com\/hu\/"},{"@type":"ListItem","position":2,"name":"R\u00f3lunk"}]}]}},"_links":{"self":[{"href":"https:\/\/imp-pumps.com\/hu\/wp-json\/wp\/v2\/pages\/49228"}],"collection":[{"href":"https:\/\/imp-pumps.com\/hu\/wp-json\/wp\/v2\/pages"}],"about":[{"href":"https:\/\/imp-pumps.com\/hu\/wp-json\/wp\/v2\/types\/page"}],"author":[{"embeddable":true,"href":"https:\/\/imp-pumps.com\/hu\/wp-json\/wp\/v2\/users\/1"}],"replies":[{"embeddable":true,"href":"https:\/\/imp-pumps.com\/hu\/wp-json\/wp\/v2\/comments?post=49228"}],"version-history":[{"count":3,"href":"https:\/\/imp-pumps.com\/hu\/wp-json\/wp\/v2\/pages\/49228\/revisions"}],"predecessor-version":[{"id":65654,"href":"https:\/\/imp-pumps.com\/hu\/wp-json\/wp\/v2\/pages\/49228\/revisions\/65654"}],"wp:featuredmedia":[{"embeddable":true,"href":"https:\/\/imp-pumps.com\/hu\/wp-json\/wp\/v2\/media\/49230"}],"wp:attachment":[{"href":"https:\/\/imp-pumps.com\/hu\/wp-json\/wp\/v2\/media?parent=49228"}],"curies":[{"name":"wp","href":"https:\/\/api.w.org\/{rel}","templated":true}]}}