{"id":47775,"date":"2018-04-18T08:07:09","date_gmt":"2018-04-18T07:07:09","guid":{"rendered":"http:\/\/imp-pumps.com\/about-us\/"},"modified":"2021-03-11T09:22:42","modified_gmt":"2021-03-11T08:22:42","slug":"nosotros","status":"publish","type":"page","link":"https:\/\/imp-pumps.com\/es\/nosotros\/","title":{"rendered":"Nosotros"},"content":{"rendered":"<p><strong>IMP PUMPS es un fabricante esloveno de bombas y sistemas de bomba situado en Komenda en Eslovenia. La compa\u00f1\u00eda dise\u00f1a, desarrolla, fabrica, distribuye y hace el mantenimiento de bombas y sistemas de bomba.<\/strong><\/p>\n<p>Con productos y servicios propios y de colaboradores estrat\u00e9gicos, la compa\u00f1\u00eda se posiciona como un proveedor de soluciones integradas. Con habilidades especializadas la compa\u00f1\u00eda soluciona problemas relacionados con el tranposrte de medios l\u00edquidos<\/p>\n","protected":false},"excerpt":{"rendered":"<p>IMP PUMPS es un fabricante esloveno de bombas y sistemas de bomba situado&#8230;<\/p>\n","protected":false},"author":1,"featured_media":47777,"parent":0,"menu_order":0,"comment_status":"closed","ping_status":"closed","template":"page-templates\/template-o-podjetju.php","meta":[],"acf":[],"yoast_head":"<!-- This site is optimized with the Yoast SEO plugin v17.8 - https:\/\/yoast.com\/wordpress\/plugins\/seo\/ -->\n<title>Nosotros - IMP Pumps<\/title>\n<meta name=\"robots\" content=\"index, follow, max-snippet:-1, max-image-preview:large, max-video-preview:-1\" \/>\n<link rel=\"canonical\" href=\"https:\/\/imp-pumps.com\/es\/nosotros\/\" \/>\n<meta property=\"og:locale\" content=\"es_ES\" \/>\n<meta property=\"og:type\" content=\"article\" \/>\n<meta property=\"og:title\" content=\"Nosotros - IMP Pumps\" \/>\n<meta property=\"og:description\" content=\"IMP PUMPS es un fabricante esloveno de bombas y sistemas de bomba situado...\" \/>\n<meta property=\"og:url\" content=\"https:\/\/imp-pumps.com\/es\/nosotros\/\" \/>\n<meta property=\"og:site_name\" content=\"IMP Pumps\" \/>\n<meta property=\"article:modified_time\" content=\"2021-03-11T08:22:42+00:00\" \/>\n<meta property=\"og:image\" content=\"https:\/\/imp-pumps.com\/wp-content\/uploads\/2018\/04\/opodjetju-icon.png\" \/>\n\t<meta property=\"og:image:width\" content=\"176\" \/>\n\t<meta property=\"og:image:height\" content=\"176\" \/>\n<meta name=\"twitter:card\" content=\"summary_large_image\" \/>\n<script type=\"application\/ld+json\" class=\"yoast-schema-graph\">{\"@context\":\"https:\/\/schema.org\",\"@graph\":[{\"@type\":\"WebSite\",\"@id\":\"https:\/\/imp-pumps.com\/sl\/#website\",\"url\":\"https:\/\/imp-pumps.com\/sl\/\",\"name\":\"IMP Pumps\",\"description\":\"\\u0160e eno spleti\\u0161\\u010de WordPress\",\"potentialAction\":[{\"@type\":\"SearchAction\",\"target\":{\"@type\":\"EntryPoint\",\"urlTemplate\":\"https:\/\/imp-pumps.com\/sl\/?s={search_term_string}\"},\"query-input\":\"required name=search_term_string\"}],\"inLanguage\":\"es\"},{\"@type\":\"ImageObject\",\"@id\":\"https:\/\/imp-pumps.com\/es\/nosotros\/#primaryimage\",\"inLanguage\":\"es\",\"url\":\"https:\/\/imp-pumps.com\/wp-content\/uploads\/2018\/04\/opodjetju-icon.png\",\"contentUrl\":\"https:\/\/imp-pumps.com\/wp-content\/uploads\/2018\/04\/opodjetju-icon.png\",\"width\":176,\"height\":176},{\"@type\":\"WebPage\",\"@id\":\"https:\/\/imp-pumps.com\/es\/nosotros\/#webpage\",\"url\":\"https:\/\/imp-pumps.com\/es\/nosotros\/\",\"name\":\"Nosotros - IMP Pumps\",\"isPartOf\":{\"@id\":\"https:\/\/imp-pumps.com\/sl\/#website\"},\"primaryImageOfPage\":{\"@id\":\"https:\/\/imp-pumps.com\/es\/nosotros\/#primaryimage\"},\"datePublished\":\"2018-04-18T07:07:09+00:00\",\"dateModified\":\"2021-03-11T08:22:42+00:00\",\"breadcrumb\":{\"@id\":\"https:\/\/imp-pumps.com\/es\/nosotros\/#breadcrumb\"},\"inLanguage\":\"es\",\"potentialAction\":[{\"@type\":\"ReadAction\",\"target\":[\"https:\/\/imp-pumps.com\/es\/nosotros\/\"]}]},{\"@type\":\"BreadcrumbList\",\"@id\":\"https:\/\/imp-pumps.com\/es\/nosotros\/#breadcrumb\",\"itemListElement\":[{\"@type\":\"ListItem\",\"position\":1,\"name\":\"Home\",\"item\":\"https:\/\/imp-pumps.com\/es\/\"},{\"@type\":\"ListItem\",\"position\":2,\"name\":\"Nosotros\"}]}]}<\/script>\n<!-- \/ Yoast SEO plugin. -->","yoast_head_json":{"title":"Nosotros - IMP Pumps","robots":{"index":"index","follow":"follow","max-snippet":"max-snippet:-1","max-image-preview":"max-image-preview:large","max-video-preview":"max-video-preview:-1"},"canonical":"https:\/\/imp-pumps.com\/es\/nosotros\/","og_locale":"es_ES","og_type":"article","og_title":"Nosotros - IMP Pumps","og_description":"IMP PUMPS es un fabricante esloveno de bombas y sistemas de bomba situado...","og_url":"https:\/\/imp-pumps.com\/es\/nosotros\/","og_site_name":"IMP Pumps","article_modified_time":"2021-03-11T08:22:42+00:00","og_image":[{"width":176,"height":176,"url":"https:\/\/imp-pumps.com\/wp-content\/uploads\/2018\/04\/opodjetju-icon.png","type":"image\/png"}],"twitter_card":"summary_large_image","schema":{"@context":"https:\/\/schema.org","@graph":[{"@type":"WebSite","@id":"https:\/\/imp-pumps.com\/sl\/#website","url":"https:\/\/imp-pumps.com\/sl\/","name":"IMP Pumps","description":"\u0160e eno spleti\u0161\u010de WordPress","potentialAction":[{"@type":"SearchAction","target":{"@type":"EntryPoint","urlTemplate":"https:\/\/imp-pumps.com\/sl\/?s={search_term_string}"},"query-input":"required name=search_term_string"}],"inLanguage":"es"},{"@type":"ImageObject","@id":"https:\/\/imp-pumps.com\/es\/nosotros\/#primaryimage","inLanguage":"es","url":"https:\/\/imp-pumps.com\/wp-content\/uploads\/2018\/04\/opodjetju-icon.png","contentUrl":"https:\/\/imp-pumps.com\/wp-content\/uploads\/2018\/04\/opodjetju-icon.png","width":176,"height":176},{"@type":"WebPage","@id":"https:\/\/imp-pumps.com\/es\/nosotros\/#webpage","url":"https:\/\/imp-pumps.com\/es\/nosotros\/","name":"Nosotros - IMP Pumps","isPartOf":{"@id":"https:\/\/imp-pumps.com\/sl\/#website"},"primaryImageOfPage":{"@id":"https:\/\/imp-pumps.com\/es\/nosotros\/#primaryimage"},"datePublished":"2018-04-18T07:07:09+00:00","dateModified":"2021-03-11T08:22:42+00:00","breadcrumb":{"@id":"https:\/\/imp-pumps.com\/es\/nosotros\/#breadcrumb"},"inLanguage":"es","potentialAction":[{"@type":"ReadAction","target":["https:\/\/imp-pumps.com\/es\/nosotros\/"]}]},{"@type":"BreadcrumbList","@id":"https:\/\/imp-pumps.com\/es\/nosotros\/#breadcrumb","itemListElement":[{"@type":"ListItem","position":1,"name":"Home","item":"https:\/\/imp-pumps.com\/es\/"},{"@type":"ListItem","position":2,"name":"Nosotros"}]}]}},"_links":{"self":[{"href":"https:\/\/imp-pumps.com\/es\/wp-json\/wp\/v2\/pages\/47775"}],"collection":[{"href":"https:\/\/imp-pumps.com\/es\/wp-json\/wp\/v2\/pages"}],"about":[{"href":"https:\/\/imp-pumps.com\/es\/wp-json\/wp\/v2\/types\/page"}],"author":[{"embeddable":true,"href":"https:\/\/imp-pumps.com\/es\/wp-json\/wp\/v2\/users\/1"}],"replies":[{"embeddable":true,"href":"https:\/\/imp-pumps.com\/es\/wp-json\/wp\/v2\/comments?post=47775"}],"version-history":[{"count":3,"href":"https:\/\/imp-pumps.com\/es\/wp-json\/wp\/v2\/pages\/47775\/revisions"}],"predecessor-version":[{"id":107865,"href":"https:\/\/imp-pumps.com\/es\/wp-json\/wp\/v2\/pages\/47775\/revisions\/107865"}],"wp:featuredmedia":[{"embeddable":true,"href":"https:\/\/imp-pumps.com\/es\/wp-json\/wp\/v2\/media\/47777"}],"wp:attachment":[{"href":"https:\/\/imp-pumps.com\/es\/wp-json\/wp\/v2\/media?parent=47775"}],"curies":[{"name":"wp","href":"https:\/\/api.w.org\/{rel}","templated":true}]}}