{"id":39605,"date":"2018-04-18T08:07:09","date_gmt":"2018-04-18T07:07:09","guid":{"rendered":"http:\/\/imp-pumps.com\/about-us\/"},"modified":"2020-02-10T09:12:14","modified_gmt":"2020-02-10T08:12:14","slug":"ueber-uns","status":"publish","type":"page","link":"https:\/\/imp-pumps.com\/de\/ueber-uns\/","title":{"rendered":"\u00dcBER UNS"},"content":{"rendered":"<p><strong>IMP Pumpen d.o.o. ist ein slowenischer Hersteller von Pumpen und Pump-Systemen mit seinem Hauptsitz in Komenda in der N\u00e4he von Laibach. Das Unternehmen entwirft, entwickelt, produziert, vertreibt und serviciert Pumpen und Pumpensysteme. <\/strong><\/p>\n<p>Mit Produkten und Dienstleistungen aus eigenem Hause wie auch von strategischen Partnern wird das Unternehmen als Anbieter von integrierten L\u00f6sungen positioniert. Mit speziellen F\u00e4higkeiten l\u00f6st die Firma Probleme im Zusammenhang mit der F\u00f6rderung von fl\u00fcssigen Medien. Dies sorgt f\u00fcr Komfort in der h\u00e4uslichen Umgebung und optimale Arbeitsbedingungen in der Industrie.<\/p>\n","protected":false},"excerpt":{"rendered":"<p>IMP Pumpen d.o.o. ist ein slowenischer Hersteller von Pumpen und Pump-Systemen mit seinem&#8230;<\/p>\n","protected":false},"author":1,"featured_media":41548,"parent":0,"menu_order":0,"comment_status":"closed","ping_status":"closed","template":"page-templates\/template-o-podjetju.php","meta":[],"acf":[],"yoast_head":"<!-- This site is optimized with the Yoast SEO plugin v17.8 - https:\/\/yoast.com\/wordpress\/plugins\/seo\/ -->\n<title>\u00dcBER UNS - IMP Pumps<\/title>\n<meta name=\"robots\" content=\"index, follow, max-snippet:-1, max-image-preview:large, max-video-preview:-1\" \/>\n<link rel=\"canonical\" href=\"https:\/\/imp-pumps.com\/de\/ueber-uns\/\" \/>\n<meta property=\"og:locale\" content=\"de_DE\" \/>\n<meta property=\"og:type\" content=\"article\" \/>\n<meta property=\"og:title\" content=\"\u00dcBER UNS - IMP Pumps\" \/>\n<meta property=\"og:description\" content=\"IMP Pumpen d.o.o. ist ein slowenischer Hersteller von Pumpen und Pump-Systemen mit seinem...\" \/>\n<meta property=\"og:url\" content=\"https:\/\/imp-pumps.com\/de\/ueber-uns\/\" \/>\n<meta property=\"og:site_name\" content=\"IMP Pumps\" \/>\n<meta property=\"article:modified_time\" content=\"2020-02-10T08:12:14+00:00\" \/>\n<meta property=\"og:image\" content=\"https:\/\/imp-pumps.com\/wp-content\/uploads\/2018\/04\/opodjetju-icon.png\" \/>\n\t<meta property=\"og:image:width\" content=\"176\" \/>\n\t<meta property=\"og:image:height\" content=\"176\" \/>\n<meta name=\"twitter:card\" content=\"summary_large_image\" \/>\n<script type=\"application\/ld+json\" class=\"yoast-schema-graph\">{\"@context\":\"https:\/\/schema.org\",\"@graph\":[{\"@type\":\"WebSite\",\"@id\":\"http:\/\/imp-pumps.com\/#website\",\"url\":\"http:\/\/imp-pumps.com\/\",\"name\":\"IMP Pumps\",\"description\":\"\\u0160e eno spleti\\u0161\\u010de WordPress\",\"potentialAction\":[{\"@type\":\"SearchAction\",\"target\":{\"@type\":\"EntryPoint\",\"urlTemplate\":\"http:\/\/imp-pumps.com\/?s={search_term_string}\"},\"query-input\":\"required name=search_term_string\"}],\"inLanguage\":\"de-DE\"},{\"@type\":\"ImageObject\",\"@id\":\"https:\/\/imp-pumps.com\/de\/ueber-uns\/#primaryimage\",\"inLanguage\":\"de-DE\",\"url\":\"https:\/\/imp-pumps.com\/wp-content\/uploads\/2018\/04\/opodjetju-icon.png\",\"contentUrl\":\"https:\/\/imp-pumps.com\/wp-content\/uploads\/2018\/04\/opodjetju-icon.png\",\"width\":176,\"height\":176},{\"@type\":\"WebPage\",\"@id\":\"https:\/\/imp-pumps.com\/de\/ueber-uns\/#webpage\",\"url\":\"https:\/\/imp-pumps.com\/de\/ueber-uns\/\",\"name\":\"\\u00dcBER UNS - IMP Pumps\",\"isPartOf\":{\"@id\":\"http:\/\/imp-pumps.com\/#website\"},\"primaryImageOfPage\":{\"@id\":\"https:\/\/imp-pumps.com\/de\/ueber-uns\/#primaryimage\"},\"datePublished\":\"2018-04-18T07:07:09+00:00\",\"dateModified\":\"2020-02-10T08:12:14+00:00\",\"breadcrumb\":{\"@id\":\"https:\/\/imp-pumps.com\/de\/ueber-uns\/#breadcrumb\"},\"inLanguage\":\"de-DE\",\"potentialAction\":[{\"@type\":\"ReadAction\",\"target\":[\"https:\/\/imp-pumps.com\/de\/ueber-uns\/\"]}]},{\"@type\":\"BreadcrumbList\",\"@id\":\"https:\/\/imp-pumps.com\/de\/ueber-uns\/#breadcrumb\",\"itemListElement\":[{\"@type\":\"ListItem\",\"position\":1,\"name\":\"Home\",\"item\":\"https:\/\/imp-pumps.com\/de\/\"},{\"@type\":\"ListItem\",\"position\":2,\"name\":\"\\u00dcBER UNS\"}]}]}<\/script>\n<!-- \/ Yoast SEO plugin. -->","yoast_head_json":{"title":"\u00dcBER UNS - IMP Pumps","robots":{"index":"index","follow":"follow","max-snippet":"max-snippet:-1","max-image-preview":"max-image-preview:large","max-video-preview":"max-video-preview:-1"},"canonical":"https:\/\/imp-pumps.com\/de\/ueber-uns\/","og_locale":"de_DE","og_type":"article","og_title":"\u00dcBER UNS - IMP Pumps","og_description":"IMP Pumpen d.o.o. ist ein slowenischer Hersteller von Pumpen und Pump-Systemen mit seinem...","og_url":"https:\/\/imp-pumps.com\/de\/ueber-uns\/","og_site_name":"IMP Pumps","article_modified_time":"2020-02-10T08:12:14+00:00","og_image":[{"width":176,"height":176,"url":"https:\/\/imp-pumps.com\/wp-content\/uploads\/2018\/04\/opodjetju-icon.png","type":"image\/png"}],"twitter_card":"summary_large_image","schema":{"@context":"https:\/\/schema.org","@graph":[{"@type":"WebSite","@id":"http:\/\/imp-pumps.com\/#website","url":"http:\/\/imp-pumps.com\/","name":"IMP Pumps","description":"\u0160e eno spleti\u0161\u010de WordPress","potentialAction":[{"@type":"SearchAction","target":{"@type":"EntryPoint","urlTemplate":"http:\/\/imp-pumps.com\/?s={search_term_string}"},"query-input":"required name=search_term_string"}],"inLanguage":"de-DE"},{"@type":"ImageObject","@id":"https:\/\/imp-pumps.com\/de\/ueber-uns\/#primaryimage","inLanguage":"de-DE","url":"https:\/\/imp-pumps.com\/wp-content\/uploads\/2018\/04\/opodjetju-icon.png","contentUrl":"https:\/\/imp-pumps.com\/wp-content\/uploads\/2018\/04\/opodjetju-icon.png","width":176,"height":176},{"@type":"WebPage","@id":"https:\/\/imp-pumps.com\/de\/ueber-uns\/#webpage","url":"https:\/\/imp-pumps.com\/de\/ueber-uns\/","name":"\u00dcBER UNS - IMP Pumps","isPartOf":{"@id":"http:\/\/imp-pumps.com\/#website"},"primaryImageOfPage":{"@id":"https:\/\/imp-pumps.com\/de\/ueber-uns\/#primaryimage"},"datePublished":"2018-04-18T07:07:09+00:00","dateModified":"2020-02-10T08:12:14+00:00","breadcrumb":{"@id":"https:\/\/imp-pumps.com\/de\/ueber-uns\/#breadcrumb"},"inLanguage":"de-DE","potentialAction":[{"@type":"ReadAction","target":["https:\/\/imp-pumps.com\/de\/ueber-uns\/"]}]},{"@type":"BreadcrumbList","@id":"https:\/\/imp-pumps.com\/de\/ueber-uns\/#breadcrumb","itemListElement":[{"@type":"ListItem","position":1,"name":"Home","item":"https:\/\/imp-pumps.com\/de\/"},{"@type":"ListItem","position":2,"name":"\u00dcBER UNS"}]}]}},"_links":{"self":[{"href":"https:\/\/imp-pumps.com\/de\/wp-json\/wp\/v2\/pages\/39605"}],"collection":[{"href":"https:\/\/imp-pumps.com\/de\/wp-json\/wp\/v2\/pages"}],"about":[{"href":"https:\/\/imp-pumps.com\/de\/wp-json\/wp\/v2\/types\/page"}],"author":[{"embeddable":true,"href":"https:\/\/imp-pumps.com\/de\/wp-json\/wp\/v2\/users\/1"}],"replies":[{"embeddable":true,"href":"https:\/\/imp-pumps.com\/de\/wp-json\/wp\/v2\/comments?post=39605"}],"version-history":[{"count":2,"href":"https:\/\/imp-pumps.com\/de\/wp-json\/wp\/v2\/pages\/39605\/revisions"}],"predecessor-version":[{"id":140169,"href":"https:\/\/imp-pumps.com\/de\/wp-json\/wp\/v2\/pages\/39605\/revisions\/140169"}],"wp:featuredmedia":[{"embeddable":true,"href":"https:\/\/imp-pumps.com\/de\/wp-json\/wp\/v2\/media\/41548"}],"wp:attachment":[{"href":"https:\/\/imp-pumps.com\/de\/wp-json\/wp\/v2\/media?parent=39605"}],"curies":[{"name":"wp","href":"https:\/\/api.w.org\/{rel}","templated":true}]}}