{"id":39592,"date":"2018-03-25T13:29:06","date_gmt":"2018-03-25T12:29:06","guid":{"rendered":"http:\/\/imp-pumps.com\/quality\/"},"modified":"2018-12-20T11:53:48","modified_gmt":"2018-12-20T10:53:48","slug":"qualitaet","status":"publish","type":"page","link":"https:\/\/imp-pumps.com\/de\/qualitaet\/","title":{"rendered":"Qualit\u00e4t"},"content":{"rendered":"<p style=\"font-weight: 400;\"><strong>Die Qualit\u00e4tspolitik basiert auf der Vision und Mission des Unternehmens. Voraussetzung f\u00fcr den Markterfolg ist ein hohes Ma\u00df an Qualit\u00e4t. Dies beinhaltet alle Phasen der Entstehung des Produkts: von der Markterforschung bis zur Auslieferung. Nur auf diese Weise k\u00f6nnen wir unsere Strategie erf\u00fcllen: die h\u00f6chste Qualit\u00e4t zu den niedrigsten Kosten. Unser Qualit\u00e4tsmanagementsystem erf\u00fcllt alle Anforderungen der ISO 9001:2015.<\/strong><\/p>\n<p>Der Erfolg unseres Unternehmens basiert auf den Bem\u00fchungen aller Mitarbeiter fehlerfrei zu arbeiten, dies mit gro\u00dfer Verantwortung f\u00fcr ihre eigene und die gemeinsame Arbeit. Die Produktionsarbeit basiert auf dem Prinzip:<\/p>\n<p>Akzeptiere kein Produkt mit einem Fehler &#8211; Mache keine Fehler &#8211; Liefere keine Produkte mit einem Fehler aus.<\/p>\n<p>Durch st\u00e4ndige Anpassung, die der Markt verlangt, sind Innovation und Wettbewerbsf\u00e4higkeit gew\u00e4hrleistet, dies gelingt durch die Einbeziehung aller Mitarbeiter in den Prozess der kontinuierlichen Verbesserung. Wir verbessern st\u00e4ndig unsere Produkte, die Effizienz der Prozesse und die Qualit\u00e4t des Managementsystems. Die Qualit\u00e4tspolitik wird direkt vom Direktor des Unternehmens in Zusammenarbeit mit dem Management der Firma entwickelt. Jeder Mitarbeiter ist f\u00fcr seine Arbeit verantwortlich, die er durchzuf\u00fchren hat und f\u00fcr deren \u00dcbereinstimmung mit der Qualit\u00e4tspolitik, Normen und anderen Bestimmungen der Gesch\u00e4ftsordnung sowie der Erwartung der Gesch\u00e4ftspartner, Kunden und Anwender.<\/p>\n<p>Alle Prozesse sind auf Effizienz und die 5S-Methode f\u00fcr st\u00f6rungsfreies Arbeiten fokusiert.<\/p>\n","protected":false},"excerpt":{"rendered":"<p>Die Qualit\u00e4tspolitik basiert auf der Vision und Mission des Unternehmens. Voraussetzung f\u00fcr den&#8230;<\/p>\n","protected":false},"author":1,"featured_media":41555,"parent":0,"menu_order":0,"comment_status":"closed","ping_status":"closed","template":"page-templates\/template-kakovost.php","meta":[],"acf":[],"yoast_head":"<!-- This site is optimized with the Yoast SEO plugin v17.8 - https:\/\/yoast.com\/wordpress\/plugins\/seo\/ -->\n<title>Qualit\u00e4t - IMP Pumps<\/title>\n<meta name=\"robots\" content=\"index, follow, max-snippet:-1, max-image-preview:large, max-video-preview:-1\" \/>\n<link rel=\"canonical\" href=\"http:\/\/imp-pumps.com\/de\/qualitaet\/\" \/>\n<meta property=\"og:locale\" content=\"de_DE\" \/>\n<meta property=\"og:type\" content=\"article\" \/>\n<meta property=\"og:title\" content=\"Qualit\u00e4t - IMP Pumps\" \/>\n<meta property=\"og:description\" content=\"Die Qualit\u00e4tspolitik basiert auf der Vision und Mission des Unternehmens. Voraussetzung f\u00fcr den...\" \/>\n<meta property=\"og:url\" content=\"http:\/\/imp-pumps.com\/de\/qualitaet\/\" \/>\n<meta property=\"og:site_name\" content=\"IMP Pumps\" \/>\n<meta property=\"article:modified_time\" content=\"2018-12-20T10:53:48+00:00\" \/>\n<meta property=\"og:image\" content=\"http:\/\/imp-pumps.com\/wp-content\/uploads\/2018\/04\/kakovost-icon.png\" \/>\n\t<meta property=\"og:image:width\" content=\"176\" \/>\n\t<meta property=\"og:image:height\" content=\"176\" \/>\n<meta name=\"twitter:card\" content=\"summary_large_image\" \/>\n<meta name=\"twitter:label1\" content=\"Gesch\u00e4tzte Lesezeit\" \/>\n\t<meta name=\"twitter:data1\" content=\"1 Minute\" \/>\n<script type=\"application\/ld+json\" class=\"yoast-schema-graph\">{\"@context\":\"https:\/\/schema.org\",\"@graph\":[{\"@type\":\"WebSite\",\"@id\":\"http:\/\/imp-pumps.com\/#website\",\"url\":\"http:\/\/imp-pumps.com\/\",\"name\":\"IMP Pumps\",\"description\":\"\\u0160e eno spleti\\u0161\\u010de WordPress\",\"potentialAction\":[{\"@type\":\"SearchAction\",\"target\":{\"@type\":\"EntryPoint\",\"urlTemplate\":\"http:\/\/imp-pumps.com\/?s={search_term_string}\"},\"query-input\":\"required name=search_term_string\"}],\"inLanguage\":\"de-DE\"},{\"@type\":\"ImageObject\",\"@id\":\"http:\/\/imp-pumps.com\/de\/qualitaet\/#primaryimage\",\"inLanguage\":\"de-DE\",\"url\":\"https:\/\/imp-pumps.com\/wp-content\/uploads\/2018\/04\/kakovost-icon.png\",\"contentUrl\":\"https:\/\/imp-pumps.com\/wp-content\/uploads\/2018\/04\/kakovost-icon.png\",\"width\":176,\"height\":176},{\"@type\":\"WebPage\",\"@id\":\"http:\/\/imp-pumps.com\/de\/qualitaet\/#webpage\",\"url\":\"http:\/\/imp-pumps.com\/de\/qualitaet\/\",\"name\":\"Qualit\\u00e4t - IMP Pumps\",\"isPartOf\":{\"@id\":\"http:\/\/imp-pumps.com\/#website\"},\"primaryImageOfPage\":{\"@id\":\"http:\/\/imp-pumps.com\/de\/qualitaet\/#primaryimage\"},\"datePublished\":\"2018-03-25T12:29:06+00:00\",\"dateModified\":\"2018-12-20T10:53:48+00:00\",\"breadcrumb\":{\"@id\":\"http:\/\/imp-pumps.com\/de\/qualitaet\/#breadcrumb\"},\"inLanguage\":\"de-DE\",\"potentialAction\":[{\"@type\":\"ReadAction\",\"target\":[\"http:\/\/imp-pumps.com\/de\/qualitaet\/\"]}]},{\"@type\":\"BreadcrumbList\",\"@id\":\"http:\/\/imp-pumps.com\/de\/qualitaet\/#breadcrumb\",\"itemListElement\":[{\"@type\":\"ListItem\",\"position\":1,\"name\":\"Home\",\"item\":\"https:\/\/imp-pumps.com\/de\/\"},{\"@type\":\"ListItem\",\"position\":2,\"name\":\"Qualit\\u00e4t\"}]}]}<\/script>\n<!-- \/ Yoast SEO plugin. -->","yoast_head_json":{"title":"Qualit\u00e4t - IMP Pumps","robots":{"index":"index","follow":"follow","max-snippet":"max-snippet:-1","max-image-preview":"max-image-preview:large","max-video-preview":"max-video-preview:-1"},"canonical":"http:\/\/imp-pumps.com\/de\/qualitaet\/","og_locale":"de_DE","og_type":"article","og_title":"Qualit\u00e4t - IMP Pumps","og_description":"Die Qualit\u00e4tspolitik basiert auf der Vision und Mission des Unternehmens. Voraussetzung f\u00fcr den...","og_url":"http:\/\/imp-pumps.com\/de\/qualitaet\/","og_site_name":"IMP Pumps","article_modified_time":"2018-12-20T10:53:48+00:00","og_image":[{"width":176,"height":176,"url":"http:\/\/imp-pumps.com\/wp-content\/uploads\/2018\/04\/kakovost-icon.png","type":"image\/png"}],"twitter_card":"summary_large_image","twitter_misc":{"Gesch\u00e4tzte Lesezeit":"1 Minute"},"schema":{"@context":"https:\/\/schema.org","@graph":[{"@type":"WebSite","@id":"http:\/\/imp-pumps.com\/#website","url":"http:\/\/imp-pumps.com\/","name":"IMP Pumps","description":"\u0160e eno spleti\u0161\u010de WordPress","potentialAction":[{"@type":"SearchAction","target":{"@type":"EntryPoint","urlTemplate":"http:\/\/imp-pumps.com\/?s={search_term_string}"},"query-input":"required name=search_term_string"}],"inLanguage":"de-DE"},{"@type":"ImageObject","@id":"http:\/\/imp-pumps.com\/de\/qualitaet\/#primaryimage","inLanguage":"de-DE","url":"https:\/\/imp-pumps.com\/wp-content\/uploads\/2018\/04\/kakovost-icon.png","contentUrl":"https:\/\/imp-pumps.com\/wp-content\/uploads\/2018\/04\/kakovost-icon.png","width":176,"height":176},{"@type":"WebPage","@id":"http:\/\/imp-pumps.com\/de\/qualitaet\/#webpage","url":"http:\/\/imp-pumps.com\/de\/qualitaet\/","name":"Qualit\u00e4t - IMP Pumps","isPartOf":{"@id":"http:\/\/imp-pumps.com\/#website"},"primaryImageOfPage":{"@id":"http:\/\/imp-pumps.com\/de\/qualitaet\/#primaryimage"},"datePublished":"2018-03-25T12:29:06+00:00","dateModified":"2018-12-20T10:53:48+00:00","breadcrumb":{"@id":"http:\/\/imp-pumps.com\/de\/qualitaet\/#breadcrumb"},"inLanguage":"de-DE","potentialAction":[{"@type":"ReadAction","target":["http:\/\/imp-pumps.com\/de\/qualitaet\/"]}]},{"@type":"BreadcrumbList","@id":"http:\/\/imp-pumps.com\/de\/qualitaet\/#breadcrumb","itemListElement":[{"@type":"ListItem","position":1,"name":"Home","item":"https:\/\/imp-pumps.com\/de\/"},{"@type":"ListItem","position":2,"name":"Qualit\u00e4t"}]}]}},"_links":{"self":[{"href":"https:\/\/imp-pumps.com\/de\/wp-json\/wp\/v2\/pages\/39592"}],"collection":[{"href":"https:\/\/imp-pumps.com\/de\/wp-json\/wp\/v2\/pages"}],"about":[{"href":"https:\/\/imp-pumps.com\/de\/wp-json\/wp\/v2\/types\/page"}],"author":[{"embeddable":true,"href":"https:\/\/imp-pumps.com\/de\/wp-json\/wp\/v2\/users\/1"}],"replies":[{"embeddable":true,"href":"https:\/\/imp-pumps.com\/de\/wp-json\/wp\/v2\/comments?post=39592"}],"version-history":[{"count":0,"href":"https:\/\/imp-pumps.com\/de\/wp-json\/wp\/v2\/pages\/39592\/revisions"}],"wp:featuredmedia":[{"embeddable":true,"href":"https:\/\/imp-pumps.com\/de\/wp-json\/wp\/v2\/media\/41555"}],"wp:attachment":[{"href":"https:\/\/imp-pumps.com\/de\/wp-json\/wp\/v2\/media?parent=39592"}],"curies":[{"name":"wp","href":"https:\/\/api.w.org\/{rel}","templated":true}]}}