{"id":39579,"date":"2018-03-23T18:40:19","date_gmt":"2018-03-23T17:40:19","guid":{"rendered":"http:\/\/imp-pumps.com\/pump-categories\/"},"modified":"2026-03-20T11:40:05","modified_gmt":"2026-03-20T10:40:05","slug":"pumpen-kategorien","status":"publish","type":"page","link":"https:\/\/imp-pumps.com\/de\/pumpen-kategorien\/","title":{"rendered":"Pumpen Kategorien"},"content":{"rendered":"<p>Das grundlegende Produktprogramm der IMP-Pumpen bilden Umw\u00e4lzpumpen f\u00fcr HKL-Anwendungen: Pumpen mit Flansch- oder Gewindeanschl\u00fcssen, Einzel- oder Doppelpumpen, hydraulische Geh\u00e4use aus Bronze oder Gusseisen. Alle gusseisenen Hydraulik sind kataphorese-beschichtet. Um Ihnen die Auswahl zu erleichtern, sind unsere Pumpen in f\u00fcnf Hauptkategorien unterteilt: NMT, GHN, MEHRSTUFIGE, INLINE und SAN.<\/p>\n","protected":false},"excerpt":{"rendered":"<p>Das grundlegende Produktprogramm der IMP-Pumpen bilden Umw\u00e4lzpumpen f\u00fcr HKL-Anwendungen: Pumpen mit Flansch- oder&#8230;<\/p>\n","protected":false},"author":1,"featured_media":0,"parent":0,"menu_order":0,"comment_status":"closed","ping_status":"closed","template":"page-templates\/template-kategorije-crpalk.php","meta":[],"acf":[],"yoast_head":"<!-- This site is optimized with the Yoast SEO plugin v17.8 - https:\/\/yoast.com\/wordpress\/plugins\/seo\/ -->\n<title>Pumpen Kategorien - IMP Pumps<\/title>\n<meta name=\"robots\" content=\"index, follow, max-snippet:-1, max-image-preview:large, max-video-preview:-1\" \/>\n<link rel=\"canonical\" href=\"https:\/\/imp-pumps.com\/de\/pumpen-kategorien\/\" \/>\n<meta property=\"og:locale\" content=\"de_DE\" \/>\n<meta property=\"og:type\" content=\"article\" \/>\n<meta property=\"og:title\" content=\"Pumpen Kategorien - IMP Pumps\" \/>\n<meta property=\"og:description\" content=\"Das grundlegende Produktprogramm der IMP-Pumpen bilden Umw\u00e4lzpumpen f\u00fcr HKL-Anwendungen: Pumpen mit Flansch- oder...\" \/>\n<meta property=\"og:url\" content=\"https:\/\/imp-pumps.com\/de\/pumpen-kategorien\/\" \/>\n<meta property=\"og:site_name\" content=\"IMP Pumps\" \/>\n<meta property=\"article:modified_time\" content=\"2026-03-20T10:40:05+00:00\" \/>\n<meta name=\"twitter:card\" content=\"summary_large_image\" \/>\n<script type=\"application\/ld+json\" class=\"yoast-schema-graph\">{\"@context\":\"https:\/\/schema.org\",\"@graph\":[{\"@type\":\"WebSite\",\"@id\":\"http:\/\/imp-pumps.com\/#website\",\"url\":\"http:\/\/imp-pumps.com\/\",\"name\":\"IMP Pumps\",\"description\":\"\\u0160e eno spleti\\u0161\\u010de WordPress\",\"potentialAction\":[{\"@type\":\"SearchAction\",\"target\":{\"@type\":\"EntryPoint\",\"urlTemplate\":\"http:\/\/imp-pumps.com\/?s={search_term_string}\"},\"query-input\":\"required name=search_term_string\"}],\"inLanguage\":\"de-DE\"},{\"@type\":\"WebPage\",\"@id\":\"https:\/\/imp-pumps.com\/de\/pumpen-kategorien\/#webpage\",\"url\":\"https:\/\/imp-pumps.com\/de\/pumpen-kategorien\/\",\"name\":\"Pumpen Kategorien - IMP Pumps\",\"isPartOf\":{\"@id\":\"http:\/\/imp-pumps.com\/#website\"},\"datePublished\":\"2018-03-23T17:40:19+00:00\",\"dateModified\":\"2026-03-20T10:40:05+00:00\",\"breadcrumb\":{\"@id\":\"https:\/\/imp-pumps.com\/de\/pumpen-kategorien\/#breadcrumb\"},\"inLanguage\":\"de-DE\",\"potentialAction\":[{\"@type\":\"ReadAction\",\"target\":[\"https:\/\/imp-pumps.com\/de\/pumpen-kategorien\/\"]}]},{\"@type\":\"BreadcrumbList\",\"@id\":\"https:\/\/imp-pumps.com\/de\/pumpen-kategorien\/#breadcrumb\",\"itemListElement\":[{\"@type\":\"ListItem\",\"position\":1,\"name\":\"Home\",\"item\":\"https:\/\/imp-pumps.com\/de\/\"},{\"@type\":\"ListItem\",\"position\":2,\"name\":\"Pumpen Kategorien\"}]}]}<\/script>\n<!-- \/ Yoast SEO plugin. -->","yoast_head_json":{"title":"Pumpen Kategorien - IMP Pumps","robots":{"index":"index","follow":"follow","max-snippet":"max-snippet:-1","max-image-preview":"max-image-preview:large","max-video-preview":"max-video-preview:-1"},"canonical":"https:\/\/imp-pumps.com\/de\/pumpen-kategorien\/","og_locale":"de_DE","og_type":"article","og_title":"Pumpen Kategorien - IMP Pumps","og_description":"Das grundlegende Produktprogramm der IMP-Pumpen bilden Umw\u00e4lzpumpen f\u00fcr HKL-Anwendungen: Pumpen mit Flansch- oder...","og_url":"https:\/\/imp-pumps.com\/de\/pumpen-kategorien\/","og_site_name":"IMP Pumps","article_modified_time":"2026-03-20T10:40:05+00:00","twitter_card":"summary_large_image","schema":{"@context":"https:\/\/schema.org","@graph":[{"@type":"WebSite","@id":"http:\/\/imp-pumps.com\/#website","url":"http:\/\/imp-pumps.com\/","name":"IMP Pumps","description":"\u0160e eno spleti\u0161\u010de WordPress","potentialAction":[{"@type":"SearchAction","target":{"@type":"EntryPoint","urlTemplate":"http:\/\/imp-pumps.com\/?s={search_term_string}"},"query-input":"required name=search_term_string"}],"inLanguage":"de-DE"},{"@type":"WebPage","@id":"https:\/\/imp-pumps.com\/de\/pumpen-kategorien\/#webpage","url":"https:\/\/imp-pumps.com\/de\/pumpen-kategorien\/","name":"Pumpen Kategorien - IMP Pumps","isPartOf":{"@id":"http:\/\/imp-pumps.com\/#website"},"datePublished":"2018-03-23T17:40:19+00:00","dateModified":"2026-03-20T10:40:05+00:00","breadcrumb":{"@id":"https:\/\/imp-pumps.com\/de\/pumpen-kategorien\/#breadcrumb"},"inLanguage":"de-DE","potentialAction":[{"@type":"ReadAction","target":["https:\/\/imp-pumps.com\/de\/pumpen-kategorien\/"]}]},{"@type":"BreadcrumbList","@id":"https:\/\/imp-pumps.com\/de\/pumpen-kategorien\/#breadcrumb","itemListElement":[{"@type":"ListItem","position":1,"name":"Home","item":"https:\/\/imp-pumps.com\/de\/"},{"@type":"ListItem","position":2,"name":"Pumpen Kategorien"}]}]}},"_links":{"self":[{"href":"https:\/\/imp-pumps.com\/de\/wp-json\/wp\/v2\/pages\/39579"}],"collection":[{"href":"https:\/\/imp-pumps.com\/de\/wp-json\/wp\/v2\/pages"}],"about":[{"href":"https:\/\/imp-pumps.com\/de\/wp-json\/wp\/v2\/types\/page"}],"author":[{"embeddable":true,"href":"https:\/\/imp-pumps.com\/de\/wp-json\/wp\/v2\/users\/1"}],"replies":[{"embeddable":true,"href":"https:\/\/imp-pumps.com\/de\/wp-json\/wp\/v2\/comments?post=39579"}],"version-history":[{"count":3,"href":"https:\/\/imp-pumps.com\/de\/wp-json\/wp\/v2\/pages\/39579\/revisions"}],"predecessor-version":[{"id":156133,"href":"https:\/\/imp-pumps.com\/de\/wp-json\/wp\/v2\/pages\/39579\/revisions\/156133"}],"wp:attachment":[{"href":"https:\/\/imp-pumps.com\/de\/wp-json\/wp\/v2\/media?parent=39579"}],"curies":[{"name":"wp","href":"https:\/\/api.w.org\/{rel}","templated":true}]}}