{"id":46261,"date":"2018-04-18T08:07:09","date_gmt":"2018-04-18T07:07:09","guid":{"rendered":"http:\/\/imp-pumps.com\/o-nas\/"},"modified":"2020-02-10T09:11:33","modified_gmt":"2020-02-10T08:11:33","slug":"o-nas","status":"publish","type":"page","link":"https:\/\/imp-pumps.com\/cz\/o-nas\/","title":{"rendered":"O N\u00c1S"},"content":{"rendered":"<p><strong>IMP Pumps d.o.o. je slovinsk\u00fd v\u00fdrobce \u010derpadel a \u010derpac\u00edch syst\u00e9m\u016f se s\u00eddlem v Komend\u011b ve Slovinsku. Spole\u010dnost navrhuje, vyv\u00edj\u00ed, vyr\u00e1b\u00ed, distribuuje a udr\u017euje \u010derpadla a \u010derpac\u00ed syst\u00e9my.<\/strong><\/p>\n<p>S vlastn\u00edmi produkty a slu\u017ebami a od strategick\u00fdch partner\u016f je spole\u010dnost za\u010dlen\u011bna jako poskytovatel integrovan\u00fdch \u0159e\u0161en\u00ed. S odborn\u00fdmi dovednostmi spole\u010dnost \u0159e\u0161\u00ed probl\u00e9my spojen\u00e9 s dopravou kapaln\u00fdch m\u00e9di\u00ed. T\u00edm je zaji\u0161t\u011bno pohodl\u00ed v dom\u00e1c\u00edm prost\u0159ed\u00ed a optim\u00e1ln\u00ed pracovn\u00ed podm\u00ednky v pr\u016fmyslu.<\/p>\n","protected":false},"excerpt":{"rendered":"<p>IMP Pumps d.o.o. je slovinsk\u00fd v\u00fdrobce \u010derpadel a \u010derpac\u00edch syst\u00e9m\u016f se s\u00eddlem v&#8230;<\/p>\n","protected":false},"author":1,"featured_media":46263,"parent":0,"menu_order":0,"comment_status":"closed","ping_status":"closed","template":"page-templates\/template-o-podjetju.php","meta":[],"acf":[],"yoast_head":"<!-- This site is optimized with the Yoast SEO plugin v17.8 - https:\/\/yoast.com\/wordpress\/plugins\/seo\/ -->\n<title>O N\u00c1S - IMP Pumps<\/title>\n<meta name=\"robots\" content=\"index, follow, max-snippet:-1, max-image-preview:large, max-video-preview:-1\" \/>\n<link rel=\"canonical\" href=\"http:\/\/imp-pumps.com\/cz\/o-nas\/\" \/>\n<meta property=\"og:locale\" content=\"en_US\" \/>\n<meta property=\"og:type\" content=\"article\" \/>\n<meta property=\"og:title\" content=\"O N\u00c1S - IMP Pumps\" \/>\n<meta property=\"og:description\" content=\"IMP Pumps d.o.o. je slovinsk\u00fd v\u00fdrobce \u010derpadel a \u010derpac\u00edch syst\u00e9m\u016f se s\u00eddlem v...\" \/>\n<meta property=\"og:url\" content=\"http:\/\/imp-pumps.com\/cz\/o-nas\/\" \/>\n<meta property=\"og:site_name\" content=\"IMP Pumps\" \/>\n<meta property=\"article:modified_time\" content=\"2020-02-10T08:11:33+00:00\" \/>\n<meta property=\"og:image\" content=\"http:\/\/imp-pumps.com\/wp-content\/uploads\/2018\/04\/opodjetju-icon.png\" \/>\n\t<meta property=\"og:image:width\" content=\"176\" \/>\n\t<meta property=\"og:image:height\" content=\"176\" \/>\n<meta name=\"twitter:card\" content=\"summary_large_image\" \/>\n<meta name=\"twitter:label1\" content=\"Est. reading time\" \/>\n\t<meta name=\"twitter:data1\" content=\"1 minute\" \/>\n<script type=\"application\/ld+json\" class=\"yoast-schema-graph\">{\"@context\":\"https:\/\/schema.org\",\"@graph\":[{\"@type\":\"WebSite\",\"@id\":\"http:\/\/imp-pumps.com\/#website\",\"url\":\"http:\/\/imp-pumps.com\/\",\"name\":\"IMP Pumps\",\"description\":\"\\u0160e eno spleti\\u0161\\u010de WordPress\",\"potentialAction\":[{\"@type\":\"SearchAction\",\"target\":{\"@type\":\"EntryPoint\",\"urlTemplate\":\"http:\/\/imp-pumps.com\/?s={search_term_string}\"},\"query-input\":\"required name=search_term_string\"}],\"inLanguage\":\"cz-CZ\"},{\"@type\":\"ImageObject\",\"@id\":\"http:\/\/imp-pumps.com\/cz\/o-nas\/#primaryimage\",\"inLanguage\":\"cz-CZ\",\"url\":\"https:\/\/imp-pumps.com\/wp-content\/uploads\/2018\/04\/opodjetju-icon.png\",\"contentUrl\":\"https:\/\/imp-pumps.com\/wp-content\/uploads\/2018\/04\/opodjetju-icon.png\",\"width\":176,\"height\":176},{\"@type\":\"WebPage\",\"@id\":\"http:\/\/imp-pumps.com\/cz\/o-nas\/#webpage\",\"url\":\"http:\/\/imp-pumps.com\/cz\/o-nas\/\",\"name\":\"O N\\u00c1S - IMP Pumps\",\"isPartOf\":{\"@id\":\"http:\/\/imp-pumps.com\/#website\"},\"primaryImageOfPage\":{\"@id\":\"http:\/\/imp-pumps.com\/cz\/o-nas\/#primaryimage\"},\"datePublished\":\"2018-04-18T07:07:09+00:00\",\"dateModified\":\"2020-02-10T08:11:33+00:00\",\"breadcrumb\":{\"@id\":\"http:\/\/imp-pumps.com\/cz\/o-nas\/#breadcrumb\"},\"inLanguage\":\"cz-CZ\",\"potentialAction\":[{\"@type\":\"ReadAction\",\"target\":[\"http:\/\/imp-pumps.com\/cz\/o-nas\/\"]}]},{\"@type\":\"BreadcrumbList\",\"@id\":\"http:\/\/imp-pumps.com\/cz\/o-nas\/#breadcrumb\",\"itemListElement\":[{\"@type\":\"ListItem\",\"position\":1,\"name\":\"Home\",\"item\":\"https:\/\/imp-pumps.com\/cz\/\"},{\"@type\":\"ListItem\",\"position\":2,\"name\":\"O N\\u00c1S\"}]}]}<\/script>\n<!-- \/ Yoast SEO plugin. -->","yoast_head_json":{"title":"O N\u00c1S - IMP Pumps","robots":{"index":"index","follow":"follow","max-snippet":"max-snippet:-1","max-image-preview":"max-image-preview:large","max-video-preview":"max-video-preview:-1"},"canonical":"http:\/\/imp-pumps.com\/cz\/o-nas\/","og_locale":"en_US","og_type":"article","og_title":"O N\u00c1S - IMP Pumps","og_description":"IMP Pumps d.o.o. je slovinsk\u00fd v\u00fdrobce \u010derpadel a \u010derpac\u00edch syst\u00e9m\u016f se s\u00eddlem v...","og_url":"http:\/\/imp-pumps.com\/cz\/o-nas\/","og_site_name":"IMP Pumps","article_modified_time":"2020-02-10T08:11:33+00:00","og_image":[{"width":176,"height":176,"url":"http:\/\/imp-pumps.com\/wp-content\/uploads\/2018\/04\/opodjetju-icon.png","type":"image\/png"}],"twitter_card":"summary_large_image","twitter_misc":{"Est. reading time":"1 minute"},"schema":{"@context":"https:\/\/schema.org","@graph":[{"@type":"WebSite","@id":"http:\/\/imp-pumps.com\/#website","url":"http:\/\/imp-pumps.com\/","name":"IMP Pumps","description":"\u0160e eno spleti\u0161\u010de WordPress","potentialAction":[{"@type":"SearchAction","target":{"@type":"EntryPoint","urlTemplate":"http:\/\/imp-pumps.com\/?s={search_term_string}"},"query-input":"required name=search_term_string"}],"inLanguage":"cz-CZ"},{"@type":"ImageObject","@id":"http:\/\/imp-pumps.com\/cz\/o-nas\/#primaryimage","inLanguage":"cz-CZ","url":"https:\/\/imp-pumps.com\/wp-content\/uploads\/2018\/04\/opodjetju-icon.png","contentUrl":"https:\/\/imp-pumps.com\/wp-content\/uploads\/2018\/04\/opodjetju-icon.png","width":176,"height":176},{"@type":"WebPage","@id":"http:\/\/imp-pumps.com\/cz\/o-nas\/#webpage","url":"http:\/\/imp-pumps.com\/cz\/o-nas\/","name":"O N\u00c1S - IMP Pumps","isPartOf":{"@id":"http:\/\/imp-pumps.com\/#website"},"primaryImageOfPage":{"@id":"http:\/\/imp-pumps.com\/cz\/o-nas\/#primaryimage"},"datePublished":"2018-04-18T07:07:09+00:00","dateModified":"2020-02-10T08:11:33+00:00","breadcrumb":{"@id":"http:\/\/imp-pumps.com\/cz\/o-nas\/#breadcrumb"},"inLanguage":"cz-CZ","potentialAction":[{"@type":"ReadAction","target":["http:\/\/imp-pumps.com\/cz\/o-nas\/"]}]},{"@type":"BreadcrumbList","@id":"http:\/\/imp-pumps.com\/cz\/o-nas\/#breadcrumb","itemListElement":[{"@type":"ListItem","position":1,"name":"Home","item":"https:\/\/imp-pumps.com\/cz\/"},{"@type":"ListItem","position":2,"name":"O N\u00c1S"}]}]}},"_links":{"self":[{"href":"https:\/\/imp-pumps.com\/cz\/wp-json\/wp\/v2\/pages\/46261"}],"collection":[{"href":"https:\/\/imp-pumps.com\/cz\/wp-json\/wp\/v2\/pages"}],"about":[{"href":"https:\/\/imp-pumps.com\/cz\/wp-json\/wp\/v2\/types\/page"}],"author":[{"embeddable":true,"href":"https:\/\/imp-pumps.com\/cz\/wp-json\/wp\/v2\/users\/1"}],"replies":[{"embeddable":true,"href":"https:\/\/imp-pumps.com\/cz\/wp-json\/wp\/v2\/comments?post=46261"}],"version-history":[{"count":1,"href":"https:\/\/imp-pumps.com\/cz\/wp-json\/wp\/v2\/pages\/46261\/revisions"}],"predecessor-version":[{"id":65651,"href":"https:\/\/imp-pumps.com\/cz\/wp-json\/wp\/v2\/pages\/46261\/revisions\/65651"}],"wp:featuredmedia":[{"embeddable":true,"href":"https:\/\/imp-pumps.com\/cz\/wp-json\/wp\/v2\/media\/46263"}],"wp:attachment":[{"href":"https:\/\/imp-pumps.com\/cz\/wp-json\/wp\/v2\/media?parent=46261"}],"curies":[{"name":"wp","href":"https:\/\/api.w.org\/{rel}","templated":true}]}}