{"id":46258,"date":"2018-03-25T13:29:06","date_gmt":"2018-03-25T12:29:06","guid":{"rendered":"http:\/\/imp-pumps.com\/kvalita\/"},"modified":"2018-03-25T13:29:06","modified_gmt":"2018-03-25T12:29:06","slug":"kvalita","status":"publish","type":"page","link":"https:\/\/imp-pumps.com\/cz\/kvalita\/","title":{"rendered":"Kvalita"},"content":{"rendered":"<p style=\"font-weight: 400;\"><strong>Politika kvality je zalo\u017eena na vizi a posl\u00e1n\u00ed spole\u010dnosti. P\u0159edpokladem \u00fasp\u011bchu na trhu je vysok\u00e1 \u00farove\u0148 kvality. To je za\u010dlen\u011bno do produktu ve v\u0161ech f\u00e1z\u00edch formace; od pr\u016fzkumu trhu a\u017e po jeho doru\u010den\u00ed. Pouze t\u00edmto zp\u016fsobem m\u016f\u017eeme naplnit na\u0161i strategii; dosa\u017een\u00ed nejvy\u0161\u0161\u00ed \u00farovn\u011b kvality p\u0159i nejni\u017e\u0161\u00edch n\u00e1kladech. N\u00e1\u0161 syst\u00e9m jakosti je vybudov\u00e1n v souladu s po\u017eadavky normy ISO 9001: 2015.<br \/>\n<\/strong><\/p>\n<p style=\"font-weight: 400;\">Pr\u00e1ce na\u0161\u00ed spole\u010dnosti je zalo\u017eena na \u00fasil\u00ed v\u0161ech zam\u011bstnanc\u016f pracovat bez chyby, s odpov\u011bdnost\u00ed za vlastn\u00ed a spole\u010dnou pr\u00e1ci. V\u00fdrobn\u00ed pr\u00e1ce jsou zalo\u017eeny na principu:<\/p>\n<p style=\"font-weight: 400;\">Nep\u0159ij\u00edmat produkty s chybou &#8211; Ned\u011blejte chyby &#8211; Nepod\u00e1vat produkty s chybou<\/p>\n<p style=\"font-weight: 400;\">Neust\u00e1l\u00e9 p\u0159izp\u016fsobov\u00e1n\u00ed se po\u017eadavk\u016fm trhu, inovac\u00edm a konkurenceschopnosti je zaji\u0161t\u011bno zapojen\u00edm v\u0161ech zam\u011bstnanc\u016f do procesu neust\u00e1l\u00e9ho zlep\u0161ov\u00e1n\u00ed. Neust\u00e1le zlep\u0161ujeme produkty, efektivitu proces\u016f a kvalitu syst\u00e9mu \u0159\u00edzen\u00ed. Politiku kvality vypracov\u00e1v\u00e1 \u0159editel spole\u010dnosti ve spolupr\u00e1ci s veden\u00edm spole\u010dnosti. Ka\u017ed\u00fd zam\u011bstnanec odpov\u00edd\u00e1 za svou pr\u00e1ci, kterou mus\u00ed vykon\u00e1vat v souladu s politikou kvality, standardy a jin\u00fdm jednac\u00edm \u0159\u00e1dem, aby splnil v\u0161echny o\u010dek\u00e1v\u00e1n\u00ed obchodn\u00edch partner\u016f, z\u00e1kazn\u00edk\u016f a u\u017eivatel\u016f.<\/p>\n<p style=\"font-weight: 400;\">V\u0161echny procesy jsou fanaticky zam\u011b\u0159eny na \u00fa\u010dinnost a 5S.<\/p>\n","protected":false},"excerpt":{"rendered":"<p>Politika kvality je zalo\u017eena na vizi a posl\u00e1n\u00ed spole\u010dnosti. P\u0159edpokladem \u00fasp\u011bchu na trhu&#8230;<\/p>\n","protected":false},"author":1,"featured_media":46260,"parent":0,"menu_order":0,"comment_status":"closed","ping_status":"closed","template":"page-templates\/template-kakovost.php","meta":[],"acf":[],"yoast_head":"<!-- This site is optimized with the Yoast SEO plugin v17.8 - https:\/\/yoast.com\/wordpress\/plugins\/seo\/ -->\n<title>Kvalita - IMP Pumps<\/title>\n<meta name=\"robots\" content=\"index, follow, max-snippet:-1, max-image-preview:large, max-video-preview:-1\" \/>\n<link rel=\"canonical\" href=\"https:\/\/imp-pumps.com\/cz\/kvalita\/\" \/>\n<meta property=\"og:locale\" content=\"en_US\" \/>\n<meta property=\"og:type\" content=\"article\" \/>\n<meta property=\"og:title\" content=\"Kvalita - IMP Pumps\" \/>\n<meta property=\"og:description\" content=\"Politika kvality je zalo\u017eena na vizi a posl\u00e1n\u00ed spole\u010dnosti. P\u0159edpokladem \u00fasp\u011bchu na trhu...\" \/>\n<meta property=\"og:url\" content=\"https:\/\/imp-pumps.com\/cz\/kvalita\/\" \/>\n<meta property=\"og:site_name\" content=\"IMP Pumps\" \/>\n<meta property=\"og:image\" content=\"https:\/\/imp-pumps.com\/wp-content\/uploads\/2018\/04\/kakovost-icon.png\" \/>\n\t<meta property=\"og:image:width\" content=\"176\" \/>\n\t<meta property=\"og:image:height\" content=\"176\" \/>\n<meta name=\"twitter:card\" content=\"summary_large_image\" \/>\n<meta name=\"twitter:label1\" content=\"Est. reading time\" \/>\n\t<meta name=\"twitter:data1\" content=\"1 minute\" \/>\n<script type=\"application\/ld+json\" class=\"yoast-schema-graph\">{\"@context\":\"https:\/\/schema.org\",\"@graph\":[{\"@type\":\"WebSite\",\"@id\":\"http:\/\/imp-pumps.com\/#website\",\"url\":\"http:\/\/imp-pumps.com\/\",\"name\":\"IMP Pumps\",\"description\":\"\\u0160e eno spleti\\u0161\\u010de WordPress\",\"potentialAction\":[{\"@type\":\"SearchAction\",\"target\":{\"@type\":\"EntryPoint\",\"urlTemplate\":\"http:\/\/imp-pumps.com\/?s={search_term_string}\"},\"query-input\":\"required name=search_term_string\"}],\"inLanguage\":\"cz-CZ\"},{\"@type\":\"ImageObject\",\"@id\":\"https:\/\/imp-pumps.com\/cz\/kvalita\/#primaryimage\",\"inLanguage\":\"cz-CZ\",\"url\":\"https:\/\/imp-pumps.com\/wp-content\/uploads\/2018\/04\/kakovost-icon.png\",\"contentUrl\":\"https:\/\/imp-pumps.com\/wp-content\/uploads\/2018\/04\/kakovost-icon.png\",\"width\":176,\"height\":176},{\"@type\":\"WebPage\",\"@id\":\"https:\/\/imp-pumps.com\/cz\/kvalita\/#webpage\",\"url\":\"https:\/\/imp-pumps.com\/cz\/kvalita\/\",\"name\":\"Kvalita - IMP Pumps\",\"isPartOf\":{\"@id\":\"http:\/\/imp-pumps.com\/#website\"},\"primaryImageOfPage\":{\"@id\":\"https:\/\/imp-pumps.com\/cz\/kvalita\/#primaryimage\"},\"datePublished\":\"2018-03-25T12:29:06+00:00\",\"dateModified\":\"2018-03-25T12:29:06+00:00\",\"breadcrumb\":{\"@id\":\"https:\/\/imp-pumps.com\/cz\/kvalita\/#breadcrumb\"},\"inLanguage\":\"cz-CZ\",\"potentialAction\":[{\"@type\":\"ReadAction\",\"target\":[\"https:\/\/imp-pumps.com\/cz\/kvalita\/\"]}]},{\"@type\":\"BreadcrumbList\",\"@id\":\"https:\/\/imp-pumps.com\/cz\/kvalita\/#breadcrumb\",\"itemListElement\":[{\"@type\":\"ListItem\",\"position\":1,\"name\":\"Home\",\"item\":\"https:\/\/imp-pumps.com\/cz\/\"},{\"@type\":\"ListItem\",\"position\":2,\"name\":\"Kvalita\"}]}]}<\/script>\n<!-- \/ Yoast SEO plugin. -->","yoast_head_json":{"title":"Kvalita - IMP Pumps","robots":{"index":"index","follow":"follow","max-snippet":"max-snippet:-1","max-image-preview":"max-image-preview:large","max-video-preview":"max-video-preview:-1"},"canonical":"https:\/\/imp-pumps.com\/cz\/kvalita\/","og_locale":"en_US","og_type":"article","og_title":"Kvalita - IMP Pumps","og_description":"Politika kvality je zalo\u017eena na vizi a posl\u00e1n\u00ed spole\u010dnosti. P\u0159edpokladem \u00fasp\u011bchu na trhu...","og_url":"https:\/\/imp-pumps.com\/cz\/kvalita\/","og_site_name":"IMP Pumps","og_image":[{"width":176,"height":176,"url":"https:\/\/imp-pumps.com\/wp-content\/uploads\/2018\/04\/kakovost-icon.png","type":"image\/png"}],"twitter_card":"summary_large_image","twitter_misc":{"Est. reading time":"1 minute"},"schema":{"@context":"https:\/\/schema.org","@graph":[{"@type":"WebSite","@id":"http:\/\/imp-pumps.com\/#website","url":"http:\/\/imp-pumps.com\/","name":"IMP Pumps","description":"\u0160e eno spleti\u0161\u010de WordPress","potentialAction":[{"@type":"SearchAction","target":{"@type":"EntryPoint","urlTemplate":"http:\/\/imp-pumps.com\/?s={search_term_string}"},"query-input":"required name=search_term_string"}],"inLanguage":"cz-CZ"},{"@type":"ImageObject","@id":"https:\/\/imp-pumps.com\/cz\/kvalita\/#primaryimage","inLanguage":"cz-CZ","url":"https:\/\/imp-pumps.com\/wp-content\/uploads\/2018\/04\/kakovost-icon.png","contentUrl":"https:\/\/imp-pumps.com\/wp-content\/uploads\/2018\/04\/kakovost-icon.png","width":176,"height":176},{"@type":"WebPage","@id":"https:\/\/imp-pumps.com\/cz\/kvalita\/#webpage","url":"https:\/\/imp-pumps.com\/cz\/kvalita\/","name":"Kvalita - IMP Pumps","isPartOf":{"@id":"http:\/\/imp-pumps.com\/#website"},"primaryImageOfPage":{"@id":"https:\/\/imp-pumps.com\/cz\/kvalita\/#primaryimage"},"datePublished":"2018-03-25T12:29:06+00:00","dateModified":"2018-03-25T12:29:06+00:00","breadcrumb":{"@id":"https:\/\/imp-pumps.com\/cz\/kvalita\/#breadcrumb"},"inLanguage":"cz-CZ","potentialAction":[{"@type":"ReadAction","target":["https:\/\/imp-pumps.com\/cz\/kvalita\/"]}]},{"@type":"BreadcrumbList","@id":"https:\/\/imp-pumps.com\/cz\/kvalita\/#breadcrumb","itemListElement":[{"@type":"ListItem","position":1,"name":"Home","item":"https:\/\/imp-pumps.com\/cz\/"},{"@type":"ListItem","position":2,"name":"Kvalita"}]}]}},"_links":{"self":[{"href":"https:\/\/imp-pumps.com\/cz\/wp-json\/wp\/v2\/pages\/46258"}],"collection":[{"href":"https:\/\/imp-pumps.com\/cz\/wp-json\/wp\/v2\/pages"}],"about":[{"href":"https:\/\/imp-pumps.com\/cz\/wp-json\/wp\/v2\/types\/page"}],"author":[{"embeddable":true,"href":"https:\/\/imp-pumps.com\/cz\/wp-json\/wp\/v2\/users\/1"}],"replies":[{"embeddable":true,"href":"https:\/\/imp-pumps.com\/cz\/wp-json\/wp\/v2\/comments?post=46258"}],"version-history":[{"count":0,"href":"https:\/\/imp-pumps.com\/cz\/wp-json\/wp\/v2\/pages\/46258\/revisions"}],"wp:featuredmedia":[{"embeddable":true,"href":"https:\/\/imp-pumps.com\/cz\/wp-json\/wp\/v2\/media\/46260"}],"wp:attachment":[{"href":"https:\/\/imp-pumps.com\/cz\/wp-json\/wp\/v2\/media?parent=46258"}],"curies":[{"name":"wp","href":"https:\/\/api.w.org\/{rel}","templated":true}]}}