{"id":46257,"date":"2018-03-23T18:41:21","date_gmt":"2018-03-23T17:41:21","guid":{"rendered":"http:\/\/imp-pumps.com\/kontakt\/"},"modified":"2025-02-06T10:29:30","modified_gmt":"2025-02-06T09:29:30","slug":"kontakt","status":"publish","type":"page","link":"https:\/\/imp-pumps.com\/cz\/kontakt\/","title":{"rendered":"Kontakt"},"content":{"rendered":"<div class=\"contact-info-wrapper\">\n<div class=\"company-details\">IMP PUMPS d.o.o.<br \/>\nPod hrasti 28<br \/>\n1218 Komenada<br \/>\nSlovenija<\/div>\n<div class=\"company-phone\">tel: +386 (0)1 28 06 400<br \/>\nfax: +386 (0)1 28 06 460<\/div>\n<div class=\"company-email\">e-mail: <img style=\"border:none;\" src=\"\/wp-content\/uploads\/2019\/10\/download-1.png\"><\/div>\n<\/div>\n<div class=\"contact-info-wrapper\">\n<div class=\"company-details2\">\n<p>IMP PUMPS d.o.o., PE Metlika<br \/>\nCesta XV. brigade 31,<br \/>\n8330 Metlika<br \/>\nSlovenija<br \/>\nTel: +386 (0)7 369 17 50\n<\/p><\/div>\n<div class=\"contact-info-wrapper\">\n<div class=\"company-details2\">\n<\/div>\n<\/div>\n<div class=\"contact-info-wrapper\">\n<div class=\"company-details\">\nSeat of company<br \/>\nS\u00eddlo<br \/>\nIMP PUMPS CZ s.r.o.<br \/>\nV\u00edde\u0148sk\u00e1 137\/117a<br \/>\nHorn\u00ed Her\u0161pice<br \/>\n619 00 BRNO<br \/>\nE:  info@imp-pumps.cz<br \/>\nW:www.imp-pumps.com\/cz<br \/>\nI\u010c: 28338979<br \/>\nDI\u010c: CZ28338979\n<\/div>\n<div class=\"company-details\">\nWarehouse, address for claims)<br \/>\n(SKLAD, zas\u00edlac\u00ed adresa pro reklamace)<\/p>\n<div class=\"company-details\">\nIMP PUMPS CZ s.r.o.<br \/>\nDivnice 267<br \/>\nAre\u00e1l RCK Slavi\u010d\u00edn<br \/>\n763 21 Slavi\u010d\u00edn<br \/>\nE:  info@imp-pumps.cz<br \/>\nW:www.imp-pumps.com\/cz<\/p>\n<div class=\"contact-info-wrapper\">\n<\/div>\n<div class=\"contact-info-wrapper\">\n<div class=\"company-details2\">\n<p>Contacts<br \/>\n(Kontakty)\n<\/p><\/div>\n<p>Obchodn\u00ed zastoupen\u00ed \u010cechy<br \/>\ntechnick\u00e1 podpora<br \/>\nJi\u0159\u00ed Hanu\u0161<br \/>\nT:  +420 602 722 734<br \/>\nE. jiri.hanus@imp-pumps.cz\n<\/p><\/div>\n<p>Obchodn\u00ed zastoupen\u00ed Morava<br \/>\nTom\u00e1\u0161 Hor\u00e1k<br \/>\nT:  +420 608 606 905<br \/>\nE. morava@imp-pumps.cz\n<\/p><\/div>\n<p>Obchodn\u00ed zastoupen\u00ed V\u00fdchodn\u00ed \u010cechy<br \/>\nMilan N\u00fdvlt<br \/>\nT:  +420 602 606 640<br \/>\nE. vychodni.cechy@imp-pumps.cz\n<\/p><\/div>\n<p>Office, orders, invoices<br \/>\nVeronika Hanu\u0161ov\u00e1<br \/>\nT:  +420 608 101 310<br \/>\nE. info@imp-pumps.cz<\/p>\n<\/div>\n<\/div>\n","protected":false},"excerpt":{"rendered":"<p>IMP PUMPS d.o.o. Pod hrasti 28 1218 Komenada Slovenija tel: +386 (0)1 28&#8230;<\/p>\n","protected":false},"author":1,"featured_media":0,"parent":0,"menu_order":0,"comment_status":"closed","ping_status":"closed","template":"page-templates\/template-kontakt.php","meta":[],"acf":[],"yoast_head":"<!-- This site is optimized with the Yoast SEO plugin v17.8 - https:\/\/yoast.com\/wordpress\/plugins\/seo\/ -->\n<title>Kontakt - IMP Pumps<\/title>\n<meta name=\"robots\" content=\"index, follow, max-snippet:-1, max-image-preview:large, max-video-preview:-1\" \/>\n<link rel=\"canonical\" href=\"https:\/\/imp-pumps.com\/cz\/kontakt\/\" \/>\n<meta property=\"og:locale\" content=\"en_US\" \/>\n<meta property=\"og:type\" content=\"article\" \/>\n<meta property=\"og:title\" content=\"Kontakt - IMP Pumps\" \/>\n<meta property=\"og:description\" content=\"IMP PUMPS d.o.o. Pod hrasti 28 1218 Komenada Slovenija tel: +386 (0)1 28...\" \/>\n<meta property=\"og:url\" content=\"https:\/\/imp-pumps.com\/cz\/kontakt\/\" \/>\n<meta property=\"og:site_name\" content=\"IMP Pumps\" \/>\n<meta property=\"article:modified_time\" content=\"2025-02-06T09:29:30+00:00\" \/>\n<meta property=\"og:image\" content=\"https:\/\/imp-pumps.com\/wp-content\/uploads\/2019\/10\/download-1.png\" \/>\n<meta name=\"twitter:card\" content=\"summary_large_image\" \/>\n<meta name=\"twitter:label1\" content=\"Est. reading time\" \/>\n\t<meta name=\"twitter:data1\" content=\"1 minute\" \/>\n<script type=\"application\/ld+json\" class=\"yoast-schema-graph\">{\"@context\":\"https:\/\/schema.org\",\"@graph\":[{\"@type\":\"WebSite\",\"@id\":\"http:\/\/imp-pumps.com\/#website\",\"url\":\"http:\/\/imp-pumps.com\/\",\"name\":\"IMP Pumps\",\"description\":\"\\u0160e eno spleti\\u0161\\u010de WordPress\",\"potentialAction\":[{\"@type\":\"SearchAction\",\"target\":{\"@type\":\"EntryPoint\",\"urlTemplate\":\"http:\/\/imp-pumps.com\/?s={search_term_string}\"},\"query-input\":\"required name=search_term_string\"}],\"inLanguage\":\"cz-CZ\"},{\"@type\":\"ImageObject\",\"@id\":\"https:\/\/imp-pumps.com\/cz\/kontakt\/#primaryimage\",\"inLanguage\":\"cz-CZ\",\"url\":\"\/wp-content\/uploads\/2019\/10\/download-1.png\",\"contentUrl\":\"\/wp-content\/uploads\/2019\/10\/download-1.png\"},{\"@type\":\"WebPage\",\"@id\":\"https:\/\/imp-pumps.com\/cz\/kontakt\/#webpage\",\"url\":\"https:\/\/imp-pumps.com\/cz\/kontakt\/\",\"name\":\"Kontakt - IMP Pumps\",\"isPartOf\":{\"@id\":\"http:\/\/imp-pumps.com\/#website\"},\"primaryImageOfPage\":{\"@id\":\"https:\/\/imp-pumps.com\/cz\/kontakt\/#primaryimage\"},\"datePublished\":\"2018-03-23T17:41:21+00:00\",\"dateModified\":\"2025-02-06T09:29:30+00:00\",\"breadcrumb\":{\"@id\":\"https:\/\/imp-pumps.com\/cz\/kontakt\/#breadcrumb\"},\"inLanguage\":\"cz-CZ\",\"potentialAction\":[{\"@type\":\"ReadAction\",\"target\":[\"https:\/\/imp-pumps.com\/cz\/kontakt\/\"]}]},{\"@type\":\"BreadcrumbList\",\"@id\":\"https:\/\/imp-pumps.com\/cz\/kontakt\/#breadcrumb\",\"itemListElement\":[{\"@type\":\"ListItem\",\"position\":1,\"name\":\"Home\",\"item\":\"https:\/\/imp-pumps.com\/cz\/\"},{\"@type\":\"ListItem\",\"position\":2,\"name\":\"Kontakt\"}]}]}<\/script>\n<!-- \/ Yoast SEO plugin. -->","yoast_head_json":{"title":"Kontakt - IMP Pumps","robots":{"index":"index","follow":"follow","max-snippet":"max-snippet:-1","max-image-preview":"max-image-preview:large","max-video-preview":"max-video-preview:-1"},"canonical":"https:\/\/imp-pumps.com\/cz\/kontakt\/","og_locale":"en_US","og_type":"article","og_title":"Kontakt - IMP Pumps","og_description":"IMP PUMPS d.o.o. Pod hrasti 28 1218 Komenada Slovenija tel: +386 (0)1 28...","og_url":"https:\/\/imp-pumps.com\/cz\/kontakt\/","og_site_name":"IMP Pumps","article_modified_time":"2025-02-06T09:29:30+00:00","og_image":[{"url":"https:\/\/imp-pumps.com\/wp-content\/uploads\/2019\/10\/download-1.png"}],"twitter_card":"summary_large_image","twitter_misc":{"Est. reading time":"1 minute"},"schema":{"@context":"https:\/\/schema.org","@graph":[{"@type":"WebSite","@id":"http:\/\/imp-pumps.com\/#website","url":"http:\/\/imp-pumps.com\/","name":"IMP Pumps","description":"\u0160e eno spleti\u0161\u010de WordPress","potentialAction":[{"@type":"SearchAction","target":{"@type":"EntryPoint","urlTemplate":"http:\/\/imp-pumps.com\/?s={search_term_string}"},"query-input":"required name=search_term_string"}],"inLanguage":"cz-CZ"},{"@type":"ImageObject","@id":"https:\/\/imp-pumps.com\/cz\/kontakt\/#primaryimage","inLanguage":"cz-CZ","url":"\/wp-content\/uploads\/2019\/10\/download-1.png","contentUrl":"\/wp-content\/uploads\/2019\/10\/download-1.png"},{"@type":"WebPage","@id":"https:\/\/imp-pumps.com\/cz\/kontakt\/#webpage","url":"https:\/\/imp-pumps.com\/cz\/kontakt\/","name":"Kontakt - IMP Pumps","isPartOf":{"@id":"http:\/\/imp-pumps.com\/#website"},"primaryImageOfPage":{"@id":"https:\/\/imp-pumps.com\/cz\/kontakt\/#primaryimage"},"datePublished":"2018-03-23T17:41:21+00:00","dateModified":"2025-02-06T09:29:30+00:00","breadcrumb":{"@id":"https:\/\/imp-pumps.com\/cz\/kontakt\/#breadcrumb"},"inLanguage":"cz-CZ","potentialAction":[{"@type":"ReadAction","target":["https:\/\/imp-pumps.com\/cz\/kontakt\/"]}]},{"@type":"BreadcrumbList","@id":"https:\/\/imp-pumps.com\/cz\/kontakt\/#breadcrumb","itemListElement":[{"@type":"ListItem","position":1,"name":"Home","item":"https:\/\/imp-pumps.com\/cz\/"},{"@type":"ListItem","position":2,"name":"Kontakt"}]}]}},"_links":{"self":[{"href":"https:\/\/imp-pumps.com\/cz\/wp-json\/wp\/v2\/pages\/46257"}],"collection":[{"href":"https:\/\/imp-pumps.com\/cz\/wp-json\/wp\/v2\/pages"}],"about":[{"href":"https:\/\/imp-pumps.com\/cz\/wp-json\/wp\/v2\/types\/page"}],"author":[{"embeddable":true,"href":"https:\/\/imp-pumps.com\/cz\/wp-json\/wp\/v2\/users\/1"}],"replies":[{"embeddable":true,"href":"https:\/\/imp-pumps.com\/cz\/wp-json\/wp\/v2\/comments?post=46257"}],"version-history":[{"count":11,"href":"https:\/\/imp-pumps.com\/cz\/wp-json\/wp\/v2\/pages\/46257\/revisions"}],"predecessor-version":[{"id":141376,"href":"https:\/\/imp-pumps.com\/cz\/wp-json\/wp\/v2\/pages\/46257\/revisions\/141376"}],"wp:attachment":[{"href":"https:\/\/imp-pumps.com\/cz\/wp-json\/wp\/v2\/media?parent=46257"}],"curies":[{"name":"wp","href":"https:\/\/api.w.org\/{rel}","templated":true}]}}