{"id":46255,"date":"2018-03-23T18:40:19","date_gmt":"2018-03-23T17:40:19","guid":{"rendered":"http:\/\/imp-pumps.com\/kategorie-cerpadel\/"},"modified":"2026-03-20T11:39:26","modified_gmt":"2026-03-20T10:39:26","slug":"kategorie-cerpadel","status":"publish","type":"page","link":"https:\/\/imp-pumps.com\/cz\/kategorie-cerpadel\/","title":{"rendered":"Kategorie \u010derpadel"},"content":{"rendered":"<p>Z\u00e1kladn\u00ed v\u00fdrobn\u00ed program \u010derpadel IMP jsou ob\u011bhov\u00e1 \u010derpadla pro aplikace HVAC (Topen\u00ed, v\u011btr\u00e1n\u00ed a klimatizace) . \u010cerpadla maj\u00ed p\u0159\u00edrubov\u00e9 nebo z\u00e1vitov\u00e9 proveden\u00ed a jsou jednoduch\u00e9 nebo dvojit\u00e9 konstrukce s bronzov\u00fdm nebo litinov\u00fdm hydraulick\u00fdm t\u011blem. V\u0161echny litinov\u00e9 hydrauliky jsou pokryty katafor\u00e9zou. Pro snadn\u011bj\u0161\u00ed v\u00fdb\u011br jsou \u010derpadla rozt\u0159\u00edd\u011bna do 5 hlavn\u00edch kategori\u00ed: NMT, GHN, MULTISTAGE (v\u00edcestup\u0148ov\u00e1), INLINE a SAN<\/p>\n","protected":false},"excerpt":{"rendered":"<p>Z\u00e1kladn\u00ed v\u00fdrobn\u00ed program \u010derpadel IMP jsou ob\u011bhov\u00e1 \u010derpadla pro aplikace HVAC (Topen\u00ed, v\u011btr\u00e1n\u00ed&#8230;<\/p>\n","protected":false},"author":1,"featured_media":0,"parent":0,"menu_order":0,"comment_status":"closed","ping_status":"closed","template":"page-templates\/template-kategorije-crpalk.php","meta":[],"acf":[],"yoast_head":"<!-- This site is optimized with the Yoast SEO plugin v17.8 - https:\/\/yoast.com\/wordpress\/plugins\/seo\/ -->\n<title>Kategorie \u010derpadel - IMP Pumps<\/title>\n<meta name=\"robots\" content=\"index, follow, max-snippet:-1, max-image-preview:large, max-video-preview:-1\" \/>\n<link rel=\"canonical\" href=\"https:\/\/imp-pumps.com\/cz\/kategorie-cerpadel\/\" \/>\n<meta property=\"og:locale\" content=\"en_US\" \/>\n<meta property=\"og:type\" content=\"article\" \/>\n<meta property=\"og:title\" content=\"Kategorie \u010derpadel - IMP Pumps\" \/>\n<meta property=\"og:description\" content=\"Z\u00e1kladn\u00ed v\u00fdrobn\u00ed program \u010derpadel IMP jsou ob\u011bhov\u00e1 \u010derpadla pro aplikace HVAC (Topen\u00ed, v\u011btr\u00e1n\u00ed...\" \/>\n<meta property=\"og:url\" content=\"https:\/\/imp-pumps.com\/cz\/kategorie-cerpadel\/\" \/>\n<meta property=\"og:site_name\" content=\"IMP Pumps\" \/>\n<meta property=\"article:modified_time\" content=\"2026-03-20T10:39:26+00:00\" \/>\n<meta name=\"twitter:card\" content=\"summary_large_image\" \/>\n<script type=\"application\/ld+json\" class=\"yoast-schema-graph\">{\"@context\":\"https:\/\/schema.org\",\"@graph\":[{\"@type\":\"WebSite\",\"@id\":\"http:\/\/imp-pumps.com\/#website\",\"url\":\"http:\/\/imp-pumps.com\/\",\"name\":\"IMP Pumps\",\"description\":\"\\u0160e eno spleti\\u0161\\u010de WordPress\",\"potentialAction\":[{\"@type\":\"SearchAction\",\"target\":{\"@type\":\"EntryPoint\",\"urlTemplate\":\"http:\/\/imp-pumps.com\/?s={search_term_string}\"},\"query-input\":\"required name=search_term_string\"}],\"inLanguage\":\"cz-CZ\"},{\"@type\":\"WebPage\",\"@id\":\"https:\/\/imp-pumps.com\/cz\/kategorie-cerpadel\/#webpage\",\"url\":\"https:\/\/imp-pumps.com\/cz\/kategorie-cerpadel\/\",\"name\":\"Kategorie \\u010derpadel - IMP Pumps\",\"isPartOf\":{\"@id\":\"http:\/\/imp-pumps.com\/#website\"},\"datePublished\":\"2018-03-23T17:40:19+00:00\",\"dateModified\":\"2026-03-20T10:39:26+00:00\",\"breadcrumb\":{\"@id\":\"https:\/\/imp-pumps.com\/cz\/kategorie-cerpadel\/#breadcrumb\"},\"inLanguage\":\"cz-CZ\",\"potentialAction\":[{\"@type\":\"ReadAction\",\"target\":[\"https:\/\/imp-pumps.com\/cz\/kategorie-cerpadel\/\"]}]},{\"@type\":\"BreadcrumbList\",\"@id\":\"https:\/\/imp-pumps.com\/cz\/kategorie-cerpadel\/#breadcrumb\",\"itemListElement\":[{\"@type\":\"ListItem\",\"position\":1,\"name\":\"Home\",\"item\":\"https:\/\/imp-pumps.com\/cz\/\"},{\"@type\":\"ListItem\",\"position\":2,\"name\":\"Kategorie \\u010derpadel\"}]}]}<\/script>\n<!-- \/ Yoast SEO plugin. -->","yoast_head_json":{"title":"Kategorie \u010derpadel - IMP Pumps","robots":{"index":"index","follow":"follow","max-snippet":"max-snippet:-1","max-image-preview":"max-image-preview:large","max-video-preview":"max-video-preview:-1"},"canonical":"https:\/\/imp-pumps.com\/cz\/kategorie-cerpadel\/","og_locale":"en_US","og_type":"article","og_title":"Kategorie \u010derpadel - IMP Pumps","og_description":"Z\u00e1kladn\u00ed v\u00fdrobn\u00ed program \u010derpadel IMP jsou ob\u011bhov\u00e1 \u010derpadla pro aplikace HVAC (Topen\u00ed, v\u011btr\u00e1n\u00ed...","og_url":"https:\/\/imp-pumps.com\/cz\/kategorie-cerpadel\/","og_site_name":"IMP Pumps","article_modified_time":"2026-03-20T10:39:26+00:00","twitter_card":"summary_large_image","schema":{"@context":"https:\/\/schema.org","@graph":[{"@type":"WebSite","@id":"http:\/\/imp-pumps.com\/#website","url":"http:\/\/imp-pumps.com\/","name":"IMP Pumps","description":"\u0160e eno spleti\u0161\u010de WordPress","potentialAction":[{"@type":"SearchAction","target":{"@type":"EntryPoint","urlTemplate":"http:\/\/imp-pumps.com\/?s={search_term_string}"},"query-input":"required name=search_term_string"}],"inLanguage":"cz-CZ"},{"@type":"WebPage","@id":"https:\/\/imp-pumps.com\/cz\/kategorie-cerpadel\/#webpage","url":"https:\/\/imp-pumps.com\/cz\/kategorie-cerpadel\/","name":"Kategorie \u010derpadel - IMP Pumps","isPartOf":{"@id":"http:\/\/imp-pumps.com\/#website"},"datePublished":"2018-03-23T17:40:19+00:00","dateModified":"2026-03-20T10:39:26+00:00","breadcrumb":{"@id":"https:\/\/imp-pumps.com\/cz\/kategorie-cerpadel\/#breadcrumb"},"inLanguage":"cz-CZ","potentialAction":[{"@type":"ReadAction","target":["https:\/\/imp-pumps.com\/cz\/kategorie-cerpadel\/"]}]},{"@type":"BreadcrumbList","@id":"https:\/\/imp-pumps.com\/cz\/kategorie-cerpadel\/#breadcrumb","itemListElement":[{"@type":"ListItem","position":1,"name":"Home","item":"https:\/\/imp-pumps.com\/cz\/"},{"@type":"ListItem","position":2,"name":"Kategorie \u010derpadel"}]}]}},"_links":{"self":[{"href":"https:\/\/imp-pumps.com\/cz\/wp-json\/wp\/v2\/pages\/46255"}],"collection":[{"href":"https:\/\/imp-pumps.com\/cz\/wp-json\/wp\/v2\/pages"}],"about":[{"href":"https:\/\/imp-pumps.com\/cz\/wp-json\/wp\/v2\/types\/page"}],"author":[{"embeddable":true,"href":"https:\/\/imp-pumps.com\/cz\/wp-json\/wp\/v2\/users\/1"}],"replies":[{"embeddable":true,"href":"https:\/\/imp-pumps.com\/cz\/wp-json\/wp\/v2\/comments?post=46255"}],"version-history":[{"count":2,"href":"https:\/\/imp-pumps.com\/cz\/wp-json\/wp\/v2\/pages\/46255\/revisions"}],"predecessor-version":[{"id":156132,"href":"https:\/\/imp-pumps.com\/cz\/wp-json\/wp\/v2\/pages\/46255\/revisions\/156132"}],"wp:attachment":[{"href":"https:\/\/imp-pumps.com\/cz\/wp-json\/wp\/v2\/media?parent=46255"}],"curies":[{"name":"wp","href":"https:\/\/api.w.org\/{rel}","templated":true}]}}