{"id":140034,"date":"2018-01-25T13:06:31","date_gmt":"2018-01-25T12:06:31","guid":{"rendered":"https:\/\/imp-pumps.com\/vzorcna-stran\/"},"modified":"2024-12-24T11:38:38","modified_gmt":"2024-12-24T10:38:38","slug":"vzorcna-stran","status":"publish","type":"page","link":"http:\/\/imp-pumps.com\/tr\/","title":{"rendered":"Home"},"content":{"rendered":"","protected":false},"excerpt":{"rendered":"<p>&#8230;<\/p>\n","protected":false},"author":1,"featured_media":0,"parent":0,"menu_order":0,"comment_status":"closed","ping_status":"closed","template":"","meta":[],"acf":[],"yoast_head":"<!-- This site is optimized with the Yoast SEO plugin v17.8 - https:\/\/yoast.com\/wordpress\/plugins\/seo\/ -->\n<title>Home - IMP Pumps<\/title>\n<meta name=\"robots\" content=\"index, follow, max-snippet:-1, max-image-preview:large, max-video-preview:-1\" \/>\n<link rel=\"canonical\" href=\"https:\/\/imp-pumps.com\/tr\/\" \/>\n<meta property=\"og:locale\" content=\"tr_TR\" \/>\n<meta property=\"og:type\" content=\"article\" \/>\n<meta property=\"og:title\" content=\"Home - IMP Pumps\" \/>\n<meta property=\"og:description\" content=\"...\" \/>\n<meta property=\"og:url\" content=\"https:\/\/imp-pumps.com\/tr\/\" \/>\n<meta property=\"og:site_name\" content=\"IMP Pumps\" \/>\n<meta property=\"article:modified_time\" content=\"2024-12-24T10:38:38+00:00\" \/>\n<meta name=\"twitter:card\" content=\"summary_large_image\" \/>\n<script type=\"application\/ld+json\" class=\"yoast-schema-graph\">{\"@context\":\"https:\/\/schema.org\",\"@graph\":[{\"@type\":\"WebSite\",\"@id\":\"https:\/\/imp-pumps.com\/sl\/#website\",\"url\":\"https:\/\/imp-pumps.com\/sl\/\",\"name\":\"IMP Pumps\",\"description\":\"\\u0160e eno spleti\\u0161\\u010de WordPress\",\"potentialAction\":[{\"@type\":\"SearchAction\",\"target\":{\"@type\":\"EntryPoint\",\"urlTemplate\":\"https:\/\/imp-pumps.com\/sl\/?s={search_term_string}\"},\"query-input\":\"required name=search_term_string\"}],\"inLanguage\":\"tr\"},{\"@type\":\"WebPage\",\"@id\":\"https:\/\/imp-pumps.com\/tr\/#webpage\",\"url\":\"https:\/\/imp-pumps.com\/tr\/\",\"name\":\"Home - IMP Pumps\",\"isPartOf\":{\"@id\":\"https:\/\/imp-pumps.com\/sl\/#website\"},\"datePublished\":\"2018-01-25T12:06:31+00:00\",\"dateModified\":\"2024-12-24T10:38:38+00:00\",\"breadcrumb\":{\"@id\":\"https:\/\/imp-pumps.com\/tr\/#breadcrumb\"},\"inLanguage\":\"tr\",\"potentialAction\":[{\"@type\":\"ReadAction\",\"target\":[\"https:\/\/imp-pumps.com\/tr\/\"]}]},{\"@type\":\"BreadcrumbList\",\"@id\":\"https:\/\/imp-pumps.com\/tr\/#breadcrumb\",\"itemListElement\":[{\"@type\":\"ListItem\",\"position\":1,\"name\":\"Home\",\"item\":\"https:\/\/imp-pumps.com\/tr\/\"},{\"@type\":\"ListItem\",\"position\":2,\"name\":\"Home\"}]}]}<\/script>\n<!-- \/ Yoast SEO plugin. -->","yoast_head_json":{"title":"Home - IMP Pumps","robots":{"index":"index","follow":"follow","max-snippet":"max-snippet:-1","max-image-preview":"max-image-preview:large","max-video-preview":"max-video-preview:-1"},"canonical":"https:\/\/imp-pumps.com\/tr\/","og_locale":"tr_TR","og_type":"article","og_title":"Home - IMP Pumps","og_description":"...","og_url":"https:\/\/imp-pumps.com\/tr\/","og_site_name":"IMP Pumps","article_modified_time":"2024-12-24T10:38:38+00:00","twitter_card":"summary_large_image","schema":{"@context":"https:\/\/schema.org","@graph":[{"@type":"WebSite","@id":"https:\/\/imp-pumps.com\/sl\/#website","url":"https:\/\/imp-pumps.com\/sl\/","name":"IMP Pumps","description":"\u0160e eno spleti\u0161\u010de WordPress","potentialAction":[{"@type":"SearchAction","target":{"@type":"EntryPoint","urlTemplate":"https:\/\/imp-pumps.com\/sl\/?s={search_term_string}"},"query-input":"required name=search_term_string"}],"inLanguage":"tr"},{"@type":"WebPage","@id":"https:\/\/imp-pumps.com\/tr\/#webpage","url":"https:\/\/imp-pumps.com\/tr\/","name":"Home - IMP Pumps","isPartOf":{"@id":"https:\/\/imp-pumps.com\/sl\/#website"},"datePublished":"2018-01-25T12:06:31+00:00","dateModified":"2024-12-24T10:38:38+00:00","breadcrumb":{"@id":"https:\/\/imp-pumps.com\/tr\/#breadcrumb"},"inLanguage":"tr","potentialAction":[{"@type":"ReadAction","target":["https:\/\/imp-pumps.com\/tr\/"]}]},{"@type":"BreadcrumbList","@id":"https:\/\/imp-pumps.com\/tr\/#breadcrumb","itemListElement":[{"@type":"ListItem","position":1,"name":"Home","item":"https:\/\/imp-pumps.com\/tr\/"},{"@type":"ListItem","position":2,"name":"Home"}]}]}},"_links":{"self":[{"href":"http:\/\/imp-pumps.com\/tr\/wp-json\/wp\/v2\/pages\/140034"}],"collection":[{"href":"http:\/\/imp-pumps.com\/tr\/wp-json\/wp\/v2\/pages"}],"about":[{"href":"http:\/\/imp-pumps.com\/tr\/wp-json\/wp\/v2\/types\/page"}],"author":[{"embeddable":true,"href":"http:\/\/imp-pumps.com\/tr\/wp-json\/wp\/v2\/users\/1"}],"replies":[{"embeddable":true,"href":"http:\/\/imp-pumps.com\/tr\/wp-json\/wp\/v2\/comments?post=140034"}],"version-history":[{"count":9,"href":"http:\/\/imp-pumps.com\/tr\/wp-json\/wp\/v2\/pages\/140034\/revisions"}],"predecessor-version":[{"id":141075,"href":"http:\/\/imp-pumps.com\/tr\/wp-json\/wp\/v2\/pages\/140034\/revisions\/141075"}],"wp:attachment":[{"href":"http:\/\/imp-pumps.com\/tr\/wp-json\/wp\/v2\/media?parent=140034"}],"curies":[{"name":"wp","href":"https:\/\/api.w.org\/{rel}","templated":true}]}}