{"id":39562,"date":"2018-01-25T13:06:31","date_gmt":"2018-01-25T12:06:31","guid":{"rendered":"http:\/\/imp-pumps.com\/vzorcna-stran\/"},"modified":"2023-05-25T12:32:04","modified_gmt":"2023-05-25T10:32:04","slug":"vzorcna-stran","status":"publish","type":"page","link":"http:\/\/imp-pumps.com\/ru\/","title":{"rendered":"\u0427\u0430\u0441\u0442\u043d\u044b\u0435 \u0434\u043e\u043c\u0430"},"content":{"rendered":"","protected":false},"excerpt":{"rendered":"<p>&#8230;<\/p>\n","protected":false},"author":1,"featured_media":0,"parent":0,"menu_order":0,"comment_status":"closed","ping_status":"closed","template":"","meta":[],"acf":[],"yoast_head":"<!-- This site is optimized with the Yoast SEO plugin v17.8 - https:\/\/yoast.com\/wordpress\/plugins\/seo\/ -->\n<title>\u0427\u0430\u0441\u0442\u043d\u044b\u0435 \u0434\u043e\u043c\u0430 - IMP Pumps<\/title>\n<meta name=\"robots\" content=\"index, follow, max-snippet:-1, max-image-preview:large, max-video-preview:-1\" \/>\n<link rel=\"canonical\" href=\"http:\/\/imp-pumps.com\/ru\/\" \/>\n<meta property=\"og:locale\" content=\"ru_RU\" \/>\n<meta property=\"og:type\" content=\"article\" \/>\n<meta property=\"og:title\" content=\"\u0427\u0430\u0441\u0442\u043d\u044b\u0435 \u0434\u043e\u043c\u0430 - IMP Pumps\" \/>\n<meta property=\"og:description\" content=\"...\" \/>\n<meta property=\"og:url\" content=\"http:\/\/imp-pumps.com\/ru\/\" \/>\n<meta property=\"og:site_name\" content=\"IMP Pumps\" \/>\n<meta property=\"article:modified_time\" content=\"2023-05-25T10:32:04+00:00\" \/>\n<meta name=\"twitter:card\" content=\"summary_large_image\" \/>\n<script type=\"application\/ld+json\" class=\"yoast-schema-graph\">{\"@context\":\"https:\/\/schema.org\",\"@graph\":[{\"@type\":\"WebSite\",\"@id\":\"https:\/\/imp-pumps.com\/sl\/#website\",\"url\":\"https:\/\/imp-pumps.com\/sl\/\",\"name\":\"IMP Pumps\",\"description\":\"\\u0160e eno spleti\\u0161\\u010de WordPress\",\"potentialAction\":[{\"@type\":\"SearchAction\",\"target\":{\"@type\":\"EntryPoint\",\"urlTemplate\":\"https:\/\/imp-pumps.com\/sl\/?s={search_term_string}\"},\"query-input\":\"required name=search_term_string\"}],\"inLanguage\":\"ru-RU\"},{\"@type\":\"WebPage\",\"@id\":\"http:\/\/imp-pumps.com\/ru\/#webpage\",\"url\":\"http:\/\/imp-pumps.com\/ru\/\",\"name\":\"\\u0427\\u0430\\u0441\\u0442\\u043d\\u044b\\u0435 \\u0434\\u043e\\u043c\\u0430 - IMP Pumps\",\"isPartOf\":{\"@id\":\"https:\/\/imp-pumps.com\/sl\/#website\"},\"datePublished\":\"2018-01-25T12:06:31+00:00\",\"dateModified\":\"2023-05-25T10:32:04+00:00\",\"breadcrumb\":{\"@id\":\"http:\/\/imp-pumps.com\/ru\/#breadcrumb\"},\"inLanguage\":\"ru-RU\",\"potentialAction\":[{\"@type\":\"ReadAction\",\"target\":[\"http:\/\/imp-pumps.com\/ru\/\"]}]},{\"@type\":\"BreadcrumbList\",\"@id\":\"http:\/\/imp-pumps.com\/ru\/#breadcrumb\",\"itemListElement\":[{\"@type\":\"ListItem\",\"position\":1,\"name\":\"Home\",\"item\":\"http:\/\/imp-pumps.com\/ru\/\"},{\"@type\":\"ListItem\",\"position\":2,\"name\":\"\\u0427\\u0430\\u0441\\u0442\\u043d\\u044b\\u0435 \\u0434\\u043e\\u043c\\u0430\"}]}]}<\/script>\n<!-- \/ Yoast SEO plugin. -->","yoast_head_json":{"title":"\u0427\u0430\u0441\u0442\u043d\u044b\u0435 \u0434\u043e\u043c\u0430 - IMP Pumps","robots":{"index":"index","follow":"follow","max-snippet":"max-snippet:-1","max-image-preview":"max-image-preview:large","max-video-preview":"max-video-preview:-1"},"canonical":"http:\/\/imp-pumps.com\/ru\/","og_locale":"ru_RU","og_type":"article","og_title":"\u0427\u0430\u0441\u0442\u043d\u044b\u0435 \u0434\u043e\u043c\u0430 - IMP Pumps","og_description":"...","og_url":"http:\/\/imp-pumps.com\/ru\/","og_site_name":"IMP Pumps","article_modified_time":"2023-05-25T10:32:04+00:00","twitter_card":"summary_large_image","schema":{"@context":"https:\/\/schema.org","@graph":[{"@type":"WebSite","@id":"https:\/\/imp-pumps.com\/sl\/#website","url":"https:\/\/imp-pumps.com\/sl\/","name":"IMP Pumps","description":"\u0160e eno spleti\u0161\u010de WordPress","potentialAction":[{"@type":"SearchAction","target":{"@type":"EntryPoint","urlTemplate":"https:\/\/imp-pumps.com\/sl\/?s={search_term_string}"},"query-input":"required name=search_term_string"}],"inLanguage":"ru-RU"},{"@type":"WebPage","@id":"http:\/\/imp-pumps.com\/ru\/#webpage","url":"http:\/\/imp-pumps.com\/ru\/","name":"\u0427\u0430\u0441\u0442\u043d\u044b\u0435 \u0434\u043e\u043c\u0430 - IMP Pumps","isPartOf":{"@id":"https:\/\/imp-pumps.com\/sl\/#website"},"datePublished":"2018-01-25T12:06:31+00:00","dateModified":"2023-05-25T10:32:04+00:00","breadcrumb":{"@id":"http:\/\/imp-pumps.com\/ru\/#breadcrumb"},"inLanguage":"ru-RU","potentialAction":[{"@type":"ReadAction","target":["http:\/\/imp-pumps.com\/ru\/"]}]},{"@type":"BreadcrumbList","@id":"http:\/\/imp-pumps.com\/ru\/#breadcrumb","itemListElement":[{"@type":"ListItem","position":1,"name":"Home","item":"http:\/\/imp-pumps.com\/ru\/"},{"@type":"ListItem","position":2,"name":"\u0427\u0430\u0441\u0442\u043d\u044b\u0435 \u0434\u043e\u043c\u0430"}]}]}},"_links":{"self":[{"href":"http:\/\/imp-pumps.com\/ru\/wp-json\/wp\/v2\/pages\/39562"}],"collection":[{"href":"http:\/\/imp-pumps.com\/ru\/wp-json\/wp\/v2\/pages"}],"about":[{"href":"http:\/\/imp-pumps.com\/ru\/wp-json\/wp\/v2\/types\/page"}],"author":[{"embeddable":true,"href":"http:\/\/imp-pumps.com\/ru\/wp-json\/wp\/v2\/users\/1"}],"replies":[{"embeddable":true,"href":"http:\/\/imp-pumps.com\/ru\/wp-json\/wp\/v2\/comments?post=39562"}],"version-history":[{"count":1,"href":"http:\/\/imp-pumps.com\/ru\/wp-json\/wp\/v2\/pages\/39562\/revisions"}],"predecessor-version":[{"id":134689,"href":"http:\/\/imp-pumps.com\/ru\/wp-json\/wp\/v2\/pages\/39562\/revisions\/134689"}],"wp:attachment":[{"href":"http:\/\/imp-pumps.com\/ru\/wp-json\/wp\/v2\/media?parent=39562"}],"curies":[{"name":"wp","href":"https:\/\/api.w.org\/{rel}","templated":true}]}}