{"id":49232,"date":"2018-01-25T13:06:31","date_gmt":"2018-01-25T12:06:31","guid":{"rendered":"http:\/\/imp-pumps.com\/vzorcna-stran\/"},"modified":"2023-05-25T14:10:12","modified_gmt":"2023-05-25T12:10:12","slug":"vzorcna-stran","status":"publish","type":"page","link":"http:\/\/imp-pumps.com\/hu\/","title":{"rendered":"Otthon"},"content":{"rendered":"","protected":false},"excerpt":{"rendered":"<p>&#8230;<\/p>\n","protected":false},"author":1,"featured_media":0,"parent":0,"menu_order":0,"comment_status":"closed","ping_status":"closed","template":"","meta":[],"acf":[],"yoast_head":"<!-- This site is optimized with the Yoast SEO plugin v17.8 - https:\/\/yoast.com\/wordpress\/plugins\/seo\/ -->\n<title>Otthon - IMP Pumps<\/title>\n<meta name=\"robots\" content=\"index, follow, max-snippet:-1, max-image-preview:large, max-video-preview:-1\" \/>\n<link rel=\"canonical\" href=\"https:\/\/imp-pumps.com\/hu\/\" \/>\n<meta property=\"og:locale\" content=\"hu_HU\" \/>\n<meta property=\"og:type\" content=\"article\" \/>\n<meta property=\"og:title\" content=\"Otthon - IMP Pumps\" \/>\n<meta property=\"og:description\" content=\"...\" \/>\n<meta property=\"og:url\" content=\"https:\/\/imp-pumps.com\/hu\/\" \/>\n<meta property=\"og:site_name\" content=\"IMP Pumps\" \/>\n<meta property=\"article:modified_time\" content=\"2023-05-25T12:10:12+00:00\" \/>\n<meta name=\"twitter:card\" content=\"summary_large_image\" \/>\n<script type=\"application\/ld+json\" class=\"yoast-schema-graph\">{\"@context\":\"https:\/\/schema.org\",\"@graph\":[{\"@type\":\"WebSite\",\"@id\":\"http:\/\/imp-pumps.com\/#website\",\"url\":\"http:\/\/imp-pumps.com\/\",\"name\":\"IMP Pumps\",\"description\":\"\\u0160e eno spleti\\u0161\\u010de WordPress\",\"potentialAction\":[{\"@type\":\"SearchAction\",\"target\":{\"@type\":\"EntryPoint\",\"urlTemplate\":\"http:\/\/imp-pumps.com\/?s={search_term_string}\"},\"query-input\":\"required name=search_term_string\"}],\"inLanguage\":\"hu\"},{\"@type\":\"WebPage\",\"@id\":\"https:\/\/imp-pumps.com\/hu\/#webpage\",\"url\":\"https:\/\/imp-pumps.com\/hu\/\",\"name\":\"Otthon - IMP Pumps\",\"isPartOf\":{\"@id\":\"http:\/\/imp-pumps.com\/#website\"},\"datePublished\":\"2018-01-25T12:06:31+00:00\",\"dateModified\":\"2023-05-25T12:10:12+00:00\",\"breadcrumb\":{\"@id\":\"https:\/\/imp-pumps.com\/hu\/#breadcrumb\"},\"inLanguage\":\"hu\",\"potentialAction\":[{\"@type\":\"ReadAction\",\"target\":[\"https:\/\/imp-pumps.com\/hu\/\"]}]},{\"@type\":\"BreadcrumbList\",\"@id\":\"https:\/\/imp-pumps.com\/hu\/#breadcrumb\",\"itemListElement\":[{\"@type\":\"ListItem\",\"position\":1,\"name\":\"Home\",\"item\":\"https:\/\/imp-pumps.com\/hu\/\"},{\"@type\":\"ListItem\",\"position\":2,\"name\":\"Otthon\"}]}]}<\/script>\n<!-- \/ Yoast SEO plugin. -->","yoast_head_json":{"title":"Otthon - IMP Pumps","robots":{"index":"index","follow":"follow","max-snippet":"max-snippet:-1","max-image-preview":"max-image-preview:large","max-video-preview":"max-video-preview:-1"},"canonical":"https:\/\/imp-pumps.com\/hu\/","og_locale":"hu_HU","og_type":"article","og_title":"Otthon - IMP Pumps","og_description":"...","og_url":"https:\/\/imp-pumps.com\/hu\/","og_site_name":"IMP Pumps","article_modified_time":"2023-05-25T12:10:12+00:00","twitter_card":"summary_large_image","schema":{"@context":"https:\/\/schema.org","@graph":[{"@type":"WebSite","@id":"http:\/\/imp-pumps.com\/#website","url":"http:\/\/imp-pumps.com\/","name":"IMP Pumps","description":"\u0160e eno spleti\u0161\u010de WordPress","potentialAction":[{"@type":"SearchAction","target":{"@type":"EntryPoint","urlTemplate":"http:\/\/imp-pumps.com\/?s={search_term_string}"},"query-input":"required name=search_term_string"}],"inLanguage":"hu"},{"@type":"WebPage","@id":"https:\/\/imp-pumps.com\/hu\/#webpage","url":"https:\/\/imp-pumps.com\/hu\/","name":"Otthon - IMP Pumps","isPartOf":{"@id":"http:\/\/imp-pumps.com\/#website"},"datePublished":"2018-01-25T12:06:31+00:00","dateModified":"2023-05-25T12:10:12+00:00","breadcrumb":{"@id":"https:\/\/imp-pumps.com\/hu\/#breadcrumb"},"inLanguage":"hu","potentialAction":[{"@type":"ReadAction","target":["https:\/\/imp-pumps.com\/hu\/"]}]},{"@type":"BreadcrumbList","@id":"https:\/\/imp-pumps.com\/hu\/#breadcrumb","itemListElement":[{"@type":"ListItem","position":1,"name":"Home","item":"https:\/\/imp-pumps.com\/hu\/"},{"@type":"ListItem","position":2,"name":"Otthon"}]}]}},"_links":{"self":[{"href":"http:\/\/imp-pumps.com\/hu\/wp-json\/wp\/v2\/pages\/49232"}],"collection":[{"href":"http:\/\/imp-pumps.com\/hu\/wp-json\/wp\/v2\/pages"}],"about":[{"href":"http:\/\/imp-pumps.com\/hu\/wp-json\/wp\/v2\/types\/page"}],"author":[{"embeddable":true,"href":"http:\/\/imp-pumps.com\/hu\/wp-json\/wp\/v2\/users\/1"}],"replies":[{"embeddable":true,"href":"http:\/\/imp-pumps.com\/hu\/wp-json\/wp\/v2\/comments?post=49232"}],"version-history":[{"count":11,"href":"http:\/\/imp-pumps.com\/hu\/wp-json\/wp\/v2\/pages\/49232\/revisions"}],"predecessor-version":[{"id":134830,"href":"http:\/\/imp-pumps.com\/hu\/wp-json\/wp\/v2\/pages\/49232\/revisions\/134830"}],"wp:attachment":[{"href":"http:\/\/imp-pumps.com\/hu\/wp-json\/wp\/v2\/media?parent=49232"}],"curies":[{"name":"wp","href":"https:\/\/api.w.org\/{rel}","templated":true}]}}