{"id":47799,"date":"2018-03-25T13:29:06","date_gmt":"2018-03-25T12:29:06","guid":{"rendered":"http:\/\/imp-pumps.com\/quality\/"},"modified":"2019-04-05T12:09:30","modified_gmt":"2019-04-05T10:09:30","slug":"caidad","status":"publish","type":"page","link":"http:\/\/imp-pumps.com\/es\/caidad\/","title":{"rendered":"Caidad"},"content":{"rendered":"<p style=\"font-weight: 400;\"><strong>La pol\u00edtica de calidad est\u00e1 basada en la visi\u00f3n y misi\u00f3n de la compa\u00f1\u00eda. Un requisito para el \u00e9xito en el mercado es tener un alto nivel de calidad. Esto se incorpora en el producto en todas las fases del ciclo desde la investigaci\u00f3n de mercado a la entrega del producto. Solo de esta manera podemos cumplir nuestra estrategia: alcanzar el nivel m\u00e1s alto de calidad al m\u00ednimo coste. Nuestro sistema de calidad esta construido en relaci\u00f3n con los requisitos de la ISO 9001-2015<\/strong><\/p>\n<p style=\"font-weight: 400;\">\n","protected":false},"excerpt":{"rendered":"<p>La pol\u00edtica de calidad est\u00e1 basada en la visi\u00f3n y misi\u00f3n de la&#8230;<\/p>\n","protected":false},"author":1,"featured_media":47801,"parent":0,"menu_order":0,"comment_status":"closed","ping_status":"closed","template":"page-templates\/template-kakovost.php","meta":[],"acf":[],"yoast_head":"<!-- This site is optimized with the Yoast SEO plugin v17.8 - https:\/\/yoast.com\/wordpress\/plugins\/seo\/ -->\n<title>Caidad - IMP Pumps<\/title>\n<meta name=\"robots\" content=\"index, follow, max-snippet:-1, max-image-preview:large, max-video-preview:-1\" \/>\n<link rel=\"canonical\" href=\"https:\/\/imp-pumps.com\/es\/caidad\/\" \/>\n<meta property=\"og:locale\" content=\"es_ES\" \/>\n<meta property=\"og:type\" content=\"article\" \/>\n<meta property=\"og:title\" content=\"Caidad - IMP Pumps\" \/>\n<meta property=\"og:description\" content=\"La pol\u00edtica de calidad est\u00e1 basada en la visi\u00f3n y misi\u00f3n de la...\" \/>\n<meta property=\"og:url\" content=\"https:\/\/imp-pumps.com\/es\/caidad\/\" \/>\n<meta property=\"og:site_name\" content=\"IMP Pumps\" \/>\n<meta property=\"article:modified_time\" content=\"2019-04-05T10:09:30+00:00\" \/>\n<meta property=\"og:image\" content=\"https:\/\/imp-pumps.com\/wp-content\/uploads\/2018\/04\/kakovost-icon.png\" \/>\n\t<meta property=\"og:image:width\" content=\"176\" \/>\n\t<meta property=\"og:image:height\" content=\"176\" \/>\n<meta name=\"twitter:card\" content=\"summary_large_image\" \/>\n<script type=\"application\/ld+json\" class=\"yoast-schema-graph\">{\"@context\":\"https:\/\/schema.org\",\"@graph\":[{\"@type\":\"WebSite\",\"@id\":\"https:\/\/imp-pumps.com\/es\/#website\",\"url\":\"https:\/\/imp-pumps.com\/es\/\",\"name\":\"IMP Pumps\",\"description\":\"\\u0160e eno spleti\\u0161\\u010de WordPress\",\"potentialAction\":[{\"@type\":\"SearchAction\",\"target\":{\"@type\":\"EntryPoint\",\"urlTemplate\":\"https:\/\/imp-pumps.com\/es\/?s={search_term_string}\"},\"query-input\":\"required name=search_term_string\"}],\"inLanguage\":\"es\"},{\"@type\":\"ImageObject\",\"@id\":\"https:\/\/imp-pumps.com\/es\/caidad\/#primaryimage\",\"inLanguage\":\"es\",\"url\":\"http:\/\/imp-pumps.com\/wp-content\/uploads\/2018\/04\/kakovost-icon.png\",\"contentUrl\":\"http:\/\/imp-pumps.com\/wp-content\/uploads\/2018\/04\/kakovost-icon.png\",\"width\":176,\"height\":176},{\"@type\":\"WebPage\",\"@id\":\"https:\/\/imp-pumps.com\/es\/caidad\/#webpage\",\"url\":\"https:\/\/imp-pumps.com\/es\/caidad\/\",\"name\":\"Caidad - IMP Pumps\",\"isPartOf\":{\"@id\":\"https:\/\/imp-pumps.com\/es\/#website\"},\"primaryImageOfPage\":{\"@id\":\"https:\/\/imp-pumps.com\/es\/caidad\/#primaryimage\"},\"datePublished\":\"2018-03-25T12:29:06+00:00\",\"dateModified\":\"2019-04-05T10:09:30+00:00\",\"breadcrumb\":{\"@id\":\"https:\/\/imp-pumps.com\/es\/caidad\/#breadcrumb\"},\"inLanguage\":\"es\",\"potentialAction\":[{\"@type\":\"ReadAction\",\"target\":[\"https:\/\/imp-pumps.com\/es\/caidad\/\"]}]},{\"@type\":\"BreadcrumbList\",\"@id\":\"https:\/\/imp-pumps.com\/es\/caidad\/#breadcrumb\",\"itemListElement\":[{\"@type\":\"ListItem\",\"position\":1,\"name\":\"Home\",\"item\":\"https:\/\/imp-pumps.com\/es\/\"},{\"@type\":\"ListItem\",\"position\":2,\"name\":\"Caidad\"}]}]}<\/script>\n<!-- \/ Yoast SEO plugin. -->","yoast_head_json":{"title":"Caidad - IMP Pumps","robots":{"index":"index","follow":"follow","max-snippet":"max-snippet:-1","max-image-preview":"max-image-preview:large","max-video-preview":"max-video-preview:-1"},"canonical":"https:\/\/imp-pumps.com\/es\/caidad\/","og_locale":"es_ES","og_type":"article","og_title":"Caidad - IMP Pumps","og_description":"La pol\u00edtica de calidad est\u00e1 basada en la visi\u00f3n y misi\u00f3n de la...","og_url":"https:\/\/imp-pumps.com\/es\/caidad\/","og_site_name":"IMP Pumps","article_modified_time":"2019-04-05T10:09:30+00:00","og_image":[{"width":176,"height":176,"url":"https:\/\/imp-pumps.com\/wp-content\/uploads\/2018\/04\/kakovost-icon.png","type":"image\/png"}],"twitter_card":"summary_large_image","schema":{"@context":"https:\/\/schema.org","@graph":[{"@type":"WebSite","@id":"https:\/\/imp-pumps.com\/es\/#website","url":"https:\/\/imp-pumps.com\/es\/","name":"IMP Pumps","description":"\u0160e eno spleti\u0161\u010de WordPress","potentialAction":[{"@type":"SearchAction","target":{"@type":"EntryPoint","urlTemplate":"https:\/\/imp-pumps.com\/es\/?s={search_term_string}"},"query-input":"required name=search_term_string"}],"inLanguage":"es"},{"@type":"ImageObject","@id":"https:\/\/imp-pumps.com\/es\/caidad\/#primaryimage","inLanguage":"es","url":"http:\/\/imp-pumps.com\/wp-content\/uploads\/2018\/04\/kakovost-icon.png","contentUrl":"http:\/\/imp-pumps.com\/wp-content\/uploads\/2018\/04\/kakovost-icon.png","width":176,"height":176},{"@type":"WebPage","@id":"https:\/\/imp-pumps.com\/es\/caidad\/#webpage","url":"https:\/\/imp-pumps.com\/es\/caidad\/","name":"Caidad - IMP Pumps","isPartOf":{"@id":"https:\/\/imp-pumps.com\/es\/#website"},"primaryImageOfPage":{"@id":"https:\/\/imp-pumps.com\/es\/caidad\/#primaryimage"},"datePublished":"2018-03-25T12:29:06+00:00","dateModified":"2019-04-05T10:09:30+00:00","breadcrumb":{"@id":"https:\/\/imp-pumps.com\/es\/caidad\/#breadcrumb"},"inLanguage":"es","potentialAction":[{"@type":"ReadAction","target":["https:\/\/imp-pumps.com\/es\/caidad\/"]}]},{"@type":"BreadcrumbList","@id":"https:\/\/imp-pumps.com\/es\/caidad\/#breadcrumb","itemListElement":[{"@type":"ListItem","position":1,"name":"Home","item":"https:\/\/imp-pumps.com\/es\/"},{"@type":"ListItem","position":2,"name":"Caidad"}]}]}},"_links":{"self":[{"href":"http:\/\/imp-pumps.com\/es\/wp-json\/wp\/v2\/pages\/47799"}],"collection":[{"href":"http:\/\/imp-pumps.com\/es\/wp-json\/wp\/v2\/pages"}],"about":[{"href":"http:\/\/imp-pumps.com\/es\/wp-json\/wp\/v2\/types\/page"}],"author":[{"embeddable":true,"href":"http:\/\/imp-pumps.com\/es\/wp-json\/wp\/v2\/users\/1"}],"replies":[{"embeddable":true,"href":"http:\/\/imp-pumps.com\/es\/wp-json\/wp\/v2\/comments?post=47799"}],"version-history":[{"count":0,"href":"http:\/\/imp-pumps.com\/es\/wp-json\/wp\/v2\/pages\/47799\/revisions"}],"wp:featuredmedia":[{"embeddable":true,"href":"http:\/\/imp-pumps.com\/es\/wp-json\/wp\/v2\/media\/47801"}],"wp:attachment":[{"href":"http:\/\/imp-pumps.com\/es\/wp-json\/wp\/v2\/media?parent=47799"}],"curies":[{"name":"wp","href":"https:\/\/api.w.org\/{rel}","templated":true}]}}